{"id":9339,"date":"2022-03-09T10:05:46","date_gmt":"2022-03-09T09:05:46","guid":{"rendered":"https:\/\/brancaia.com\/products\/specials-2\/"},"modified":"2022-03-09T10:16:07","modified_gmt":"2022-03-09T09:16:07","slug":"specials-2","status":"publish","type":"page","link":"https:\/\/brancaia.com\/en\/products\/specials-2\/","title":{"rendered":"Specials"},"content":{"rendered":"<p>[et_pb_section fb_built=&#8221;1&#8243; fullwidth=&#8221;on&#8221; _builder_version=&#8221;4.6.6&#8243; _module_preset=&#8221;default&#8221; da_disable_devices=&#8221;off|off|off&#8221; global_colors_info=&#8221;{}&#8221; da_is_popup=&#8221;off&#8221; da_exit_intent=&#8221;off&#8221; da_has_close=&#8221;on&#8221; da_alt_close=&#8221;off&#8221; da_dark_close=&#8221;off&#8221; da_not_modal=&#8221;on&#8221; da_is_singular=&#8221;off&#8221; da_with_loader=&#8221;off&#8221; da_has_shadow=&#8221;on&#8221;][et_pb_fullwidth_header title=&#8221; &#8221; _builder_version=&#8221;4.14.1&#8243; _module_preset=&#8221;default&#8221; background_enable_color=&#8221;off&#8221; background_image=&#8221;https:\/\/brancaia.com\/wp-content\/uploads\/brancia_collection_2022_02_1920x1080.jpg&#8221; global_colors_info=&#8221;{}&#8221;][\/et_pb_fullwidth_header][\/et_pb_section][et_pb_section fb_built=&#8221;1&#8243; module_id=&#8221;ba-products&#8221; module_class=&#8221;ba-entry-page&#8221; _builder_version=&#8221;4.7.7&#8243; _module_preset=&#8221;default&#8221; da_disable_devices=&#8221;off|off|off&#8221; global_colors_info=&#8221;{}&#8221; da_is_popup=&#8221;off&#8221; da_exit_intent=&#8221;off&#8221; da_has_close=&#8221;on&#8221; da_alt_close=&#8221;off&#8221; da_dark_close=&#8221;off&#8221; da_not_modal=&#8221;on&#8221; da_is_singular=&#8221;off&#8221; da_with_loader=&#8221;off&#8221; da_has_shadow=&#8221;on&#8221;][et_pb_row _builder_version=&#8221;4.6.6&#8243; _module_preset=&#8221;default&#8221; global_colors_info=&#8221;{}&#8221;][et_pb_column type=&#8221;4_4&#8243; _builder_version=&#8221;4.6.6&#8243; _module_preset=&#8221;default&#8221; global_colors_info=&#8221;{}&#8221;][et_pb_text _builder_version=&#8221;4.14.8&#8243; _module_preset=&#8221;default&#8221; global_colors_info=&#8221;{}&#8221;]<\/p>\n<h1 style=\"text-align: center;\">Specials<\/h1>\n<p>[\/et_pb_text][\/et_pb_column][\/et_pb_row][et_pb_row disabled_on=&#8221;on|on|on&#8221; _builder_version=&#8221;4.14.8&#8243; _module_preset=&#8221;default&#8221; disabled=&#8221;on&#8221; global_colors_info=&#8221;{}&#8221;][et_pb_column type=&#8221;4_4&#8243; _builder_version=&#8221;4.6.6&#8243; _module_preset=&#8221;default&#8221; global_colors_info=&#8221;{}&#8221;][et_pb_text module_class=&#8221;ba-lead-module&#8221; _builder_version=&#8221;4.14.1&#8243; _module_preset=&#8221;default&#8221; global_colors_info=&#8221;{}&#8221;]<\/p>\n<p>Lorem ipsum dolor sit amet, consectetur adipiscing elit. Lorem ipsum dolor sit amet, consectetur adipiscing elit.Lorem ipsum dolor sit amet, consectetur adipiscing elit.<\/p>\n<p>[\/et_pb_text][\/et_pb_column][\/et_pb_row][et_pb_row column_structure=&#8221;1_2,1_2&#8243; _builder_version=&#8221;4.7.4&#8243; _module_preset=&#8221;default&#8221; global_colors_info=&#8221;{}&#8221;][et_pb_column type=&#8221;1_2&#8243; _builder_version=&#8221;4.7.4&#8243; _module_preset=&#8221;default&#8221; global_colors_info=&#8221;{}&#8221;][et_pb_text _builder_version=&#8221;4.14.1&#8243; _module_preset=&#8221;default&#8221; global_colors_info=&#8221;{}&#8221;]<\/p>\n<h2>Brancaia Collection<\/h2>\n<p>Die Brancaia Collection ist das j\u00fcngste Projekt der Familie Widmer und zeigt den TRE von einer neuen Seite. Die limitierte Auflage mit sechs verschiedenen Etiketten-Designs soll Genuss mit Kunst verbinden \u2013 beides Aspekte die f\u00fcr die Familie Widmer wichtig sind.<\/p>\n<p>[\/et_pb_text][et_pb_button button_url=&#8221;@ET-DC@eyJkeW5hbWljIjp0cnVlLCJjb250ZW50IjoicG9zdF9saW5rX3VybF9wYWdlIiwic2V0dGluZ3MiOnsicG9zdF9pZCI6Ijg4MzMifX0=@&#8221; button_text=&#8221;Learn more&#8221; button_alignment=&#8221;left&#8221; _builder_version=&#8221;4.14.1&#8243; _dynamic_attributes=&#8221;button_url&#8221; _module_preset=&#8221;default&#8221; custom_button=&#8221;off&#8221; global_colors_info=&#8221;{}&#8221;][\/et_pb_button][\/et_pb_column][et_pb_column type=&#8221;1_2&#8243; _builder_version=&#8221;4.7.4&#8243; _module_preset=&#8221;default&#8221; global_colors_info=&#8221;{}&#8221;][et_pb_image src=&#8221;https:\/\/brancaia.com\/wp-content\/uploads\/brancaia_collection_label_1200x960.jpg&#8221; alt=&#8221;Brancaia Collection: Logo with signature&#8221; title_text=&#8221;Brancaia Collection: Logo with signature&#8221; _builder_version=&#8221;4.14.1&#8243; _module_preset=&#8221;default&#8221; global_colors_info=&#8221;{}&#8221;][\/et_pb_image][\/et_pb_column][\/et_pb_row][et_pb_row column_structure=&#8221;1_2,1_2&#8243; disabled_on=&#8221;on|on|on&#8221; _builder_version=&#8221;4.14.8&#8243; _module_preset=&#8221;default&#8221; disabled=&#8221;on&#8221; global_colors_info=&#8221;{}&#8221;][et_pb_column type=&#8221;1_2&#8243; _builder_version=&#8221;4.7.4&#8243; _module_preset=&#8221;default&#8221; global_colors_info=&#8221;{}&#8221;][et_pb_image src=&#8221;https:\/\/brancaia.com\/wp-content\/uploads\/30th_anniversary_il_blu_1200x960.jpg&#8221; alt=&#8221;Il Blu 2018&#8243; title_text=&#8221;Il Blu 2018&#8243; _builder_version=&#8221;4.9.3&#8243; _module_preset=&#8221;default&#8221; global_colors_info=&#8221;{}&#8221;][\/et_pb_image][\/et_pb_column][et_pb_column type=&#8221;1_2&#8243; _builder_version=&#8221;4.7.4&#8243; _module_preset=&#8221;default&#8221; global_colors_info=&#8221;{}&#8221;][et_pb_text _builder_version=&#8221;4.9.3&#8243; _module_preset=&#8221;default&#8221; global_colors_info=&#8221;{}&#8221;]<\/p>\n<h2>30 Jahre Il Blu<\/h2>\n<p>1988 beschlossen Bruno und Brigitte Widmer, mit dem Brancaia IL BLU ihre Vorstellung eines modernen toskanischen Spitzenweins zu verwirklichen. Mit dem Jahrgang 2018 darf dieser inzwischen weltweit anerkannte Wein sein 30-j\u00e4hriges Jubil\u00e4um mit einem herausragenden Jahr und in einer eleganten Special Edition feiern.<\/p>\n<p>[\/et_pb_text][et_pb_button button_url=&#8221;@ET-DC@eyJkeW5hbWljIjp0cnVlLCJjb250ZW50IjoicG9zdF9saW5rX3VybF9wYWdlIiwic2V0dGluZ3MiOnsicG9zdF9pZCI6IjQxMzcifX0=@&#8221; button_text=&#8221;Learn more&#8221; button_alignment=&#8221;left&#8221; _builder_version=&#8221;4.9.3&#8243; _dynamic_attributes=&#8221;button_url&#8221; _module_preset=&#8221;default&#8221; custom_button=&#8221;off&#8221; global_colors_info=&#8221;{}&#8221;][\/et_pb_button][\/et_pb_column][\/et_pb_row][et_pb_row column_structure=&#8221;1_2,1_2&#8243; _builder_version=&#8221;4.7.4&#8243; _module_preset=&#8221;default&#8221; global_colors_info=&#8221;{}&#8221;][et_pb_column type=&#8221;1_2&#8243; _builder_version=&#8221;4.7.4&#8243; _module_preset=&#8221;default&#8221; global_colors_info=&#8221;{}&#8221;][et_pb_text _builder_version=&#8221;4.14.1&#8243; _module_preset=&#8221;default&#8221; global_colors_info=&#8221;{}&#8221;]<\/p>\n<h2>Ilatraia Special Edition<\/h2>\n<p>Zum 20-Jahre-Jubil\u00e4um unseres Weinbau-Engagements in der Maremma haben wir 2018 ein Ilatraia-Special-Edition kreiert. Sie enth\u00e4lt neben einem 2015er Ilatraia, dem Flagschiffwein unseres k\u00fcstennahen Guts, drei weitere Flaschen.<\/p>\n<p>[\/et_pb_text][et_pb_button button_url=&#8221;@ET-DC@eyJkeW5hbWljIjp0cnVlLCJjb250ZW50IjoicG9zdF9saW5rX3VybF9wYWdlIiwic2V0dGluZ3MiOnsicG9zdF9pZCI6IjY4In19@&#8221; button_text=&#8221;Learn more&#8221; button_alignment=&#8221;left&#8221; _builder_version=&#8221;4.9.3&#8243; _dynamic_attributes=&#8221;button_url&#8221; _module_preset=&#8221;default&#8221; custom_button=&#8221;off&#8221; global_colors_info=&#8221;{}&#8221;][\/et_pb_button][\/et_pb_column][et_pb_column type=&#8221;1_2&#8243; _builder_version=&#8221;4.7.4&#8243; _module_preset=&#8221;default&#8221; global_colors_info=&#8221;{}&#8221;][et_pb_image src=&#8221;https:\/\/brancaia.com\/wp-content\/uploads\/Brancaia_Produkte_Special_1200x960px_01.jpg&#8221; alt=&#8221;Olives on the branch&#8221; title_text=&#8221;Brancaia_Products_Special_1200x960px_01&#8243; _builder_version=&#8221;4.9.3&#8243; _module_preset=&#8221;default&#8221; global_colors_info=&#8221;{}&#8221;][\/et_pb_image][\/et_pb_column][\/et_pb_row][\/et_pb_section]<\/p>\n","protected":false},"excerpt":{"rendered":"<p>SpecialsLorem ipsum dolor sit amet, consectetur adipiscing elit. Lorem ipsum dolor sit amet, consectetur adipiscing elit.Lorem ipsum dolor sit amet, consectetur adipiscing elit.Brancaia Collection Die Brancaia Collection ist das j\u00fcngste Projekt der Familie Widmer und zeigt den TRE von einer neuen Seite. Die limitierte Auflage mit sechs verschiedenen Etiketten-Designs soll Genuss mit Kunst verbinden \u2013 [&hellip;]<\/p>\n","protected":false},"author":1,"featured_media":0,"parent":881,"menu_order":0,"comment_status":"closed","ping_status":"closed","template":"","meta":{"_et_pb_use_builder":"on","_et_pb_old_content":"","_et_gb_content_width":"","footnotes":""},"class_list":["post-9339","page","type-page","status-publish","hentry"],"yoast_head":"<!-- This site is optimized with the Yoast SEO plugin v27.3 - https:\/\/yoast.com\/product\/yoast-seo-wordpress\/ -->\n<title>Specials - BRANCAIA<\/title>\n<meta name=\"robots\" content=\"index, follow, max-snippet:-1, max-image-preview:large, max-video-preview:-1\" \/>\n<link rel=\"canonical\" href=\"https:\/\/brancaia.com\/en\/products\/specials-2\/\" \/>\n<meta property=\"og:locale\" content=\"en_US\" \/>\n<meta property=\"og:type\" content=\"article\" \/>\n<meta property=\"og:title\" content=\"Specials - BRANCAIA\" \/>\n<meta property=\"og:description\" content=\"SpecialsLorem ipsum dolor sit amet, consectetur adipiscing elit. Lorem ipsum dolor sit amet, consectetur adipiscing elit.Lorem ipsum dolor sit amet, consectetur adipiscing elit.Brancaia Collection Die Brancaia Collection ist das j\u00fcngste Projekt der Familie Widmer und zeigt den TRE von einer neuen Seite. Die limitierte Auflage mit sechs verschiedenen Etiketten-Designs soll Genuss mit Kunst verbinden \u2013 [&hellip;]\" \/>\n<meta property=\"og:url\" content=\"https:\/\/brancaia.com\/en\/products\/specials-2\/\" \/>\n<meta property=\"og:site_name\" content=\"BRANCAIA\" \/>\n<meta property=\"article:modified_time\" content=\"2022-03-09T09:16:07+00:00\" \/>\n<meta name=\"twitter:card\" content=\"summary_large_image\" \/>\n<meta name=\"twitter:label1\" content=\"Est. reading time\" \/>\n\t<meta name=\"twitter:data1\" content=\"4 minutes\" \/>\n<script type=\"application\/ld+json\" class=\"yoast-schema-graph\">{\"@context\":\"https:\\\/\\\/schema.org\",\"@graph\":[{\"@type\":\"WebPage\",\"@id\":\"https:\\\/\\\/brancaia.com\\\/en\\\/products\\\/specials-2\\\/\",\"url\":\"https:\\\/\\\/brancaia.com\\\/en\\\/products\\\/specials-2\\\/\",\"name\":\"Specials - BRANCAIA\",\"isPartOf\":{\"@id\":\"https:\\\/\\\/brancaia.com\\\/en\\\/#website\"},\"datePublished\":\"2022-03-09T09:05:46+00:00\",\"dateModified\":\"2022-03-09T09:16:07+00:00\",\"breadcrumb\":{\"@id\":\"https:\\\/\\\/brancaia.com\\\/en\\\/products\\\/specials-2\\\/#breadcrumb\"},\"inLanguage\":\"en-US\",\"potentialAction\":[{\"@type\":\"ReadAction\",\"target\":[\"https:\\\/\\\/brancaia.com\\\/en\\\/products\\\/specials-2\\\/\"]}]},{\"@type\":\"BreadcrumbList\",\"@id\":\"https:\\\/\\\/brancaia.com\\\/en\\\/products\\\/specials-2\\\/#breadcrumb\",\"itemListElement\":[{\"@type\":\"ListItem\",\"position\":1,\"name\":\"Home\",\"item\":\"https:\\\/\\\/brancaia.com\\\/en\\\/home\\\/\"},{\"@type\":\"ListItem\",\"position\":2,\"name\":\"Products\",\"item\":\"https:\\\/\\\/brancaia.com\\\/en\\\/products\\\/\"},{\"@type\":\"ListItem\",\"position\":3,\"name\":\"Specials\"}]},{\"@type\":\"WebSite\",\"@id\":\"https:\\\/\\\/brancaia.com\\\/en\\\/#website\",\"url\":\"https:\\\/\\\/brancaia.com\\\/en\\\/\",\"name\":\"BRANCAIA\",\"description\":\"Winery &amp; Wines\",\"potentialAction\":[{\"@type\":\"SearchAction\",\"target\":{\"@type\":\"EntryPoint\",\"urlTemplate\":\"https:\\\/\\\/brancaia.com\\\/en\\\/?s={search_term_string}\"},\"query-input\":{\"@type\":\"PropertyValueSpecification\",\"valueRequired\":true,\"valueName\":\"search_term_string\"}}],\"inLanguage\":\"en-US\"}]}<\/script>\n<!-- \/ Yoast SEO plugin. -->","yoast_head_json":{"title":"Specials - BRANCAIA","robots":{"index":"index","follow":"follow","max-snippet":"max-snippet:-1","max-image-preview":"max-image-preview:large","max-video-preview":"max-video-preview:-1"},"canonical":"https:\/\/brancaia.com\/en\/products\/specials-2\/","og_locale":"en_US","og_type":"article","og_title":"Specials - BRANCAIA","og_description":"SpecialsLorem ipsum dolor sit amet, consectetur adipiscing elit. Lorem ipsum dolor sit amet, consectetur adipiscing elit.Lorem ipsum dolor sit amet, consectetur adipiscing elit.Brancaia Collection Die Brancaia Collection ist das j\u00fcngste Projekt der Familie Widmer und zeigt den TRE von einer neuen Seite. Die limitierte Auflage mit sechs verschiedenen Etiketten-Designs soll Genuss mit Kunst verbinden \u2013 [&hellip;]","og_url":"https:\/\/brancaia.com\/en\/products\/specials-2\/","og_site_name":"BRANCAIA","article_modified_time":"2022-03-09T09:16:07+00:00","twitter_card":"summary_large_image","twitter_misc":{"Est. reading time":"4 minutes"},"schema":{"@context":"https:\/\/schema.org","@graph":[{"@type":"WebPage","@id":"https:\/\/brancaia.com\/en\/products\/specials-2\/","url":"https:\/\/brancaia.com\/en\/products\/specials-2\/","name":"Specials - BRANCAIA","isPartOf":{"@id":"https:\/\/brancaia.com\/en\/#website"},"datePublished":"2022-03-09T09:05:46+00:00","dateModified":"2022-03-09T09:16:07+00:00","breadcrumb":{"@id":"https:\/\/brancaia.com\/en\/products\/specials-2\/#breadcrumb"},"inLanguage":"en-US","potentialAction":[{"@type":"ReadAction","target":["https:\/\/brancaia.com\/en\/products\/specials-2\/"]}]},{"@type":"BreadcrumbList","@id":"https:\/\/brancaia.com\/en\/products\/specials-2\/#breadcrumb","itemListElement":[{"@type":"ListItem","position":1,"name":"Home","item":"https:\/\/brancaia.com\/en\/home\/"},{"@type":"ListItem","position":2,"name":"Products","item":"https:\/\/brancaia.com\/en\/products\/"},{"@type":"ListItem","position":3,"name":"Specials"}]},{"@type":"WebSite","@id":"https:\/\/brancaia.com\/en\/#website","url":"https:\/\/brancaia.com\/en\/","name":"BRANCAIA","description":"Winery &amp; Wines","potentialAction":[{"@type":"SearchAction","target":{"@type":"EntryPoint","urlTemplate":"https:\/\/brancaia.com\/en\/?s={search_term_string}"},"query-input":{"@type":"PropertyValueSpecification","valueRequired":true,"valueName":"search_term_string"}}],"inLanguage":"en-US"}]}},"_links":{"self":[{"href":"https:\/\/brancaia.com\/en\/wp-json\/wp\/v2\/pages\/9339","targetHints":{"allow":["GET"]}}],"collection":[{"href":"https:\/\/brancaia.com\/en\/wp-json\/wp\/v2\/pages"}],"about":[{"href":"https:\/\/brancaia.com\/en\/wp-json\/wp\/v2\/types\/page"}],"author":[{"embeddable":true,"href":"https:\/\/brancaia.com\/en\/wp-json\/wp\/v2\/users\/1"}],"replies":[{"embeddable":true,"href":"https:\/\/brancaia.com\/en\/wp-json\/wp\/v2\/comments?post=9339"}],"version-history":[{"count":6,"href":"https:\/\/brancaia.com\/en\/wp-json\/wp\/v2\/pages\/9339\/revisions"}],"predecessor-version":[{"id":9355,"href":"https:\/\/brancaia.com\/en\/wp-json\/wp\/v2\/pages\/9339\/revisions\/9355"}],"up":[{"embeddable":true,"href":"https:\/\/brancaia.com\/en\/wp-json\/wp\/v2\/pages\/881"}],"wp:attachment":[{"href":"https:\/\/brancaia.com\/en\/wp-json\/wp\/v2\/media?parent=9339"}],"curies":[{"name":"wp","href":"https:\/\/api.w.org\/{rel}","templated":true}]}}