{"id":13853,"date":"2024-06-26T11:41:09","date_gmt":"2024-06-26T09:41:09","guid":{"rendered":"https:\/\/brancaia.com\/azienda\/annate\/vitigno-anno-2022\/"},"modified":"2024-06-27T12:33:54","modified_gmt":"2024-06-27T10:33:54","slug":"vitigno-anno-2022","status":"publish","type":"page","link":"https:\/\/brancaia.com\/it\/azienda\/annate\/vitigno-anno-2022\/","title":{"rendered":"Vitigno anno 2022"},"content":{"rendered":"<p>[et_pb_section fb_built=&#8221;1&#8243; fullwidth=&#8221;on&#8221; _builder_version=&#8221;4.16&#8243; _module_preset=&#8221;default&#8221; da_disable_devices=&#8221;off|off|off&#8221; global_colors_info=&#8221;{}&#8221; da_is_popup=&#8221;off&#8221; da_exit_intent=&#8221;off&#8221; da_has_close=&#8221;on&#8221; da_alt_close=&#8221;off&#8221; da_dark_close=&#8221;off&#8221; da_not_modal=&#8221;on&#8221; da_is_singular=&#8221;off&#8221; da_with_loader=&#8221;off&#8221; da_has_shadow=&#8221;on&#8221;][et_pb_fullwidth_header title=&#8221; &#8221; _builder_version=&#8221;4.16&#8243; _module_preset=&#8221;default&#8221; background_enable_color=&#8221;off&#8221; background_image=&#8221;https:\/\/brancaia.com\/wp-content\/uploads\/hero.jpg&#8221; global_colors_info=&#8221;{}&#8221;][\/et_pb_fullwidth_header][\/et_pb_section][et_pb_section fb_built=&#8221;1&#8243; _builder_version=&#8221;4.16&#8243; _module_preset=&#8221;default&#8221; da_disable_devices=&#8221;off|off|off&#8221; global_colors_info=&#8221;{}&#8221; da_is_popup=&#8221;off&#8221; da_exit_intent=&#8221;off&#8221; da_has_close=&#8221;on&#8221; da_alt_close=&#8221;off&#8221; da_dark_close=&#8221;off&#8221; da_not_modal=&#8221;on&#8221; da_is_singular=&#8221;off&#8221; da_with_loader=&#8221;off&#8221; da_has_shadow=&#8221;on&#8221;][et_pb_row _builder_version=&#8221;4.16&#8243; _module_preset=&#8221;default&#8221; global_colors_info=&#8221;{}&#8221;][et_pb_column type=&#8221;4_4&#8243; _builder_version=&#8221;4.16&#8243; _module_preset=&#8221;default&#8221; global_colors_info=&#8221;{}&#8221;][et_pb_text module_class=&#8221;ba-title-lead&#8221; _builder_version=&#8221;4.25.2&#8243; _module_preset=&#8221;default&#8221; global_colors_info=&#8221;{}&#8221;]<\/p>\n<h1>Le annate<\/h1>\n<p>[\/et_pb_text][et_pb_menu menu_id=&#8221;41&#8243; _builder_version=&#8221;4.25.2&#8243; _module_preset=&#8221;default&#8221; global_colors_info=&#8221;{}&#8221;][\/et_pb_menu][\/et_pb_column][\/et_pb_row][et_pb_row _builder_version=&#8221;4.16&#8243; _module_preset=&#8221;default&#8221; global_colors_info=&#8221;{}&#8221;][et_pb_column type=&#8221;4_4&#8243; _builder_version=&#8221;4.16&#8243; _module_preset=&#8221;default&#8221; global_colors_info=&#8221;{}&#8221;][et_pb_text module_class=&#8221;ba-title-lead&#8221; _builder_version=&#8221;4.25.2&#8243; _module_preset=&#8221;default&#8221; global_colors_info=&#8221;{}&#8221;]<\/p>\n<h2 style=\"text-align: center;\">l&#8217;annata 2022<\/h2>\n<p>L&#8217;annata \u00e8 stata particolare, ma in generale molto buona. Non abbiamo avuto gelate tardive e la fioritura \u00e8 stato regolare e nella media. Abbiamo avuto molta pioggia nelle prime due settimane di maggio, il che \u00e8 stato particolarmente importante perch\u00e9 a giugno e luglio non c&#8217;\u00e8 stata alcuna pioggia e la temperatura \u00e8 stata costantemente alta. Credo che sia stato il calore costante a permettere alla natura di affrontare questa situazione a pieni voti. Le foglie dei vigneti e dei boschi erano ancora verdi fino a poco tempo fa, perch\u00e9 hanno potuto beneficiare appieno delle tanto attese piogge di agosto e settembre. Dalla seconda met\u00e0 di agosto le temperature sono state molto pi\u00f9 fresche, soprattutto di notte, e queste condizioni climatiche sono state ideali per l&#8217;ultima fase di maturazione dell&#8217;uva.<\/p>\n<p>[\/et_pb_text][et_pb_image src=&#8221;https:\/\/brancaia.com\/wp-content\/uploads\/Brancaia_Weinkeller_Selektion.1200x960px.jpg&#8221; alt=&#8221;Brancaia Team&#8221; title_text=&#8221;Brancaia_Wine Cellar_Selection.1200x960px&#8221; align=&#8221;center&#8221; _builder_version=&#8221;4.25.2&#8243; _module_preset=&#8221;default&#8221; width=&#8221;60%&#8221; global_colors_info=&#8221;{}&#8221;][\/et_pb_image][et_pb_text module_class=&#8221;ba-title-lead&#8221; _builder_version=&#8221;4.25.2&#8243; _module_preset=&#8221;default&#8221; global_colors_info=&#8221;{}&#8221;]<\/p>\n<p>Come di consueto, abbiamo iniziato a raccogliere il Merlot per il ros\u00e9 in Maremma il 17 agosto, e dopo una pausa abbiamo raccolto il Sangiovese e poi il Petit Verdot e il Cabernet Sauvignon dal 10 settembre. Nel Chianti, la vendemmia \u00e8 iniziata il 27 agosto con il Sauvignon Blanc, dal 5 settembre abbiamo raccolto il Merlot e, dopo l&#8217;inizio della raccolta del Sangiovese il 21 settembre, la vendemmia si \u00e8 conclusa a fine settembre con il Cabernet Sauvignon. L&#8217;estate estremamente calda e secca ci ha regalato notti fresche e finalmente abbiamo avuto la tanto attesa pioggia nell&#8217;ultimo mese della fase di maturazione. Di conseguenza, i vini sono concentrati e hanno colori intensi ed estratti, eccellenti aromi di frutta e sono caratterizzati da una grande freschezza. Posso sicuramente dire che siamo molto soddisfatti.<\/p>\n<p>[\/et_pb_text][\/et_pb_column][\/et_pb_row][\/et_pb_section]<\/p>\n","protected":false},"excerpt":{"rendered":"<p>Le annatel&#8217;annata 2022 L&#8217;annata \u00e8 stata particolare, ma in generale molto buona. Non abbiamo avuto gelate tardive e la fioritura \u00e8 stato regolare e nella media. Abbiamo avuto molta pioggia nelle prime due settimane di maggio, il che \u00e8 stato particolarmente importante perch\u00e9 a giugno e luglio non c&#8217;\u00e8 stata alcuna pioggia e la temperatura [&hellip;]<\/p>\n","protected":false},"author":6,"featured_media":0,"parent":2200,"menu_order":0,"comment_status":"closed","ping_status":"closed","template":"","meta":{"_et_pb_use_builder":"on","_et_pb_old_content":"","_et_gb_content_width":"","footnotes":""},"class_list":["post-13853","page","type-page","status-publish","hentry"],"yoast_head":"<!-- This site is optimized with the Yoast SEO plugin v27.4 - https:\/\/yoast.com\/product\/yoast-seo-wordpress\/ -->\n<title>Vitigno anno 2022 - BRANCAIA<\/title>\n<meta name=\"robots\" content=\"index, follow, max-snippet:-1, max-image-preview:large, max-video-preview:-1\" \/>\n<link rel=\"canonical\" href=\"https:\/\/brancaia.com\/it\/azienda\/annate\/vitigno-anno-2022\/\" \/>\n<meta property=\"og:locale\" content=\"it_IT\" \/>\n<meta property=\"og:type\" content=\"article\" \/>\n<meta property=\"og:title\" content=\"Vitigno anno 2022 - BRANCAIA\" \/>\n<meta property=\"og:description\" content=\"Le annatel&#039;annata 2022 L&#039;annata \u00e8 stata particolare, ma in generale molto buona. Non abbiamo avuto gelate tardive e la fioritura \u00e8 stato regolare e nella media. Abbiamo avuto molta pioggia nelle prime due settimane di maggio, il che \u00e8 stato particolarmente importante perch\u00e9 a giugno e luglio non c&#039;\u00e8 stata alcuna pioggia e la temperatura [&hellip;]\" \/>\n<meta property=\"og:url\" content=\"https:\/\/brancaia.com\/it\/azienda\/annate\/vitigno-anno-2022\/\" \/>\n<meta property=\"og:site_name\" content=\"BRANCAIA\" \/>\n<meta property=\"article:modified_time\" content=\"2024-06-27T10:33:54+00:00\" \/>\n<meta name=\"twitter:card\" content=\"summary_large_image\" \/>\n<meta name=\"twitter:label1\" content=\"Tempo di lettura stimato\" \/>\n\t<meta name=\"twitter:data1\" content=\"3 minuti\" \/>\n<script type=\"application\/ld+json\" class=\"yoast-schema-graph\">{\"@context\":\"https:\\\/\\\/schema.org\",\"@graph\":[{\"@type\":\"WebPage\",\"@id\":\"https:\\\/\\\/brancaia.com\\\/it\\\/azienda\\\/annate\\\/vitigno-anno-2022\\\/\",\"url\":\"https:\\\/\\\/brancaia.com\\\/it\\\/azienda\\\/annate\\\/vitigno-anno-2022\\\/\",\"name\":\"Vitigno anno 2022 - BRANCAIA\",\"isPartOf\":{\"@id\":\"https:\\\/\\\/brancaia.com\\\/it\\\/#website\"},\"datePublished\":\"2024-06-26T09:41:09+00:00\",\"dateModified\":\"2024-06-27T10:33:54+00:00\",\"breadcrumb\":{\"@id\":\"https:\\\/\\\/brancaia.com\\\/it\\\/azienda\\\/annate\\\/vitigno-anno-2022\\\/#breadcrumb\"},\"inLanguage\":\"it-IT\",\"potentialAction\":[{\"@type\":\"ReadAction\",\"target\":[\"https:\\\/\\\/brancaia.com\\\/it\\\/azienda\\\/annate\\\/vitigno-anno-2022\\\/\"]}]},{\"@type\":\"BreadcrumbList\",\"@id\":\"https:\\\/\\\/brancaia.com\\\/it\\\/azienda\\\/annate\\\/vitigno-anno-2022\\\/#breadcrumb\",\"itemListElement\":[{\"@type\":\"ListItem\",\"position\":1,\"name\":\"Home\",\"item\":\"https:\\\/\\\/brancaia.com\\\/it\\\/home\\\/\"},{\"@type\":\"ListItem\",\"position\":2,\"name\":\"Cantina\",\"item\":\"https:\\\/\\\/brancaia.com\\\/it\\\/azienda\\\/\"},{\"@type\":\"ListItem\",\"position\":3,\"name\":\"Annate\",\"item\":\"https:\\\/\\\/brancaia.com\\\/it\\\/azienda\\\/annate\\\/\"},{\"@type\":\"ListItem\",\"position\":4,\"name\":\"Vitigno anno 2022\"}]},{\"@type\":\"WebSite\",\"@id\":\"https:\\\/\\\/brancaia.com\\\/it\\\/#website\",\"url\":\"https:\\\/\\\/brancaia.com\\\/it\\\/\",\"name\":\"BRANCAIA\",\"description\":\"Winery &amp; Wines\",\"potentialAction\":[{\"@type\":\"SearchAction\",\"target\":{\"@type\":\"EntryPoint\",\"urlTemplate\":\"https:\\\/\\\/brancaia.com\\\/it\\\/?s={search_term_string}\"},\"query-input\":{\"@type\":\"PropertyValueSpecification\",\"valueRequired\":true,\"valueName\":\"search_term_string\"}}],\"inLanguage\":\"it-IT\"}]}<\/script>\n<!-- \/ Yoast SEO plugin. -->","yoast_head_json":{"title":"Vitigno anno 2022 - BRANCAIA","robots":{"index":"index","follow":"follow","max-snippet":"max-snippet:-1","max-image-preview":"max-image-preview:large","max-video-preview":"max-video-preview:-1"},"canonical":"https:\/\/brancaia.com\/it\/azienda\/annate\/vitigno-anno-2022\/","og_locale":"it_IT","og_type":"article","og_title":"Vitigno anno 2022 - BRANCAIA","og_description":"Le annatel'annata 2022 L'annata \u00e8 stata particolare, ma in generale molto buona. Non abbiamo avuto gelate tardive e la fioritura \u00e8 stato regolare e nella media. Abbiamo avuto molta pioggia nelle prime due settimane di maggio, il che \u00e8 stato particolarmente importante perch\u00e9 a giugno e luglio non c'\u00e8 stata alcuna pioggia e la temperatura [&hellip;]","og_url":"https:\/\/brancaia.com\/it\/azienda\/annate\/vitigno-anno-2022\/","og_site_name":"BRANCAIA","article_modified_time":"2024-06-27T10:33:54+00:00","twitter_card":"summary_large_image","twitter_misc":{"Tempo di lettura stimato":"3 minuti"},"schema":{"@context":"https:\/\/schema.org","@graph":[{"@type":"WebPage","@id":"https:\/\/brancaia.com\/it\/azienda\/annate\/vitigno-anno-2022\/","url":"https:\/\/brancaia.com\/it\/azienda\/annate\/vitigno-anno-2022\/","name":"Vitigno anno 2022 - BRANCAIA","isPartOf":{"@id":"https:\/\/brancaia.com\/it\/#website"},"datePublished":"2024-06-26T09:41:09+00:00","dateModified":"2024-06-27T10:33:54+00:00","breadcrumb":{"@id":"https:\/\/brancaia.com\/it\/azienda\/annate\/vitigno-anno-2022\/#breadcrumb"},"inLanguage":"it-IT","potentialAction":[{"@type":"ReadAction","target":["https:\/\/brancaia.com\/it\/azienda\/annate\/vitigno-anno-2022\/"]}]},{"@type":"BreadcrumbList","@id":"https:\/\/brancaia.com\/it\/azienda\/annate\/vitigno-anno-2022\/#breadcrumb","itemListElement":[{"@type":"ListItem","position":1,"name":"Home","item":"https:\/\/brancaia.com\/it\/home\/"},{"@type":"ListItem","position":2,"name":"Cantina","item":"https:\/\/brancaia.com\/it\/azienda\/"},{"@type":"ListItem","position":3,"name":"Annate","item":"https:\/\/brancaia.com\/it\/azienda\/annate\/"},{"@type":"ListItem","position":4,"name":"Vitigno anno 2022"}]},{"@type":"WebSite","@id":"https:\/\/brancaia.com\/it\/#website","url":"https:\/\/brancaia.com\/it\/","name":"BRANCAIA","description":"Winery &amp; Wines","potentialAction":[{"@type":"SearchAction","target":{"@type":"EntryPoint","urlTemplate":"https:\/\/brancaia.com\/it\/?s={search_term_string}"},"query-input":{"@type":"PropertyValueSpecification","valueRequired":true,"valueName":"search_term_string"}}],"inLanguage":"it-IT"}]}},"_links":{"self":[{"href":"https:\/\/brancaia.com\/it\/wp-json\/wp\/v2\/pages\/13853","targetHints":{"allow":["GET"]}}],"collection":[{"href":"https:\/\/brancaia.com\/it\/wp-json\/wp\/v2\/pages"}],"about":[{"href":"https:\/\/brancaia.com\/it\/wp-json\/wp\/v2\/types\/page"}],"author":[{"embeddable":true,"href":"https:\/\/brancaia.com\/it\/wp-json\/wp\/v2\/users\/6"}],"replies":[{"embeddable":true,"href":"https:\/\/brancaia.com\/it\/wp-json\/wp\/v2\/comments?post=13853"}],"version-history":[{"count":5,"href":"https:\/\/brancaia.com\/it\/wp-json\/wp\/v2\/pages\/13853\/revisions"}],"predecessor-version":[{"id":13899,"href":"https:\/\/brancaia.com\/it\/wp-json\/wp\/v2\/pages\/13853\/revisions\/13899"}],"up":[{"embeddable":true,"href":"https:\/\/brancaia.com\/it\/wp-json\/wp\/v2\/pages\/2200"}],"wp:attachment":[{"href":"https:\/\/brancaia.com\/it\/wp-json\/wp\/v2\/media?parent=13853"}],"curies":[{"name":"wp","href":"https:\/\/api.w.org\/{rel}","templated":true}]}}