{"id":14737,"date":"2024-08-26T16:45:12","date_gmt":"2024-08-26T14:45:12","guid":{"rendered":"https:\/\/brancaia.com\/prodotti\/vini\/ilatraia\/ilatraia-20-anni\/"},"modified":"2025-02-10T11:43:31","modified_gmt":"2025-02-10T10:43:31","slug":"ilatraia-20-anni","status":"publish","type":"page","link":"https:\/\/brancaia.com\/it\/prodotti\/vini\/ilatraia\/ilatraia-20-anni\/","title":{"rendered":"Ilatraia 20 anni"},"content":{"rendered":"<p>[et_pb_section fb_built=&#8221;1&#8243; fullwidth=&#8221;on&#8221; _builder_version=&#8221;4.16&#8243; _module_preset=&#8221;default&#8221; da_disable_devices=&#8221;off|off|off&#8221; global_colors_info=&#8221;{}&#8221; da_is_popup=&#8221;off&#8221; da_exit_intent=&#8221;off&#8221; da_has_close=&#8221;on&#8221; da_alt_close=&#8221;off&#8221; da_dark_close=&#8221;off&#8221; da_not_modal=&#8221;on&#8221; da_is_singular=&#8221;off&#8221; da_with_loader=&#8221;off&#8221; da_has_shadow=&#8221;on&#8221;][et_pb_fullwidth_header title=&#8221; &#8221; _builder_version=&#8221;4.27.0&#8243; _module_preset=&#8221;default&#8221; background_enable_color=&#8221;off&#8221; background_image=&#8221;https:\/\/brancaia.com\/wp-content\/uploads\/DSC_7690-scaled.jpg&#8221; global_colors_info=&#8221;{}&#8221;][\/et_pb_fullwidth_header][\/et_pb_section][et_pb_section fb_built=&#8221;1&#8243; _builder_version=&#8221;4.16&#8243; _module_preset=&#8221;default&#8221; da_disable_devices=&#8221;off|off|off&#8221; global_colors_info=&#8221;{}&#8221; da_is_popup=&#8221;off&#8221; da_exit_intent=&#8221;off&#8221; da_has_close=&#8221;on&#8221; da_alt_close=&#8221;off&#8221; da_dark_close=&#8221;off&#8221; da_not_modal=&#8221;on&#8221; da_is_singular=&#8221;off&#8221; da_with_loader=&#8221;off&#8221; da_has_shadow=&#8221;on&#8221;][et_pb_row _builder_version=&#8221;4.16&#8243; _module_preset=&#8221;default&#8221; global_colors_info=&#8221;{}&#8221;][et_pb_column type=&#8221;4_4&#8243; _builder_version=&#8221;4.16&#8243; _module_preset=&#8221;default&#8221; global_colors_info=&#8221;{}&#8221;][et_pb_text module_class=&#8221;ba-title-lead&#8221; _builder_version=&#8221;4.16&#8243; _module_preset=&#8221;default&#8221; global_colors_info=&#8221;{}&#8221;]<\/p>\n<h1 style=\"text-align: center;\">2021 &#8211; 20 ANNI DI ILATRAIA<\/h1>\n<p style=\"text-align: center;\">La vendemmia 2021 non rappresenta solo un&#8217;annata eccezionale in Maremma, ma segna anche il 20\u00b0 anniversario del nostro Ilatraia. In questi anni, Ilatraia si \u00e8 evoluto ed \u00e8 diventato ancora pi\u00f9 elegante e complesso. Il suo forte legame con il terroir e il fatto che sia considerato uno dei pi\u00f9 importanti rappresentanti della regione fin dalla prima vendemmia del 2002, non sono cambiati nel corso degli anni.<\/p>\n<p>[\/et_pb_text][et_pb_button button_url=&#8221;https:\/\/drive.google.com\/file\/d\/19XqCprxQU6xoNxVfTDtIchX58baVrEbG\/view?usp=sharing&#8221; url_new_window=&#8221;on&#8221; button_text=&#8221;Scopri di pi\u00f9&#8221; _builder_version=&#8221;4.27.0&#8243; _module_preset=&#8221;default&#8221; global_colors_info=&#8221;{}&#8221;][\/et_pb_button][et_pb_image src=&#8221;https:\/\/brancaia.com\/wp-content\/uploads\/Ilatraia_20Anni_CloseUp.jpg&#8221; title_text=&#8221;Ilatraia_20Anni_CloseUp&#8221; align=&#8221;center&#8221; _builder_version=&#8221;4.27.0&#8243; _module_preset=&#8221;default&#8221; width=&#8221;60%&#8221; global_colors_info=&#8221;{}&#8221;][\/et_pb_image][\/et_pb_column][\/et_pb_row][\/et_pb_section]<\/p>\n","protected":false},"excerpt":{"rendered":"<p>2021 &#8211; 20 ANNI DI ILATRAIA La vendemmia 2021 non rappresenta solo un&#8217;annata eccezionale in Maremma, ma segna anche il 20\u00b0 anniversario del nostro Ilatraia. In questi anni, Ilatraia si \u00e8 evoluto ed \u00e8 diventato ancora pi\u00f9 elegante e complesso. Il suo forte legame con il terroir e il fatto che sia considerato uno dei [&hellip;]<\/p>\n","protected":false},"author":12,"featured_media":0,"parent":1409,"menu_order":0,"comment_status":"closed","ping_status":"closed","template":"","meta":{"_et_pb_use_builder":"on","_et_pb_old_content":"","_et_gb_content_width":"","footnotes":""},"class_list":["post-14737","page","type-page","status-publish","hentry"],"yoast_head":"<!-- This site is optimized with the Yoast SEO plugin v27.4 - https:\/\/yoast.com\/product\/yoast-seo-wordpress\/ -->\n<title>Ilatraia 20 anni - BRANCAIA<\/title>\n<meta name=\"description\" content=\"Con l&#039;annata 2021, celebriamo l&#039;anniversario del nostro vino Ilatraia con un packaging esclusivo. Scopri cosa rende speciale questo vino.\" \/>\n<meta name=\"robots\" content=\"index, follow, max-snippet:-1, max-image-preview:large, max-video-preview:-1\" \/>\n<link rel=\"canonical\" href=\"https:\/\/brancaia.com\/it\/prodotti\/vini\/ilatraia\/ilatraia-20-anni\/\" \/>\n<meta property=\"og:locale\" content=\"it_IT\" \/>\n<meta property=\"og:type\" content=\"article\" \/>\n<meta property=\"og:title\" content=\"Ilatraia 20 anni - BRANCAIA\" \/>\n<meta property=\"og:description\" content=\"Con l&#039;annata 2021, celebriamo l&#039;anniversario del nostro vino Ilatraia con un packaging esclusivo. Scopri cosa rende speciale questo vino.\" \/>\n<meta property=\"og:url\" content=\"https:\/\/brancaia.com\/it\/prodotti\/vini\/ilatraia\/ilatraia-20-anni\/\" \/>\n<meta property=\"og:site_name\" content=\"BRANCAIA\" \/>\n<meta property=\"article:modified_time\" content=\"2025-02-10T10:43:31+00:00\" \/>\n<meta name=\"twitter:card\" content=\"summary_large_image\" \/>\n<meta name=\"twitter:label1\" content=\"Tempo di lettura stimato\" \/>\n\t<meta name=\"twitter:data1\" content=\"2 minuti\" \/>\n<script type=\"application\/ld+json\" class=\"yoast-schema-graph\">{\"@context\":\"https:\\\/\\\/schema.org\",\"@graph\":[{\"@type\":\"WebPage\",\"@id\":\"https:\\\/\\\/brancaia.com\\\/it\\\/prodotti\\\/vini\\\/ilatraia\\\/ilatraia-20-anni\\\/\",\"url\":\"https:\\\/\\\/brancaia.com\\\/it\\\/prodotti\\\/vini\\\/ilatraia\\\/ilatraia-20-anni\\\/\",\"name\":\"Ilatraia 20 anni - BRANCAIA\",\"isPartOf\":{\"@id\":\"https:\\\/\\\/brancaia.com\\\/it\\\/#website\"},\"datePublished\":\"2024-08-26T14:45:12+00:00\",\"dateModified\":\"2025-02-10T10:43:31+00:00\",\"description\":\"Con l'annata 2021, celebriamo l'anniversario del nostro vino Ilatraia con un packaging esclusivo. Scopri cosa rende speciale questo vino.\",\"breadcrumb\":{\"@id\":\"https:\\\/\\\/brancaia.com\\\/it\\\/prodotti\\\/vini\\\/ilatraia\\\/ilatraia-20-anni\\\/#breadcrumb\"},\"inLanguage\":\"it-IT\",\"potentialAction\":[{\"@type\":\"ReadAction\",\"target\":[\"https:\\\/\\\/brancaia.com\\\/it\\\/prodotti\\\/vini\\\/ilatraia\\\/ilatraia-20-anni\\\/\"]}]},{\"@type\":\"BreadcrumbList\",\"@id\":\"https:\\\/\\\/brancaia.com\\\/it\\\/prodotti\\\/vini\\\/ilatraia\\\/ilatraia-20-anni\\\/#breadcrumb\",\"itemListElement\":[{\"@type\":\"ListItem\",\"position\":1,\"name\":\"Home\",\"item\":\"https:\\\/\\\/brancaia.com\\\/it\\\/home\\\/\"},{\"@type\":\"ListItem\",\"position\":2,\"name\":\"Prodotti\",\"item\":\"https:\\\/\\\/brancaia.com\\\/it\\\/prodotti\\\/\"},{\"@type\":\"ListItem\",\"position\":3,\"name\":\"Vini\",\"item\":\"https:\\\/\\\/brancaia.com\\\/it\\\/prodotti\\\/vini\\\/\"},{\"@type\":\"ListItem\",\"position\":4,\"name\":\"ilatraia\",\"item\":\"https:\\\/\\\/brancaia.com\\\/it\\\/prodotti\\\/vini\\\/ilatraia\\\/\"},{\"@type\":\"ListItem\",\"position\":5,\"name\":\"Ilatraia 20 anni\"}]},{\"@type\":\"WebSite\",\"@id\":\"https:\\\/\\\/brancaia.com\\\/it\\\/#website\",\"url\":\"https:\\\/\\\/brancaia.com\\\/it\\\/\",\"name\":\"BRANCAIA\",\"description\":\"Winery &amp; Wines\",\"potentialAction\":[{\"@type\":\"SearchAction\",\"target\":{\"@type\":\"EntryPoint\",\"urlTemplate\":\"https:\\\/\\\/brancaia.com\\\/it\\\/?s={search_term_string}\"},\"query-input\":{\"@type\":\"PropertyValueSpecification\",\"valueRequired\":true,\"valueName\":\"search_term_string\"}}],\"inLanguage\":\"it-IT\"}]}<\/script>\n<!-- \/ Yoast SEO plugin. -->","yoast_head_json":{"title":"Ilatraia 20 anni - BRANCAIA","description":"Con l'annata 2021, celebriamo l'anniversario del nostro vino Ilatraia con un packaging esclusivo. Scopri cosa rende speciale questo vino.","robots":{"index":"index","follow":"follow","max-snippet":"max-snippet:-1","max-image-preview":"max-image-preview:large","max-video-preview":"max-video-preview:-1"},"canonical":"https:\/\/brancaia.com\/it\/prodotti\/vini\/ilatraia\/ilatraia-20-anni\/","og_locale":"it_IT","og_type":"article","og_title":"Ilatraia 20 anni - BRANCAIA","og_description":"Con l'annata 2021, celebriamo l'anniversario del nostro vino Ilatraia con un packaging esclusivo. Scopri cosa rende speciale questo vino.","og_url":"https:\/\/brancaia.com\/it\/prodotti\/vini\/ilatraia\/ilatraia-20-anni\/","og_site_name":"BRANCAIA","article_modified_time":"2025-02-10T10:43:31+00:00","twitter_card":"summary_large_image","twitter_misc":{"Tempo di lettura stimato":"2 minuti"},"schema":{"@context":"https:\/\/schema.org","@graph":[{"@type":"WebPage","@id":"https:\/\/brancaia.com\/it\/prodotti\/vini\/ilatraia\/ilatraia-20-anni\/","url":"https:\/\/brancaia.com\/it\/prodotti\/vini\/ilatraia\/ilatraia-20-anni\/","name":"Ilatraia 20 anni - BRANCAIA","isPartOf":{"@id":"https:\/\/brancaia.com\/it\/#website"},"datePublished":"2024-08-26T14:45:12+00:00","dateModified":"2025-02-10T10:43:31+00:00","description":"Con l'annata 2021, celebriamo l'anniversario del nostro vino Ilatraia con un packaging esclusivo. Scopri cosa rende speciale questo vino.","breadcrumb":{"@id":"https:\/\/brancaia.com\/it\/prodotti\/vini\/ilatraia\/ilatraia-20-anni\/#breadcrumb"},"inLanguage":"it-IT","potentialAction":[{"@type":"ReadAction","target":["https:\/\/brancaia.com\/it\/prodotti\/vini\/ilatraia\/ilatraia-20-anni\/"]}]},{"@type":"BreadcrumbList","@id":"https:\/\/brancaia.com\/it\/prodotti\/vini\/ilatraia\/ilatraia-20-anni\/#breadcrumb","itemListElement":[{"@type":"ListItem","position":1,"name":"Home","item":"https:\/\/brancaia.com\/it\/home\/"},{"@type":"ListItem","position":2,"name":"Prodotti","item":"https:\/\/brancaia.com\/it\/prodotti\/"},{"@type":"ListItem","position":3,"name":"Vini","item":"https:\/\/brancaia.com\/it\/prodotti\/vini\/"},{"@type":"ListItem","position":4,"name":"ilatraia","item":"https:\/\/brancaia.com\/it\/prodotti\/vini\/ilatraia\/"},{"@type":"ListItem","position":5,"name":"Ilatraia 20 anni"}]},{"@type":"WebSite","@id":"https:\/\/brancaia.com\/it\/#website","url":"https:\/\/brancaia.com\/it\/","name":"BRANCAIA","description":"Winery &amp; Wines","potentialAction":[{"@type":"SearchAction","target":{"@type":"EntryPoint","urlTemplate":"https:\/\/brancaia.com\/it\/?s={search_term_string}"},"query-input":{"@type":"PropertyValueSpecification","valueRequired":true,"valueName":"search_term_string"}}],"inLanguage":"it-IT"}]}},"_links":{"self":[{"href":"https:\/\/brancaia.com\/it\/wp-json\/wp\/v2\/pages\/14737","targetHints":{"allow":["GET"]}}],"collection":[{"href":"https:\/\/brancaia.com\/it\/wp-json\/wp\/v2\/pages"}],"about":[{"href":"https:\/\/brancaia.com\/it\/wp-json\/wp\/v2\/types\/page"}],"author":[{"embeddable":true,"href":"https:\/\/brancaia.com\/it\/wp-json\/wp\/v2\/users\/12"}],"replies":[{"embeddable":true,"href":"https:\/\/brancaia.com\/it\/wp-json\/wp\/v2\/comments?post=14737"}],"version-history":[{"count":4,"href":"https:\/\/brancaia.com\/it\/wp-json\/wp\/v2\/pages\/14737\/revisions"}],"predecessor-version":[{"id":17097,"href":"https:\/\/brancaia.com\/it\/wp-json\/wp\/v2\/pages\/14737\/revisions\/17097"}],"up":[{"embeddable":true,"href":"https:\/\/brancaia.com\/it\/wp-json\/wp\/v2\/pages\/1409"}],"wp:attachment":[{"href":"https:\/\/brancaia.com\/it\/wp-json\/wp\/v2\/media?parent=14737"}],"curies":[{"name":"wp","href":"https:\/\/api.w.org\/{rel}","templated":true}]}}