{"id":1518,"date":"2021-01-05T15:20:09","date_gmt":"2021-01-05T14:20:09","guid":{"rendered":"https:\/\/brancaia.cyon.site\/azienda-vinicola\/"},"modified":"2024-09-25T17:54:35","modified_gmt":"2024-09-25T15:54:35","slug":"azienda","status":"publish","type":"page","link":"https:\/\/brancaia.com\/it\/azienda\/","title":{"rendered":"Cantina"},"content":{"rendered":"<p>[et_pb_section fb_built=&#8221;1&#8243; fullwidth=&#8221;on&#8221; _builder_version=&#8221;4.16&#8243; _module_preset=&#8221;default&#8221; da_disable_devices=&#8221;off|off|off&#8221; global_colors_info=&#8221;{}&#8221; da_is_popup=&#8221;off&#8221; da_exit_intent=&#8221;off&#8221; da_has_close=&#8221;on&#8221; da_alt_close=&#8221;off&#8221; da_dark_close=&#8221;off&#8221; da_not_modal=&#8221;on&#8221; da_is_singular=&#8221;off&#8221; da_with_loader=&#8221;off&#8221; da_has_shadow=&#8221;on&#8221;][et_pb_fullwidth_header title=&#8221; &#8221; _builder_version=&#8221;4.27.0&#8243; _module_preset=&#8221;default&#8221; background_enable_color=&#8221;off&#8221; background_image=&#8221;https:\/\/brancaia.com\/wp-content\/uploads\/Sfondo-sito-prova-4.png&#8221; global_colors_info=&#8221;{}&#8221;][\/et_pb_fullwidth_header][\/et_pb_section][et_pb_section fb_built=&#8221;1&#8243; _builder_version=&#8221;4.16&#8243; _module_preset=&#8221;default&#8221; da_disable_devices=&#8221;off|off|off&#8221; global_colors_info=&#8221;{}&#8221; da_is_popup=&#8221;off&#8221; da_exit_intent=&#8221;off&#8221; da_has_close=&#8221;on&#8221; da_alt_close=&#8221;off&#8221; da_dark_close=&#8221;off&#8221; da_not_modal=&#8221;on&#8221; da_is_singular=&#8221;off&#8221; da_with_loader=&#8221;off&#8221; da_has_shadow=&#8221;on&#8221;][et_pb_row _builder_version=&#8221;4.16&#8243; _module_preset=&#8221;default&#8221; global_colors_info=&#8221;{}&#8221;][et_pb_column type=&#8221;4_4&#8243; _builder_version=&#8221;4.16&#8243; _module_preset=&#8221;default&#8221; global_colors_info=&#8221;{}&#8221;][et_pb_text module_class=&#8221;ba-lead-module&#8221; _builder_version=&#8221;4.16&#8243; _module_preset=&#8221;default&#8221; global_colors_info=&#8221;{}&#8221;]<\/p>\n<h1 style=\"text-align: center;\">Cantina<\/h1>\n<p style=\"text-align: center;\">Dall&#8217;uva al bicchiere di vino:<br \/>Scopri di pi\u00f9 sul nostro lavoro.<\/p>\n<p>Tre vigneti, un unico motto: che sia a Radda, a Castellina o in Maremma, il nostro focus \u00e8 sempre sulla massima qualit\u00e0, sostenibilit\u00e0 e localit\u00e0. Qui puoi scoprire da dove provengono le uve, cosa contraddistingue il clima e il suolo nel rispettivo luogo, perch\u00e9 produciamo sempre in armonia con la natura ea cosa diamo particolare importanza quando lavoriamo in cantina.<\/p>\n<p>[\/et_pb_text][\/et_pb_column][\/et_pb_row][\/et_pb_section][et_pb_section fb_built=&#8221;1&#8243; _builder_version=&#8221;4.16&#8243; _module_preset=&#8221;default&#8221; custom_margin=&#8221;-90px||||false|false&#8221; da_disable_devices=&#8221;off|off|off&#8221; global_colors_info=&#8221;{}&#8221; da_is_popup=&#8221;off&#8221; da_exit_intent=&#8221;off&#8221; da_has_close=&#8221;on&#8221; da_alt_close=&#8221;off&#8221; da_dark_close=&#8221;off&#8221; da_not_modal=&#8221;on&#8221; da_is_singular=&#8221;off&#8221; da_with_loader=&#8221;off&#8221; da_has_shadow=&#8221;on&#8221;][et_pb_row column_structure=&#8221;1_2,1_2&#8243; _builder_version=&#8221;4.16&#8243; _module_preset=&#8221;default&#8221; collapsed=&#8221;on&#8221; global_colors_info=&#8221;{}&#8221;][et_pb_column type=&#8221;1_2&#8243; _builder_version=&#8221;4.16&#8243; _module_preset=&#8221;default&#8221; global_colors_info=&#8221;{}&#8221;][et_pb_text _builder_version=&#8221;4.16&#8243; _module_preset=&#8221;default&#8221; global_colors_info=&#8221;{}&#8221;]<\/p>\n<h2>Cantina<\/h2>\n<p>Le moderne cantine del Chianti e della Maremma sono un fattore importante nella produzione dei nostri vini. Ci consentono di lavorare le uve di prima qualit\u00e0 con attenzione e delicatezza.<\/p>\n<p>[\/et_pb_text][et_pb_button button_url=&#8221;@ET-DC@eyJkeW5hbWljIjp0cnVlLCJjb250ZW50IjoicG9zdF9saW5rX3VybF9wYWdlIiwic2V0dGluZ3MiOnsicG9zdF9pZCI6IjMzIn19@&#8221; button_text=&#8221;Scopri di pi\u00f9&#8221; button_alignment=&#8221;left&#8221; _builder_version=&#8221;4.16&#8243; _dynamic_attributes=&#8221;button_url&#8221; _module_preset=&#8221;default&#8221; custom_button=&#8221;off&#8221; global_colors_info=&#8221;{}&#8221;][\/et_pb_button][\/et_pb_column][et_pb_column type=&#8221;1_2&#8243; _builder_version=&#8221;4.16&#8243; _module_preset=&#8221;default&#8221; global_colors_info=&#8221;{}&#8221;][et_pb_image src=&#8221;https:\/\/brancaia.com\/wp-content\/uploads\/brancaia_weinkeller_1200x960.jpg&#8221; alt=&#8221;Cantina Brancaia&#8221; title_text=&#8221;Cantina Brancaia&#8221; _builder_version=&#8221;4.16&#8243; _module_preset=&#8221;default&#8221; global_colors_info=&#8221;{}&#8221;][\/et_pb_image][\/et_pb_column][\/et_pb_row][et_pb_row column_structure=&#8221;1_2,1_2&#8243; _builder_version=&#8221;4.16&#8243; _module_preset=&#8221;default&#8221; collapsed=&#8221;on&#8221; global_colors_info=&#8221;{}&#8221;][et_pb_column type=&#8221;1_2&#8243; _builder_version=&#8221;4.16&#8243; _module_preset=&#8221;default&#8221; global_colors_info=&#8221;{}&#8221;][et_pb_image src=&#8221;https:\/\/brancaia.com\/wp-content\/uploads\/brancaia_weinbau_1200x960.jpg&#8221; alt=&#8221;vite&#8221; title_text=&#8221;vite&#8221; _builder_version=&#8221;4.16&#8243; _module_preset=&#8221;default&#8221; global_colors_info=&#8221;{}&#8221;][\/et_pb_image][\/et_pb_column][et_pb_column type=&#8221;1_2&#8243; _builder_version=&#8221;4.16&#8243; _module_preset=&#8221;default&#8221; global_colors_info=&#8221;{}&#8221;][et_pb_text _builder_version=&#8221;4.16&#8243; _module_preset=&#8221;default&#8221; global_colors_info=&#8221;{}&#8221;]<\/p>\n<h2>Viticoltura<\/h2>\n<p>Le pratiche di viticoltura biologica proteggono il nostro suolo, l&#8217;aria e l&#8217;acqua e migliorano il gusto e il carattere delle nostre uve e dei nostri vini.<\/p>\n<p>[\/et_pb_text][et_pb_button button_url=&#8221;@ET-DC@eyJkeW5hbWljIjp0cnVlLCJjb250ZW50IjoicG9zdF9saW5rX3VybF9wYWdlIiwic2V0dGluZ3MiOnsicG9zdF9pZCI6IjQ0NTIifX0=@&#8221; button_text=&#8221;Scopri di pi\u00f9&#8221; button_alignment=&#8221;left&#8221; _builder_version=&#8221;4.16&#8243; _dynamic_attributes=&#8221;button_url&#8221; _module_preset=&#8221;default&#8221; custom_button=&#8221;off&#8221; global_colors_info=&#8221;{}&#8221;][\/et_pb_button][\/et_pb_column][\/et_pb_row][et_pb_row column_structure=&#8221;1_2,1_2&#8243; _builder_version=&#8221;4.16&#8243; _module_preset=&#8221;default&#8221; collapsed=&#8221;on&#8221; global_colors_info=&#8221;{}&#8221;][et_pb_column type=&#8221;1_2&#8243; _builder_version=&#8221;4.16&#8243; _module_preset=&#8221;default&#8221; global_colors_info=&#8221;{}&#8221;][et_pb_text _builder_version=&#8221;4.16&#8243; _module_preset=&#8221;default&#8221; global_colors_info=&#8221;{}&#8221;]<\/p>\n<h2>Vigneti<\/h2>\n<p>La cantina Brancaia comprende vigneti a Castellina e Radda in Chianti oltre che nella Maremma costiera. Coltiviamo un totale di 80 ettari.<\/p>\n<p>[\/et_pb_text][et_pb_button button_url=&#8221;@ET-DC@eyJkeW5hbWljIjp0cnVlLCJjb250ZW50IjoicG9zdF9saW5rX3VybF9wYWdlIiwic2V0dGluZ3MiOnsicG9zdF9pZCI6IjM1In19@&#8221; button_text=&#8221;Scopri di pi\u00f9&#8221; button_alignment=&#8221;left&#8221; _builder_version=&#8221;4.16&#8243; _dynamic_attributes=&#8221;button_url&#8221; _module_preset=&#8221;default&#8221; custom_button=&#8221;off&#8221; global_colors_info=&#8221;{}&#8221;][\/et_pb_button][\/et_pb_column][et_pb_column type=&#8221;1_2&#8243; _builder_version=&#8221;4.16&#8243; _module_preset=&#8221;default&#8221; global_colors_info=&#8221;{}&#8221;][et_pb_image src=&#8221;https:\/\/brancaia.com\/wp-content\/uploads\/brancaia_reblagen_1200x960.jpg&#8221; alt=&#8221;Brancaia a Radda&#8221; title_text=&#8221;Brancaia a Radda&#8221; _builder_version=&#8221;4.16&#8243; _module_preset=&#8221;default&#8221; global_colors_info=&#8221;{}&#8221;][\/et_pb_image][\/et_pb_column][\/et_pb_row][et_pb_row column_structure=&#8221;1_2,1_2&#8243; _builder_version=&#8221;4.16&#8243; _module_preset=&#8221;default&#8221; collapsed=&#8221;on&#8221; global_colors_info=&#8221;{}&#8221;][et_pb_column type=&#8221;1_2&#8243; _builder_version=&#8221;4.16&#8243; _module_preset=&#8221;default&#8221; global_colors_info=&#8221;{}&#8221;][et_pb_image src=&#8221;https:\/\/brancaia.com\/wp-content\/uploads\/brancaia_rebjahre_1200x960.jpg&#8221; alt=&#8221;Vendemmia&#8221; title_text=&#8221;Vendemmia&#8221; _builder_version=&#8221;4.16&#8243; _module_preset=&#8221;default&#8221; global_colors_info=&#8221;{}&#8221;][\/et_pb_image][\/et_pb_column][et_pb_column type=&#8221;1_2&#8243; _builder_version=&#8221;4.16&#8243; _module_preset=&#8221;default&#8221; global_colors_info=&#8221;{}&#8221;][et_pb_text _builder_version=&#8221;4.16&#8243; _module_preset=&#8221;default&#8221; global_colors_info=&#8221;{}&#8221;]<\/p>\n<h2>Anni della vite<\/h2>\n<p>[\/et_pb_text][et_pb_button button_url=&#8221;@ET-DC@eyJkeW5hbWljIjp0cnVlLCJjb250ZW50IjoicG9zdF9saW5rX3VybF9wYWdlIiwic2V0dGluZ3MiOnsicG9zdF9pZCI6IjE5ODMifX0=@&#8221; button_text=&#8221;Scopri di pi\u00f9&#8221; button_alignment=&#8221;left&#8221; _builder_version=&#8221;4.16&#8243; _dynamic_attributes=&#8221;button_url&#8221; _module_preset=&#8221;default&#8221; custom_button=&#8221;off&#8221; global_colors_info=&#8221;{}&#8221;][\/et_pb_button][\/et_pb_column][\/et_pb_row][et_pb_row column_structure=&#8221;1_2,1_2&#8243; _builder_version=&#8221;4.16&#8243; _module_preset=&#8221;default&#8221; collapsed=&#8221;on&#8221; global_colors_info=&#8221;{}&#8221;][et_pb_column type=&#8221;1_2&#8243; _builder_version=&#8221;4.16&#8243; _module_preset=&#8221;default&#8221; global_colors_info=&#8221;{}&#8221;][et_pb_text _builder_version=&#8221;4.16&#8243; _module_preset=&#8221;default&#8221; global_colors_info=&#8221;{}&#8221;]<\/p>\n<h2>sostenibilit\u00e0<\/h2>\n<p>La sostenibilit\u00e0 \u00e8 stata a lungo della massima importanza per Brancaia. Cerchiamo di tenere ugualmente in considerazione gli aspetti ecologici, economici e sociali nella nostra azienda.<\/p>\n<p>[\/et_pb_text][et_pb_button button_url=&#8221;@ET-DC@eyJkeW5hbWljIjp0cnVlLCJjb250ZW50IjoicG9zdF9saW5rX3VybF9wYWdlIiwic2V0dGluZ3MiOnsicG9zdF9pZCI6IjI3In19@&#8221; button_text=&#8221;Scopri di pi\u00f9&#8221; button_alignment=&#8221;left&#8221; _builder_version=&#8221;4.16&#8243; _dynamic_attributes=&#8221;button_url&#8221; _module_preset=&#8221;default&#8221; custom_button=&#8221;off&#8221; global_colors_info=&#8221;{}&#8221;][\/et_pb_button][\/et_pb_column][et_pb_column type=&#8221;1_2&#8243; _builder_version=&#8221;4.16&#8243; _module_preset=&#8221;default&#8221; global_colors_info=&#8221;{}&#8221;][et_pb_image src=&#8221;https:\/\/brancaia.com\/wp-content\/uploads\/brancaia_nachhaltigkeit_1200x960.jpg&#8221; alt=&#8221;Insetti e fiori&#8221; title_text=&#8221;Insetti e fiori&#8221; _builder_version=&#8221;4.16&#8243; _module_preset=&#8221;default&#8221; global_colors_info=&#8221;{}&#8221;][\/et_pb_image][\/et_pb_column][\/et_pb_row][et_pb_row column_structure=&#8221;1_2,1_2&#8243; _builder_version=&#8221;4.16&#8243; _module_preset=&#8221;default&#8221; collapsed=&#8221;on&#8221; global_colors_info=&#8221;{}&#8221;][et_pb_column type=&#8221;1_2&#8243; _builder_version=&#8221;4.16&#8243; _module_preset=&#8221;default&#8221; global_colors_info=&#8221;{}&#8221;][et_pb_image src=&#8221;https:\/\/brancaia.com\/wp-content\/uploads\/brancaia_besuche_1200x960.jpg&#8221; alt=&#8221;Brancaia a Radda&#8221; title_text=&#8221;Brancaia a Radda&#8221; _builder_version=&#8221;4.16&#8243; _module_preset=&#8221;default&#8221; global_colors_info=&#8221;{}&#8221;][\/et_pb_image][\/et_pb_column][et_pb_column type=&#8221;1_2&#8243; _builder_version=&#8221;4.16&#8243; _module_preset=&#8221;default&#8221; global_colors_info=&#8221;{}&#8221;][et_pb_text _builder_version=&#8221;4.16&#8243; _module_preset=&#8221;default&#8221; global_colors_info=&#8221;{}&#8221;]<\/p>\n<h2>Visitate noi<\/h2>\n<p>La nostra azienda si trova nel mezzo delle colline del Chianti tra Firenze e Siena. Venite a trovarci e scoprite alcuni dei segreti dietro il processo di vinificazione.<\/p>\n<p>[\/et_pb_text][et_pb_button button_url=&#8221;@ET-DC@eyJkeW5hbWljIjp0cnVlLCJjb250ZW50IjoicG9zdF9saW5rX3VybF9wYWdlIiwic2V0dGluZ3MiOnsicG9zdF9pZCI6IjgwIn19@&#8221; button_text=&#8221;Scopri di pi\u00f9&#8221; button_alignment=&#8221;left&#8221; _builder_version=&#8221;4.16&#8243; _dynamic_attributes=&#8221;button_url&#8221; _module_preset=&#8221;default&#8221; custom_button=&#8221;off&#8221; global_colors_info=&#8221;{}&#8221;][\/et_pb_button][\/et_pb_column][\/et_pb_row][\/et_pb_section]<\/p>\n","protected":false},"excerpt":{"rendered":"<p>Cantina Dall&#8217;uva al bicchiere di vino:Scopri di pi\u00f9 sul nostro lavoro. Tre vigneti, un unico motto: che sia a Radda, a Castellina o in Maremma, il nostro focus \u00e8 sempre sulla massima qualit\u00e0, sostenibilit\u00e0 e localit\u00e0. Qui puoi scoprire da dove provengono le uve, cosa contraddistingue il clima e il suolo nel rispettivo luogo, perch\u00e9 [&hellip;]<\/p>\n","protected":false},"author":1,"featured_media":0,"parent":0,"menu_order":0,"comment_status":"closed","ping_status":"closed","template":"","meta":{"_et_pb_use_builder":"on","_et_pb_old_content":"","_et_gb_content_width":"","footnotes":""},"class_list":["post-1518","page","type-page","status-publish","hentry"],"yoast_head":"<!-- This site is optimized with the Yoast SEO plugin v27.3 - https:\/\/yoast.com\/product\/yoast-seo-wordpress\/ -->\n<title>Cantina - BRANCAIA<\/title>\n<meta name=\"robots\" content=\"index, follow, max-snippet:-1, max-image-preview:large, max-video-preview:-1\" \/>\n<link rel=\"canonical\" href=\"https:\/\/brancaia.com\/it\/azienda\/\" \/>\n<meta property=\"og:locale\" content=\"it_IT\" \/>\n<meta property=\"og:type\" content=\"article\" \/>\n<meta property=\"og:title\" content=\"Cantina - BRANCAIA\" \/>\n<meta property=\"og:description\" content=\"Cantina Dall&#039;uva al bicchiere di vino:Scopri di pi\u00f9 sul nostro lavoro. Tre vigneti, un unico motto: che sia a Radda, a Castellina o in Maremma, il nostro focus \u00e8 sempre sulla massima qualit\u00e0, sostenibilit\u00e0 e localit\u00e0. Qui puoi scoprire da dove provengono le uve, cosa contraddistingue il clima e il suolo nel rispettivo luogo, perch\u00e9 [&hellip;]\" \/>\n<meta property=\"og:url\" content=\"https:\/\/brancaia.com\/it\/azienda\/\" \/>\n<meta property=\"og:site_name\" content=\"BRANCAIA\" \/>\n<meta property=\"article:modified_time\" content=\"2024-09-25T15:54:35+00:00\" \/>\n<meta name=\"twitter:card\" content=\"summary_large_image\" \/>\n<meta name=\"twitter:label1\" content=\"Tempo di lettura stimato\" \/>\n\t<meta name=\"twitter:data1\" content=\"7 minuti\" \/>\n<script type=\"application\/ld+json\" class=\"yoast-schema-graph\">{\"@context\":\"https:\\\/\\\/schema.org\",\"@graph\":[{\"@type\":\"WebPage\",\"@id\":\"https:\\\/\\\/brancaia.com\\\/it\\\/azienda\\\/\",\"url\":\"https:\\\/\\\/brancaia.com\\\/it\\\/azienda\\\/\",\"name\":\"Cantina - BRANCAIA\",\"isPartOf\":{\"@id\":\"https:\\\/\\\/brancaia.com\\\/it\\\/#website\"},\"datePublished\":\"2021-01-05T14:20:09+00:00\",\"dateModified\":\"2024-09-25T15:54:35+00:00\",\"breadcrumb\":{\"@id\":\"https:\\\/\\\/brancaia.com\\\/it\\\/azienda\\\/#breadcrumb\"},\"inLanguage\":\"it-IT\",\"potentialAction\":[{\"@type\":\"ReadAction\",\"target\":[\"https:\\\/\\\/brancaia.com\\\/it\\\/azienda\\\/\"]}]},{\"@type\":\"BreadcrumbList\",\"@id\":\"https:\\\/\\\/brancaia.com\\\/it\\\/azienda\\\/#breadcrumb\",\"itemListElement\":[{\"@type\":\"ListItem\",\"position\":1,\"name\":\"Home\",\"item\":\"https:\\\/\\\/brancaia.com\\\/it\\\/home\\\/\"},{\"@type\":\"ListItem\",\"position\":2,\"name\":\"Cantina\"}]},{\"@type\":\"WebSite\",\"@id\":\"https:\\\/\\\/brancaia.com\\\/it\\\/#website\",\"url\":\"https:\\\/\\\/brancaia.com\\\/it\\\/\",\"name\":\"BRANCAIA\",\"description\":\"Winery &amp; Wines\",\"potentialAction\":[{\"@type\":\"SearchAction\",\"target\":{\"@type\":\"EntryPoint\",\"urlTemplate\":\"https:\\\/\\\/brancaia.com\\\/it\\\/?s={search_term_string}\"},\"query-input\":{\"@type\":\"PropertyValueSpecification\",\"valueRequired\":true,\"valueName\":\"search_term_string\"}}],\"inLanguage\":\"it-IT\"}]}<\/script>\n<!-- \/ Yoast SEO plugin. -->","yoast_head_json":{"title":"Cantina - BRANCAIA","robots":{"index":"index","follow":"follow","max-snippet":"max-snippet:-1","max-image-preview":"max-image-preview:large","max-video-preview":"max-video-preview:-1"},"canonical":"https:\/\/brancaia.com\/it\/azienda\/","og_locale":"it_IT","og_type":"article","og_title":"Cantina - BRANCAIA","og_description":"Cantina Dall'uva al bicchiere di vino:Scopri di pi\u00f9 sul nostro lavoro. Tre vigneti, un unico motto: che sia a Radda, a Castellina o in Maremma, il nostro focus \u00e8 sempre sulla massima qualit\u00e0, sostenibilit\u00e0 e localit\u00e0. Qui puoi scoprire da dove provengono le uve, cosa contraddistingue il clima e il suolo nel rispettivo luogo, perch\u00e9 [&hellip;]","og_url":"https:\/\/brancaia.com\/it\/azienda\/","og_site_name":"BRANCAIA","article_modified_time":"2024-09-25T15:54:35+00:00","twitter_card":"summary_large_image","twitter_misc":{"Tempo di lettura stimato":"7 minuti"},"schema":{"@context":"https:\/\/schema.org","@graph":[{"@type":"WebPage","@id":"https:\/\/brancaia.com\/it\/azienda\/","url":"https:\/\/brancaia.com\/it\/azienda\/","name":"Cantina - BRANCAIA","isPartOf":{"@id":"https:\/\/brancaia.com\/it\/#website"},"datePublished":"2021-01-05T14:20:09+00:00","dateModified":"2024-09-25T15:54:35+00:00","breadcrumb":{"@id":"https:\/\/brancaia.com\/it\/azienda\/#breadcrumb"},"inLanguage":"it-IT","potentialAction":[{"@type":"ReadAction","target":["https:\/\/brancaia.com\/it\/azienda\/"]}]},{"@type":"BreadcrumbList","@id":"https:\/\/brancaia.com\/it\/azienda\/#breadcrumb","itemListElement":[{"@type":"ListItem","position":1,"name":"Home","item":"https:\/\/brancaia.com\/it\/home\/"},{"@type":"ListItem","position":2,"name":"Cantina"}]},{"@type":"WebSite","@id":"https:\/\/brancaia.com\/it\/#website","url":"https:\/\/brancaia.com\/it\/","name":"BRANCAIA","description":"Winery &amp; Wines","potentialAction":[{"@type":"SearchAction","target":{"@type":"EntryPoint","urlTemplate":"https:\/\/brancaia.com\/it\/?s={search_term_string}"},"query-input":{"@type":"PropertyValueSpecification","valueRequired":true,"valueName":"search_term_string"}}],"inLanguage":"it-IT"}]}},"_links":{"self":[{"href":"https:\/\/brancaia.com\/it\/wp-json\/wp\/v2\/pages\/1518","targetHints":{"allow":["GET"]}}],"collection":[{"href":"https:\/\/brancaia.com\/it\/wp-json\/wp\/v2\/pages"}],"about":[{"href":"https:\/\/brancaia.com\/it\/wp-json\/wp\/v2\/types\/page"}],"author":[{"embeddable":true,"href":"https:\/\/brancaia.com\/it\/wp-json\/wp\/v2\/users\/1"}],"replies":[{"embeddable":true,"href":"https:\/\/brancaia.com\/it\/wp-json\/wp\/v2\/comments?post=1518"}],"version-history":[{"count":29,"href":"https:\/\/brancaia.com\/it\/wp-json\/wp\/v2\/pages\/1518\/revisions"}],"predecessor-version":[{"id":15194,"href":"https:\/\/brancaia.com\/it\/wp-json\/wp\/v2\/pages\/1518\/revisions\/15194"}],"wp:attachment":[{"href":"https:\/\/brancaia.com\/it\/wp-json\/wp\/v2\/media?parent=1518"}],"curies":[{"name":"wp","href":"https:\/\/api.w.org\/{rel}","templated":true}]}}