{"id":15955,"date":"2024-10-23T18:04:22","date_gmt":"2024-10-23T16:04:22","guid":{"rendered":"https:\/\/brancaia.com\/visite\/tour\/"},"modified":"2026-01-19T12:43:08","modified_gmt":"2026-01-19T11:43:08","slug":"tour","status":"publish","type":"page","link":"https:\/\/brancaia.com\/it\/visite\/tour\/","title":{"rendered":"Experience"},"content":{"rendered":"<p>[et_pb_section fb_built=&#8221;1&#8243; fullwidth=&#8221;on&#8221; _builder_version=&#8221;4.27.4&#8243; _module_preset=&#8221;default&#8221; collapsed=&#8221;on&#8221; global_colors_info=&#8221;{}&#8221;][et_pb_fullwidth_header title=&#8221; &#8221; admin_label=&#8221;Fullwidth Header&#8221; _builder_version=&#8221;4.27.4&#8243; _module_preset=&#8221;default&#8221; background_enable_color=&#8221;off&#8221; background_image=&#8221;https:\/\/brancaia.com\/wp-content\/uploads\/Maze-Row-HC-Brancaia-1037-scaled.jpg&#8221; global_colors_info=&#8221;{}&#8221;][\/et_pb_fullwidth_header][\/et_pb_section][et_pb_section fb_built=&#8221;1&#8243; _builder_version=&#8221;4.27.4&#8243; _module_preset=&#8221;default&#8221; collapsed=&#8221;off&#8221; global_colors_info=&#8221;{}&#8221;][et_pb_row _builder_version=&#8221;4.27.4&#8243; _module_preset=&#8221;default&#8221; collapsed=&#8221;off&#8221; global_colors_info=&#8221;{}&#8221;][et_pb_column type=&#8221;4_4&#8243; _builder_version=&#8221;4.16&#8243; _module_preset=&#8221;default&#8221; global_colors_info=&#8221;{}&#8221;][et_pb_text module_class=&#8221;ba-lead-module&#8221; _builder_version=&#8221;4.27.5&#8243; _module_preset=&#8221;default&#8221; global_colors_info=&#8221;{}&#8221;]<\/p>\n<h1 style=\"text-align: center;\">Experience<\/h1>\n<div class=\"flex max-w-full flex-col flex-grow\">\n<div class=\"min-h-8 text-message flex w-full flex-col items-end gap-2 whitespace-normal break-words [.text-message+&amp;]:mt-5\" dir=\"auto\" data-message-author-role=\"assistant\" data-message-id=\"92ba9314-b66e-40d4-9e88-1469ba1420d8\" data-message-model-slug=\"gpt-4o-mini\">\n<div class=\"flex w-full flex-col gap-1 empty:hidden first:pt-[3px]\">\n<div class=\"markdown prose w-full break-words dark:prose-invert light\">\n<p style=\"text-align: center;\">Le nostre Experience includono sempre una visita guidata dei vigneti e delle cantine Brancaia. Il tour si conclude con una degustazione unica nella nostra sala panoramica, affacciata su vigneti e maestosi cipressi del Chianti.<br \/><em>\u00c8 richiesta la prenotazione.<\/em><\/p>\n<\/div>\n<\/div>\n<\/div>\n<\/div>\n<p>[\/et_pb_text][\/et_pb_column][\/et_pb_row][et_pb_row column_structure=&#8221;1_2,1_2&#8243; admin_label=&#8221;Full Brancaia&#8221; _builder_version=&#8221;4.27.4&#8243; _module_preset=&#8221;default&#8221; collapsed=&#8221;off&#8221; global_colors_info=&#8221;{}&#8221;][et_pb_column type=&#8221;1_2&#8243; _builder_version=&#8221;4.27.4&#8243; _module_preset=&#8221;default&#8221; global_colors_info=&#8221;{}&#8221;][et_pb_image src=&#8221;https:\/\/brancaia.com\/wp-content\/uploads\/Foto-per-sito-10-1.png&#8221; alt=&#8221;Una mano indica l&#039;etichetta di una bottiglia di Brancaia Chianti Classico. La bottiglia presenta l&#039;etichetta nera tipica di Brancaia e un versatore per vino all&#039;apertura. Sullo sfondo, la persona indossa una maglietta di Brancaia. Questa scena simboleggia l&#039;expertise e l&#039;attenzione ai dettagli che vengono trasmesse nelle degustazioni di vino Brancaia. Ideale per gli amanti del vino che desiderano approfondire il processo di produzione dei vini Chianti. Perfetto per tour del vino e visite guidate nella nostra cantina in Toscana.&#8221; title_text=&#8221;Degustazione vini Brancaia Portfolio&#8221; _builder_version=&#8221;4.27.2&#8243; _module_preset=&#8221;default&#8221; global_colors_info=&#8221;{}&#8221;][\/et_pb_image][\/et_pb_column][et_pb_column type=&#8221;1_2&#8243; _builder_version=&#8221;4.16&#8243; _module_preset=&#8221;default&#8221; global_colors_info=&#8221;{}&#8221;][et_pb_text _builder_version=&#8221;4.27.4&#8243; _module_preset=&#8221;default&#8221; custom_padding=&#8221;||1px|||&#8221; global_colors_info=&#8221;{}&#8221;]<\/p>\n<h2 style=\"text-align: center;\">Full Brancaia Experience<\/h2>\n<p style=\"text-align: center;\">Tour per gli amanti del vino che desiderano scoprire tutte le sfaccettature di Brancaia.<\/p>\n<p style=\"text-align: center;\">9 vini | 120 minuti | <strong>70\u20ac<\/strong><\/p>\n<p>[\/et_pb_text][et_pb_code disabled_on=&#8221;off|off|off&#8221; _builder_version=&#8221;4.27.4&#8243; _module_preset=&#8221;default&#8221; global_colors_info=&#8221;{}&#8221;]<div class='et_pb_button_module_wrapper et_pb_button_2_wrapper et_pb_button_alignment_center et_pb_module'><a href='https:\/\/my.book-dnatasting.it\/brancaia\/my\/sitoweb\/booking-engine\/booking.php?id=3&#038;lang=en&#038;lightversion=1' class='ba-open-in-overlay et_pb_button'>PRENOTA<\/a><\/div>[\/et_pb_code][\/et_pb_column][\/et_pb_row][et_pb_row column_structure=&#8221;1_2,1_2&#8243; admin_label=&#8221;RED EXPERIENCE&#8221; module_class=&#8221;cb-switch-columns-on-mobile&#8221; _builder_version=&#8221;4.27.0&#8243; _module_preset=&#8221;default&#8221; collapsed=&#8221;off&#8221; global_colors_info=&#8221;{}&#8221;][et_pb_column type=&#8221;1_2&#8243; _builder_version=&#8221;4.16&#8243; _module_preset=&#8221;default&#8221; global_colors_info=&#8221;{}&#8221;][et_pb_text _builder_version=&#8221;4.27.4&#8243; _module_preset=&#8221;default&#8221; custom_padding=&#8221;||0px|||&#8221; global_colors_info=&#8221;{}&#8221;]<\/p>\n<h2 style=\"text-align: center;\">RED EXPERIENCE<\/h2>\n<p style=\"text-align: center;\">Tour adatto per gli amanti dei vini rossi. Degustazione esclusiva di vini rossi Brancaia, tra cui i <em>Supertuscan<\/em> &#8220;Il Blu&#8221; e &#8220;Ilatraia&#8221;.<\/p>\n<p style=\"text-align: center;\">7 vini | 90 minuti | <strong>60\u20ac<\/strong><\/p>\n<p>[\/et_pb_text][et_pb_code disabled_on=&#8221;off|off|off&#8221; _builder_version=&#8221;4.27.4&#8243; _module_preset=&#8221;default&#8221; global_colors_info=&#8221;{}&#8221;]<div class='et_pb_button_module_wrapper et_pb_button_2_wrapper et_pb_button_alignment_center et_pb_module'><a href='https:\/\/my.book-dnatasting.it\/brancaia\/my\/sitoweb\/booking-engine\/booking.php?id=4&#038;lang=en&#038;lightversion=1' class='ba-open-in-overlay et_pb_button'>PRENOTA<\/a><\/div>[\/et_pb_code][\/et_pb_column][et_pb_column type=&#8221;1_2&#8243; _builder_version=&#8221;4.16&#8243; _module_preset=&#8221;default&#8221; global_colors_info=&#8221;{}&#8221;][et_pb_image src=&#8221;https:\/\/brancaia.com\/wp-content\/uploads\/Foto-per-sito-11.png&#8221; alt=&#8221;Dei bicchieri di vino riempiti con vino rosso Brancaia su un tavolo di legno. Sui bicchieri \u00e8 stampato il logo &quot;Casa Brancaia&quot;. Il colore intenso del vino rosso riflette l&#039;intensit\u00e0 e la qualit\u00e0 dei vini Brancaia, offerti nelle nostre esclusive degustazioni in cantina Scoprite la variet\u00e0 dei nostri vini rossi durante un tour del vino in Toscana e vivete l&#039;atmosfera unica di Brancaia.&#8221; title_text=&#8221;Bicchieri vino rosso Brancaia&#8221; _builder_version=&#8221;4.27.2&#8243; _module_preset=&#8221;default&#8221; global_colors_info=&#8221;{}&#8221;][\/et_pb_image][\/et_pb_column][\/et_pb_row][et_pb_row column_structure=&#8221;1_2,1_2&#8243; admin_label=&#8221;CHIANTI CLASSICO EXPERIENCE&#8221; _builder_version=&#8221;4.27.4&#8243; _module_preset=&#8221;default&#8221; collapsed=&#8221;off&#8221; global_colors_info=&#8221;{}&#8221;][et_pb_column type=&#8221;1_2&#8243; _builder_version=&#8221;4.16&#8243; _module_preset=&#8221;default&#8221; global_colors_info=&#8221;{}&#8221;][et_pb_image src=&#8221;https:\/\/brancaia.com\/wp-content\/uploads\/Foto-per-sito-12.png&#8221; alt=&#8221;Una mano indica l&#039;etichetta di una bottiglia di Brancaia Chianti Classico. La bottiglia presenta l&#039;etichetta nera tipica di Brancaia e un versatore per vino all&#039;apertura. Sullo sfondo, la persona indossa una maglietta di Brancaia. Questa scena simboleggia l&#039;expertise e l&#039;attenzione ai dettagli che vengono trasmesse nelle degustazioni di vino Brancaia. Ideale per gli amanti del vino che desiderano approfondire il processo di produzione dei vini Chianti. Perfetto per tour del vino e visite guidate nella nostra cantina in Toscana.&#8221; title_text=&#8221;Chianti Classico Brancaia&#8221; _builder_version=&#8221;4.27.4&#8243; _module_preset=&#8221;default&#8221; global_colors_info=&#8221;{}&#8221;][\/et_pb_image][\/et_pb_column][et_pb_column type=&#8221;1_2&#8243; _builder_version=&#8221;4.16&#8243; _module_preset=&#8221;default&#8221; global_colors_info=&#8221;{}&#8221;][et_pb_text _builder_version=&#8221;4.27.4&#8243; _module_preset=&#8221;default&#8221; custom_padding=&#8221;||1px|||&#8221; global_colors_info=&#8221;{}&#8221;]<\/p>\n<h2 style=\"text-align: center;\">CHIANTI CLASSICO EXPERIENCE<\/h2>\n<p style=\"text-align: center;\">Un tour per tutti coloro che vogliono scoprire la nostra produzione nel Chianti. La degustazione include: Il Bianco, i 3 vini Chianti Classico e Il Blu<\/p>\n<p style=\"text-align: center;\">5 vini | 75 minuti | <strong>50\u20ac<\/strong><span style=\"font-size: 18px; color: #666666; font-family: Tajawal, sans-serif;\"> <\/span><\/p>\n<p>[\/et_pb_text][et_pb_code disabled_on=&#8221;off|off|off&#8221; _builder_version=&#8221;4.27.4&#8243; _module_preset=&#8221;default&#8221; global_colors_info=&#8221;{}&#8221;]<div class='et_pb_button_module_wrapper et_pb_button_2_wrapper et_pb_button_alignment_center et_pb_module'><a href='https:\/\/my.book-dnatasting.it\/brancaia\/my\/sitoweb\/booking-engine\/booking.php?id=5&#038;lang=en&#038;lightversion=1' class='ba-open-in-overlay et_pb_button'>PRENOTA<\/a><\/div>[\/et_pb_code][\/et_pb_column][\/et_pb_row][et_pb_row _builder_version=&#8221;4.27.0&#8243; _module_preset=&#8221;default&#8221; collapsed=&#8221;off&#8221; global_colors_info=&#8221;{}&#8221;][et_pb_column type=&#8221;4_4&#8243; _builder_version=&#8221;4.27.0&#8243; _module_preset=&#8221;default&#8221; global_colors_info=&#8221;{}&#8221;][et_pb_divider divider_weight=&#8221;4px&#8221; _builder_version=&#8221;4.27.0&#8243; _module_preset=&#8221;default&#8221; min_height=&#8221;29.8px&#8221; global_colors_info=&#8221;{}&#8221;][\/et_pb_divider][\/et_pb_column][\/et_pb_row][et_pb_row admin_label=&#8221;Riga&#8221; _builder_version=&#8221;4.27.0&#8243; _module_preset=&#8221;default&#8221; collapsed=&#8221;on&#8221; global_colors_info=&#8221;{}&#8221;][et_pb_column type=&#8221;4_4&#8243; _builder_version=&#8221;4.27.0&#8243; _module_preset=&#8221;default&#8221; global_colors_info=&#8221;{}&#8221;][et_pb_heading title=&#8221;Special Tours&#8221; _builder_version=&#8221;4.27.4&#8243; _module_preset=&#8221;default&#8221; global_colors_info=&#8221;{}&#8221;][\/et_pb_heading][et_pb_text _builder_version=&#8221;4.27.4&#8243; _module_preset=&#8221;default&#8221; global_colors_info=&#8221;{}&#8221;]<\/p>\n<p style=\"text-align: center;\"><em>Tour e degustazioni esclusive con vecchie annate<\/em><\/p>\n<p>[\/et_pb_text][\/et_pb_column][\/et_pb_row][et_pb_row column_structure=&#8221;1_2,1_2&#8243; admin_label=&#8221;Ilatraia Special Experience&#8221; module_class=&#8221;cb-switch-columns-on-mobile&#8221; _builder_version=&#8221;4.27.0&#8243; _module_preset=&#8221;default&#8221; collapsed=&#8221;off&#8221; global_colors_info=&#8221;{}&#8221;][et_pb_column type=&#8221;1_2&#8243; _builder_version=&#8221;4.16&#8243; _module_preset=&#8221;default&#8221; global_colors_info=&#8221;{}&#8221;][et_pb_text _builder_version=&#8221;4.27.4&#8243; _module_preset=&#8221;default&#8221; custom_padding=&#8221;||0px|||&#8221; global_colors_info=&#8221;{}&#8221;]<\/p>\n<h2 style=\"text-align: center;\">Ilatraia Special Experience<\/h2>\n<p style=\"text-align: center;\"><a href=\"https:\/\/brancaia.com\/it\/prodotti\/vini\/ilatraia\/\">Ilatraia<\/a> \u00e8 il Supertuscan di Brancaia della costa toscana. Questa esperienza permette di degustare le singole variet\u00e0 di uva del blend di Ilatraia, disponibili in edizione esclusiva e limitata.<\/p>\n<p style=\"text-align: center;\">6 Degustazioni | 90 Minuti | <strong>90\u20ac<\/strong><\/p>\n<p>[\/et_pb_text][et_pb_code disabled_on=&#8221;off|off|off&#8221; _builder_version=&#8221;4.27.4&#8243; _module_preset=&#8221;default&#8221; global_colors_info=&#8221;{}&#8221;]<div class='et_pb_button_module_wrapper et_pb_button_2_wrapper et_pb_button_alignment_center et_pb_module'><a href='https:\/\/my.book-dnatasting.it\/brancaia\/my\/sitoweb\/booking-engine\/booking.php?id=6&#038;lang=en&#038;lightversion=1' class='ba-open-in-overlay et_pb_button'>PRENOTA<\/a><\/div>[\/et_pb_code][\/et_pb_column][et_pb_column type=&#8221;1_2&#8243; _builder_version=&#8221;4.16&#8243; _module_preset=&#8221;default&#8221; global_colors_info=&#8221;{}&#8221;][et_pb_image src=&#8221;https:\/\/brancaia.com\/wp-content\/uploads\/ilatraia-special-edition-1200&#215;960-1.jpg&#8221; alt=&#8221;Brancaia Ilatraia Special Edition&#8221; title_text=&#8221;Brancaia Ilatraia Special Edition&#8221; _builder_version=&#8221;4.27.2&#8243; _module_preset=&#8221;default&#8221; global_colors_info=&#8221;{}&#8221;][\/et_pb_image][\/et_pb_column][\/et_pb_row][et_pb_row column_structure=&#8221;1_2,1_2&#8243; disabled_on=&#8221;off|off|off&#8221; admin_label=&#8221;BLENDING EXPERIENCE&#8221; _builder_version=&#8221;4.27.4&#8243; _module_preset=&#8221;default&#8221; collapsed=&#8221;off&#8221; global_colors_info=&#8221;{}&#8221;][et_pb_column type=&#8221;1_2&#8243; _builder_version=&#8221;4.27.4&#8243; _module_preset=&#8221;default&#8221; global_colors_info=&#8221;{}&#8221;][et_pb_image src=&#8221;https:\/\/brancaia.com\/wp-content\/uploads\/2025\/07\/DSCF8898-scaled.jpg&#8221; title_text=&#8221;Luca per Blending Experience&#8221; align=&#8221;center&#8221; _builder_version=&#8221;4.27.4&#8243; _module_preset=&#8221;default&#8221; background_enable_image=&#8221;off&#8221; global_colors_info=&#8221;{}&#8221;][\/et_pb_image][\/et_pb_column][et_pb_column type=&#8221;1_2&#8243; _builder_version=&#8221;4.16&#8243; _module_preset=&#8221;default&#8221; global_colors_info=&#8221;{}&#8221;][et_pb_text _builder_version=&#8221;4.27.4&#8243; _module_preset=&#8221;default&#8221; custom_padding=&#8221;||1px|||&#8221; global_colors_info=&#8221;{}&#8221;]<\/p>\n<h2 style=\"text-align: center;\">Blending Experience<\/h2>\n<p style=\"text-align: center;\">Un\u2019esperienza esclusiva nel cuore di uno dei nostri Supertuscan iconici: dai campioni di botte imbottigliati a mano dei singoli vitigni alla verticale di annate selezionate, per scoprirne l\u2019essenza, l\u2019evoluzione e la complessit\u00e0.<\/p>\n<p style=\"text-align: center;\">6 Degustazioni | 90 Minuti | <strong>90\u20ac<\/strong><\/p>\n<p>[\/et_pb_text][et_pb_code disabled_on=&#8221;off|off|off&#8221; _builder_version=&#8221;4.27.4&#8243; _module_preset=&#8221;default&#8221; global_colors_info=&#8221;{}&#8221;]<div class='et_pb_button_module_wrapper et_pb_button_2_wrapper et_pb_button_alignment_center et_pb_module'><a href='https:\/\/my.book-dnatasting.it\/brancaia\/my\/sitoweb\/booking-engine\/booking.php?id=7&#038;lang=en&#038;lightversion=1' class='ba-open-in-overlay et_pb_button'>PRENOTA<\/a><\/div>[\/et_pb_code][\/et_pb_column][\/et_pb_row][et_pb_row column_structure=&#8221;1_2,1_2&#8243; disabled_on=&#8221;off|off|off&#8221; admin_label=&#8221;Torna a&#8221; _builder_version=&#8221;4.27.4&#8243; _module_preset=&#8221;default&#8221; locked=&#8221;off&#8221; collapsed=&#8221;off&#8221; global_colors_info=&#8221;{}&#8221;][et_pb_column type=&#8221;1_2&#8243; _builder_version=&#8221;4.16&#8243; _module_preset=&#8221;default&#8221; global_colors_info=&#8221;{}&#8221;][et_pb_cta title=&#8221;Scopri i nostri &#8221; button_url=&#8221;@ET-DC@eyJkeW5hbWljIjp0cnVlLCJjb250ZW50IjoicG9zdF9saW5rX3VybF9wYWdlIiwic2V0dGluZ3MiOnsicG9zdF9pZCI6IjE3NTA1In19@&#8221; button_text=&#8221;Food&amp;Wine Tours&#8221; _builder_version=&#8221;4.27.4&#8243; _dynamic_attributes=&#8221;button_url&#8221; _module_preset=&#8221;default&#8221; header_level=&#8221;h4&#8243; header_font_size=&#8221;10px&#8221; global_colors_info=&#8221;{}&#8221;][\/et_pb_cta][\/et_pb_column][et_pb_column type=&#8221;1_2&#8243; _builder_version=&#8221;4.16&#8243; _module_preset=&#8221;default&#8221; global_colors_info=&#8221;{}&#8221;][et_pb_cta title=&#8221;Scopri i nostri &#8221; button_url=&#8221;@ET-DC@eyJkeW5hbWljIjp0cnVlLCJjb250ZW50IjoicG9zdF9saW5rX3VybF9wYWdlIiwic2V0dGluZ3MiOnsicG9zdF9pZCI6IjEzMjY0In19@&#8221; button_text=&#8221;Degustazioni&#8221; _builder_version=&#8221;4.27.4&#8243; _dynamic_attributes=&#8221;button_url&#8221; _module_preset=&#8221;default&#8221; header_level=&#8221;h4&#8243; header_font_size=&#8221;10px&#8221; global_colors_info=&#8221;{}&#8221;][\/et_pb_cta][\/et_pb_column][\/et_pb_row][\/et_pb_section]<\/p>\n","protected":false},"excerpt":{"rendered":"<p>Experience Le nostre Experience includono sempre una visita guidata dei vigneti e delle cantine Brancaia. Il tour si conclude con una degustazione unica nella nostra sala panoramica, affacciata su vigneti e maestosi cipressi del Chianti.\u00c8 richiesta la prenotazione. Full Brancaia Experience Tour per gli amanti del vino che desiderano scoprire tutte le sfaccettature di Brancaia. [&hellip;]<\/p>\n","protected":false},"author":1,"featured_media":0,"parent":1531,"menu_order":6,"comment_status":"closed","ping_status":"closed","template":"","meta":{"_et_pb_use_builder":"on","_et_pb_old_content":"","_et_gb_content_width":"","footnotes":""},"class_list":["post-15955","page","type-page","status-publish","hentry"],"yoast_head":"<!-- This site is optimized with the Yoast SEO plugin v27.4 - https:\/\/yoast.com\/product\/yoast-seo-wordpress\/ -->\n<title>Experience - BRANCAIA<\/title>\n<meta name=\"description\" content=\"Tour del vino nel Chianti: visita la cantina Brancaia. Visita guidata con degustazione e meravigliose viste sulla campagna toscana.\" \/>\n<meta name=\"robots\" content=\"index, follow, max-snippet:-1, max-image-preview:large, max-video-preview:-1\" \/>\n<link rel=\"canonical\" href=\"https:\/\/brancaia.com\/it\/visite\/tour\/\" \/>\n<meta property=\"og:locale\" content=\"it_IT\" \/>\n<meta property=\"og:type\" content=\"article\" \/>\n<meta property=\"og:title\" content=\"Experience - BRANCAIA\" \/>\n<meta property=\"og:description\" content=\"Tour del vino nel Chianti: visita la cantina Brancaia. Visita guidata con degustazione e meravigliose viste sulla campagna toscana.\" \/>\n<meta property=\"og:url\" content=\"https:\/\/brancaia.com\/it\/visite\/tour\/\" \/>\n<meta property=\"og:site_name\" content=\"BRANCAIA\" \/>\n<meta property=\"article:modified_time\" content=\"2026-01-19T11:43:08+00:00\" \/>\n<meta name=\"twitter:card\" content=\"summary_large_image\" \/>\n<meta name=\"twitter:label1\" content=\"Tempo di lettura stimato\" \/>\n\t<meta name=\"twitter:data1\" content=\"7 minuti\" \/>\n<script type=\"application\/ld+json\" class=\"yoast-schema-graph\">{\"@context\":\"https:\\\/\\\/schema.org\",\"@graph\":[{\"@type\":\"WebPage\",\"@id\":\"https:\\\/\\\/brancaia.com\\\/it\\\/visite\\\/tour\\\/\",\"url\":\"https:\\\/\\\/brancaia.com\\\/it\\\/visite\\\/tour\\\/\",\"name\":\"Experience - BRANCAIA\",\"isPartOf\":{\"@id\":\"https:\\\/\\\/brancaia.com\\\/it\\\/#website\"},\"datePublished\":\"2024-10-23T16:04:22+00:00\",\"dateModified\":\"2026-01-19T11:43:08+00:00\",\"description\":\"Tour del vino nel Chianti: visita la cantina Brancaia. Visita guidata con degustazione e meravigliose viste sulla campagna toscana.\",\"breadcrumb\":{\"@id\":\"https:\\\/\\\/brancaia.com\\\/it\\\/visite\\\/tour\\\/#breadcrumb\"},\"inLanguage\":\"it-IT\",\"potentialAction\":[{\"@type\":\"ReadAction\",\"target\":[\"https:\\\/\\\/brancaia.com\\\/it\\\/visite\\\/tour\\\/\"]}]},{\"@type\":\"BreadcrumbList\",\"@id\":\"https:\\\/\\\/brancaia.com\\\/it\\\/visite\\\/tour\\\/#breadcrumb\",\"itemListElement\":[{\"@type\":\"ListItem\",\"position\":1,\"name\":\"Home\",\"item\":\"https:\\\/\\\/brancaia.com\\\/it\\\/home\\\/\"},{\"@type\":\"ListItem\",\"position\":2,\"name\":\"Visite\",\"item\":\"https:\\\/\\\/brancaia.com\\\/it\\\/visite\\\/\"},{\"@type\":\"ListItem\",\"position\":3,\"name\":\"Experience\"}]},{\"@type\":\"WebSite\",\"@id\":\"https:\\\/\\\/brancaia.com\\\/it\\\/#website\",\"url\":\"https:\\\/\\\/brancaia.com\\\/it\\\/\",\"name\":\"BRANCAIA\",\"description\":\"Winery &amp; Wines\",\"potentialAction\":[{\"@type\":\"SearchAction\",\"target\":{\"@type\":\"EntryPoint\",\"urlTemplate\":\"https:\\\/\\\/brancaia.com\\\/it\\\/?s={search_term_string}\"},\"query-input\":{\"@type\":\"PropertyValueSpecification\",\"valueRequired\":true,\"valueName\":\"search_term_string\"}}],\"inLanguage\":\"it-IT\"}]}<\/script>\n<!-- \/ Yoast SEO plugin. -->","yoast_head_json":{"title":"Experience - BRANCAIA","description":"Tour del vino nel Chianti: visita la cantina Brancaia. Visita guidata con degustazione e meravigliose viste sulla campagna toscana.","robots":{"index":"index","follow":"follow","max-snippet":"max-snippet:-1","max-image-preview":"max-image-preview:large","max-video-preview":"max-video-preview:-1"},"canonical":"https:\/\/brancaia.com\/it\/visite\/tour\/","og_locale":"it_IT","og_type":"article","og_title":"Experience - BRANCAIA","og_description":"Tour del vino nel Chianti: visita la cantina Brancaia. Visita guidata con degustazione e meravigliose viste sulla campagna toscana.","og_url":"https:\/\/brancaia.com\/it\/visite\/tour\/","og_site_name":"BRANCAIA","article_modified_time":"2026-01-19T11:43:08+00:00","twitter_card":"summary_large_image","twitter_misc":{"Tempo di lettura stimato":"7 minuti"},"schema":{"@context":"https:\/\/schema.org","@graph":[{"@type":"WebPage","@id":"https:\/\/brancaia.com\/it\/visite\/tour\/","url":"https:\/\/brancaia.com\/it\/visite\/tour\/","name":"Experience - BRANCAIA","isPartOf":{"@id":"https:\/\/brancaia.com\/it\/#website"},"datePublished":"2024-10-23T16:04:22+00:00","dateModified":"2026-01-19T11:43:08+00:00","description":"Tour del vino nel Chianti: visita la cantina Brancaia. Visita guidata con degustazione e meravigliose viste sulla campagna toscana.","breadcrumb":{"@id":"https:\/\/brancaia.com\/it\/visite\/tour\/#breadcrumb"},"inLanguage":"it-IT","potentialAction":[{"@type":"ReadAction","target":["https:\/\/brancaia.com\/it\/visite\/tour\/"]}]},{"@type":"BreadcrumbList","@id":"https:\/\/brancaia.com\/it\/visite\/tour\/#breadcrumb","itemListElement":[{"@type":"ListItem","position":1,"name":"Home","item":"https:\/\/brancaia.com\/it\/home\/"},{"@type":"ListItem","position":2,"name":"Visite","item":"https:\/\/brancaia.com\/it\/visite\/"},{"@type":"ListItem","position":3,"name":"Experience"}]},{"@type":"WebSite","@id":"https:\/\/brancaia.com\/it\/#website","url":"https:\/\/brancaia.com\/it\/","name":"BRANCAIA","description":"Winery &amp; Wines","potentialAction":[{"@type":"SearchAction","target":{"@type":"EntryPoint","urlTemplate":"https:\/\/brancaia.com\/it\/?s={search_term_string}"},"query-input":{"@type":"PropertyValueSpecification","valueRequired":true,"valueName":"search_term_string"}}],"inLanguage":"it-IT"}]}},"_links":{"self":[{"href":"https:\/\/brancaia.com\/it\/wp-json\/wp\/v2\/pages\/15955","targetHints":{"allow":["GET"]}}],"collection":[{"href":"https:\/\/brancaia.com\/it\/wp-json\/wp\/v2\/pages"}],"about":[{"href":"https:\/\/brancaia.com\/it\/wp-json\/wp\/v2\/types\/page"}],"author":[{"embeddable":true,"href":"https:\/\/brancaia.com\/it\/wp-json\/wp\/v2\/users\/1"}],"replies":[{"embeddable":true,"href":"https:\/\/brancaia.com\/it\/wp-json\/wp\/v2\/comments?post=15955"}],"version-history":[{"count":103,"href":"https:\/\/brancaia.com\/it\/wp-json\/wp\/v2\/pages\/15955\/revisions"}],"predecessor-version":[{"id":49671,"href":"https:\/\/brancaia.com\/it\/wp-json\/wp\/v2\/pages\/15955\/revisions\/49671"}],"up":[{"embeddable":true,"href":"https:\/\/brancaia.com\/it\/wp-json\/wp\/v2\/pages\/1531"}],"wp:attachment":[{"href":"https:\/\/brancaia.com\/it\/wp-json\/wp\/v2\/media?parent=15955"}],"curies":[{"name":"wp","href":"https:\/\/api.w.org\/{rel}","templated":true}]}}