{"id":16162,"date":"2024-11-11T16:50:47","date_gmt":"2024-11-11T15:50:47","guid":{"rendered":"https:\/\/brancaia.com\/azienda\/annate\/lannata-2024-2\/"},"modified":"2024-11-11T16:50:47","modified_gmt":"2024-11-11T15:50:47","slug":"lannata-2024-2","status":"publish","type":"page","link":"https:\/\/brancaia.com\/it\/azienda\/annate\/lannata-2024-2\/","title":{"rendered":"L\u2019annata 2024"},"content":{"rendered":"<p>[et_pb_section fb_built=&#8221;1&#8243; fullwidth=&#8221;on&#8221; _builder_version=&#8221;4.16&#8243; _module_preset=&#8221;default&#8221; da_disable_devices=&#8221;off|off|off&#8221; global_colors_info=&#8221;{}&#8221; da_is_popup=&#8221;off&#8221; da_exit_intent=&#8221;off&#8221; da_has_close=&#8221;on&#8221; da_alt_close=&#8221;off&#8221; da_dark_close=&#8221;off&#8221; da_not_modal=&#8221;on&#8221; da_is_singular=&#8221;off&#8221; da_with_loader=&#8221;off&#8221; da_has_shadow=&#8221;on&#8221;][et_pb_fullwidth_header title=&#8221; &#8221; _builder_version=&#8221;4.16&#8243; _module_preset=&#8221;default&#8221; background_enable_color=&#8221;off&#8221; background_image=&#8221;https:\/\/brancaia.com\/wp-content\/uploads\/hero.jpg&#8221; global_colors_info=&#8221;{}&#8221;][\/et_pb_fullwidth_header][\/et_pb_section][et_pb_section fb_built=&#8221;1&#8243; _builder_version=&#8221;4.16&#8243; _module_preset=&#8221;default&#8221; da_disable_devices=&#8221;off|off|off&#8221; global_colors_info=&#8221;{}&#8221; da_is_popup=&#8221;off&#8221; da_exit_intent=&#8221;off&#8221; da_has_close=&#8221;on&#8221; da_alt_close=&#8221;off&#8221; da_dark_close=&#8221;off&#8221; da_not_modal=&#8221;on&#8221; da_is_singular=&#8221;off&#8221; da_with_loader=&#8221;off&#8221; da_has_shadow=&#8221;on&#8221;][et_pb_row _builder_version=&#8221;4.16&#8243; _module_preset=&#8221;default&#8221; global_colors_info=&#8221;{}&#8221;][et_pb_column type=&#8221;4_4&#8243; _builder_version=&#8221;4.16&#8243; _module_preset=&#8221;default&#8221; global_colors_info=&#8221;{}&#8221;][et_pb_text module_class=&#8221;ba-title-lead&#8221; _builder_version=&#8221;4.27.3&#8243; _module_preset=&#8221;default&#8221; global_colors_info=&#8221;{}&#8221;]<\/p>\n<h1>Le annate<\/h1>\n<p>[\/et_pb_text][et_pb_menu menu_id=&#8221;41&#8243; _builder_version=&#8221;4.27.2&#8243; _module_preset=&#8221;default&#8221; global_colors_info=&#8221;{}&#8221;][\/et_pb_menu][\/et_pb_column][\/et_pb_row][et_pb_row _builder_version=&#8221;4.16&#8243; _module_preset=&#8221;default&#8221; global_colors_info=&#8221;{}&#8221;][et_pb_column type=&#8221;4_4&#8243; _builder_version=&#8221;4.16&#8243; _module_preset=&#8221;default&#8221; global_colors_info=&#8221;{}&#8221;][et_pb_text module_class=&#8221;ba-title-lead&#8221; _builder_version=&#8221;4.27.3&#8243; _module_preset=&#8221;default&#8221; global_colors_info=&#8221;{}&#8221;]<\/p>\n<h2 style=\"text-align: center;\">L\u2019annata 2024<\/h2>\n<div class=\"flex-shrink-0 flex flex-col relative items-end\">\n<div class=\"pt-0.5 juice:pt-0\">\n<div class=\"gizmo-bot-avatar flex h-6 w-6 items-center justify-center overflow-hidden rounded-full juice:h-8 juice:w-8\">\n<p>L&#8217;inverno \u00e8 stato caratterizzato da temperature miti e precipitazioni nella media. Anche il germogliamento \u00e8 avvenuto senza problemi, senza abbassamenti di temperatura e quindi senza danni da gelate tardive. La primavera \u00e8 stata fresca e piovosa e il mese di maggio in particolare ricordava il 2023. Grazie alla nostra attenzione e a un andamento meteorologico complessivamente pi\u00f9 stabile a giugno rispetto all\u2019anno precedente, siamo riusciti a prevenire quasi completamente danni qualitativi e quantitativi causati dalla peronospora sulle giovani uve.<\/p>\n<p>Da met\u00e0 giugno \u00e8 iniziata un\u2019estate calda, con temperature elevate sia di giorno che di notte e senza precipitazioni, che ci ha permesso di effettuare solo pochi trattamenti. La tanto attesa pioggia \u00e8 arrivata alla fine di agosto. Il caldo prolungato ha portato a una maturazione leggermente disomogenea, soprattutto per il Sangiovese. Per questo motivo abbiamo effettuato diversi passaggi di vendemmia in ogni vigneto per dare a ciascun grappolo il tempo di maturazione ottimale. Gli acquazzoni hanno prolungato la vendemmia fino a met\u00e0 ottobre, che per Brancaia \u00e8 relativamente tardiva. Tutto sommato, per\u00f2, lo sforzo extra \u00e8 valso la pena. Abbiamo ottenuto una buona quantit\u00e0 e qualit\u00e0 per produrre tutti i nostri vini come desiderato.<\/p>\n<\/div>\n<\/div>\n<\/div>\n<p>[\/et_pb_text][et_pb_image src=&#8221;https:\/\/brancaia.com\/wp-content\/uploads\/Foto-per-sito-13.png&#8221; alt=&#8221;Uomo in maglietta e pantaloncini bianchi Brancaia cammina in un vigneto della Maremma al tramonto ed esamina le viti. Sullo sfondo si estende un paesaggio collinare con alberi sparsi.&#8221; title_text=&#8221;Brancaia in Maremma &#8211; Amar&#8221; align=&#8221;center&#8221; _builder_version=&#8221;4.27.3&#8243; _module_preset=&#8221;default&#8221; width=&#8221;60%&#8221; global_colors_info=&#8221;{}&#8221;][\/et_pb_image][et_pb_text module_class=&#8221;ba-title-lead&#8221; _builder_version=&#8221;4.27.3&#8243; _module_preset=&#8221;default&#8221; global_colors_info=&#8221;{}&#8221;]<\/p>\n<p>La vendemmia \u00e8 iniziata il 23 agosto con il Merlot per il Ros\u00e9 in Maremma, seguito dal Sauvignon Blanc il 28 agosto. Abbiamo raccolto il Merlot in Chianti nelle prime due settimane di settembre. Il Sangiovese, con tutte le sue selezioni, \u00e8 stato raccolto da met\u00e0 settembre alla prima settimana di ottobre. Abbiamo terminato la vendemmia con il Cabernet Sauvignon l&#8217;11 ottobre nel Chianti e il 15 ottobre in Maremma.<\/p>\n<p>I vini giovani sono caratterizzati da livelli alcolici pi\u00f9 bassi rispetto agli anni precedenti, oltre che da eleganza e complessit\u00e0. In generale, siamo molto soddisfatti e curiosi di vedere come si svilupperanno in cantina.<\/p>\n<p>[\/et_pb_text][\/et_pb_column][\/et_pb_row][\/et_pb_section]<\/p>\n","protected":false},"excerpt":{"rendered":"<p>Le annateL\u2019annata 2024 L&#8217;inverno \u00e8 stato caratterizzato da temperature miti e precipitazioni nella media. Anche il germogliamento \u00e8 avvenuto senza problemi, senza abbassamenti di temperatura e quindi senza danni da gelate tardive. La primavera \u00e8 stata fresca e piovosa e il mese di maggio in particolare ricordava il 2023. Grazie alla nostra attenzione e a [&hellip;]<\/p>\n","protected":false},"author":12,"featured_media":0,"parent":2200,"menu_order":2,"comment_status":"closed","ping_status":"closed","template":"","meta":{"_et_pb_use_builder":"on","_et_pb_old_content":"","_et_gb_content_width":"","footnotes":""},"class_list":["post-16162","page","type-page","status-publish","hentry"],"yoast_head":"<!-- This site is optimized with the Yoast SEO plugin v27.4 - https:\/\/yoast.com\/product\/yoast-seo-wordpress\/ -->\n<title>L\u2019annata 2024 - BRANCAIA<\/title>\n<meta name=\"robots\" content=\"index, follow, max-snippet:-1, max-image-preview:large, max-video-preview:-1\" \/>\n<link rel=\"canonical\" href=\"https:\/\/brancaia.com\/it\/azienda\/annate\/lannata-2024-2\/\" \/>\n<meta property=\"og:locale\" content=\"it_IT\" \/>\n<meta property=\"og:type\" content=\"article\" \/>\n<meta property=\"og:title\" content=\"L\u2019annata 2024 - BRANCAIA\" \/>\n<meta property=\"og:description\" content=\"Le annateL\u2019annata 2024 L&#039;inverno \u00e8 stato caratterizzato da temperature miti e precipitazioni nella media. Anche il germogliamento \u00e8 avvenuto senza problemi, senza abbassamenti di temperatura e quindi senza danni da gelate tardive. La primavera \u00e8 stata fresca e piovosa e il mese di maggio in particolare ricordava il 2023. Grazie alla nostra attenzione e a [&hellip;]\" \/>\n<meta property=\"og:url\" content=\"https:\/\/brancaia.com\/it\/azienda\/annate\/lannata-2024-2\/\" \/>\n<meta property=\"og:site_name\" content=\"BRANCAIA\" \/>\n<meta name=\"twitter:card\" content=\"summary_large_image\" \/>\n<meta name=\"twitter:label1\" content=\"Tempo di lettura stimato\" \/>\n\t<meta name=\"twitter:data1\" content=\"3 minuti\" \/>\n<script type=\"application\/ld+json\" class=\"yoast-schema-graph\">{\"@context\":\"https:\\\/\\\/schema.org\",\"@graph\":[{\"@type\":\"WebPage\",\"@id\":\"https:\\\/\\\/brancaia.com\\\/it\\\/azienda\\\/annate\\\/lannata-2024-2\\\/\",\"url\":\"https:\\\/\\\/brancaia.com\\\/it\\\/azienda\\\/annate\\\/lannata-2024-2\\\/\",\"name\":\"L\u2019annata 2024 - BRANCAIA\",\"isPartOf\":{\"@id\":\"https:\\\/\\\/brancaia.com\\\/it\\\/#website\"},\"datePublished\":\"2024-11-11T15:50:47+00:00\",\"breadcrumb\":{\"@id\":\"https:\\\/\\\/brancaia.com\\\/it\\\/azienda\\\/annate\\\/lannata-2024-2\\\/#breadcrumb\"},\"inLanguage\":\"it-IT\",\"potentialAction\":[{\"@type\":\"ReadAction\",\"target\":[\"https:\\\/\\\/brancaia.com\\\/it\\\/azienda\\\/annate\\\/lannata-2024-2\\\/\"]}]},{\"@type\":\"BreadcrumbList\",\"@id\":\"https:\\\/\\\/brancaia.com\\\/it\\\/azienda\\\/annate\\\/lannata-2024-2\\\/#breadcrumb\",\"itemListElement\":[{\"@type\":\"ListItem\",\"position\":1,\"name\":\"Home\",\"item\":\"https:\\\/\\\/brancaia.com\\\/it\\\/home\\\/\"},{\"@type\":\"ListItem\",\"position\":2,\"name\":\"Cantina\",\"item\":\"https:\\\/\\\/brancaia.com\\\/it\\\/azienda\\\/\"},{\"@type\":\"ListItem\",\"position\":3,\"name\":\"Annate\",\"item\":\"https:\\\/\\\/brancaia.com\\\/it\\\/azienda\\\/annate\\\/\"},{\"@type\":\"ListItem\",\"position\":4,\"name\":\"L\u2019annata 2024\"}]},{\"@type\":\"WebSite\",\"@id\":\"https:\\\/\\\/brancaia.com\\\/it\\\/#website\",\"url\":\"https:\\\/\\\/brancaia.com\\\/it\\\/\",\"name\":\"BRANCAIA\",\"description\":\"Winery &amp; Wines\",\"potentialAction\":[{\"@type\":\"SearchAction\",\"target\":{\"@type\":\"EntryPoint\",\"urlTemplate\":\"https:\\\/\\\/brancaia.com\\\/it\\\/?s={search_term_string}\"},\"query-input\":{\"@type\":\"PropertyValueSpecification\",\"valueRequired\":true,\"valueName\":\"search_term_string\"}}],\"inLanguage\":\"it-IT\"}]}<\/script>\n<!-- \/ Yoast SEO plugin. -->","yoast_head_json":{"title":"L\u2019annata 2024 - BRANCAIA","robots":{"index":"index","follow":"follow","max-snippet":"max-snippet:-1","max-image-preview":"max-image-preview:large","max-video-preview":"max-video-preview:-1"},"canonical":"https:\/\/brancaia.com\/it\/azienda\/annate\/lannata-2024-2\/","og_locale":"it_IT","og_type":"article","og_title":"L\u2019annata 2024 - BRANCAIA","og_description":"Le annateL\u2019annata 2024 L'inverno \u00e8 stato caratterizzato da temperature miti e precipitazioni nella media. Anche il germogliamento \u00e8 avvenuto senza problemi, senza abbassamenti di temperatura e quindi senza danni da gelate tardive. La primavera \u00e8 stata fresca e piovosa e il mese di maggio in particolare ricordava il 2023. Grazie alla nostra attenzione e a [&hellip;]","og_url":"https:\/\/brancaia.com\/it\/azienda\/annate\/lannata-2024-2\/","og_site_name":"BRANCAIA","twitter_card":"summary_large_image","twitter_misc":{"Tempo di lettura stimato":"3 minuti"},"schema":{"@context":"https:\/\/schema.org","@graph":[{"@type":"WebPage","@id":"https:\/\/brancaia.com\/it\/azienda\/annate\/lannata-2024-2\/","url":"https:\/\/brancaia.com\/it\/azienda\/annate\/lannata-2024-2\/","name":"L\u2019annata 2024 - BRANCAIA","isPartOf":{"@id":"https:\/\/brancaia.com\/it\/#website"},"datePublished":"2024-11-11T15:50:47+00:00","breadcrumb":{"@id":"https:\/\/brancaia.com\/it\/azienda\/annate\/lannata-2024-2\/#breadcrumb"},"inLanguage":"it-IT","potentialAction":[{"@type":"ReadAction","target":["https:\/\/brancaia.com\/it\/azienda\/annate\/lannata-2024-2\/"]}]},{"@type":"BreadcrumbList","@id":"https:\/\/brancaia.com\/it\/azienda\/annate\/lannata-2024-2\/#breadcrumb","itemListElement":[{"@type":"ListItem","position":1,"name":"Home","item":"https:\/\/brancaia.com\/it\/home\/"},{"@type":"ListItem","position":2,"name":"Cantina","item":"https:\/\/brancaia.com\/it\/azienda\/"},{"@type":"ListItem","position":3,"name":"Annate","item":"https:\/\/brancaia.com\/it\/azienda\/annate\/"},{"@type":"ListItem","position":4,"name":"L\u2019annata 2024"}]},{"@type":"WebSite","@id":"https:\/\/brancaia.com\/it\/#website","url":"https:\/\/brancaia.com\/it\/","name":"BRANCAIA","description":"Winery &amp; Wines","potentialAction":[{"@type":"SearchAction","target":{"@type":"EntryPoint","urlTemplate":"https:\/\/brancaia.com\/it\/?s={search_term_string}"},"query-input":{"@type":"PropertyValueSpecification","valueRequired":true,"valueName":"search_term_string"}}],"inLanguage":"it-IT"}]}},"_links":{"self":[{"href":"https:\/\/brancaia.com\/it\/wp-json\/wp\/v2\/pages\/16162","targetHints":{"allow":["GET"]}}],"collection":[{"href":"https:\/\/brancaia.com\/it\/wp-json\/wp\/v2\/pages"}],"about":[{"href":"https:\/\/brancaia.com\/it\/wp-json\/wp\/v2\/types\/page"}],"author":[{"embeddable":true,"href":"https:\/\/brancaia.com\/it\/wp-json\/wp\/v2\/users\/12"}],"replies":[{"embeddable":true,"href":"https:\/\/brancaia.com\/it\/wp-json\/wp\/v2\/comments?post=16162"}],"version-history":[{"count":2,"href":"https:\/\/brancaia.com\/it\/wp-json\/wp\/v2\/pages\/16162\/revisions"}],"predecessor-version":[{"id":16164,"href":"https:\/\/brancaia.com\/it\/wp-json\/wp\/v2\/pages\/16162\/revisions\/16164"}],"up":[{"embeddable":true,"href":"https:\/\/brancaia.com\/it\/wp-json\/wp\/v2\/pages\/2200"}],"wp:attachment":[{"href":"https:\/\/brancaia.com\/it\/wp-json\/wp\/v2\/media?parent=16162"}],"curies":[{"name":"wp","href":"https:\/\/api.w.org\/{rel}","templated":true}]}}