{"id":1617,"date":"2021-01-05T16:42:16","date_gmt":"2021-01-05T15:42:16","guid":{"rendered":"https:\/\/brancaia.cyon.site\/riguardo-a-noi\/sostenibilita\/"},"modified":"2025-03-11T17:07:47","modified_gmt":"2025-03-11T16:07:47","slug":"sostenibilita","status":"publish","type":"page","link":"https:\/\/brancaia.com\/it\/chi-siamo\/sostenibilita\/","title":{"rendered":"sostenibilit\u00e0"},"content":{"rendered":"<p>[et_pb_section fb_built=&#8221;1&#8243; fullwidth=&#8221;on&#8221; _builder_version=&#8221;4.16&#8243; _module_preset=&#8221;default&#8221; da_disable_devices=&#8221;off|off|off&#8221; global_colors_info=&#8221;{}&#8221; da_is_popup=&#8221;off&#8221; da_exit_intent=&#8221;off&#8221; da_has_close=&#8221;on&#8221; da_alt_close=&#8221;off&#8221; da_dark_close=&#8221;off&#8221; da_not_modal=&#8221;on&#8221; da_is_singular=&#8221;off&#8221; da_with_loader=&#8221;off&#8221; da_has_shadow=&#8221;on&#8221;][et_pb_fullwidth_header title=&#8221; &#8221; _builder_version=&#8221;4.16&#8243; _module_preset=&#8221;default&#8221; background_enable_color=&#8221;off&#8221; background_image=&#8221;https:\/\/brancaia.com\/wp-content\/uploads\/Brancaia_Nachhaltigkeit_hero_1920x1080px.jpg&#8221; global_colors_info=&#8221;{}&#8221;][\/et_pb_fullwidth_header][\/et_pb_section][et_pb_section fb_built=&#8221;1&#8243; _builder_version=&#8221;4.16&#8243; _module_preset=&#8221;default&#8221; da_disable_devices=&#8221;off|off|off&#8221; global_colors_info=&#8221;{}&#8221; da_is_popup=&#8221;off&#8221; da_exit_intent=&#8221;off&#8221; da_has_close=&#8221;on&#8221; da_alt_close=&#8221;off&#8221; da_dark_close=&#8221;off&#8221; da_not_modal=&#8221;on&#8221; da_is_singular=&#8221;off&#8221; da_with_loader=&#8221;off&#8221; da_has_shadow=&#8221;on&#8221;][et_pb_row _builder_version=&#8221;4.16&#8243; _module_preset=&#8221;default&#8221; global_colors_info=&#8221;{}&#8221;][et_pb_column type=&#8221;4_4&#8243; _builder_version=&#8221;4.16&#8243; _module_preset=&#8221;default&#8221; global_colors_info=&#8221;{}&#8221;][et_pb_text admin_label=&#8221;Text&#8221; module_class=&#8221;ba-lead-module&#8221; _builder_version=&#8221;4.27.4&#8243; _module_preset=&#8221;default&#8221; global_colors_info=&#8221;{}&#8221;]<\/p>\n<h1 style=\"text-align: center;\">sostenibilit\u00e0<\/h1>\n<p>La sostenibilit\u00e0 \u00e8 sempre stata una delle massime priorit\u00e0 per Brancaia. Consideriamo attentamente gli aspetti ecologici, economici e sociali nella nostra attivit\u00e0 e puntiamo a un miglioramento continuo. Questo impegno \u00e8 testimoniato anche dalle certificazioni ottenute.<\/p>\n<p>[\/et_pb_text][\/et_pb_column][\/et_pb_row][et_pb_row column_structure=&#8221;1_2,1_2&#8243; _builder_version=&#8221;4.27.4&#8243; _module_preset=&#8221;default&#8221; global_colors_info=&#8221;{}&#8221;][et_pb_column type=&#8221;1_2&#8243; _builder_version=&#8221;4.27.4&#8243; _module_preset=&#8221;default&#8221; global_colors_info=&#8221;{}&#8221;][et_pb_blurb title=&#8221;BIO&#8221; image=&#8221;https:\/\/brancaia.com\/wp-content\/uploads\/Bio-logo.png&#8221; _builder_version=&#8221;4.27.4&#8243; _module_preset=&#8221;default&#8221; hover_enabled=&#8221;0&#8243; global_colors_info=&#8221;{}&#8221; sticky_enabled=&#8221;0&#8243; module_alignment=&#8221;center&#8221; content_max_width=&#8221;300px&#8221; max_height=&#8221;300px&#8221;][\/et_pb_blurb][\/et_pb_column][et_pb_column type=&#8221;1_2&#8243; _builder_version=&#8221;4.27.4&#8243; _module_preset=&#8221;default&#8221; global_colors_info=&#8221;{}&#8221;][et_pb_blurb image=&#8221;https:\/\/brancaia.com\/wp-content\/uploads\/Equalitas-Logo.png&#8221; _builder_version=&#8221;4.27.4&#8243; _module_preset=&#8221;default&#8221; hover_enabled=&#8221;0&#8243; global_colors_info=&#8221;{}&#8221; sticky_enabled=&#8221;0&#8243; max_height=&#8221;300px&#8221; module_alignment=&#8221;center&#8221; height=&#8221;300px&#8221; content_max_width=&#8221;300px&#8221;][\/et_pb_blurb][\/et_pb_column][\/et_pb_row][et_pb_row _builder_version=&#8221;4.16&#8243; _module_preset=&#8221;default&#8221; global_colors_info=&#8221;{}&#8221;][et_pb_column type=&#8221;4_4&#8243; _builder_version=&#8221;4.16&#8243; _module_preset=&#8221;default&#8221; global_colors_info=&#8221;{}&#8221;][et_pb_text admin_label=&#8221;Text&#8221; module_class=&#8221;ba-lead-module&#8221; _builder_version=&#8221;4.27.4&#8243; _module_preset=&#8221;default&#8221; global_colors_info=&#8221;{}&#8221;]<\/p>\n<p data-start=\"32\" data-end=\"384\">Per Brancaia, la sostenibilit\u00e0 non \u00e8 solo un obiettivo, ma un percorso continuo per le generazioni future. Continuiamo a impegnarci nel rispetto della nostra terra, nel supporto alla comunit\u00e0 e nella produzione di vini di alta qualit\u00e0 con cura e responsabilit\u00e0.<\/p>\n<p data-start=\"32\" data-end=\"384\">Scopri tutte le nostre misure in questa direzione nel nostro <\/p>\n<p>[\/et_pb_text][et_pb_button button_text=&#8221;Bilancio di Sostenibilit\u00e0&#8221; _builder_version=&#8221;4.27.4&#8243; _module_preset=&#8221;default&#8221; hover_enabled=&#8221;0&#8243; global_colors_info=&#8221;{}&#8221; button_url=&#8221;@ET-DC@eyJkeW5hbWljIjp0cnVlLCJjb250ZW50IjoicG9zdF9saW5rX3VybF9hdHRhY2htZW50Iiwic2V0dGluZ3MiOnsicG9zdF9pZCI6IjE3ODYwIn19@&#8221; _dynamic_attributes=&#8221;button_url&#8221; sticky_enabled=&#8221;0&#8243;][\/et_pb_button][\/et_pb_column][\/et_pb_row][et_pb_row column_structure=&#8221;1_2,1_2&#8243; disabled_on=&#8221;on|on|on&#8221; _builder_version=&#8221;4.16&#8243; _module_preset=&#8221;default&#8221; disabled=&#8221;on&#8221; global_colors_info=&#8221;{}&#8221;][et_pb_column type=&#8221;1_2&#8243; _builder_version=&#8221;4.16&#8243; _module_preset=&#8221;default&#8221; global_colors_info=&#8221;{}&#8221;][et_pb_text _builder_version=&#8221;4.16&#8243; _module_preset=&#8221;default&#8221; width=&#8221;60%&#8221; global_colors_info=&#8221;{}&#8221;][\/et_pb_text][et_pb_image src=&#8221;https:\/\/brancaia.com\/wp-content\/uploads\/Brancaia_Nachhaltigkeit_1200x960px_04.jpg&#8221; title_text=&#8221;Brancaia_Sustainability_1200x960px_04&#8243; align=&#8221;right&#8221; _builder_version=&#8221;4.16&#8243; _module_preset=&#8221;default&#8221; width=&#8221;100%&#8221; global_colors_info=&#8221;{}&#8221;][\/et_pb_image][et_pb_text _builder_version=&#8221;4.16&#8243; _module_preset=&#8221;default&#8221; global_colors_info=&#8221;{}&#8221;]<\/p>\n<h6><strong>VERDE<\/strong><\/h6>\n<p>Per due decenni l&#8217;inverdimento durante tutto l&#8217;anno ha costituito la base per la biodiversit\u00e0 dei nostri vigneti. Previene l&#8217;erosione del suolo e la rapida evaporazione dell&#8217;umidit\u00e0. Quando uccelli e insetti si scatenano tra le nostre viti, siamo felici quanto l&#8217;uva perfetta e pronta per la raccolta.<\/p>\n<p>Solo in terreni indisturbati la vita del suolo pu\u00f2 svilupparsi in modo ottimale e consentire simbiosi tra viti e piante verdi. Le piante possono rompere e migliorare la struttura del suolo fino a strati profondi, il che migliora l&#8217;equilibrio idrico per le viti a lungo termine.<\/p>\n<p>Nel frattempo, in molti dei nostri vigneti si \u00e8 sviluppata una flora naturale e diversificata. Quindi possiamo fare a meno della semina l\u00ec e seminare in modo mirato e selettivo solo quando necessario.<\/p>\n<p>[\/et_pb_text][et_pb_image src=&#8221;https:\/\/brancaia.com\/wp-content\/uploads\/Brancaia_Nachhaltigkeit_1200x960px_08.jpg&#8221; title_text=&#8221;Brancaia_Sustainability_1200x960px_08&#8243; align=&#8221;right&#8221; _builder_version=&#8221;4.16&#8243; _module_preset=&#8221;default&#8221; width=&#8221;80%&#8221; module_alignment=&#8221;right&#8221; global_colors_info=&#8221;{}&#8221;][\/et_pb_image][et_pb_text _builder_version=&#8221;4.16&#8243; _module_preset=&#8221;default&#8221; custom_margin=&#8221;||||false|false&#8221; custom_padding=&#8221;0px||||false|false&#8221; global_colors_info=&#8221;{}&#8221;][\/et_pb_text][et_pb_text _builder_version=&#8221;4.16&#8243; _module_preset=&#8221;default&#8221; custom_margin=&#8221;||||false|false&#8221; custom_padding=&#8221;0px||||false|false&#8221; global_colors_info=&#8221;{}&#8221;]<\/p>\n<h6><strong>EDILIZIA E IMPIANTO SOLARE<\/strong><\/h6>\n<p>L&#8217;intero fabbisogno di acqua calda della cantina \u00e8 coperto dal nostro sistema solare. Durante la costruzione del seminterrato, abbiamo prestato attenzione anche alla sostenibilit\u00e0 e abbiamo assunto consapevolmente solo artigiani della zona. Nella scelta dei materiali, era ed \u00e8 importante per noi utilizzare le risorse delle immediate vicinanze. Non \u00e8 raro per noi riciclare materiali di consumo come le barriques. Molti oggetti decorativi e mobili sono stati creati internamente.<\/p>\n<p>[\/et_pb_text][et_pb_image src=&#8221;https:\/\/brancaia.com\/wp-content\/uploads\/Brancaia_Nachhaltigkeit_Karton_1200x960px_02.jpg&#8221; title_text=&#8221;Brancaia_Sostenibilit\u00e0_Cardboard_1200x960px_02&#8243; align=&#8221;center&#8221; _builder_version=&#8221;4.27.0&#8243; _module_preset=&#8221;default&#8221; width=&#8221;80%&#8221; global_colors_info=&#8221;{}&#8221;][\/et_pb_image][et_pb_text _builder_version=&#8221;4.16&#8243; _module_preset=&#8221;default&#8221; custom_margin=&#8221;||||false|false&#8221; custom_padding=&#8221;0px||||false|false&#8221; global_colors_info=&#8221;{}&#8221;]<\/p>\n<h6><strong>PESO DELLA BOTTIGLIA<\/strong><\/h6>\n<p>In tutte le fasi del processo, per noi \u00e8 importante che la qualit\u00e0 dei nostri prodotti sia sempre garantita e sia assicurato un aspetto di pregio. Nel 2010 abbiamo ridotto il peso della bottiglia di tutti i nostri vini dal 15 al 20 percento senza alterarne l&#8217;aspetto. Grazie alla riduzione del peso, siamo stati in grado di migliorare significativamente la nostra impronta di CO\u2082 gi\u00e0 negativa.<\/p>\n<p>[\/et_pb_text][et_pb_image src=&#8221;https:\/\/brancaia.com\/wp-content\/uploads\/Brancaia_Nachhaltigkeit_1200x960px_02-Kopie.jpg&#8221; title_text=&#8221;Brancaia_Sustainability_1200x960px_02 copy&#8221; align=&#8221;right&#8221; _builder_version=&#8221;4.16&#8243; _module_preset=&#8221;default&#8221; width=&#8221;100%&#8221; global_colors_info=&#8221;{}&#8221;][\/et_pb_image][\/et_pb_column][et_pb_column type=&#8221;1_2&#8243; _builder_version=&#8221;4.16&#8243; _module_preset=&#8221;default&#8221; global_colors_info=&#8221;{}&#8221;][et_pb_text _builder_version=&#8221;4.16&#8243; _module_preset=&#8221;default&#8221; custom_margin=&#8221;-41px||||false|false&#8221; global_colors_info=&#8221;{}&#8221;]<\/p>\n<h6><strong>IMPRONTA DI CO\u2082<\/strong><\/h6>\n<p>Le emissioni di CO\u2082 sono una questione fondamentale per la sostenibilit\u00e0. Brancaia li fa misurare regolarmente da un istituto indipendente. La misurazione comprende tutte le fasi di produzione dalla coltivazione dei vigneti alla raccolta, vinificazione e imbottigliamento fino al confezionamento e tutti i trasporti interni. Abbiamo avuto per anni un&#8217;impronta di CO\u2082 significativamente negativa, che continueremo a migliorare in futuro.<\/p>\n<p>[\/et_pb_text][et_pb_text _builder_version=&#8221;4.16&#8243; _module_preset=&#8221;default&#8221; global_colors_info=&#8221;{}&#8221;]<\/p>\n<h6><strong>VIGNETO BIOLOGICO<\/strong><\/h6>\n<p>Pi\u00f9 rispetto dimostriamo per la natura, pi\u00f9 sane sono le nostre viti e migliore \u00e8 la qualit\u00e0 delle nostre uve. Il fatto che la <a href=\"https:\/\/brancaia.com\/it\/azienda\/viticoltura\/\">viticoltura<\/a> biologica e la qualit\u00e0 senza compromessi siano compatibili al cento per cento \u00e8 una delle scoperte pi\u00f9 importanti e pi\u00f9 belle per noi.<\/p>\n<p>Non usiamo erbicidi e insetticidi per convinzione. Anche prima della fase di conversione ufficiale, abbiamo rispettato le linee guida biologiche. Siamo certificati dal 2019. Attualmente stiamo imparando le tecniche di viticoltura biodinamica, che introdurremo gradualmente nei prossimi anni.<\/p>\n<p>[\/et_pb_text][et_pb_image src=&#8221;https:\/\/brancaia.com\/wp-content\/uploads\/Brancaia_Nachhaltigkeit_1200x960px_12.jpg&#8221; title_text=&#8221;Brancaia_Sustainability_1200x960px_12&#8243; _builder_version=&#8221;4.16&#8243; _module_preset=&#8221;default&#8221; width=&#8221;100%&#8221; global_colors_info=&#8221;{}&#8221;][\/et_pb_image][et_pb_text _builder_version=&#8221;4.16&#8243; _module_preset=&#8221;default&#8221; global_colors_info=&#8221;{}&#8221;]<\/p>\n<h6><strong>STAZIONE METEREOLOGICA<\/strong><\/h6>\n<p>Brancaia utilizza un DSS (Decision Support System) dal 2015. Il DSS \u00e8 una piattaforma informatica che raccoglie in tempo reale i dati sulle stazioni meteorologiche e sulle sonde a terra. Queste informazioni vengono valutate con l&#8217;ausilio di tecnologie avanzate e ci forniscono informazioni utili per decisioni su possibili interventi fitosanitari o lavorazioni imminenti.<\/p>\n<p>L&#8217;utilizzo di un sistema DSS \u00e8 fondamentale per praticare un&#8217;agricoltura sostenibile in quanto aumenta la consapevolezza dei processi che regolano il nostro ecosistema nei vigneti e ottimizza in modo significativo l&#8217;utilizzo dei pesticidi. Il risultato \u00e8 una migliore qualit\u00e0 delle uve e un&#8217;ulteriore riduzione dell&#8217;inquinamento ambientale attraverso un utilizzo pi\u00f9 mirato delle risorse.<\/p>\n<p>[\/et_pb_text][et_pb_image src=&#8221;https:\/\/brancaia.com\/wp-content\/uploads\/Brancaia_Nachhaltigkeit_1200x960px_01.jpg&#8221; title_text=&#8221;Brancaia_Sustainability_1200x960px_01&#8243; align=&#8221;center&#8221; _builder_version=&#8221;4.27.0&#8243; _module_preset=&#8221;default&#8221; width=&#8221;80%&#8221; global_colors_info=&#8221;{}&#8221;][\/et_pb_image][et_pb_text _builder_version=&#8221;4.16&#8243; _module_preset=&#8221;default&#8221; custom_margin=&#8221;||||false|false&#8221; custom_padding=&#8221;0px||||false|false&#8221; global_colors_info=&#8221;{}&#8221;]<\/p>\n<h6><strong>SISTEMA DI FITOPURIFICAZIONE <\/strong><\/h6>\n<p>Tutte le acque reflue della nostra cantina sono trattate mediante un sistema di fitodepurazione. La fitopurificazione \u00e8 uno dei pochi sistemi di igiene ecologici e autonomi al 100%. Il principio di questa igiene si basa sull&#8217;effetto pulente naturale di alcune piante. Queste piante creano un ecosistema naturale che ospita batteri in grado di purificare le nostre acque reflue.<\/p>\n<p>[\/et_pb_text][et_pb_image src=&#8221;https:\/\/brancaia.com\/wp-content\/uploads\/Brancaia_Nachhaltigkeit_Solar_1200x960px.jpg&#8221; title_text=&#8221;Brancaia_Sustainability_Solar_1200x960px&#8221; _builder_version=&#8221;4.16&#8243; _module_preset=&#8221;default&#8221; global_colors_info=&#8221;{}&#8221;][\/et_pb_image][et_pb_text _builder_version=&#8221;4.16&#8243; _module_preset=&#8221;default&#8221; custom_margin=&#8221;58px||||false|false&#8221; custom_padding=&#8221;0px||||false|false&#8221; global_colors_info=&#8221;{}&#8221;]<\/p>\n<h6><strong>CONFEZIONE<\/strong><\/h6>\n<p>Le scatole di cartone utilizzate da Brancaia sono realizzate esclusivamente con cartone certificato FSC (Forest Stewardship Council). Ci\u00f2 significa che la materia prima della carta proviene solo da foreste o piantagioni di legno gestite in modo sostenibile.<\/p>\n<p>L&#8217;FSC \u00e8 impegnata nell&#8217;uso sostenibile e responsabile delle foreste in tutto il mondo. Sulla base di principi e criteri che tengono conto non solo della tutela del bosco, ma anche degli effetti ecologici e sociali della gestione forestale.<\/p>\n<p>[\/et_pb_text][et_pb_image src=&#8221;https:\/\/brancaia.com\/wp-content\/uploads\/Brancaia_Nachhaltigkeit_Korken_1200x960px_01.jpg&#8221; title_text=&#8221;Brancaia_Sustainability_Corks_1200x960px_01&#8243; _builder_version=&#8221;4.16&#8243; _module_preset=&#8221;default&#8221; width=&#8221;100%&#8221; global_colors_info=&#8221;{}&#8221;][\/et_pb_image][et_pb_text _builder_version=&#8221;4.16&#8243; _module_preset=&#8221;default&#8221; custom_margin=&#8221;||||false|false&#8221; custom_padding=&#8221;0px||||false|false&#8221; global_colors_info=&#8221;{}&#8221;]<\/p>\n<h6><strong>Chiusura<\/strong><\/h6>\n<p><strong>NOMACORC:<\/strong> Il problema dei tappi difettosi ci ha spinto nel 2004 a utilizzare Nomacorc per i nostri vini base. Questo \u00e8 realizzato con materie prime a crescita sostenibile a base di canna da zucchero, protegge il vino dall&#8217;ossidazione e dalla riduzione e garantisce cos\u00ec un perfetto piacere di bere. Nomacorc \u00e8 CO2 neutro e riciclabile al 100%.<\/p>\n<p>[\/et_pb_text][et_pb_text _builder_version=&#8221;4.16&#8243; _module_preset=&#8221;default&#8221; custom_margin=&#8221;||||false|false&#8221; custom_padding=&#8221;0px||||false|false&#8221; global_colors_info=&#8221;{}&#8221;]<\/p>\n<p><strong>DIAM:<\/strong> Per il nostro Chianti Classico Annata e il nostro N \u00b0 2 ci affidiamo al Diam. Diam \u00e8 un tappo tecnologico che, grazie ad un processo di pulizia brevettato, pu\u00f2 garantire neutralit\u00e0 e omogeneit\u00e0 sensoriale. La sua impronta di carbonio \u00e8 negativa.<\/p>\n<p>[\/et_pb_text][et_pb_text _builder_version=&#8221;4.16&#8243; _module_preset=&#8221;default&#8221; custom_margin=&#8221;||||false|false&#8221; custom_padding=&#8221;0px||||false|false&#8221; global_colors_info=&#8221;{}&#8221;]<\/p>\n<p><strong>SUGHERO NATURALE:<\/strong> Ancora oggi usiamo tappi naturali come tappi per i nostri migliori vini. \u00c8 insuperabile sia per il vino che in termini di sostenibilit\u00e0. Il sughero naturale \u00e8 riciclabile al 100%.<\/p>\n<p>La gestione sostenibile delle foreste di querce da sughero nell&#8217;area del Mediterraneo non solo assicura uno spazio vitale prezioso, ma contribuisce anche alla lotta contro il cambiamento climatico. Con una superficie di circa 2,3 milioni di ettari, queste foreste legano ogni anno circa 14 milioni di tonnellate di gas serra CO<sub> 2<\/sub> . Una quercia da sughero, la cui corteccia viene raccolta regolarmente, lega pi\u00f9 del triplo di CO<sub> 2<\/sub> come una quercia da sughero inutilizzata.<\/p>\n<p>[\/et_pb_text][\/et_pb_column][\/et_pb_row][\/et_pb_section]<\/p>\n","protected":false},"excerpt":{"rendered":"<p>sostenibilit\u00e0 La sostenibilit\u00e0 \u00e8 sempre stata una delle massime priorit\u00e0 per Brancaia. Consideriamo attentamente gli aspetti ecologici, economici e sociali nella nostra attivit\u00e0 e puntiamo a un miglioramento continuo. Questo impegno \u00e8 testimoniato anche dalle certificazioni ottenute.Per Brancaia, la sostenibilit\u00e0 non \u00e8 solo un obiettivo, ma un percorso continuo per le generazioni future. Continuiamo a [&hellip;]<\/p>\n","protected":false},"author":1,"featured_media":0,"parent":1589,"menu_order":13,"comment_status":"closed","ping_status":"closed","template":"","meta":{"_et_pb_use_builder":"on","_et_pb_old_content":"","_et_gb_content_width":"","footnotes":""},"class_list":["post-1617","page","type-page","status-publish","hentry"],"yoast_head":"<!-- This site is optimized with the Yoast SEO plugin v27.4 - https:\/\/yoast.com\/product\/yoast-seo-wordpress\/ -->\n<title>sostenibilit\u00e0 - BRANCAIA<\/title>\n<meta name=\"description\" content=\"La sostenibilit\u00e0 per Brancaia \u00e8 una priorit\u00e0. Grazie al nostro costante impegno, siamo certificati biologici e riconosciuti come azienda sostenibile dallo standard Equalitas.\" \/>\n<meta name=\"robots\" content=\"index, follow, max-snippet:-1, max-image-preview:large, max-video-preview:-1\" \/>\n<link rel=\"canonical\" href=\"https:\/\/brancaia.com\/it\/chi-siamo\/sostenibilita\/\" \/>\n<meta property=\"og:locale\" content=\"it_IT\" \/>\n<meta property=\"og:type\" content=\"article\" \/>\n<meta property=\"og:title\" content=\"sostenibilit\u00e0 - BRANCAIA\" \/>\n<meta property=\"og:description\" content=\"La sostenibilit\u00e0 per Brancaia \u00e8 una priorit\u00e0. Grazie al nostro costante impegno, siamo certificati biologici e riconosciuti come azienda sostenibile dallo standard Equalitas.\" \/>\n<meta property=\"og:url\" content=\"https:\/\/brancaia.com\/it\/chi-siamo\/sostenibilita\/\" \/>\n<meta property=\"og:site_name\" content=\"BRANCAIA\" \/>\n<meta property=\"article:modified_time\" content=\"2025-03-11T16:07:47+00:00\" \/>\n<meta name=\"twitter:card\" content=\"summary_large_image\" \/>\n<meta name=\"twitter:label1\" content=\"Tempo di lettura stimato\" \/>\n\t<meta name=\"twitter:data1\" content=\"10 minuti\" \/>\n<script type=\"application\/ld+json\" class=\"yoast-schema-graph\">{\"@context\":\"https:\\\/\\\/schema.org\",\"@graph\":[{\"@type\":\"WebPage\",\"@id\":\"https:\\\/\\\/brancaia.com\\\/it\\\/chi-siamo\\\/sostenibilita\\\/\",\"url\":\"https:\\\/\\\/brancaia.com\\\/it\\\/chi-siamo\\\/sostenibilita\\\/\",\"name\":\"sostenibilit\u00e0 - BRANCAIA\",\"isPartOf\":{\"@id\":\"https:\\\/\\\/brancaia.com\\\/it\\\/#website\"},\"datePublished\":\"2021-01-05T15:42:16+00:00\",\"dateModified\":\"2025-03-11T16:07:47+00:00\",\"description\":\"La sostenibilit\u00e0 per Brancaia \u00e8 una priorit\u00e0. Grazie al nostro costante impegno, siamo certificati biologici e riconosciuti come azienda sostenibile dallo standard Equalitas.\",\"breadcrumb\":{\"@id\":\"https:\\\/\\\/brancaia.com\\\/it\\\/chi-siamo\\\/sostenibilita\\\/#breadcrumb\"},\"inLanguage\":\"it-IT\",\"potentialAction\":[{\"@type\":\"ReadAction\",\"target\":[\"https:\\\/\\\/brancaia.com\\\/it\\\/chi-siamo\\\/sostenibilita\\\/\"]}]},{\"@type\":\"BreadcrumbList\",\"@id\":\"https:\\\/\\\/brancaia.com\\\/it\\\/chi-siamo\\\/sostenibilita\\\/#breadcrumb\",\"itemListElement\":[{\"@type\":\"ListItem\",\"position\":1,\"name\":\"Home\",\"item\":\"https:\\\/\\\/brancaia.com\\\/it\\\/home\\\/\"},{\"@type\":\"ListItem\",\"position\":2,\"name\":\"Chi siamo\",\"item\":\"https:\\\/\\\/brancaia.com\\\/it\\\/chi-siamo\\\/\"},{\"@type\":\"ListItem\",\"position\":3,\"name\":\"sostenibilit\u00e0\"}]},{\"@type\":\"WebSite\",\"@id\":\"https:\\\/\\\/brancaia.com\\\/it\\\/#website\",\"url\":\"https:\\\/\\\/brancaia.com\\\/it\\\/\",\"name\":\"BRANCAIA\",\"description\":\"Winery &amp; Wines\",\"potentialAction\":[{\"@type\":\"SearchAction\",\"target\":{\"@type\":\"EntryPoint\",\"urlTemplate\":\"https:\\\/\\\/brancaia.com\\\/it\\\/?s={search_term_string}\"},\"query-input\":{\"@type\":\"PropertyValueSpecification\",\"valueRequired\":true,\"valueName\":\"search_term_string\"}}],\"inLanguage\":\"it-IT\"}]}<\/script>\n<!-- \/ Yoast SEO plugin. -->","yoast_head_json":{"title":"sostenibilit\u00e0 - BRANCAIA","description":"La sostenibilit\u00e0 per Brancaia \u00e8 una priorit\u00e0. Grazie al nostro costante impegno, siamo certificati biologici e riconosciuti come azienda sostenibile dallo standard Equalitas.","robots":{"index":"index","follow":"follow","max-snippet":"max-snippet:-1","max-image-preview":"max-image-preview:large","max-video-preview":"max-video-preview:-1"},"canonical":"https:\/\/brancaia.com\/it\/chi-siamo\/sostenibilita\/","og_locale":"it_IT","og_type":"article","og_title":"sostenibilit\u00e0 - BRANCAIA","og_description":"La sostenibilit\u00e0 per Brancaia \u00e8 una priorit\u00e0. Grazie al nostro costante impegno, siamo certificati biologici e riconosciuti come azienda sostenibile dallo standard Equalitas.","og_url":"https:\/\/brancaia.com\/it\/chi-siamo\/sostenibilita\/","og_site_name":"BRANCAIA","article_modified_time":"2025-03-11T16:07:47+00:00","twitter_card":"summary_large_image","twitter_misc":{"Tempo di lettura stimato":"10 minuti"},"schema":{"@context":"https:\/\/schema.org","@graph":[{"@type":"WebPage","@id":"https:\/\/brancaia.com\/it\/chi-siamo\/sostenibilita\/","url":"https:\/\/brancaia.com\/it\/chi-siamo\/sostenibilita\/","name":"sostenibilit\u00e0 - BRANCAIA","isPartOf":{"@id":"https:\/\/brancaia.com\/it\/#website"},"datePublished":"2021-01-05T15:42:16+00:00","dateModified":"2025-03-11T16:07:47+00:00","description":"La sostenibilit\u00e0 per Brancaia \u00e8 una priorit\u00e0. Grazie al nostro costante impegno, siamo certificati biologici e riconosciuti come azienda sostenibile dallo standard Equalitas.","breadcrumb":{"@id":"https:\/\/brancaia.com\/it\/chi-siamo\/sostenibilita\/#breadcrumb"},"inLanguage":"it-IT","potentialAction":[{"@type":"ReadAction","target":["https:\/\/brancaia.com\/it\/chi-siamo\/sostenibilita\/"]}]},{"@type":"BreadcrumbList","@id":"https:\/\/brancaia.com\/it\/chi-siamo\/sostenibilita\/#breadcrumb","itemListElement":[{"@type":"ListItem","position":1,"name":"Home","item":"https:\/\/brancaia.com\/it\/home\/"},{"@type":"ListItem","position":2,"name":"Chi siamo","item":"https:\/\/brancaia.com\/it\/chi-siamo\/"},{"@type":"ListItem","position":3,"name":"sostenibilit\u00e0"}]},{"@type":"WebSite","@id":"https:\/\/brancaia.com\/it\/#website","url":"https:\/\/brancaia.com\/it\/","name":"BRANCAIA","description":"Winery &amp; Wines","potentialAction":[{"@type":"SearchAction","target":{"@type":"EntryPoint","urlTemplate":"https:\/\/brancaia.com\/it\/?s={search_term_string}"},"query-input":{"@type":"PropertyValueSpecification","valueRequired":true,"valueName":"search_term_string"}}],"inLanguage":"it-IT"}]}},"_links":{"self":[{"href":"https:\/\/brancaia.com\/it\/wp-json\/wp\/v2\/pages\/1617","targetHints":{"allow":["GET"]}}],"collection":[{"href":"https:\/\/brancaia.com\/it\/wp-json\/wp\/v2\/pages"}],"about":[{"href":"https:\/\/brancaia.com\/it\/wp-json\/wp\/v2\/types\/page"}],"author":[{"embeddable":true,"href":"https:\/\/brancaia.com\/it\/wp-json\/wp\/v2\/users\/1"}],"replies":[{"embeddable":true,"href":"https:\/\/brancaia.com\/it\/wp-json\/wp\/v2\/comments?post=1617"}],"version-history":[{"count":58,"href":"https:\/\/brancaia.com\/it\/wp-json\/wp\/v2\/pages\/1617\/revisions"}],"predecessor-version":[{"id":17871,"href":"https:\/\/brancaia.com\/it\/wp-json\/wp\/v2\/pages\/1617\/revisions\/17871"}],"up":[{"embeddable":true,"href":"https:\/\/brancaia.com\/it\/wp-json\/wp\/v2\/pages\/1589"}],"wp:attachment":[{"href":"https:\/\/brancaia.com\/it\/wp-json\/wp\/v2\/media?parent=1617"}],"curies":[{"name":"wp","href":"https:\/\/api.w.org\/{rel}","templated":true}]}}