{"id":1632,"date":"2021-01-05T16:43:30","date_gmt":"2021-01-05T15:43:30","guid":{"rendered":"https:\/\/brancaia.cyon.site\/azienda-vinicola\/cantina\/"},"modified":"2025-02-26T18:36:12","modified_gmt":"2025-02-26T17:36:12","slug":"cantina","status":"publish","type":"page","link":"https:\/\/brancaia.com\/it\/azienda\/cantina\/","title":{"rendered":"produzione del vino"},"content":{"rendered":"<p>[et_pb_section fb_built=&#8221;1&#8243; fullwidth=&#8221;on&#8221; _builder_version=&#8221;4.16&#8243; _module_preset=&#8221;default&#8221; da_disable_devices=&#8221;off|off|off&#8221; global_colors_info=&#8221;{}&#8221; da_is_popup=&#8221;off&#8221; da_exit_intent=&#8221;off&#8221; da_has_close=&#8221;on&#8221; da_alt_close=&#8221;off&#8221; da_dark_close=&#8221;off&#8221; da_not_modal=&#8221;on&#8221; da_is_singular=&#8221;off&#8221; da_with_loader=&#8221;off&#8221; da_has_shadow=&#8221;on&#8221;][et_pb_fullwidth_header title=&#8221; &#8221; _builder_version=&#8221;4.16&#8243; _module_preset=&#8221;default&#8221; background_enable_color=&#8221;off&#8221; background_image=&#8221;https:\/\/brancaia.com\/wp-content\/uploads\/Brancaia_header_08_1920x1080.jpg&#8221; global_colors_info=&#8221;{}&#8221;][\/et_pb_fullwidth_header][\/et_pb_section][et_pb_section fb_built=&#8221;1&#8243; _builder_version=&#8221;4.16&#8243; _module_preset=&#8221;default&#8221; da_disable_devices=&#8221;off|off|off&#8221; global_colors_info=&#8221;{}&#8221; da_is_popup=&#8221;off&#8221; da_exit_intent=&#8221;off&#8221; da_has_close=&#8221;on&#8221; da_alt_close=&#8221;off&#8221; da_dark_close=&#8221;off&#8221; da_not_modal=&#8221;on&#8221; da_is_singular=&#8221;off&#8221; da_with_loader=&#8221;off&#8221; da_has_shadow=&#8221;on&#8221;][et_pb_row _builder_version=&#8221;4.16&#8243; _module_preset=&#8221;default&#8221; global_colors_info=&#8221;{}&#8221;][et_pb_column type=&#8221;4_4&#8243; _builder_version=&#8221;4.16&#8243; _module_preset=&#8221;default&#8221; global_colors_info=&#8221;{}&#8221;][et_pb_text module_class=&#8221;ba-lead-module&#8221; _builder_version=&#8221;4.27.4&#8243; _module_preset=&#8221;default&#8221; global_colors_info=&#8221;{}&#8221;]<\/p>\n<h1 style=\"text-align: center;\">La produzione da Brancaia<\/h1>\n<p style=\"text-align: center;\">Le tecniche che garantiscono il nostro impegno per la massima qualit\u00e0 dei nostri vini.<\/p>\n<p>[\/et_pb_text][\/et_pb_column][\/et_pb_row][et_pb_row column_structure=&#8221;1_2,1_2&#8243; module_class=&#8221;cb-switch-columns-on-mobile&#8221; _builder_version=&#8221;4.27.4&#8243; _module_preset=&#8221;default&#8221; global_colors_info=&#8221;{}&#8221;][et_pb_column type=&#8221;1_2&#8243; _builder_version=&#8221;4.27.4&#8243; _module_preset=&#8221;default&#8221; global_colors_info=&#8221;{}&#8221;][et_pb_text _builder_version=&#8221;4.27.4&#8243; _module_preset=&#8221;default&#8221; global_colors_info=&#8221;{}&#8221;]<\/p>\n<p data-start=\"75\" data-end=\"632\"><span>La base per un vino eccellente \u00e8 posta in vigna. La natura \u00e8 un fattore essenziale che non possiamo influenzare. Il nostro ruolo \u00e8 comprenderla, rispettarla e rispondere ad essa nel modo pi\u00f9 riflessivo ed efficace possibile. <\/span><\/p>\n<p>Barbara Widmer vive in azienda, nel mezzo delle vigne, e conduce regolarmente diversi tour settimanali in vigna insieme agli agronomi Alessandro di Tardo e Marco Marchi. Insieme, monitorano attentamente i vigneti per garantire che tutte le attivit\u00e0 siano perfettamente allineate con le esigenze del ciclo annuale.<span style=\"font-size: 19.2px; font-family: var(--ba-font-family);\"><\/span><\/p>\n<p data-start=\"634\" data-end=\"732\" data-is-last-node=\"\" data-is-only-node=\"\">\n<p>[\/et_pb_text][\/et_pb_column][et_pb_column type=&#8221;1_2&#8243; _builder_version=&#8221;4.27.4&#8243; _module_preset=&#8221;default&#8221; global_colors_info=&#8221;{}&#8221;][et_pb_image src=&#8221;https:\/\/brancaia.com\/wp-content\/uploads\/Foto-per-sito-27.png&#8221; title_text=&#8221;Foto per sito (27)&#8221; align=&#8221;right&#8221; _builder_version=&#8221;4.27.4&#8243; _module_preset=&#8221;default&#8221; width=&#8221;100%&#8221; global_colors_info=&#8221;{}&#8221;][\/et_pb_image][\/et_pb_column][\/et_pb_row][et_pb_row column_structure=&#8221;1_2,1_2&#8243; _builder_version=&#8221;4.27.4&#8243; _module_preset=&#8221;default&#8221; global_colors_info=&#8221;{}&#8221;][et_pb_column type=&#8221;1_2&#8243; _builder_version=&#8221;4.27.4&#8243; _module_preset=&#8221;default&#8221; global_colors_info=&#8221;{}&#8221;][et_pb_image src=&#8221;https:\/\/brancaia.com\/wp-content\/uploads\/Foto-per-sito-25.png&#8221; title_text=&#8221;Foto per sito (25)&#8221; _builder_version=&#8221;4.27.4&#8243; _module_preset=&#8221;default&#8221; global_colors_info=&#8221;{}&#8221;][\/et_pb_image][\/et_pb_column][et_pb_column type=&#8221;1_2&#8243; _builder_version=&#8221;4.27.4&#8243; _module_preset=&#8221;default&#8221; global_colors_info=&#8221;{}&#8221;][et_pb_text _builder_version=&#8221;4.27.4&#8243; _module_preset=&#8221;default&#8221; global_colors_info=&#8221;{}&#8221;]<\/p>\n<p data-start=\"75\" data-end=\"632\">Ogni singolo appezzamento di vigneto viene <strong>raccolto a mano.<\/strong> I grappoli raccolti vengono subito trasportati in cantina per la lavorazione. Le uve della Maremma vengono lavorate nella nostra moderna cantina a Grosseto, mentre le uve del Chianti (sia di Castellina che di Radda) vengono lavorate nella nostra cantina a Radda in Chianti. <\/p>\n<p data-start=\"634\" data-end=\"732\" data-is-last-node=\"\" data-is-only-node=\"\">\n<p>[\/et_pb_text][\/et_pb_column][\/et_pb_row][et_pb_row column_structure=&#8221;1_2,1_2&#8243; module_class=&#8221;cb-switch-columns-on-mobile&#8221; _builder_version=&#8221;4.27.4&#8243; _module_preset=&#8221;default&#8221; global_colors_info=&#8221;{}&#8221;][et_pb_column type=&#8221;1_2&#8243; _builder_version=&#8221;4.27.4&#8243; _module_preset=&#8221;default&#8221; global_colors_info=&#8221;{}&#8221;][et_pb_text _builder_version=&#8221;4.27.4&#8243; _module_preset=&#8221;default&#8221; global_colors_info=&#8221;{}&#8221;]<\/p>\n<p data-start=\"75\" data-end=\"632\">Grazie alla raccolta manuale e alla successiva prima cernita delle migliori uve sul tavolo di selezione, possiamo garantire una qualit\u00e0 dell&#8217;uva di altissimo livello fin dall&#8217;inizio.<\/p>\n<p data-start=\"634\" data-end=\"732\" data-is-last-node=\"\" data-is-only-node=\"\">\n<p>[\/et_pb_text][\/et_pb_column][et_pb_column type=&#8221;1_2&#8243; _builder_version=&#8221;4.27.4&#8243; _module_preset=&#8221;default&#8221; global_colors_info=&#8221;{}&#8221;][et_pb_image src=&#8221;https:\/\/brancaia.com\/wp-content\/uploads\/Brancaia_Weinkeller_Selektion.1200x960px.jpg&#8221; title_text=&#8221;Brancaia_Wine Cellar_Selection.1200x960px&#8221; align=&#8221;right&#8221; _builder_version=&#8221;4.16&#8243; _module_preset=&#8221;default&#8221; width=&#8221;100%&#8221; global_colors_info=&#8221;{}&#8221;][\/et_pb_image][\/et_pb_column][\/et_pb_row][et_pb_row column_structure=&#8221;1_2,1_2&#8243; _builder_version=&#8221;4.27.4&#8243; _module_preset=&#8221;default&#8221; global_colors_info=&#8221;{}&#8221;][et_pb_column type=&#8221;1_2&#8243; _builder_version=&#8221;4.27.4&#8243; _module_preset=&#8221;default&#8221; global_colors_info=&#8221;{}&#8221;][et_pb_image src=&#8221;https:\/\/brancaia.com\/wp-content\/uploads\/Foto-per-sito-26.png&#8221; title_text=&#8221;Foto per sito (26)&#8221; _builder_version=&#8221;4.27.4&#8243; _module_preset=&#8221;default&#8221; global_colors_info=&#8221;{}&#8221;][\/et_pb_image][\/et_pb_column][et_pb_column type=&#8221;1_2&#8243; _builder_version=&#8221;4.27.4&#8243; _module_preset=&#8221;default&#8221; global_colors_info=&#8221;{}&#8221;][et_pb_text _builder_version=&#8221;4.27.4&#8243; _module_preset=&#8221;default&#8221; global_colors_info=&#8221;{}&#8221;]<\/p>\n<p data-start=\"75\" data-end=\"632\">\n<p data-start=\"75\" data-end=\"632\">Grazie alla suddivisione delle nostre cantine su pi\u00f9 piani, possiamo sfruttare la gravit\u00e0 e ridurre al minimo l&#8217;uso delle pompe. <\/p>\n<p data-start=\"77\" data-end=\"422\">La fermentazione avviene in vasche di acciaio inox a temperatura controllata. Grazie alla loro forma conica, la superficie di contatto tra la vinaccia e il mosto \u00e8 significativamente maggiore, mentre quella tra l\u2019aria e la vinaccia \u00e8 ridotta.<\/p>\n<p data-start=\"77\" data-end=\"422\">Il tradizionale rimontaggio della vinaccia \u00e8 stato sostituito da una moderna follatura, cos\u00ec da eliminare anche in questa fase l&#8217;uso delle pompe.<\/p>\n<p data-start=\"634\" data-end=\"732\" data-is-last-node=\"\" data-is-only-node=\"\">\n<p>[\/et_pb_text][\/et_pb_column][\/et_pb_row][et_pb_row column_structure=&#8221;1_2,1_2&#8243; module_class=&#8221;cb-switch-columns-on-mobile&#8221; _builder_version=&#8221;4.27.4&#8243; _module_preset=&#8221;default&#8221; global_colors_info=&#8221;{}&#8221;][et_pb_column type=&#8221;1_2&#8243; _builder_version=&#8221;4.27.4&#8243; _module_preset=&#8221;default&#8221; global_colors_info=&#8221;{}&#8221;][et_pb_text _builder_version=&#8221;4.27.4&#8243; _module_preset=&#8221;default&#8221; global_colors_info=&#8221;{}&#8221;]<\/p>\n<p data-start=\"75\" data-end=\"632\">Dopo la fermentazione, i vini di Brancaia possono maturare tra i 12 e i 20 mesi in piccole botti di legno, oppure in vasche di cemento o acciaio, a seconda della qualit\u00e0 e del tipo di vino.<\/p>\n<p data-start=\"75\" data-end=\"632\">Oltre alle classiche Barrique (225 litri), vengono utilizzati anche Tonneaux da 500 litri, particolarmente adatti per il Sangiovese.<\/p>\n<p data-start=\"75\" data-end=\"632\">Nelle vasche di cemento i vini possono &#8220;respirare&#8221; e sviluppare una struttura tannica pi\u00f9 fine, rendendo questi contenitori particolarmente interessanti per i vini pi\u00f9 freschi e giovani.<\/p>\n<p data-start=\"634\" data-end=\"732\" data-is-last-node=\"\" data-is-only-node=\"\">\n<p>[\/et_pb_text][\/et_pb_column][et_pb_column type=&#8221;1_2&#8243; _builder_version=&#8221;4.27.4&#8243; _module_preset=&#8221;default&#8221; global_colors_info=&#8221;{}&#8221;][et_pb_image src=&#8221;https:\/\/brancaia.com\/wp-content\/uploads\/Brancaia_Weinkeller_1200x960px_06.jpg&#8221; title_text=&#8221;Brancaia_Enoteca_1200x960px_06&#8243; align=&#8221;right&#8221; _builder_version=&#8221;4.27.4&#8243; _module_preset=&#8221;default&#8221; width=&#8221;100%&#8221; global_colors_info=&#8221;{}&#8221;][\/et_pb_image][\/et_pb_column][\/et_pb_row][et_pb_row column_structure=&#8221;1_2,1_2&#8243; _builder_version=&#8221;4.27.4&#8243; _module_preset=&#8221;default&#8221; global_colors_info=&#8221;{}&#8221;][et_pb_column type=&#8221;1_2&#8243; _builder_version=&#8221;4.27.4&#8243; _module_preset=&#8221;default&#8221; global_colors_info=&#8221;{}&#8221;][et_pb_image src=&#8221;https:\/\/brancaia.com\/wp-content\/uploads\/Brancaia_Degustation_02_1200x960px.jpg&#8221; title_text=&#8221;Brancaia_Degustation_02_1200x960px&#8221; _builder_version=&#8221;4.27.4&#8243; _module_preset=&#8221;default&#8221; global_colors_info=&#8221;{}&#8221;][\/et_pb_image][\/et_pb_column][et_pb_column type=&#8221;1_2&#8243; _builder_version=&#8221;4.27.4&#8243; _module_preset=&#8221;default&#8221; global_colors_info=&#8221;{}&#8221;][et_pb_text _builder_version=&#8221;4.27.4&#8243; _module_preset=&#8221;default&#8221; global_colors_info=&#8221;{}&#8221;]<\/p>\n<p data-start=\"75\" data-end=\"632\">Lasciamo vinificare e maturare le singole variet\u00e0 di uva separatamente. L&#8217;assemblaggio avviene poco prima dell&#8217;imbottigliamento. In questo modo possiamo rendere perfettamente giustizia alle peculiarit\u00e0 di ogni singola parcella ed esprimere in modo ottimale il loro carattere.<\/p>\n<p data-start=\"75\" data-end=\"632\">Le decisioni pi\u00f9 importanti in questo processo sono prese da Barbara Widmer insieme a Fabrizio Benedetti e Amar Amarouche, i due cantinieri di Brancaia. Il team \u00e8 affiancato dall&#8217;enologo consulente Carlo Ferrini, che vanta un&#8217;esperienza pluridecennale.<\/p>\n<p data-start=\"634\" data-end=\"732\" data-is-last-node=\"\" data-is-only-node=\"\">\n<p>[\/et_pb_text][\/et_pb_column][\/et_pb_row][et_pb_row column_structure=&#8221;1_2,1_2&#8243; module_class=&#8221;cb-switch-columns-on-mobile&#8221; _builder_version=&#8221;4.27.4&#8243; _module_preset=&#8221;default&#8221; global_colors_info=&#8221;{}&#8221;][et_pb_column type=&#8221;1_2&#8243; _builder_version=&#8221;4.27.4&#8243; _module_preset=&#8221;default&#8221; global_colors_info=&#8221;{}&#8221;][et_pb_text _builder_version=&#8221;4.27.4&#8243; _module_preset=&#8221;default&#8221; global_colors_info=&#8221;{}&#8221;]<\/p>\n<p data-start=\"158\" data-end=\"589\">L&#8217;imbottigliamento avviene nel centro logistico di Colle di Val d&#8217;Elsa, dove l&#8217;uso di moderni macchinari ci aiuta a imbottigliare il prodotto in condizioni ottimali.<\/p>\n<p data-start=\"158\" data-end=\"589\">Dopo l&#8217;imbottigliamento, i vini Brancaia possono restare ulteriormente in magazzino, a seconda del prodotto, prima di essere immessi sul mercato.<\/p>\n<p> In questo modo garantiamo che i nostri vini presentino fin da subito una piacevole maturit\u00e0 di beva.<\/p>\n<p data-start=\"591\" data-end=\"628\">\n<p data-start=\"634\" data-end=\"732\" data-is-last-node=\"\" data-is-only-node=\"\">\n<p>[\/et_pb_text][\/et_pb_column][et_pb_column type=&#8221;1_2&#8243; _builder_version=&#8221;4.27.4&#8243; _module_preset=&#8221;default&#8221; global_colors_info=&#8221;{}&#8221;][et_pb_image src=&#8221;https:\/\/brancaia.com\/wp-content\/uploads\/Brancaia_Weinkeller_1200x960px_04-Kopie.jpg&#8221; title_text=&#8221;Brancaia_Wine Cellar_1200x960px_04&#8243; align=&#8221;right&#8221; _builder_version=&#8221;4.27.4&#8243; _module_preset=&#8221;default&#8221; width=&#8221;100%&#8221; global_colors_info=&#8221;{}&#8221;][\/et_pb_image][\/et_pb_column][\/et_pb_row][\/et_pb_section]<\/p>\n","protected":false},"excerpt":{"rendered":"<p>La produzione da Brancaia Le tecniche che garantiscono il nostro impegno per la massima qualit\u00e0 dei nostri vini.La base per un vino eccellente \u00e8 posta in vigna. La natura \u00e8 un fattore essenziale che non possiamo influenzare. Il nostro ruolo \u00e8 comprenderla, rispettarla e rispondere ad essa nel modo pi\u00f9 riflessivo ed efficace possibile. Barbara [&hellip;]<\/p>\n","protected":false},"author":1,"featured_media":0,"parent":1518,"menu_order":10,"comment_status":"closed","ping_status":"closed","template":"","meta":{"_et_pb_use_builder":"on","_et_pb_old_content":"","_et_gb_content_width":"","footnotes":""},"class_list":["post-1632","page","type-page","status-publish","hentry"],"yoast_head":"<!-- This site is optimized with the Yoast SEO plugin v27.4 - https:\/\/yoast.com\/product\/yoast-seo-wordpress\/ -->\n<title>produzione del vino - BRANCAIA<\/title>\n<meta name=\"description\" content=\"Scopri di pi\u00f9 sulla produzione del vino da Brancaia, dove la passione per la Toscana si unisce alle moderne tecniche di vinificazione nella produzione di vini di alta qualit\u00e0.\" \/>\n<meta name=\"robots\" content=\"index, follow, max-snippet:-1, max-image-preview:large, max-video-preview:-1\" \/>\n<link rel=\"canonical\" href=\"https:\/\/brancaia.com\/it\/azienda\/cantina\/\" \/>\n<meta property=\"og:locale\" content=\"it_IT\" \/>\n<meta property=\"og:type\" content=\"article\" \/>\n<meta property=\"og:title\" content=\"produzione del vino - BRANCAIA\" \/>\n<meta property=\"og:description\" content=\"Scopri di pi\u00f9 sulla produzione del vino da Brancaia, dove la passione per la Toscana si unisce alle moderne tecniche di vinificazione nella produzione di vini di alta qualit\u00e0.\" \/>\n<meta property=\"og:url\" content=\"https:\/\/brancaia.com\/it\/azienda\/cantina\/\" \/>\n<meta property=\"og:site_name\" content=\"BRANCAIA\" \/>\n<meta property=\"article:modified_time\" content=\"2025-02-26T17:36:12+00:00\" \/>\n<meta name=\"twitter:card\" content=\"summary_large_image\" \/>\n<meta name=\"twitter:label1\" content=\"Tempo di lettura stimato\" \/>\n\t<meta name=\"twitter:data1\" content=\"7 minuti\" \/>\n<script type=\"application\/ld+json\" class=\"yoast-schema-graph\">{\"@context\":\"https:\\\/\\\/schema.org\",\"@graph\":[{\"@type\":\"WebPage\",\"@id\":\"https:\\\/\\\/brancaia.com\\\/it\\\/azienda\\\/cantina\\\/\",\"url\":\"https:\\\/\\\/brancaia.com\\\/it\\\/azienda\\\/cantina\\\/\",\"name\":\"produzione del vino - BRANCAIA\",\"isPartOf\":{\"@id\":\"https:\\\/\\\/brancaia.com\\\/it\\\/#website\"},\"datePublished\":\"2021-01-05T15:43:30+00:00\",\"dateModified\":\"2025-02-26T17:36:12+00:00\",\"description\":\"Scopri di pi\u00f9 sulla produzione del vino da Brancaia, dove la passione per la Toscana si unisce alle moderne tecniche di vinificazione nella produzione di vini di alta qualit\u00e0.\",\"breadcrumb\":{\"@id\":\"https:\\\/\\\/brancaia.com\\\/it\\\/azienda\\\/cantina\\\/#breadcrumb\"},\"inLanguage\":\"it-IT\",\"potentialAction\":[{\"@type\":\"ReadAction\",\"target\":[\"https:\\\/\\\/brancaia.com\\\/it\\\/azienda\\\/cantina\\\/\"]}]},{\"@type\":\"BreadcrumbList\",\"@id\":\"https:\\\/\\\/brancaia.com\\\/it\\\/azienda\\\/cantina\\\/#breadcrumb\",\"itemListElement\":[{\"@type\":\"ListItem\",\"position\":1,\"name\":\"Home\",\"item\":\"https:\\\/\\\/brancaia.com\\\/it\\\/home\\\/\"},{\"@type\":\"ListItem\",\"position\":2,\"name\":\"Cantina\",\"item\":\"https:\\\/\\\/brancaia.com\\\/it\\\/azienda\\\/\"},{\"@type\":\"ListItem\",\"position\":3,\"name\":\"produzione del vino\"}]},{\"@type\":\"WebSite\",\"@id\":\"https:\\\/\\\/brancaia.com\\\/it\\\/#website\",\"url\":\"https:\\\/\\\/brancaia.com\\\/it\\\/\",\"name\":\"BRANCAIA\",\"description\":\"Winery &amp; Wines\",\"potentialAction\":[{\"@type\":\"SearchAction\",\"target\":{\"@type\":\"EntryPoint\",\"urlTemplate\":\"https:\\\/\\\/brancaia.com\\\/it\\\/?s={search_term_string}\"},\"query-input\":{\"@type\":\"PropertyValueSpecification\",\"valueRequired\":true,\"valueName\":\"search_term_string\"}}],\"inLanguage\":\"it-IT\"}]}<\/script>\n<!-- \/ Yoast SEO plugin. -->","yoast_head_json":{"title":"produzione del vino - BRANCAIA","description":"Scopri di pi\u00f9 sulla produzione del vino da Brancaia, dove la passione per la Toscana si unisce alle moderne tecniche di vinificazione nella produzione di vini di alta qualit\u00e0.","robots":{"index":"index","follow":"follow","max-snippet":"max-snippet:-1","max-image-preview":"max-image-preview:large","max-video-preview":"max-video-preview:-1"},"canonical":"https:\/\/brancaia.com\/it\/azienda\/cantina\/","og_locale":"it_IT","og_type":"article","og_title":"produzione del vino - BRANCAIA","og_description":"Scopri di pi\u00f9 sulla produzione del vino da Brancaia, dove la passione per la Toscana si unisce alle moderne tecniche di vinificazione nella produzione di vini di alta qualit\u00e0.","og_url":"https:\/\/brancaia.com\/it\/azienda\/cantina\/","og_site_name":"BRANCAIA","article_modified_time":"2025-02-26T17:36:12+00:00","twitter_card":"summary_large_image","twitter_misc":{"Tempo di lettura stimato":"7 minuti"},"schema":{"@context":"https:\/\/schema.org","@graph":[{"@type":"WebPage","@id":"https:\/\/brancaia.com\/it\/azienda\/cantina\/","url":"https:\/\/brancaia.com\/it\/azienda\/cantina\/","name":"produzione del vino - BRANCAIA","isPartOf":{"@id":"https:\/\/brancaia.com\/it\/#website"},"datePublished":"2021-01-05T15:43:30+00:00","dateModified":"2025-02-26T17:36:12+00:00","description":"Scopri di pi\u00f9 sulla produzione del vino da Brancaia, dove la passione per la Toscana si unisce alle moderne tecniche di vinificazione nella produzione di vini di alta qualit\u00e0.","breadcrumb":{"@id":"https:\/\/brancaia.com\/it\/azienda\/cantina\/#breadcrumb"},"inLanguage":"it-IT","potentialAction":[{"@type":"ReadAction","target":["https:\/\/brancaia.com\/it\/azienda\/cantina\/"]}]},{"@type":"BreadcrumbList","@id":"https:\/\/brancaia.com\/it\/azienda\/cantina\/#breadcrumb","itemListElement":[{"@type":"ListItem","position":1,"name":"Home","item":"https:\/\/brancaia.com\/it\/home\/"},{"@type":"ListItem","position":2,"name":"Cantina","item":"https:\/\/brancaia.com\/it\/azienda\/"},{"@type":"ListItem","position":3,"name":"produzione del vino"}]},{"@type":"WebSite","@id":"https:\/\/brancaia.com\/it\/#website","url":"https:\/\/brancaia.com\/it\/","name":"BRANCAIA","description":"Winery &amp; Wines","potentialAction":[{"@type":"SearchAction","target":{"@type":"EntryPoint","urlTemplate":"https:\/\/brancaia.com\/it\/?s={search_term_string}"},"query-input":{"@type":"PropertyValueSpecification","valueRequired":true,"valueName":"search_term_string"}}],"inLanguage":"it-IT"}]}},"_links":{"self":[{"href":"https:\/\/brancaia.com\/it\/wp-json\/wp\/v2\/pages\/1632","targetHints":{"allow":["GET"]}}],"collection":[{"href":"https:\/\/brancaia.com\/it\/wp-json\/wp\/v2\/pages"}],"about":[{"href":"https:\/\/brancaia.com\/it\/wp-json\/wp\/v2\/types\/page"}],"author":[{"embeddable":true,"href":"https:\/\/brancaia.com\/it\/wp-json\/wp\/v2\/users\/1"}],"replies":[{"embeddable":true,"href":"https:\/\/brancaia.com\/it\/wp-json\/wp\/v2\/comments?post=1632"}],"version-history":[{"count":41,"href":"https:\/\/brancaia.com\/it\/wp-json\/wp\/v2\/pages\/1632\/revisions"}],"predecessor-version":[{"id":17448,"href":"https:\/\/brancaia.com\/it\/wp-json\/wp\/v2\/pages\/1632\/revisions\/17448"}],"up":[{"embeddable":true,"href":"https:\/\/brancaia.com\/it\/wp-json\/wp\/v2\/pages\/1518"}],"wp:attachment":[{"href":"https:\/\/brancaia.com\/it\/wp-json\/wp\/v2\/media?parent=1632"}],"curies":[{"name":"wp","href":"https:\/\/api.w.org\/{rel}","templated":true}]}}