{"id":16322,"date":"2024-12-06T18:06:36","date_gmt":"2024-12-06T17:06:36","guid":{"rendered":"https:\/\/brancaia.com\/termini-e-condizioni-del-concorso\/"},"modified":"2024-12-06T18:06:37","modified_gmt":"2024-12-06T17:06:37","slug":"termini-e-condizioni-del-concorso","status":"publish","type":"page","link":"https:\/\/brancaia.com\/it\/termini-e-condizioni-del-concorso\/","title":{"rendered":"Termini e condizioni del concorso"},"content":{"rendered":"<p>[et_pb_section fb_built=&#8221;1&#8243; _builder_version=&#8221;4.16&#8243; global_colors_info=&#8221;{}&#8221; da_is_popup=&#8221;off&#8221; da_exit_intent=&#8221;off&#8221; da_has_close=&#8221;on&#8221; da_alt_close=&#8221;off&#8221; da_dark_close=&#8221;off&#8221; da_not_modal=&#8221;on&#8221; da_is_singular=&#8221;off&#8221; da_with_loader=&#8221;off&#8221; da_has_shadow=&#8221;on&#8221; da_disable_devices=&#8221;off|off|off&#8221;][et_pb_row _builder_version=&#8221;4.16&#8243; background_size=&#8221;initial&#8221; background_position=&#8221;top_left&#8221; background_repeat=&#8221;repeat&#8221; hover_enabled=&#8221;0&#8243; global_colors_info=&#8221;{}&#8221; sticky_enabled=&#8221;0&#8243;][et_pb_column type=&#8221;4_4&#8243; _builder_version=&#8221;4.16&#8243; custom_padding=&#8221;|||&#8221; global_colors_info=&#8221;{}&#8221; custom_padding__hover=&#8221;|||&#8221;][et_pb_text _builder_version=&#8221;4.27.4&#8243; background_size=&#8221;initial&#8221; background_position=&#8221;top_left&#8221; background_repeat=&#8221;repeat&#8221; hover_enabled=&#8221;0&#8243; global_colors_info=&#8221;{}&#8221; sticky_enabled=&#8221;0&#8243;]<\/p>\n<h2 style=\"text-align: center;\">REGOLAMENTO DEL GIVEAWAY DI BRANCAIA<\/h2>\n<p><strong>Organizzatore<\/strong><br \/>Questo concorso \u00e8 organizzato da Brancaia (l&#8217;Organizzatore). Partecipando, si accettano le presenti condizioni ufficiali di partecipazione.<\/p>\n<p><strong>Autorizzazione<\/strong><br \/>I partecipanti devono avere almeno 18 anni al momento della partecipazione. Il concorso \u00e8 disponibile in tutto il mondo, tranne nelle regioni in cui tali promozioni sono vietate dalla legge.<\/p>\n<p><strong>Come partecipare<\/strong><\/p>\n<ol>\n<li>Segui @brancaia.winery su Instagram.<\/li>\n<li>Mi piace il post sul giveaway.<\/li>\n<li>Commenta il post e tagga 2 amici con cui vorresti condividere una bottiglia di XMAS Brancaia Magnum.<\/li>\n<li>Per avere un&#8217;ulteriore possibilit\u00e0 di vincere, condividi il post del giveaway sulla tua storia di Instagram e tagga @brancaia.winery<\/li>\n<\/ol>\n<p><strong>Durata<\/strong><br \/>Il concorso inizia l&#8217;8 dicembre 2024 alle 12:00 (CET) e termina il 15 dicembre 2024 alle 12:00 (CET).<\/p>\n<p><strong>Selezione del vincitore<\/strong><br \/>Un vincitore sar\u00e0 selezionato a caso tra tutti i partecipanti idonei. Ogni azione aggiuntiva (ad esempio la condivisione della storia) conta come un&#8217;ulteriore partecipazione. Il vincitore sar\u00e0 annunciato il 16 dicembre 2024 tramite Instagram Stories e sar\u00e0 contattato via DM.<\/p>\n<p><strong>Prezzo<\/strong><br \/>Il premio consiste in una bottiglia XMAS Brancaia Magnum da 1,5 litri.<\/p>\n<p>Il premio verr\u00e0 spedito il 16 dicembre 2024. I tempi di consegna possono variare a seconda della localit\u00e0 in cui si trova il vincitore. Brancaia non pu\u00f2 garantire la consegna prima di Natale.<\/p>\n<p><strong>Condizioni di partecipazione<\/strong><\/p>\n<ul>\n<li>La partecipazione all&#8217;estrazione \u00e8 gratuita. L&#8217;acquisto non \u00e8 necessario.<\/li>\n<li>Le iscrizioni incomplete, duplicate o non conformi non saranno prese in considerazione.<\/li>\n<li>Il premio non \u00e8 trasferibile e non pu\u00f2 essere scambiato con denaro o altri articoli.<\/li>\n<\/ul>\n<p><strong>Protezione dei dati<\/strong><br \/>Partecipando, acconsenti alla raccolta e all&#8217;utilizzo dei tuoi dati personali esclusivamente ai fini di questo concorso a premi e in conformit\u00e0 con la nostra Informativa sulla privacy. I tuoi dati non saranno trasmessi a terzi, se non per l&#8217;esecuzione del premio.<\/p>\n<p><strong>Limitazione di responsabilit\u00e0<\/strong><br \/>Questo concorso non \u00e8 sponsorizzato, appoggiato o amministrato da Instagram e non \u00e8 affiliato a Instagram. I partecipanti sollevano Instagram da qualsiasi responsabilit\u00e0 in relazione alla campagna. Brancaia non \u00e8 responsabile di errori tecnici, ritardi nella spedizione o altri problemi imprevisti.<\/p>\n<p><strong>Controversie<\/strong><br \/>Qualsiasi controversia relativa a questo concorso a premi sar\u00e0 risolta in conformit\u00e0 con le leggi italiane, dove Brancaia ha sede.<\/p>\n<p><strong>Contatti<\/strong><br \/>Se hai domande sul giveaway, contattaci via Instagram DM o via email a sara@brancaia.it.<\/p>\n<p>[\/et_pb_text][\/et_pb_column][\/et_pb_row][\/et_pb_section]<\/p>\n","protected":false},"excerpt":{"rendered":"<p>REGOLAMENTO DEL GIVEAWAY DI BRANCAIA OrganizzatoreQuesto concorso \u00e8 organizzato da Brancaia (l&#8217;Organizzatore). Partecipando, si accettano le presenti condizioni ufficiali di partecipazione. AutorizzazioneI partecipanti devono avere almeno 18 anni al momento della partecipazione. Il concorso \u00e8 disponibile in tutto il mondo, tranne nelle regioni in cui tali promozioni sono vietate dalla legge. Come partecipare Segui @brancaia.winery [&hellip;]<\/p>\n","protected":false},"author":12,"featured_media":0,"parent":0,"menu_order":0,"comment_status":"closed","ping_status":"closed","template":"","meta":{"_et_pb_use_builder":"on","_et_pb_old_content":"","_et_gb_content_width":"","footnotes":""},"class_list":["post-16322","page","type-page","status-publish","hentry"],"yoast_head":"<!-- This site is optimized with the Yoast SEO plugin v27.5 - https:\/\/yoast.com\/product\/yoast-seo-wordpress\/ -->\n<title>Termini e condizioni del concorso - BRANCAIA<\/title>\n<meta name=\"robots\" content=\"index, follow, max-snippet:-1, max-image-preview:large, max-video-preview:-1\" \/>\n<link rel=\"canonical\" href=\"https:\/\/brancaia.com\/it\/termini-e-condizioni-del-concorso\/\" \/>\n<meta property=\"og:locale\" content=\"it_IT\" \/>\n<meta property=\"og:type\" content=\"article\" \/>\n<meta property=\"og:title\" content=\"Termini e condizioni del concorso - BRANCAIA\" \/>\n<meta property=\"og:description\" content=\"REGOLAMENTO DEL GIVEAWAY DI BRANCAIA OrganizzatoreQuesto concorso \u00e8 organizzato da Brancaia (l&#039;Organizzatore). Partecipando, si accettano le presenti condizioni ufficiali di partecipazione. AutorizzazioneI partecipanti devono avere almeno 18 anni al momento della partecipazione. Il concorso \u00e8 disponibile in tutto il mondo, tranne nelle regioni in cui tali promozioni sono vietate dalla legge. Come partecipare Segui @brancaia.winery [&hellip;]\" \/>\n<meta property=\"og:url\" content=\"https:\/\/brancaia.com\/it\/termini-e-condizioni-del-concorso\/\" \/>\n<meta property=\"og:site_name\" content=\"BRANCAIA\" \/>\n<meta property=\"article:modified_time\" content=\"2024-12-06T17:06:37+00:00\" \/>\n<meta name=\"twitter:card\" content=\"summary_large_image\" \/>\n<meta name=\"twitter:label1\" content=\"Tempo di lettura stimato\" \/>\n\t<meta name=\"twitter:data1\" content=\"2 minuti\" \/>\n<script type=\"application\/ld+json\" class=\"yoast-schema-graph\">{\"@context\":\"https:\\\/\\\/schema.org\",\"@graph\":[{\"@type\":\"WebPage\",\"@id\":\"https:\\\/\\\/brancaia.com\\\/it\\\/termini-e-condizioni-del-concorso\\\/\",\"url\":\"https:\\\/\\\/brancaia.com\\\/it\\\/termini-e-condizioni-del-concorso\\\/\",\"name\":\"Termini e condizioni del concorso - BRANCAIA\",\"isPartOf\":{\"@id\":\"https:\\\/\\\/brancaia.com\\\/it\\\/#website\"},\"datePublished\":\"2024-12-06T17:06:36+00:00\",\"dateModified\":\"2024-12-06T17:06:37+00:00\",\"breadcrumb\":{\"@id\":\"https:\\\/\\\/brancaia.com\\\/it\\\/termini-e-condizioni-del-concorso\\\/#breadcrumb\"},\"inLanguage\":\"it-IT\",\"potentialAction\":[{\"@type\":\"ReadAction\",\"target\":[\"https:\\\/\\\/brancaia.com\\\/it\\\/termini-e-condizioni-del-concorso\\\/\"]}]},{\"@type\":\"BreadcrumbList\",\"@id\":\"https:\\\/\\\/brancaia.com\\\/it\\\/termini-e-condizioni-del-concorso\\\/#breadcrumb\",\"itemListElement\":[{\"@type\":\"ListItem\",\"position\":1,\"name\":\"Home\",\"item\":\"https:\\\/\\\/brancaia.com\\\/it\\\/home\\\/\"},{\"@type\":\"ListItem\",\"position\":2,\"name\":\"Termini e condizioni del concorso\"}]},{\"@type\":\"WebSite\",\"@id\":\"https:\\\/\\\/brancaia.com\\\/it\\\/#website\",\"url\":\"https:\\\/\\\/brancaia.com\\\/it\\\/\",\"name\":\"BRANCAIA\",\"description\":\"Winery &amp; Wines\",\"potentialAction\":[{\"@type\":\"SearchAction\",\"target\":{\"@type\":\"EntryPoint\",\"urlTemplate\":\"https:\\\/\\\/brancaia.com\\\/it\\\/?s={search_term_string}\"},\"query-input\":{\"@type\":\"PropertyValueSpecification\",\"valueRequired\":true,\"valueName\":\"search_term_string\"}}],\"inLanguage\":\"it-IT\"}]}<\/script>\n<!-- \/ Yoast SEO plugin. -->","yoast_head_json":{"title":"Termini e condizioni del concorso - BRANCAIA","robots":{"index":"index","follow":"follow","max-snippet":"max-snippet:-1","max-image-preview":"max-image-preview:large","max-video-preview":"max-video-preview:-1"},"canonical":"https:\/\/brancaia.com\/it\/termini-e-condizioni-del-concorso\/","og_locale":"it_IT","og_type":"article","og_title":"Termini e condizioni del concorso - BRANCAIA","og_description":"REGOLAMENTO DEL GIVEAWAY DI BRANCAIA OrganizzatoreQuesto concorso \u00e8 organizzato da Brancaia (l'Organizzatore). Partecipando, si accettano le presenti condizioni ufficiali di partecipazione. AutorizzazioneI partecipanti devono avere almeno 18 anni al momento della partecipazione. Il concorso \u00e8 disponibile in tutto il mondo, tranne nelle regioni in cui tali promozioni sono vietate dalla legge. Come partecipare Segui @brancaia.winery [&hellip;]","og_url":"https:\/\/brancaia.com\/it\/termini-e-condizioni-del-concorso\/","og_site_name":"BRANCAIA","article_modified_time":"2024-12-06T17:06:37+00:00","twitter_card":"summary_large_image","twitter_misc":{"Tempo di lettura stimato":"2 minuti"},"schema":{"@context":"https:\/\/schema.org","@graph":[{"@type":"WebPage","@id":"https:\/\/brancaia.com\/it\/termini-e-condizioni-del-concorso\/","url":"https:\/\/brancaia.com\/it\/termini-e-condizioni-del-concorso\/","name":"Termini e condizioni del concorso - BRANCAIA","isPartOf":{"@id":"https:\/\/brancaia.com\/it\/#website"},"datePublished":"2024-12-06T17:06:36+00:00","dateModified":"2024-12-06T17:06:37+00:00","breadcrumb":{"@id":"https:\/\/brancaia.com\/it\/termini-e-condizioni-del-concorso\/#breadcrumb"},"inLanguage":"it-IT","potentialAction":[{"@type":"ReadAction","target":["https:\/\/brancaia.com\/it\/termini-e-condizioni-del-concorso\/"]}]},{"@type":"BreadcrumbList","@id":"https:\/\/brancaia.com\/it\/termini-e-condizioni-del-concorso\/#breadcrumb","itemListElement":[{"@type":"ListItem","position":1,"name":"Home","item":"https:\/\/brancaia.com\/it\/home\/"},{"@type":"ListItem","position":2,"name":"Termini e condizioni del concorso"}]},{"@type":"WebSite","@id":"https:\/\/brancaia.com\/it\/#website","url":"https:\/\/brancaia.com\/it\/","name":"BRANCAIA","description":"Winery &amp; Wines","potentialAction":[{"@type":"SearchAction","target":{"@type":"EntryPoint","urlTemplate":"https:\/\/brancaia.com\/it\/?s={search_term_string}"},"query-input":{"@type":"PropertyValueSpecification","valueRequired":true,"valueName":"search_term_string"}}],"inLanguage":"it-IT"}]}},"_links":{"self":[{"href":"https:\/\/brancaia.com\/it\/wp-json\/wp\/v2\/pages\/16322","targetHints":{"allow":["GET"]}}],"collection":[{"href":"https:\/\/brancaia.com\/it\/wp-json\/wp\/v2\/pages"}],"about":[{"href":"https:\/\/brancaia.com\/it\/wp-json\/wp\/v2\/types\/page"}],"author":[{"embeddable":true,"href":"https:\/\/brancaia.com\/it\/wp-json\/wp\/v2\/users\/12"}],"replies":[{"embeddable":true,"href":"https:\/\/brancaia.com\/it\/wp-json\/wp\/v2\/comments?post=16322"}],"version-history":[{"count":2,"href":"https:\/\/brancaia.com\/it\/wp-json\/wp\/v2\/pages\/16322\/revisions"}],"predecessor-version":[{"id":16324,"href":"https:\/\/brancaia.com\/it\/wp-json\/wp\/v2\/pages\/16322\/revisions\/16324"}],"wp:attachment":[{"href":"https:\/\/brancaia.com\/it\/wp-json\/wp\/v2\/media?parent=16322"}],"curies":[{"name":"wp","href":"https:\/\/api.w.org\/{rel}","templated":true}]}}