{"id":1665,"date":"2021-01-05T16:44:38","date_gmt":"2021-01-05T15:44:38","guid":{"rendered":"https:\/\/brancaia.cyon.site\/azienda-vinicola\/vigneti\/"},"modified":"2025-03-11T17:29:32","modified_gmt":"2025-03-11T16:29:32","slug":"tenute","status":"publish","type":"page","link":"https:\/\/brancaia.com\/it\/azienda\/tenute\/","title":{"rendered":"TENUTE"},"content":{"rendered":"<p>[et_pb_section fb_built=&#8221;1&#8243; fullwidth=&#8221;on&#8221; _builder_version=&#8221;4.16&#8243; _module_preset=&#8221;default&#8221; da_disable_devices=&#8221;off|off|off&#8221; global_colors_info=&#8221;{}&#8221; da_is_popup=&#8221;off&#8221; da_exit_intent=&#8221;off&#8221; da_has_close=&#8221;on&#8221; da_alt_close=&#8221;off&#8221; da_dark_close=&#8221;off&#8221; da_not_modal=&#8221;on&#8221; da_is_singular=&#8221;off&#8221; da_with_loader=&#8221;off&#8221; da_has_shadow=&#8221;on&#8221;][et_pb_fullwidth_header title=&#8221; &#8221; _builder_version=&#8221;4.27.4&#8243; _module_preset=&#8221;default&#8221; background_enable_color=&#8221;off&#8221; background_image=&#8221;https:\/\/brancaia.com\/wp-content\/uploads\/hero_reblagen_1920x1080.jpg&#8221; global_colors_info=&#8221;{}&#8221;][\/et_pb_fullwidth_header][\/et_pb_section][et_pb_section fb_built=&#8221;1&#8243; _builder_version=&#8221;4.16&#8243; _module_preset=&#8221;default&#8221; da_disable_devices=&#8221;off|off|off&#8221; global_colors_info=&#8221;{}&#8221; da_is_popup=&#8221;off&#8221; da_exit_intent=&#8221;off&#8221; da_has_close=&#8221;on&#8221; da_alt_close=&#8221;off&#8221; da_dark_close=&#8221;off&#8221; da_not_modal=&#8221;on&#8221; da_is_singular=&#8221;off&#8221; da_with_loader=&#8221;off&#8221; da_has_shadow=&#8221;on&#8221;][et_pb_row _builder_version=&#8221;4.16&#8243; _module_preset=&#8221;default&#8221; global_colors_info=&#8221;{}&#8221;][et_pb_column type=&#8221;4_4&#8243; _builder_version=&#8221;4.16&#8243; _module_preset=&#8221;default&#8221; global_colors_info=&#8221;{}&#8221;][et_pb_text module_class=&#8221;ba-lead-module&#8221; _builder_version=&#8221;4.27.4&#8243; _module_preset=&#8221;default&#8221; global_colors_info=&#8221;{}&#8221;]<\/p>\n<h1 style=\"text-align: center;\">Le nostre tenute<\/h1>\n<p data-start=\"151\" data-end=\"462\">Alla cantina Brancaia appartengono vigneti nel Chianti Classico e nella Maremma Toscana.<\/p>\n<p data-start=\"151\" data-end=\"462\"><span style=\"font-family: inherit; font-weight: normal;\">Ciascuna zona, grazie all&#8217;unicit\u00e0 del suo terroir, contribuisce alla complessit\u00e0 e alla finezza dei nostri vini.<\/span><\/p>\n<p data-start=\"464\" data-end=\"715\">\n<p>[\/et_pb_text][et_pb_image src=&#8221;https:\/\/brancaia.com\/wp-content\/uploads\/brancaia_map_1920px.jpg&#8221; alt=&#8221;Mappa dei vigneti Brancaia&#8221; title_text=&#8221;Mappa dei vigneti Brancaia&#8221; _builder_version=&#8221;4.16&#8243; _module_preset=&#8221;default&#8221; global_colors_info=&#8221;{}&#8221;][\/et_pb_image][et_pb_text _builder_version=&#8221;4.27.4&#8243; _module_preset=&#8221;default&#8221; global_colors_info=&#8221;{}&#8221;]<\/p>\n<p data-start=\"32\" data-end=\"150\">I nostri vigneti si estendono per un&#8217;area totale di circa 80 ettari.<\/p>\n<p data-start=\"32\" data-end=\"150\">Scopri di pi\u00f9 su ciascuna tenuta:<\/p>\n<p data-start=\"152\" data-end=\"203\" data-is-last-node=\"\" data-is-only-node=\"\">\n<p>[\/et_pb_text][\/et_pb_column][\/et_pb_row][et_pb_row column_structure=&#8221;1_3,1_3,1_3&#8243; module_class=&#8221;ba-teaser&#8221; _builder_version=&#8221;4.16&#8243; _module_preset=&#8221;default&#8221; global_colors_info=&#8221;{}&#8221;][et_pb_column type=&#8221;1_3&#8243; _builder_version=&#8221;4.16&#8243; _module_preset=&#8221;default&#8221; global_colors_info=&#8221;{}&#8221;][et_pb_blurb title=&#8221;Brancaia a Radda&#8221; image=&#8221;https:\/\/brancaia.com\/wp-content\/uploads\/DJI_0025-scaled.jpeg&#8221; alt=&#8221;Mappa dettagliata di Brancaia a Radda&#8221; _builder_version=&#8221;4.27.4&#8243; _dynamic_attributes=&#8221;link_option_url&#8221; _module_preset=&#8221;default&#8221; link_option_url=&#8221;@ET-DC@eyJkeW5hbWljIjp0cnVlLCJjb250ZW50IjoicG9zdF9saW5rX3VybF9wYWdlIiwic2V0dGluZ3MiOnsicG9zdF9pZCI6IjM3In19@&#8221; hover_enabled=&#8221;0&#8243; locked=&#8221;off&#8221; global_colors_info=&#8221;{}&#8221; sticky_enabled=&#8221;0&#8243; max_height=&#8221;300px&#8221;][\/et_pb_blurb][\/et_pb_column][et_pb_column type=&#8221;1_3&#8243; _builder_version=&#8221;4.16&#8243; _module_preset=&#8221;default&#8221; global_colors_info=&#8221;{}&#8221;][et_pb_blurb title=&#8221;Brancaia a Castellina&#8221; image=&#8221;https:\/\/brancaia.com\/wp-content\/uploads\/Brancaia_estate-9-scaled.jpg&#8221; alt=&#8221;Mappa dettagliata di Brancaia a Castellina&#8221; _builder_version=&#8221;4.27.4&#8243; _dynamic_attributes=&#8221;link_option_url&#8221; _module_preset=&#8221;default&#8221; link_option_url=&#8221;@ET-DC@eyJkeW5hbWljIjp0cnVlLCJjb250ZW50IjoicG9zdF9saW5rX3VybF9wYWdlIiwic2V0dGluZ3MiOnsicG9zdF9pZCI6IjM5In19@&#8221; hover_enabled=&#8221;0&#8243; locked=&#8221;off&#8221; global_colors_info=&#8221;{}&#8221; max_height=&#8221;300px&#8221; sticky_enabled=&#8221;0&#8243;][\/et_pb_blurb][\/et_pb_column][et_pb_column type=&#8221;1_3&#8243; _builder_version=&#8221;4.16&#8243; _module_preset=&#8221;default&#8221; global_colors_info=&#8221;{}&#8221;][et_pb_blurb title=&#8221;Brancaia in Maremma&#8221; image=&#8221;https:\/\/brancaia.com\/wp-content\/uploads\/Foto-per-sito-31.png&#8221; alt=&#8221;Mappa dettagliata di Brancaia in Maremma&#8221; _builder_version=&#8221;4.27.4&#8243; _dynamic_attributes=&#8221;link_option_url&#8221; _module_preset=&#8221;default&#8221; link_option_url=&#8221;@ET-DC@eyJkeW5hbWljIjp0cnVlLCJjb250ZW50IjoicG9zdF9saW5rX3VybF9wYWdlIiwic2V0dGluZ3MiOnsicG9zdF9pZCI6IjQxIn19@&#8221; hover_enabled=&#8221;0&#8243; locked=&#8221;off&#8221; global_colors_info=&#8221;{}&#8221; max_height=&#8221;300px&#8221; sticky_enabled=&#8221;0&#8243;][\/et_pb_blurb][\/et_pb_column][\/et_pb_row][\/et_pb_section]<\/p>\n","protected":false},"excerpt":{"rendered":"<p>Le nostre tenute Alla cantina Brancaia appartengono vigneti nel Chianti Classico e nella Maremma Toscana. Ciascuna zona, grazie all&#8217;unicit\u00e0 del suo terroir, contribuisce alla complessit\u00e0 e alla finezza dei nostri vini. I nostri vigneti si estendono per un&#8217;area totale di circa 80 ettari. Scopri di pi\u00f9 su ciascuna tenuta:<\/p>\n","protected":false},"author":1,"featured_media":0,"parent":1518,"menu_order":10,"comment_status":"closed","ping_status":"closed","template":"","meta":{"_et_pb_use_builder":"on","_et_pb_old_content":"","_et_gb_content_width":"","footnotes":""},"class_list":["post-1665","page","type-page","status-publish","hentry"],"yoast_head":"<!-- This site is optimized with the Yoast SEO plugin v27.4 - https:\/\/yoast.com\/product\/yoast-seo-wordpress\/ -->\n<title>TENUTE - BRANCAIA<\/title>\n<meta name=\"robots\" content=\"index, follow, max-snippet:-1, max-image-preview:large, max-video-preview:-1\" \/>\n<link rel=\"canonical\" href=\"https:\/\/brancaia.com\/it\/azienda\/tenute\/\" \/>\n<meta property=\"og:locale\" content=\"it_IT\" \/>\n<meta property=\"og:type\" content=\"article\" \/>\n<meta property=\"og:title\" content=\"TENUTE - BRANCAIA\" \/>\n<meta property=\"og:description\" content=\"Le nostre tenute Alla cantina Brancaia appartengono vigneti nel Chianti Classico e nella Maremma Toscana. Ciascuna zona, grazie all&#039;unicit\u00e0 del suo terroir, contribuisce alla complessit\u00e0 e alla finezza dei nostri vini. I nostri vigneti si estendono per un&#039;area totale di circa 80 ettari. Scopri di pi\u00f9 su ciascuna tenuta:\" \/>\n<meta property=\"og:url\" content=\"https:\/\/brancaia.com\/it\/azienda\/tenute\/\" \/>\n<meta property=\"og:site_name\" content=\"BRANCAIA\" \/>\n<meta property=\"article:modified_time\" content=\"2025-03-11T16:29:32+00:00\" \/>\n<meta name=\"twitter:card\" content=\"summary_large_image\" \/>\n<meta name=\"twitter:label1\" content=\"Tempo di lettura stimato\" \/>\n\t<meta name=\"twitter:data1\" content=\"3 minuti\" \/>\n<script type=\"application\/ld+json\" class=\"yoast-schema-graph\">{\"@context\":\"https:\\\/\\\/schema.org\",\"@graph\":[{\"@type\":\"WebPage\",\"@id\":\"https:\\\/\\\/brancaia.com\\\/it\\\/azienda\\\/tenute\\\/\",\"url\":\"https:\\\/\\\/brancaia.com\\\/it\\\/azienda\\\/tenute\\\/\",\"name\":\"TENUTE - BRANCAIA\",\"isPartOf\":{\"@id\":\"https:\\\/\\\/brancaia.com\\\/it\\\/#website\"},\"datePublished\":\"2021-01-05T15:44:38+00:00\",\"dateModified\":\"2025-03-11T16:29:32+00:00\",\"breadcrumb\":{\"@id\":\"https:\\\/\\\/brancaia.com\\\/it\\\/azienda\\\/tenute\\\/#breadcrumb\"},\"inLanguage\":\"it-IT\",\"potentialAction\":[{\"@type\":\"ReadAction\",\"target\":[\"https:\\\/\\\/brancaia.com\\\/it\\\/azienda\\\/tenute\\\/\"]}]},{\"@type\":\"BreadcrumbList\",\"@id\":\"https:\\\/\\\/brancaia.com\\\/it\\\/azienda\\\/tenute\\\/#breadcrumb\",\"itemListElement\":[{\"@type\":\"ListItem\",\"position\":1,\"name\":\"Home\",\"item\":\"https:\\\/\\\/brancaia.com\\\/it\\\/home\\\/\"},{\"@type\":\"ListItem\",\"position\":2,\"name\":\"Cantina\",\"item\":\"https:\\\/\\\/brancaia.com\\\/it\\\/azienda\\\/\"},{\"@type\":\"ListItem\",\"position\":3,\"name\":\"TENUTE\"}]},{\"@type\":\"WebSite\",\"@id\":\"https:\\\/\\\/brancaia.com\\\/it\\\/#website\",\"url\":\"https:\\\/\\\/brancaia.com\\\/it\\\/\",\"name\":\"BRANCAIA\",\"description\":\"Winery &amp; Wines\",\"potentialAction\":[{\"@type\":\"SearchAction\",\"target\":{\"@type\":\"EntryPoint\",\"urlTemplate\":\"https:\\\/\\\/brancaia.com\\\/it\\\/?s={search_term_string}\"},\"query-input\":{\"@type\":\"PropertyValueSpecification\",\"valueRequired\":true,\"valueName\":\"search_term_string\"}}],\"inLanguage\":\"it-IT\"}]}<\/script>\n<!-- \/ Yoast SEO plugin. -->","yoast_head_json":{"title":"TENUTE - BRANCAIA","robots":{"index":"index","follow":"follow","max-snippet":"max-snippet:-1","max-image-preview":"max-image-preview:large","max-video-preview":"max-video-preview:-1"},"canonical":"https:\/\/brancaia.com\/it\/azienda\/tenute\/","og_locale":"it_IT","og_type":"article","og_title":"TENUTE - BRANCAIA","og_description":"Le nostre tenute Alla cantina Brancaia appartengono vigneti nel Chianti Classico e nella Maremma Toscana. Ciascuna zona, grazie all'unicit\u00e0 del suo terroir, contribuisce alla complessit\u00e0 e alla finezza dei nostri vini. I nostri vigneti si estendono per un'area totale di circa 80 ettari. Scopri di pi\u00f9 su ciascuna tenuta:","og_url":"https:\/\/brancaia.com\/it\/azienda\/tenute\/","og_site_name":"BRANCAIA","article_modified_time":"2025-03-11T16:29:32+00:00","twitter_card":"summary_large_image","twitter_misc":{"Tempo di lettura stimato":"3 minuti"},"schema":{"@context":"https:\/\/schema.org","@graph":[{"@type":"WebPage","@id":"https:\/\/brancaia.com\/it\/azienda\/tenute\/","url":"https:\/\/brancaia.com\/it\/azienda\/tenute\/","name":"TENUTE - BRANCAIA","isPartOf":{"@id":"https:\/\/brancaia.com\/it\/#website"},"datePublished":"2021-01-05T15:44:38+00:00","dateModified":"2025-03-11T16:29:32+00:00","breadcrumb":{"@id":"https:\/\/brancaia.com\/it\/azienda\/tenute\/#breadcrumb"},"inLanguage":"it-IT","potentialAction":[{"@type":"ReadAction","target":["https:\/\/brancaia.com\/it\/azienda\/tenute\/"]}]},{"@type":"BreadcrumbList","@id":"https:\/\/brancaia.com\/it\/azienda\/tenute\/#breadcrumb","itemListElement":[{"@type":"ListItem","position":1,"name":"Home","item":"https:\/\/brancaia.com\/it\/home\/"},{"@type":"ListItem","position":2,"name":"Cantina","item":"https:\/\/brancaia.com\/it\/azienda\/"},{"@type":"ListItem","position":3,"name":"TENUTE"}]},{"@type":"WebSite","@id":"https:\/\/brancaia.com\/it\/#website","url":"https:\/\/brancaia.com\/it\/","name":"BRANCAIA","description":"Winery &amp; Wines","potentialAction":[{"@type":"SearchAction","target":{"@type":"EntryPoint","urlTemplate":"https:\/\/brancaia.com\/it\/?s={search_term_string}"},"query-input":{"@type":"PropertyValueSpecification","valueRequired":true,"valueName":"search_term_string"}}],"inLanguage":"it-IT"}]}},"_links":{"self":[{"href":"https:\/\/brancaia.com\/it\/wp-json\/wp\/v2\/pages\/1665","targetHints":{"allow":["GET"]}}],"collection":[{"href":"https:\/\/brancaia.com\/it\/wp-json\/wp\/v2\/pages"}],"about":[{"href":"https:\/\/brancaia.com\/it\/wp-json\/wp\/v2\/types\/page"}],"author":[{"embeddable":true,"href":"https:\/\/brancaia.com\/it\/wp-json\/wp\/v2\/users\/1"}],"replies":[{"embeddable":true,"href":"https:\/\/brancaia.com\/it\/wp-json\/wp\/v2\/comments?post=1665"}],"version-history":[{"count":51,"href":"https:\/\/brancaia.com\/it\/wp-json\/wp\/v2\/pages\/1665\/revisions"}],"predecessor-version":[{"id":17894,"href":"https:\/\/brancaia.com\/it\/wp-json\/wp\/v2\/pages\/1665\/revisions\/17894"}],"up":[{"embeddable":true,"href":"https:\/\/brancaia.com\/it\/wp-json\/wp\/v2\/pages\/1518"}],"wp:attachment":[{"href":"https:\/\/brancaia.com\/it\/wp-json\/wp\/v2\/media?parent=1665"}],"curies":[{"name":"wp","href":"https:\/\/api.w.org\/{rel}","templated":true}]}}