{"id":1911,"date":"2021-01-05T18:15:43","date_gmt":"2021-01-05T17:15:43","guid":{"rendered":"https:\/\/brancaia.cyon.site\/riguardo-a-noi\/storia\/cronologia-2000\/"},"modified":"2025-01-27T12:36:49","modified_gmt":"2025-01-27T11:36:49","slug":"cronologia-2000","status":"publish","type":"page","link":"https:\/\/brancaia.com\/it\/chi-siamo\/storia\/cronologia-2000\/","title":{"rendered":"Cronologia 2000"},"content":{"rendered":"<p>[et_pb_section fb_built=&#8221;1&#8243; fullwidth=&#8221;on&#8221; _builder_version=&#8221;4.16&#8243; da_disable_devices=&#8221;off|off|off&#8221; global_colors_info=&#8221;{}&#8221; da_is_popup=&#8221;off&#8221; da_exit_intent=&#8221;off&#8221; da_has_close=&#8221;on&#8221; da_alt_close=&#8221;off&#8221; da_dark_close=&#8221;off&#8221; da_not_modal=&#8221;on&#8221; da_is_singular=&#8221;off&#8221; da_with_loader=&#8221;off&#8221; da_has_shadow=&#8221;on&#8221;][et_pb_fullwidth_header title=&#8221; &#8221; _builder_version=&#8221;4.16&#8243; background_enable_color=&#8221;off&#8221; background_image=&#8221;https:\/\/brancaia.com\/wp-content\/uploads\/hero_geschichte_1920x1080.jpg&#8221; global_colors_info=&#8221;{}&#8221;][\/et_pb_fullwidth_header][\/et_pb_section][et_pb_section fb_built=&#8221;1&#8243; _builder_version=&#8221;4.16&#8243; da_disable_devices=&#8221;off|off|off&#8221; global_colors_info=&#8221;{}&#8221; da_is_popup=&#8221;off&#8221; da_exit_intent=&#8221;off&#8221; da_has_close=&#8221;on&#8221; da_alt_close=&#8221;off&#8221; da_dark_close=&#8221;off&#8221; da_not_modal=&#8221;on&#8221; da_is_singular=&#8221;off&#8221; da_with_loader=&#8221;off&#8221; da_has_shadow=&#8221;on&#8221;][et_pb_row _builder_version=&#8221;4.16&#8243; _module_preset=&#8221;default&#8221; global_colors_info=&#8221;{}&#8221;][et_pb_column type=&#8221;4_4&#8243; _builder_version=&#8221;4.16&#8243; _module_preset=&#8221;default&#8221; global_colors_info=&#8221;{}&#8221;][et_pb_menu menu_id=&#8221;38&#8243; module_id=&#8221;ba-history-menu&#8221; _builder_version=&#8221;4.27.2&#8243; _module_preset=&#8221;default&#8221; global_colors_info=&#8221;{}&#8221;][\/et_pb_menu][\/et_pb_column][\/et_pb_row][et_pb_row _builder_version=&#8221;4.16&#8243; global_colors_info=&#8221;{}&#8221;][et_pb_column type=&#8221;4_4&#8243; _builder_version=&#8221;4.16&#8243; global_colors_info=&#8221;{}&#8221;][et_pb_text _builder_version=&#8221;4.16&#8243; global_colors_info=&#8221;{}&#8221;]<\/p>\n<h1>Cronologia 2000-2009<\/h1>\n<p>&nbsp;<\/p>\n<p>[\/et_pb_text][\/et_pb_column][\/et_pb_row][et_pb_row column_structure=&#8221;1_2,1_2&#8243; _builder_version=&#8221;4.16&#8243; _module_preset=&#8221;default&#8221; global_colors_info=&#8221;{}&#8221;][et_pb_column type=&#8221;1_2&#8243; _builder_version=&#8221;4.16&#8243; _module_preset=&#8221;default&#8221; global_colors_info=&#8221;{}&#8221;][et_pb_text _builder_version=&#8221;4.16&#8243; _module_preset=&#8221;default&#8221; global_colors_info=&#8221;{}&#8221;]<\/p>\n<p><strong>Nel 2000 Brancaia ha prodotto per la prima volta il TRE.<\/strong> Come assemblaggio di uve provenienti da diverse zone di coltivazione toscane, \u00e8 una novit\u00e0 assoluta e un&#8217;altra coraggiosa rottura nella tradizione. Nello stesso anno i vigneti maremmani consentono la prima piccola vendemmia. La cantina di Radda apre le porte ai visitatori e l&#8217;installazione di uno scaldacqua solare rende Brancaia ancora pi\u00f9 ecologica.<\/p>\n<p>[\/et_pb_text][et_pb_image src=&#8221;https:\/\/brancaia.com\/wp-content\/uploads\/Brancaia_Grappa_1200x960px_01..jpg&#8221; title_text=&#8221;Brancaia_Grappa_1200x960px_01.&#8221; _builder_version=&#8221;4.16&#8243; _module_preset=&#8221;default&#8221; global_colors_info=&#8221;{}&#8221;][\/et_pb_image][et_pb_text _builder_version=&#8221;4.16&#8243; _module_preset=&#8221;default&#8221; global_colors_info=&#8221;{}&#8221;]<\/p>\n<p><strong>Nel 2002 Brancaia ha lanciato sul mercato il suo vino di punta della Maremma.<\/strong> Porta il nome Ilatraia e, nonostante la difficile annata vinicola, riceve subito grandi riconoscimenti. Simon Woods di \u201cWine International\u201d d\u00e0 95 punti su 100, il \u201cWine Spectator\u201d 92. \u201cVecchi documenti dicono che la collina sulla propriet\u00e0 in Maremma \u00e8 stata chiamata Ilatraia almeno dal 1823. Presumibilmente a quel tempo era coperto di alberi ilatro. \u00c8 cos\u00ec che \u00e8 uscito il nome Ilatraia. Oggi il nostro miglior Petit Verdot cresce l\u00ec \u201d, spiega Barbara Widmer. Il 2002 \u00e8 anche un anno importante per Brancaia dal punto di vista commerciale. La cantina esporta per la prima volta in Giappone e Thailandia, il che le consente di prendere piede in Asia.<\/p>\n<p>[\/et_pb_text][et_pb_image src=&#8221;https:\/\/brancaia.com\/wp-content\/uploads\/Brancaia_Weinkeller_1200x960px_06.jpg&#8221; title_text=&#8221;Brancaia_Weinkeller_1200x960px_06&#8243; _builder_version=&#8221;4.16&#8243; _module_preset=&#8221;default&#8221; global_colors_info=&#8221;{}&#8221;][\/et_pb_image][et_pb_text _builder_version=&#8221;4.16&#8243; _module_preset=&#8221;default&#8221; global_colors_info=&#8221;{}&#8221;]<\/p>\n<p><strong>Nel 2004 c&#8217;erano gi\u00e0 40 ettari di vigneto in Maremma. Brancaia \u00e8 anche soddisfatta delle sue prime esportazioni in Brasile.<\/strong><\/p>\n<p><strong>Nel 2006 Brancaia si \u00e8 classificata al 9 \u00b0 posto nella top 100 del \u201cWine Spectator\u201d con IL BLU 2004.<\/strong><\/p>\n<p><strong>Nel 2007 l&#8217;India si \u00e8 aggiunta all&#8217;elenco dei paesi in cui Brancaia esporta i suoi vini.<\/strong><\/p>\n<p><strong>Brancaia consegna in Messico per la prima volta nel 2008.<\/strong> Ci\u00f2 significa che i vini di Radda, Castellina e Maremma sono gi\u00e0 disponibili in circa 40 paesi nel mondo. C&#8217;\u00e8 una cooperazione a lungo termine con la maggior parte dei partner.<\/p>\n<p>[\/et_pb_text][\/et_pb_column][et_pb_column type=&#8221;1_2&#8243; _builder_version=&#8221;4.16&#8243; _module_preset=&#8221;default&#8221; global_colors_info=&#8221;{}&#8221;][et_pb_image src=&#8221;https:\/\/brancaia.com\/wp-content\/uploads\/Brancaia_Weine_TRE_1200x960px_01.jpg&#8221; title_text=&#8221;Brancaia_Weine_TRE_1200x960px_01&#8243; _builder_version=&#8221;4.16&#8243; _module_preset=&#8221;default&#8221; global_colors_info=&#8221;{}&#8221;][\/et_pb_image][et_pb_text _builder_version=&#8221;4.16&#8243; _module_preset=&#8221;default&#8221; global_colors_info=&#8221;{}&#8221;]<\/p>\n<p><strong>Nel 2001 Brancaia ha ampliato la sua gamma di prodotti e ha prodotto per la prima volta la grappa insieme alla famosa Distilleria Berta del Piemonte.<\/strong> Una delle dieci botti di liquore morbido e ambrato pu\u00f2 invecchiare per altri nove anni dalla Grappa annata alla Grappa 10.<\/p>\n<p>[\/et_pb_text][et_pb_image src=&#8221;https:\/\/brancaia.com\/wp-content\/uploads\/Brancaia_Weine_ILatraia_1200x960px_01..jpg&#8221; title_text=&#8221;Brancaia_Weine_ILatraia_1200x960px_01.&#8221; _builder_version=&#8221;4.16&#8243; _module_preset=&#8221;default&#8221; global_colors_info=&#8221;{}&#8221;][\/et_pb_image][et_pb_text _builder_version=&#8221;4.16&#8243; _module_preset=&#8221;default&#8221; global_colors_info=&#8221;{}&#8221;]<\/p>\n<p><strong>Nel 2003 la nuova cantina in Maremma \u00e8 finalmente pronta per l&#8217;uso &#8211; e c&#8217;\u00e8 una bellissima sorpresa nell&#8217;edizione cartacea di \u201cWine Spectator\u201d.<\/strong> A Barbara Widmer \u00e8 dedicata anche la storia di copertina \u201cI nuovi volti d&#8217;Italia\u201d. \u00c8 l&#8217;unica enologa senza passaporto italiano a entrare nella cerchia esclusiva dei dieci prescelti. Progressi anche sul fronte dell&#8217;export: si aggiungono Israele e Canada come nuove destinazioni per Brancaia.<\/p>\n<p>[\/et_pb_text][et_pb_image src=&#8221;https:\/\/brancaia.com\/wp-content\/uploads\/Brancaia_Weine_ILBIANCO_1200x960px_01..jpg&#8221; title_text=&#8221;Brancaia_Weine_ILBIANCO_1200x960px_01.&#8221; _builder_version=&#8221;4.16&#8243; _module_preset=&#8221;default&#8221; global_colors_info=&#8221;{}&#8221;][\/et_pb_image][et_pb_text _builder_version=&#8221;4.16&#8243; _module_preset=&#8221;default&#8221; global_colors_info=&#8221;{}&#8221;]<\/p>\n<p><strong>Nel 2009 l&#8217;annata 2007 TRE \u00e8 arrivata al 10 \u00b0 posto nella illustre Top 100 della \u201cWine Spectator\u201d.<\/strong> Con Il Bianco Brancaia produce il suo primo vino bianco. \u201cI vini bianchi di solito giocano un ruolo minore in Toscana. Siamo tanto pi\u00f9 orgogliosi del nostro Il Bianco, che ci sembra ancora migliore ad ogni annata e si \u00e8 sviluppato molto bene nel tempo \u201d, spiega Barbara Widmer.<\/p>\n<p>[\/et_pb_text][\/et_pb_column][\/et_pb_row][\/et_pb_section]<\/p>\n","protected":false},"excerpt":{"rendered":"<p>Cronologia 2000-2009 &nbsp;Nel 2000 Brancaia ha prodotto per la prima volta il TRE. Come assemblaggio di uve provenienti da diverse zone di coltivazione toscane, \u00e8 una novit\u00e0 assoluta e un&#8217;altra coraggiosa rottura nella tradizione. Nello stesso anno i vigneti maremmani consentono la prima piccola vendemmia. La cantina di Radda apre le porte ai visitatori e [&hellip;]<\/p>\n","protected":false},"author":1,"featured_media":0,"parent":1799,"menu_order":13,"comment_status":"closed","ping_status":"closed","template":"","meta":{"_et_pb_use_builder":"on","_et_pb_old_content":"<!-- wp:divi\/placeholder \/-->","_et_gb_content_width":"","footnotes":""},"class_list":["post-1911","page","type-page","status-publish","hentry"],"yoast_head":"<!-- This site is optimized with the Yoast SEO plugin v27.5 - https:\/\/yoast.com\/product\/yoast-seo-wordpress\/ -->\n<title>Cronologia 2000 - BRANCAIA<\/title>\n<meta name=\"robots\" content=\"index, follow, max-snippet:-1, max-image-preview:large, max-video-preview:-1\" \/>\n<link rel=\"canonical\" href=\"https:\/\/brancaia.com\/it\/chi-siamo\/storia\/cronologia-2000\/\" \/>\n<meta property=\"og:locale\" content=\"it_IT\" \/>\n<meta property=\"og:type\" content=\"article\" \/>\n<meta property=\"og:title\" content=\"Cronologia 2000 - BRANCAIA\" \/>\n<meta property=\"og:description\" content=\"Cronologia 2000-2009 &nbsp;Nel 2000 Brancaia ha prodotto per la prima volta il TRE. Come assemblaggio di uve provenienti da diverse zone di coltivazione toscane, \u00e8 una novit\u00e0 assoluta e un&#039;altra coraggiosa rottura nella tradizione. Nello stesso anno i vigneti maremmani consentono la prima piccola vendemmia. La cantina di Radda apre le porte ai visitatori e [&hellip;]\" \/>\n<meta property=\"og:url\" content=\"https:\/\/brancaia.com\/it\/chi-siamo\/storia\/cronologia-2000\/\" \/>\n<meta property=\"og:site_name\" content=\"BRANCAIA\" \/>\n<meta property=\"article:modified_time\" content=\"2025-01-27T11:36:49+00:00\" \/>\n<meta name=\"twitter:card\" content=\"summary_large_image\" \/>\n<meta name=\"twitter:label1\" content=\"Tempo di lettura stimato\" \/>\n\t<meta name=\"twitter:data1\" content=\"5 minuti\" \/>\n<script type=\"application\/ld+json\" class=\"yoast-schema-graph\">{\"@context\":\"https:\\\/\\\/schema.org\",\"@graph\":[{\"@type\":\"WebPage\",\"@id\":\"https:\\\/\\\/brancaia.com\\\/it\\\/chi-siamo\\\/storia\\\/cronologia-2000\\\/\",\"url\":\"https:\\\/\\\/brancaia.com\\\/it\\\/chi-siamo\\\/storia\\\/cronologia-2000\\\/\",\"name\":\"Cronologia 2000 - BRANCAIA\",\"isPartOf\":{\"@id\":\"https:\\\/\\\/brancaia.com\\\/it\\\/#website\"},\"datePublished\":\"2021-01-05T17:15:43+00:00\",\"dateModified\":\"2025-01-27T11:36:49+00:00\",\"breadcrumb\":{\"@id\":\"https:\\\/\\\/brancaia.com\\\/it\\\/chi-siamo\\\/storia\\\/cronologia-2000\\\/#breadcrumb\"},\"inLanguage\":\"it-IT\",\"potentialAction\":[{\"@type\":\"ReadAction\",\"target\":[\"https:\\\/\\\/brancaia.com\\\/it\\\/chi-siamo\\\/storia\\\/cronologia-2000\\\/\"]}]},{\"@type\":\"BreadcrumbList\",\"@id\":\"https:\\\/\\\/brancaia.com\\\/it\\\/chi-siamo\\\/storia\\\/cronologia-2000\\\/#breadcrumb\",\"itemListElement\":[{\"@type\":\"ListItem\",\"position\":1,\"name\":\"Home\",\"item\":\"https:\\\/\\\/brancaia.com\\\/it\\\/home\\\/\"},{\"@type\":\"ListItem\",\"position\":2,\"name\":\"Chi siamo\",\"item\":\"https:\\\/\\\/brancaia.com\\\/it\\\/chi-siamo\\\/\"},{\"@type\":\"ListItem\",\"position\":3,\"name\":\"storia\",\"item\":\"https:\\\/\\\/brancaia.com\\\/it\\\/chi-siamo\\\/storia\\\/\"},{\"@type\":\"ListItem\",\"position\":4,\"name\":\"Cronologia 2000\"}]},{\"@type\":\"WebSite\",\"@id\":\"https:\\\/\\\/brancaia.com\\\/it\\\/#website\",\"url\":\"https:\\\/\\\/brancaia.com\\\/it\\\/\",\"name\":\"BRANCAIA\",\"description\":\"Winery &amp; Wines\",\"potentialAction\":[{\"@type\":\"SearchAction\",\"target\":{\"@type\":\"EntryPoint\",\"urlTemplate\":\"https:\\\/\\\/brancaia.com\\\/it\\\/?s={search_term_string}\"},\"query-input\":{\"@type\":\"PropertyValueSpecification\",\"valueRequired\":true,\"valueName\":\"search_term_string\"}}],\"inLanguage\":\"it-IT\"}]}<\/script>\n<!-- \/ Yoast SEO plugin. -->","yoast_head_json":{"title":"Cronologia 2000 - BRANCAIA","robots":{"index":"index","follow":"follow","max-snippet":"max-snippet:-1","max-image-preview":"max-image-preview:large","max-video-preview":"max-video-preview:-1"},"canonical":"https:\/\/brancaia.com\/it\/chi-siamo\/storia\/cronologia-2000\/","og_locale":"it_IT","og_type":"article","og_title":"Cronologia 2000 - BRANCAIA","og_description":"Cronologia 2000-2009 &nbsp;Nel 2000 Brancaia ha prodotto per la prima volta il TRE. Come assemblaggio di uve provenienti da diverse zone di coltivazione toscane, \u00e8 una novit\u00e0 assoluta e un'altra coraggiosa rottura nella tradizione. Nello stesso anno i vigneti maremmani consentono la prima piccola vendemmia. La cantina di Radda apre le porte ai visitatori e [&hellip;]","og_url":"https:\/\/brancaia.com\/it\/chi-siamo\/storia\/cronologia-2000\/","og_site_name":"BRANCAIA","article_modified_time":"2025-01-27T11:36:49+00:00","twitter_card":"summary_large_image","twitter_misc":{"Tempo di lettura stimato":"5 minuti"},"schema":{"@context":"https:\/\/schema.org","@graph":[{"@type":"WebPage","@id":"https:\/\/brancaia.com\/it\/chi-siamo\/storia\/cronologia-2000\/","url":"https:\/\/brancaia.com\/it\/chi-siamo\/storia\/cronologia-2000\/","name":"Cronologia 2000 - BRANCAIA","isPartOf":{"@id":"https:\/\/brancaia.com\/it\/#website"},"datePublished":"2021-01-05T17:15:43+00:00","dateModified":"2025-01-27T11:36:49+00:00","breadcrumb":{"@id":"https:\/\/brancaia.com\/it\/chi-siamo\/storia\/cronologia-2000\/#breadcrumb"},"inLanguage":"it-IT","potentialAction":[{"@type":"ReadAction","target":["https:\/\/brancaia.com\/it\/chi-siamo\/storia\/cronologia-2000\/"]}]},{"@type":"BreadcrumbList","@id":"https:\/\/brancaia.com\/it\/chi-siamo\/storia\/cronologia-2000\/#breadcrumb","itemListElement":[{"@type":"ListItem","position":1,"name":"Home","item":"https:\/\/brancaia.com\/it\/home\/"},{"@type":"ListItem","position":2,"name":"Chi siamo","item":"https:\/\/brancaia.com\/it\/chi-siamo\/"},{"@type":"ListItem","position":3,"name":"storia","item":"https:\/\/brancaia.com\/it\/chi-siamo\/storia\/"},{"@type":"ListItem","position":4,"name":"Cronologia 2000"}]},{"@type":"WebSite","@id":"https:\/\/brancaia.com\/it\/#website","url":"https:\/\/brancaia.com\/it\/","name":"BRANCAIA","description":"Winery &amp; Wines","potentialAction":[{"@type":"SearchAction","target":{"@type":"EntryPoint","urlTemplate":"https:\/\/brancaia.com\/it\/?s={search_term_string}"},"query-input":{"@type":"PropertyValueSpecification","valueRequired":true,"valueName":"search_term_string"}}],"inLanguage":"it-IT"}]}},"_links":{"self":[{"href":"https:\/\/brancaia.com\/it\/wp-json\/wp\/v2\/pages\/1911","targetHints":{"allow":["GET"]}}],"collection":[{"href":"https:\/\/brancaia.com\/it\/wp-json\/wp\/v2\/pages"}],"about":[{"href":"https:\/\/brancaia.com\/it\/wp-json\/wp\/v2\/types\/page"}],"author":[{"embeddable":true,"href":"https:\/\/brancaia.com\/it\/wp-json\/wp\/v2\/users\/1"}],"replies":[{"embeddable":true,"href":"https:\/\/brancaia.com\/it\/wp-json\/wp\/v2\/comments?post=1911"}],"version-history":[{"count":16,"href":"https:\/\/brancaia.com\/it\/wp-json\/wp\/v2\/pages\/1911\/revisions"}],"predecessor-version":[{"id":16610,"href":"https:\/\/brancaia.com\/it\/wp-json\/wp\/v2\/pages\/1911\/revisions\/16610"}],"up":[{"embeddable":true,"href":"https:\/\/brancaia.com\/it\/wp-json\/wp\/v2\/pages\/1799"}],"wp:attachment":[{"href":"https:\/\/brancaia.com\/it\/wp-json\/wp\/v2\/media?parent=1911"}],"curies":[{"name":"wp","href":"https:\/\/api.w.org\/{rel}","templated":true}]}}