{"id":1926,"date":"2021-01-05T18:16:54","date_gmt":"2021-01-05T17:16:54","guid":{"rendered":"https:\/\/brancaia.cyon.site\/riguardo-a-noi\/storia\/cronologia-1990\/"},"modified":"2024-10-08T12:06:36","modified_gmt":"2024-10-08T10:06:36","slug":"cronologia-1990","status":"publish","type":"page","link":"https:\/\/brancaia.com\/it\/chi-siamo\/storia\/cronologia-1990\/","title":{"rendered":"Cronologia 1990"},"content":{"rendered":"<p>[et_pb_section fb_built=&#8221;1&#8243; fullwidth=&#8221;on&#8221; _builder_version=&#8221;4.16&#8243; global_colors_info=&#8221;{}&#8221; da_is_popup=&#8221;off&#8221; da_exit_intent=&#8221;off&#8221; da_has_close=&#8221;on&#8221; da_alt_close=&#8221;off&#8221; da_dark_close=&#8221;off&#8221; da_not_modal=&#8221;on&#8221; da_is_singular=&#8221;off&#8221; da_with_loader=&#8221;off&#8221; da_has_shadow=&#8221;on&#8221; da_disable_devices=&#8221;off|off|off&#8221;][et_pb_fullwidth_header title=&#8221; &#8221; _builder_version=&#8221;4.16&#8243; background_enable_color=&#8221;off&#8221; background_image=&#8221;https:\/\/brancaia.com\/wp-content\/uploads\/hero_geschichte_1920x1080.jpg&#8221; global_colors_info=&#8221;{}&#8221;][\/et_pb_fullwidth_header][\/et_pb_section][et_pb_section fb_built=&#8221;1&#8243; _builder_version=&#8221;4.16&#8243; global_colors_info=&#8221;{}&#8221; da_is_popup=&#8221;off&#8221; da_exit_intent=&#8221;off&#8221; da_has_close=&#8221;on&#8221; da_alt_close=&#8221;off&#8221; da_dark_close=&#8221;off&#8221; da_not_modal=&#8221;on&#8221; da_is_singular=&#8221;off&#8221; da_with_loader=&#8221;off&#8221; da_has_shadow=&#8221;on&#8221; da_disable_devices=&#8221;off|off|off&#8221;][et_pb_row _builder_version=&#8221;4.16&#8243; _module_preset=&#8221;default&#8221; global_colors_info=&#8221;{}&#8221;][et_pb_column type=&#8221;4_4&#8243; _builder_version=&#8221;4.16&#8243; _module_preset=&#8221;default&#8221; global_colors_info=&#8221;{}&#8221;][et_pb_menu menu_id=&#8221;38&#8243; _builder_version=&#8221;4.27.2&#8243; _module_preset=&#8221;default&#8221; hover_enabled=&#8221;0&#8243; global_colors_info=&#8221;{}&#8221; module_id=&#8221;ba-history-menu&#8221; sticky_enabled=&#8221;0&#8243;][\/et_pb_menu][\/et_pb_column][\/et_pb_row][et_pb_row _builder_version=&#8221;4.16&#8243; global_colors_info=&#8221;{}&#8221;][et_pb_column type=&#8221;4_4&#8243; _builder_version=&#8221;4.16&#8243; global_colors_info=&#8221;{}&#8221;][et_pb_text _builder_version=&#8221;4.16&#8243; global_colors_info=&#8221;{}&#8221;]<\/p>\n<h1>Cronologia 1990-1999<\/h1>\n<p>&nbsp;<\/p>\n<p>[\/et_pb_text][\/et_pb_column][\/et_pb_row][et_pb_row column_structure=&#8221;1_2,1_2&#8243; _builder_version=&#8221;4.16&#8243; _module_preset=&#8221;default&#8221; global_colors_info=&#8221;{}&#8221;][et_pb_column type=&#8221;1_2&#8243; _builder_version=&#8221;4.16&#8243; _module_preset=&#8221;default&#8221; global_colors_info=&#8221;{}&#8221;][et_pb_text _builder_version=&#8221;4.16&#8243; _module_preset=&#8221;default&#8221; global_colors_info=&#8221;{}&#8221;]<\/p>\n<p><strong>Nel 1992 Brancaia assume come consulente esterno l&#8217;enologo stellato Carlo Ferrini.<\/strong> &#8220;La ricchezza di esperienza di Carlos \u00e8 di inestimabile valore per noi fino ad oggi&#8221;, afferma Barbara Widmer. &#8220;La vista dall&#8217;esterno previene anche il rischio di una certa cecit\u00e0 operativa&#8221;.<\/p>\n<p>[\/et_pb_text][et_pb_text _builder_version=&#8221;4.16&#8243; _module_preset=&#8221;default&#8221; global_colors_info=&#8221;{}&#8221;]<\/p>\n<p><strong>1993<\/strong><strong> Barbara Widmer partecipa alla sua prima vendemmia su Brancaia.<\/strong> &#8220;Ha funzionato&#8221;, dice. \u201cLa vendemmia \u00e8 uno dei processi pi\u00f9 belli. Dopo aver lavorato in vigna per un anno intero, si possono finalmente raccogliere le uve perfettamente mature e portarle in cantina. Tra pochi giorni vi verr\u00e0 prodotto vino giovane. Amo i colori, i profumi, l&#8217;atmosfera unica. &#8221; Nel frattempo, Brancaia esporta per la prima volta vino negli Stati Uniti e il &#8220;Wine Spectator&#8221; valuta IL BLU del 1990 con 91 punti su 100.<\/p>\n<p>[\/et_pb_text][et_pb_image src=&#8221;https:\/\/brancaia.com\/wp-content\/uploads\/Brancaia_Geschichte_1090_1200x960px_05.jpg&#8221; title_text=&#8221;Brancaia_Geschichte_1090_1200x960px_05&#8243; _builder_version=&#8221;4.16&#8243; _module_preset=&#8221;default&#8221; global_colors_info=&#8221;{}&#8221;][\/et_pb_image][et_pb_text _builder_version=&#8221;4.16&#8243; _module_preset=&#8221;default&#8221; global_colors_info=&#8221;{}&#8221;]<\/p>\n<p><strong>Nel 1994 la guida gastronomica italiana \u201cGambero Rosso\u201d ha nobilitato per la prima volta IL BLU con il suo massimo riconoscimento, i Tre Bicchieri (tre bicchieri).<\/strong> Con questo, la popolarit\u00e0 di Brancaia in Italia aumenta a passi da gigante. &#8220;Siamo stati la prima azienda vinicola gestita da stranieri a ricevere questo riconoscimento&#8221;, ricorda Bruno Widmer. Brancaia ha ora vinto il premio 18 volte. Barbara Widmer sta svolgendo uno stage di un anno presso il Domaine des Balisiers nel cantone di Ginevra. Gi\u00e0 allora l&#8217;azienda era il pi\u00f9 grande produttore di vini biologici in Svizzera e coltiva la viticoltura biologica dal 1982.<\/p>\n<p>[\/et_pb_text][et_pb_image src=&#8221;https:\/\/brancaia.com\/wp-content\/uploads\/Brancaia_Weine_ILBLU_1200x960px_02.jpg&#8221; title_text=&#8221;Brancaia_Weine_ILBLU_1200x960px_02&#8243; _builder_version=&#8221;4.16&#8243; _module_preset=&#8221;default&#8221; global_colors_info=&#8221;{}&#8221;][\/et_pb_image][et_pb_text _builder_version=&#8221;4.16&#8243; _module_preset=&#8221;default&#8221; global_colors_info=&#8221;{}&#8221;]<\/p>\n<p><strong>Nel 1998 Bruno e Brigitte Widmer hanno acquistato 82 ettari di terreno in Maremma, affacciato sul mare.<\/strong> Contemporaneamente all&#8217;arrivo dell&#8217;enologo diplomato, Brancaia ha potuto per la prima volta vinificare e sviluppare il suo vino in autonomia, poich\u00e9 la costruzione della cantina a Radda \u00e8 stata finalmente completata. La possibilit\u00e0 di dare ai vini Brancaia ancora di pi\u00f9 la propria identit\u00e0. Sempre nel 1998 i Widmer impiantano i primi vigneti in Maremma. Come quelle di Radda e Castellina, queste sono in gran parte circondate dalla foresta &#8211; e quindi protette da eventuali schizzi dei vicini.<\/p>\n<p>[\/et_pb_text][\/et_pb_column][et_pb_column type=&#8221;1_2&#8243; _builder_version=&#8221;4.16&#8243; _module_preset=&#8221;default&#8221; global_colors_info=&#8221;{}&#8221;][et_pb_image src=&#8221;https:\/\/brancaia.com\/wp-content\/uploads\/Brancaia_Geschichte_1090_1200x960px_04.jpg&#8221; title_text=&#8221;Brancaia_Geschichte_1090_1200x960px_04&#8243; _builder_version=&#8221;4.16&#8243; _module_preset=&#8221;default&#8221; global_colors_info=&#8221;{}&#8221;][\/et_pb_image][et_pb_text _builder_version=&#8221;4.16&#8243; _module_preset=&#8221;default&#8221; global_colors_info=&#8221;{}&#8221;]<\/p>\n<p><strong>Nel 1995 Barbara Widmer ha iniziato a studiare enologia presso l&#8217;Universit\u00e0 di scienze applicate di W\u00e4denswil.<\/strong> &#8220;La decisione di passare dal mondo dell&#8217;architettura a quello della viticoltura \u00e8 stato un processo graduale&#8221;, ricorda. \u201cMi piacevano i miei studi, ma dubitavo sempre pi\u00f9 che mi sarei divertito soprattutto a mettere in pratica le idee degli altri e inchinarmi cos\u00ec ai loro gusti, per cos\u00ec dire. Fortunatamente, questo \u00e8 diverso con il vino &#8220;. La casa privata in localit\u00e0 Poppi a Radda \u00e8 stata ora completamente ristrutturata e tutti i vigneti sono stati impiantati di recente.<\/p>\n<p>[\/et_pb_text][et_pb_image src=&#8221;https:\/\/brancaia.com\/wp-content\/uploads\/Brancaia_Geschichte_1090_1200x960px_02.jpg&#8221; title_text=&#8221;Brancaia_Geschichte_1090_1200x960px_02&#8243; _builder_version=&#8221;4.16&#8243; _module_preset=&#8221;default&#8221; global_colors_info=&#8221;{}&#8221;][\/et_pb_image][et_pb_text _builder_version=&#8221;4.16&#8243; _module_preset=&#8221;default&#8221; global_colors_info=&#8221;{}&#8221;]<\/p>\n<p><strong>Nel 1996 Brancaia ha compiuto un passo importante verso l&#8217;agricoltura ecologica con l&#8217;inverdimento di ogni secondo filare di viti.<\/strong> Barbara Widmer sta scrivendo una tesi semestrale sulla viticoltura biologica presso l&#8217;Universit\u00e0 di scienze applicate di W\u00e4denswil e sottolinea cos\u00ec quanto sia importante l&#8217;argomento per lei e Brancaia.<\/p>\n<p>[\/et_pb_text][et_pb_image src=&#8221;https:\/\/brancaia.com\/wp-content\/uploads\/Brancaia_Geschichte_Poppi_1200x960px.jpg&#8221; title_text=&#8221;Brancaia_Geschichte_Poppi_1200x960px&#8221; _builder_version=&#8221;4.16&#8243; _module_preset=&#8221;default&#8221; global_colors_info=&#8221;{}&#8221;][\/et_pb_image][\/et_pb_column][\/et_pb_row][\/et_pb_section]<\/p>\n","protected":false},"excerpt":{"rendered":"<p>Cronologia 1990-1999 &nbsp;Nel 1992 Brancaia assume come consulente esterno l&#8217;enologo stellato Carlo Ferrini. &#8220;La ricchezza di esperienza di Carlos \u00e8 di inestimabile valore per noi fino ad oggi&#8221;, afferma Barbara Widmer. &#8220;La vista dall&#8217;esterno previene anche il rischio di una certa cecit\u00e0 operativa&#8221;.1993 Barbara Widmer partecipa alla sua prima vendemmia su Brancaia. &#8220;Ha funzionato&#8221;, dice. [&hellip;]<\/p>\n","protected":false},"author":1,"featured_media":0,"parent":1799,"menu_order":16,"comment_status":"closed","ping_status":"closed","template":"","meta":{"_et_pb_use_builder":"on","_et_pb_old_content":"","_et_gb_content_width":"","footnotes":""},"class_list":["post-1926","page","type-page","status-publish","hentry"],"yoast_head":"<!-- This site is optimized with the Yoast SEO plugin v27.5 - https:\/\/yoast.com\/product\/yoast-seo-wordpress\/ -->\n<title>Cronologia 1990 - BRANCAIA<\/title>\n<meta name=\"robots\" content=\"index, follow, max-snippet:-1, max-image-preview:large, max-video-preview:-1\" \/>\n<link rel=\"canonical\" href=\"https:\/\/brancaia.com\/it\/chi-siamo\/storia\/cronologia-1990\/\" \/>\n<meta property=\"og:locale\" content=\"it_IT\" \/>\n<meta property=\"og:type\" content=\"article\" \/>\n<meta property=\"og:title\" content=\"Cronologia 1990 - BRANCAIA\" \/>\n<meta property=\"og:description\" content=\"Cronologia 1990-1999 &nbsp;Nel 1992 Brancaia assume come consulente esterno l&#039;enologo stellato Carlo Ferrini. &quot;La ricchezza di esperienza di Carlos \u00e8 di inestimabile valore per noi fino ad oggi&quot;, afferma Barbara Widmer. &quot;La vista dall&#039;esterno previene anche il rischio di una certa cecit\u00e0 operativa&quot;.1993 Barbara Widmer partecipa alla sua prima vendemmia su Brancaia. &quot;Ha funzionato&quot;, dice. [&hellip;]\" \/>\n<meta property=\"og:url\" content=\"https:\/\/brancaia.com\/it\/chi-siamo\/storia\/cronologia-1990\/\" \/>\n<meta property=\"og:site_name\" content=\"BRANCAIA\" \/>\n<meta property=\"article:modified_time\" content=\"2024-10-08T10:06:36+00:00\" \/>\n<meta name=\"twitter:card\" content=\"summary_large_image\" \/>\n<meta name=\"twitter:label1\" content=\"Tempo di lettura stimato\" \/>\n\t<meta name=\"twitter:data1\" content=\"5 minuti\" \/>\n<script type=\"application\/ld+json\" class=\"yoast-schema-graph\">{\"@context\":\"https:\\\/\\\/schema.org\",\"@graph\":[{\"@type\":\"WebPage\",\"@id\":\"https:\\\/\\\/brancaia.com\\\/it\\\/chi-siamo\\\/storia\\\/cronologia-1990\\\/\",\"url\":\"https:\\\/\\\/brancaia.com\\\/it\\\/chi-siamo\\\/storia\\\/cronologia-1990\\\/\",\"name\":\"Cronologia 1990 - BRANCAIA\",\"isPartOf\":{\"@id\":\"https:\\\/\\\/brancaia.com\\\/it\\\/#website\"},\"datePublished\":\"2021-01-05T17:16:54+00:00\",\"dateModified\":\"2024-10-08T10:06:36+00:00\",\"breadcrumb\":{\"@id\":\"https:\\\/\\\/brancaia.com\\\/it\\\/chi-siamo\\\/storia\\\/cronologia-1990\\\/#breadcrumb\"},\"inLanguage\":\"it-IT\",\"potentialAction\":[{\"@type\":\"ReadAction\",\"target\":[\"https:\\\/\\\/brancaia.com\\\/it\\\/chi-siamo\\\/storia\\\/cronologia-1990\\\/\"]}]},{\"@type\":\"BreadcrumbList\",\"@id\":\"https:\\\/\\\/brancaia.com\\\/it\\\/chi-siamo\\\/storia\\\/cronologia-1990\\\/#breadcrumb\",\"itemListElement\":[{\"@type\":\"ListItem\",\"position\":1,\"name\":\"Home\",\"item\":\"https:\\\/\\\/brancaia.com\\\/it\\\/home\\\/\"},{\"@type\":\"ListItem\",\"position\":2,\"name\":\"Chi siamo\",\"item\":\"https:\\\/\\\/brancaia.com\\\/it\\\/chi-siamo\\\/\"},{\"@type\":\"ListItem\",\"position\":3,\"name\":\"storia\",\"item\":\"https:\\\/\\\/brancaia.com\\\/it\\\/chi-siamo\\\/storia\\\/\"},{\"@type\":\"ListItem\",\"position\":4,\"name\":\"Cronologia 1990\"}]},{\"@type\":\"WebSite\",\"@id\":\"https:\\\/\\\/brancaia.com\\\/it\\\/#website\",\"url\":\"https:\\\/\\\/brancaia.com\\\/it\\\/\",\"name\":\"BRANCAIA\",\"description\":\"Winery &amp; Wines\",\"potentialAction\":[{\"@type\":\"SearchAction\",\"target\":{\"@type\":\"EntryPoint\",\"urlTemplate\":\"https:\\\/\\\/brancaia.com\\\/it\\\/?s={search_term_string}\"},\"query-input\":{\"@type\":\"PropertyValueSpecification\",\"valueRequired\":true,\"valueName\":\"search_term_string\"}}],\"inLanguage\":\"it-IT\"}]}<\/script>\n<!-- \/ Yoast SEO plugin. -->","yoast_head_json":{"title":"Cronologia 1990 - BRANCAIA","robots":{"index":"index","follow":"follow","max-snippet":"max-snippet:-1","max-image-preview":"max-image-preview:large","max-video-preview":"max-video-preview:-1"},"canonical":"https:\/\/brancaia.com\/it\/chi-siamo\/storia\/cronologia-1990\/","og_locale":"it_IT","og_type":"article","og_title":"Cronologia 1990 - BRANCAIA","og_description":"Cronologia 1990-1999 &nbsp;Nel 1992 Brancaia assume come consulente esterno l'enologo stellato Carlo Ferrini. \"La ricchezza di esperienza di Carlos \u00e8 di inestimabile valore per noi fino ad oggi\", afferma Barbara Widmer. \"La vista dall'esterno previene anche il rischio di una certa cecit\u00e0 operativa\".1993 Barbara Widmer partecipa alla sua prima vendemmia su Brancaia. \"Ha funzionato\", dice. [&hellip;]","og_url":"https:\/\/brancaia.com\/it\/chi-siamo\/storia\/cronologia-1990\/","og_site_name":"BRANCAIA","article_modified_time":"2024-10-08T10:06:36+00:00","twitter_card":"summary_large_image","twitter_misc":{"Tempo di lettura stimato":"5 minuti"},"schema":{"@context":"https:\/\/schema.org","@graph":[{"@type":"WebPage","@id":"https:\/\/brancaia.com\/it\/chi-siamo\/storia\/cronologia-1990\/","url":"https:\/\/brancaia.com\/it\/chi-siamo\/storia\/cronologia-1990\/","name":"Cronologia 1990 - BRANCAIA","isPartOf":{"@id":"https:\/\/brancaia.com\/it\/#website"},"datePublished":"2021-01-05T17:16:54+00:00","dateModified":"2024-10-08T10:06:36+00:00","breadcrumb":{"@id":"https:\/\/brancaia.com\/it\/chi-siamo\/storia\/cronologia-1990\/#breadcrumb"},"inLanguage":"it-IT","potentialAction":[{"@type":"ReadAction","target":["https:\/\/brancaia.com\/it\/chi-siamo\/storia\/cronologia-1990\/"]}]},{"@type":"BreadcrumbList","@id":"https:\/\/brancaia.com\/it\/chi-siamo\/storia\/cronologia-1990\/#breadcrumb","itemListElement":[{"@type":"ListItem","position":1,"name":"Home","item":"https:\/\/brancaia.com\/it\/home\/"},{"@type":"ListItem","position":2,"name":"Chi siamo","item":"https:\/\/brancaia.com\/it\/chi-siamo\/"},{"@type":"ListItem","position":3,"name":"storia","item":"https:\/\/brancaia.com\/it\/chi-siamo\/storia\/"},{"@type":"ListItem","position":4,"name":"Cronologia 1990"}]},{"@type":"WebSite","@id":"https:\/\/brancaia.com\/it\/#website","url":"https:\/\/brancaia.com\/it\/","name":"BRANCAIA","description":"Winery &amp; Wines","potentialAction":[{"@type":"SearchAction","target":{"@type":"EntryPoint","urlTemplate":"https:\/\/brancaia.com\/it\/?s={search_term_string}"},"query-input":{"@type":"PropertyValueSpecification","valueRequired":true,"valueName":"search_term_string"}}],"inLanguage":"it-IT"}]}},"_links":{"self":[{"href":"https:\/\/brancaia.com\/it\/wp-json\/wp\/v2\/pages\/1926","targetHints":{"allow":["GET"]}}],"collection":[{"href":"https:\/\/brancaia.com\/it\/wp-json\/wp\/v2\/pages"}],"about":[{"href":"https:\/\/brancaia.com\/it\/wp-json\/wp\/v2\/types\/page"}],"author":[{"embeddable":true,"href":"https:\/\/brancaia.com\/it\/wp-json\/wp\/v2\/users\/1"}],"replies":[{"embeddable":true,"href":"https:\/\/brancaia.com\/it\/wp-json\/wp\/v2\/comments?post=1926"}],"version-history":[{"count":16,"href":"https:\/\/brancaia.com\/it\/wp-json\/wp\/v2\/pages\/1926\/revisions"}],"predecessor-version":[{"id":15492,"href":"https:\/\/brancaia.com\/it\/wp-json\/wp\/v2\/pages\/1926\/revisions\/15492"}],"up":[{"embeddable":true,"href":"https:\/\/brancaia.com\/it\/wp-json\/wp\/v2\/pages\/1799"}],"wp:attachment":[{"href":"https:\/\/brancaia.com\/it\/wp-json\/wp\/v2\/media?parent=1926"}],"curies":[{"name":"wp","href":"https:\/\/api.w.org\/{rel}","templated":true}]}}