{"id":1942,"date":"2021-01-05T18:18:08","date_gmt":"2021-01-05T17:18:08","guid":{"rendered":"https:\/\/brancaia.cyon.site\/riguardo-a-noi\/storia\/cronologia-1980\/"},"modified":"2025-02-03T17:46:12","modified_gmt":"2025-02-03T16:46:12","slug":"cronologia-1980","status":"publish","type":"page","link":"https:\/\/brancaia.com\/it\/chi-siamo\/storia\/cronologia-1980\/","title":{"rendered":"Cronologia 1980"},"content":{"rendered":"<p>[et_pb_section fb_built=&#8221;1&#8243; fullwidth=&#8221;on&#8221; _builder_version=&#8221;4.16&#8243; da_disable_devices=&#8221;off|off|off&#8221; global_colors_info=&#8221;{}&#8221; da_is_popup=&#8221;off&#8221; da_exit_intent=&#8221;off&#8221; da_has_close=&#8221;on&#8221; da_alt_close=&#8221;off&#8221; da_dark_close=&#8221;off&#8221; da_not_modal=&#8221;on&#8221; da_is_singular=&#8221;off&#8221; da_with_loader=&#8221;off&#8221; da_has_shadow=&#8221;on&#8221;][et_pb_fullwidth_header title=&#8221; &#8221; _builder_version=&#8221;4.16&#8243; background_enable_color=&#8221;off&#8221; background_image=&#8221;https:\/\/brancaia.com\/wp-content\/uploads\/hero_geschichte_1920x1080.jpg&#8221; global_colors_info=&#8221;{}&#8221;][\/et_pb_fullwidth_header][\/et_pb_section][et_pb_section fb_built=&#8221;1&#8243; _builder_version=&#8221;4.16&#8243; da_disable_devices=&#8221;off|off|off&#8221; global_colors_info=&#8221;{}&#8221; da_is_popup=&#8221;off&#8221; da_exit_intent=&#8221;off&#8221; da_has_close=&#8221;on&#8221; da_alt_close=&#8221;off&#8221; da_dark_close=&#8221;off&#8221; da_not_modal=&#8221;on&#8221; da_is_singular=&#8221;off&#8221; da_with_loader=&#8221;off&#8221; da_has_shadow=&#8221;on&#8221;][et_pb_row _builder_version=&#8221;4.16&#8243; _module_preset=&#8221;default&#8221; global_colors_info=&#8221;{}&#8221;][et_pb_column type=&#8221;4_4&#8243; _builder_version=&#8221;4.16&#8243; _module_preset=&#8221;default&#8221; global_colors_info=&#8221;{}&#8221;][et_pb_menu menu_id=&#8221;38&#8243; module_id=&#8221;ba-history-menu&#8221; _builder_version=&#8221;4.27.2&#8243; _module_preset=&#8221;default&#8221; global_colors_info=&#8221;{}&#8221;][\/et_pb_menu][\/et_pb_column][\/et_pb_row][et_pb_row _builder_version=&#8221;4.16&#8243; global_colors_info=&#8221;{}&#8221;][et_pb_column type=&#8221;4_4&#8243; _builder_version=&#8221;4.16&#8243; global_colors_info=&#8221;{}&#8221;][et_pb_text _builder_version=&#8221;4.16&#8243; global_colors_info=&#8221;{}&#8221;]<\/p>\n<h1>Cronologia 1980-1989<\/h1>\n<p>&nbsp;<\/p>\n<p>[\/et_pb_text][\/et_pb_column][\/et_pb_row][et_pb_row column_structure=&#8221;1_2,1_2&#8243; _builder_version=&#8221;4.16&#8243; _module_preset=&#8221;default&#8221; global_colors_info=&#8221;{}&#8221;][et_pb_column type=&#8221;1_2&#8243; _builder_version=&#8221;4.16&#8243; _module_preset=&#8221;default&#8221; global_colors_info=&#8221;{}&#8221;][et_pb_text admin_label=&#8221;Text&#8221; _builder_version=&#8221;4.16&#8243; _module_preset=&#8221;default&#8221; global_colors_info=&#8221;{}&#8221;]<\/p>\n<p><strong>Nel 1980 i Widmer si recano in Toscana per una visita natalizia.<\/strong> Bruno Widmer si innamora subito del colle Brancaia. &#8220;Dalla casa del nostro amico Ruedi Bettschart abbiamo visto questo bellissimo pezzo di terra&#8221;, ricorda. \u201cL&#8217;intera area era coperta dalla nebbia mattutina, ma Brancaia era al sole. Uno spettacolo magico! &#8221; Quindi \u00e8 un bene che il precedente proprietario dalla Gran Bretagna voglia rinunciare alla tenuta. Il contadino che per lui curava le vigne \u00e8 morto, lui stesso ha settant&#8217;anni. Brigitte Widmer \u00e8 inizialmente scettica. Ma oggi dice: &#8220;Brancaia significa molto per me &#8211; e ogni giorno di pi\u00f9&#8221;.<\/p>\n<p>[\/et_pb_text][et_pb_image src=&#8221;https:\/\/brancaia.com\/wp-content\/uploads\/Brancaia_Geschichte_Poppi_vor_unserer_Zeit_1200x960px.jpg&#8221; title_text=&#8221;Brancaia_History_Poppi_before_our_time_1200x960px&#8221; _builder_version=&#8221;4.16&#8243; _module_preset=&#8221;default&#8221; global_colors_info=&#8221;{}&#8221;][\/et_pb_image][et_pb_text admin_label=&#8221;Text&#8221; _builder_version=&#8221;4.16&#8243; _module_preset=&#8221;default&#8221; global_colors_info=&#8221;{}&#8221;]<\/p>\n<p><strong>Nel 1983 il nuovo stoccaggio dei vigneti a Castellina apre una nuova era per Bruno e Brigitte Widmer.<\/strong> Allo stesso tempo, quattro appartamenti per vacanze ristrutturati con cura vengono costruiti nell&#8217;antica casa padronale sulla collina Brancaia. Progressi anche in termini di personale: i Widmer assumono il loro primo dipendente a tempo indeterminato.<\/p>\n<p>[\/et_pb_text][et_pb_text admin_label=&#8221;Text&#8221; _builder_version=&#8221;4.16&#8243; _module_preset=&#8221;default&#8221; global_colors_info=&#8221;{}&#8221;]<\/p>\n<p><strong>Nel 1986 Brancaia vinse una degustazione alla cieca di Chianti Classico del 1983 organizzata dalla rivista svizzera di vini \u201cVinum\u201d &#8211; e all&#8217;improvviso tutti ne parlarono.<\/strong> &#8220;Un vero colpo di fortuna&#8221;, afferma Brigitte Widmer. \u201cLo stupore della giuria\u201d, continua, \u201c\u00e8 stato cos\u00ec grande che alcune persone hanno chiesto un&#8217;altra degustazione. Il commerciante di vino, che aveva fatto una campagna per la degustazione del nostro Chianti, lo ha impedito &#8220;.<\/p>\n<p>[\/et_pb_text][et_pb_image src=&#8221;https:\/\/brancaia.com\/wp-content\/uploads\/Brancaia_Geschichte_Poppi_Bau_1200x960px_03-1.jpg&#8221; title_text=&#8221;Brancaia_History_Poppi_Bau_1200x960px_03&#8243; _builder_version=&#8221;4.16&#8243; _module_preset=&#8221;default&#8221; global_colors_info=&#8221;{}&#8221;][\/et_pb_image][et_pb_text admin_label=&#8221;Text&#8221; _builder_version=&#8221;4.16&#8243; _module_preset=&#8221;default&#8221; global_colors_info=&#8221;{}&#8221;]<\/p>\n<p><strong>Nel 1989 i Widmer acquistano una propriet\u00e0 di 53 ettari nel sito di Poppi a Radda.<\/strong> I suoi vigneti sono completamente trascurati, ma anche completamente circondati da boschi &#8211; e quindi predestinati alla viticoltura ecologica. La casa che sta l\u00ec sembra un rudere, non ha n\u00e9 elettricit\u00e0 n\u00e9 acqua corrente. La rimessa attrezzi \u00e8 un colpo di fortuna: d\u00e0 l&#8217;opportunit\u00e0 alla nuova coppia di proprietari dalla Svizzera di richiedere il permesso di costruire per la propria cantina. Parallelamente a questi eventi, viene formato il primo team Brancaia con sei dipendenti. Quaranta oggi.<\/p>\n<p>[\/et_pb_text][et_pb_image src=&#8221;https:\/\/brancaia.com\/wp-content\/uploads\/Brancaia_Geschichte_1980_1200x960px_01.jpg&#8221; title_text=&#8221;Brancaia_History_1980_1200x960px_01&#8243; _builder_version=&#8221;4.16&#8243; _module_preset=&#8221;default&#8221; global_colors_info=&#8221;{}&#8221;][\/et_pb_image][\/et_pb_column][et_pb_column type=&#8221;1_2&#8243; _builder_version=&#8221;4.16&#8243; _module_preset=&#8221;default&#8221; global_colors_info=&#8221;{}&#8221;][et_pb_image src=&#8221;https:\/\/brancaia.com\/wp-content\/uploads\/Brancaia_Geschichte_Familien-Fotos_1200x960px.jpg&#8221; title_text=&#8221;Brancaia_History_Family-Foto_1200x960px&#8221; _builder_version=&#8221;4.16&#8243; _module_preset=&#8221;default&#8221; global_colors_info=&#8221;{}&#8221;][\/et_pb_image][et_pb_text admin_label=&#8221;Text&#8221; _builder_version=&#8221;4.16&#8243; _module_preset=&#8221;default&#8221; global_colors_info=&#8221;{}&#8221;]<\/p>\n<p><strong>1981 Bruno e Brigitte Widmer acquisiscono la propriet\u00e0 sulla collina Brancaia a Castellina.<\/strong> Anche se la casa ha un disperato bisogno di essere ristrutturata e il sito di 20 ettari \u00e8 in realt\u00e0 troppo grande. Un&#8217;impresa avventurosa. Inizialmente, Brancaia \u00e8 solo una casa di vacanza per i Widmer. Ma uno con quattro ettari di vigneto. Dovrebbe essere possibile produrre qui un vino di prima classe che rifletta il carattere della regione, pensano presto. La prima vendemmia segue quello stesso anno. La produzione di vino di qualit\u00e0 parte dal know-how delle infrastrutture della famiglia Mazzei. &#8220;Poich\u00e9 i vigneti sulla collina Brancaia sono sempre stati completamente circondati dalla foresta, non abbiamo mai dovuto temere che gli spruzzi dei nostri vicini arrivassero a noi &#8211; un punto estremamente importante nella viticoltura biologica&#8221;, spiega Barbara Widmer guardando indietro.<\/p>\n<p>[\/et_pb_text][et_pb_image src=&#8221;https:\/\/brancaia.com\/wp-content\/uploads\/Brancaia_Geschichte_1980_1200x960px_02..jpg&#8221; title_text=&#8221;Brancaia_History_1980_1200x960px_02.&#8221; _builder_version=&#8221;4.16&#8243; _module_preset=&#8221;default&#8221; global_colors_info=&#8221;{}&#8221;][\/et_pb_image][et_pb_text admin_label=&#8221;Text&#8221; _builder_version=&#8221;4.16&#8243; _module_preset=&#8221;default&#8221; global_colors_info=&#8221;{}&#8221;]<\/p>\n<p><strong>Nel 1988, Brancaia ha prodotto per la prima volta Il Blu, la cui composizione non soddisfa le linee guida per un Chianti Classico.<\/strong> Bruno e Brigitte Widmer non si lasciano scoraggiare dal fatto che il predecessore de IL BLU \u00e8 considerato solo un Vino da tavola. Come altri produttori ambiziosi, sono convinti che non sia la categorizzazione che conta, ma il gusto. E hanno ragione: presto gli amanti anglofoni dei complessi e ricchi tesori parlano ammirati dei \u201cSuper Tuscans\u201d. Ma il 1988 ha portato un&#8217;altra innovazione molto importante per Brancaia: \u00e8 stata creata l&#8217;etichetta unica. Bruno Widmer ha chiesto a un grafico della sua agenzia di pubblicit\u00e0 di elaborare una serie di bozze. Quando questi sono finiti, uno di loro cattura immediatamente la sua attenzione. Su di essa sono disposte le lettere della parola \u201cBrancaia\u201d ed i quattro numeri dell&#8217;annata nel riquadro che ancora oggi \u00e8 visibile su ogni bottiglia della cantina.<\/p>\n<p>[\/et_pb_text][\/et_pb_column][\/et_pb_row][\/et_pb_section]<\/p>\n","protected":false},"excerpt":{"rendered":"<p>Cronologia 1980-1989 &nbsp;Nel 1980 i Widmer si recano in Toscana per una visita natalizia. Bruno Widmer si innamora subito del colle Brancaia. &#8220;Dalla casa del nostro amico Ruedi Bettschart abbiamo visto questo bellissimo pezzo di terra&#8221;, ricorda. \u201cL&#8217;intera area era coperta dalla nebbia mattutina, ma Brancaia era al sole. Uno spettacolo magico! &#8221; Quindi \u00e8 [&hellip;]<\/p>\n","protected":false},"author":1,"featured_media":0,"parent":1799,"menu_order":16,"comment_status":"closed","ping_status":"closed","template":"","meta":{"_et_pb_use_builder":"on","_et_pb_old_content":"","_et_gb_content_width":"","footnotes":""},"class_list":["post-1942","page","type-page","status-publish","hentry"],"yoast_head":"<!-- This site is optimized with the Yoast SEO plugin v27.4 - https:\/\/yoast.com\/product\/yoast-seo-wordpress\/ -->\n<title>Cronologia 1980 - BRANCAIA<\/title>\n<meta name=\"robots\" content=\"index, follow, max-snippet:-1, max-image-preview:large, max-video-preview:-1\" \/>\n<link rel=\"canonical\" href=\"https:\/\/brancaia.com\/it\/chi-siamo\/storia\/cronologia-1980\/\" \/>\n<meta property=\"og:locale\" content=\"it_IT\" \/>\n<meta property=\"og:type\" content=\"article\" \/>\n<meta property=\"og:title\" content=\"Cronologia 1980 - BRANCAIA\" \/>\n<meta property=\"og:description\" content=\"Cronologia 1980-1989 &nbsp;Nel 1980 i Widmer si recano in Toscana per una visita natalizia. Bruno Widmer si innamora subito del colle Brancaia. &quot;Dalla casa del nostro amico Ruedi Bettschart abbiamo visto questo bellissimo pezzo di terra&quot;, ricorda. \u201cL&#039;intera area era coperta dalla nebbia mattutina, ma Brancaia era al sole. Uno spettacolo magico! &quot; Quindi \u00e8 [&hellip;]\" \/>\n<meta property=\"og:url\" content=\"https:\/\/brancaia.com\/it\/chi-siamo\/storia\/cronologia-1980\/\" \/>\n<meta property=\"og:site_name\" content=\"BRANCAIA\" \/>\n<meta property=\"article:modified_time\" content=\"2025-02-03T16:46:12+00:00\" \/>\n<meta name=\"twitter:card\" content=\"summary_large_image\" \/>\n<meta name=\"twitter:label1\" content=\"Tempo di lettura stimato\" \/>\n\t<meta name=\"twitter:data1\" content=\"6 minuti\" \/>\n<script type=\"application\/ld+json\" class=\"yoast-schema-graph\">{\"@context\":\"https:\\\/\\\/schema.org\",\"@graph\":[{\"@type\":\"WebPage\",\"@id\":\"https:\\\/\\\/brancaia.com\\\/it\\\/chi-siamo\\\/storia\\\/cronologia-1980\\\/\",\"url\":\"https:\\\/\\\/brancaia.com\\\/it\\\/chi-siamo\\\/storia\\\/cronologia-1980\\\/\",\"name\":\"Cronologia 1980 - BRANCAIA\",\"isPartOf\":{\"@id\":\"https:\\\/\\\/brancaia.com\\\/it\\\/#website\"},\"datePublished\":\"2021-01-05T17:18:08+00:00\",\"dateModified\":\"2025-02-03T16:46:12+00:00\",\"breadcrumb\":{\"@id\":\"https:\\\/\\\/brancaia.com\\\/it\\\/chi-siamo\\\/storia\\\/cronologia-1980\\\/#breadcrumb\"},\"inLanguage\":\"it-IT\",\"potentialAction\":[{\"@type\":\"ReadAction\",\"target\":[\"https:\\\/\\\/brancaia.com\\\/it\\\/chi-siamo\\\/storia\\\/cronologia-1980\\\/\"]}]},{\"@type\":\"BreadcrumbList\",\"@id\":\"https:\\\/\\\/brancaia.com\\\/it\\\/chi-siamo\\\/storia\\\/cronologia-1980\\\/#breadcrumb\",\"itemListElement\":[{\"@type\":\"ListItem\",\"position\":1,\"name\":\"Home\",\"item\":\"https:\\\/\\\/brancaia.com\\\/it\\\/home\\\/\"},{\"@type\":\"ListItem\",\"position\":2,\"name\":\"Chi siamo\",\"item\":\"https:\\\/\\\/brancaia.com\\\/it\\\/chi-siamo\\\/\"},{\"@type\":\"ListItem\",\"position\":3,\"name\":\"storia\",\"item\":\"https:\\\/\\\/brancaia.com\\\/it\\\/chi-siamo\\\/storia\\\/\"},{\"@type\":\"ListItem\",\"position\":4,\"name\":\"Cronologia 1980\"}]},{\"@type\":\"WebSite\",\"@id\":\"https:\\\/\\\/brancaia.com\\\/it\\\/#website\",\"url\":\"https:\\\/\\\/brancaia.com\\\/it\\\/\",\"name\":\"BRANCAIA\",\"description\":\"Winery &amp; Wines\",\"potentialAction\":[{\"@type\":\"SearchAction\",\"target\":{\"@type\":\"EntryPoint\",\"urlTemplate\":\"https:\\\/\\\/brancaia.com\\\/it\\\/?s={search_term_string}\"},\"query-input\":{\"@type\":\"PropertyValueSpecification\",\"valueRequired\":true,\"valueName\":\"search_term_string\"}}],\"inLanguage\":\"it-IT\"}]}<\/script>\n<!-- \/ Yoast SEO plugin. -->","yoast_head_json":{"title":"Cronologia 1980 - BRANCAIA","robots":{"index":"index","follow":"follow","max-snippet":"max-snippet:-1","max-image-preview":"max-image-preview:large","max-video-preview":"max-video-preview:-1"},"canonical":"https:\/\/brancaia.com\/it\/chi-siamo\/storia\/cronologia-1980\/","og_locale":"it_IT","og_type":"article","og_title":"Cronologia 1980 - BRANCAIA","og_description":"Cronologia 1980-1989 &nbsp;Nel 1980 i Widmer si recano in Toscana per una visita natalizia. Bruno Widmer si innamora subito del colle Brancaia. \"Dalla casa del nostro amico Ruedi Bettschart abbiamo visto questo bellissimo pezzo di terra\", ricorda. \u201cL'intera area era coperta dalla nebbia mattutina, ma Brancaia era al sole. Uno spettacolo magico! \" Quindi \u00e8 [&hellip;]","og_url":"https:\/\/brancaia.com\/it\/chi-siamo\/storia\/cronologia-1980\/","og_site_name":"BRANCAIA","article_modified_time":"2025-02-03T16:46:12+00:00","twitter_card":"summary_large_image","twitter_misc":{"Tempo di lettura stimato":"6 minuti"},"schema":{"@context":"https:\/\/schema.org","@graph":[{"@type":"WebPage","@id":"https:\/\/brancaia.com\/it\/chi-siamo\/storia\/cronologia-1980\/","url":"https:\/\/brancaia.com\/it\/chi-siamo\/storia\/cronologia-1980\/","name":"Cronologia 1980 - BRANCAIA","isPartOf":{"@id":"https:\/\/brancaia.com\/it\/#website"},"datePublished":"2021-01-05T17:18:08+00:00","dateModified":"2025-02-03T16:46:12+00:00","breadcrumb":{"@id":"https:\/\/brancaia.com\/it\/chi-siamo\/storia\/cronologia-1980\/#breadcrumb"},"inLanguage":"it-IT","potentialAction":[{"@type":"ReadAction","target":["https:\/\/brancaia.com\/it\/chi-siamo\/storia\/cronologia-1980\/"]}]},{"@type":"BreadcrumbList","@id":"https:\/\/brancaia.com\/it\/chi-siamo\/storia\/cronologia-1980\/#breadcrumb","itemListElement":[{"@type":"ListItem","position":1,"name":"Home","item":"https:\/\/brancaia.com\/it\/home\/"},{"@type":"ListItem","position":2,"name":"Chi siamo","item":"https:\/\/brancaia.com\/it\/chi-siamo\/"},{"@type":"ListItem","position":3,"name":"storia","item":"https:\/\/brancaia.com\/it\/chi-siamo\/storia\/"},{"@type":"ListItem","position":4,"name":"Cronologia 1980"}]},{"@type":"WebSite","@id":"https:\/\/brancaia.com\/it\/#website","url":"https:\/\/brancaia.com\/it\/","name":"BRANCAIA","description":"Winery &amp; Wines","potentialAction":[{"@type":"SearchAction","target":{"@type":"EntryPoint","urlTemplate":"https:\/\/brancaia.com\/it\/?s={search_term_string}"},"query-input":{"@type":"PropertyValueSpecification","valueRequired":true,"valueName":"search_term_string"}}],"inLanguage":"it-IT"}]}},"_links":{"self":[{"href":"https:\/\/brancaia.com\/it\/wp-json\/wp\/v2\/pages\/1942","targetHints":{"allow":["GET"]}}],"collection":[{"href":"https:\/\/brancaia.com\/it\/wp-json\/wp\/v2\/pages"}],"about":[{"href":"https:\/\/brancaia.com\/it\/wp-json\/wp\/v2\/types\/page"}],"author":[{"embeddable":true,"href":"https:\/\/brancaia.com\/it\/wp-json\/wp\/v2\/users\/1"}],"replies":[{"embeddable":true,"href":"https:\/\/brancaia.com\/it\/wp-json\/wp\/v2\/comments?post=1942"}],"version-history":[{"count":21,"href":"https:\/\/brancaia.com\/it\/wp-json\/wp\/v2\/pages\/1942\/revisions"}],"predecessor-version":[{"id":16929,"href":"https:\/\/brancaia.com\/it\/wp-json\/wp\/v2\/pages\/1942\/revisions\/16929"}],"up":[{"embeddable":true,"href":"https:\/\/brancaia.com\/it\/wp-json\/wp\/v2\/pages\/1799"}],"wp:attachment":[{"href":"https:\/\/brancaia.com\/it\/wp-json\/wp\/v2\/media?parent=1942"}],"curies":[{"name":"wp","href":"https:\/\/api.w.org\/{rel}","templated":true}]}}