{"id":2601,"date":"2021-01-27T19:06:01","date_gmt":"2021-01-27T18:06:01","guid":{"rendered":"https:\/\/brancaia.cyon.site\/politica-sulla-privacy\/"},"modified":"2026-01-14T11:08:53","modified_gmt":"2026-01-14T10:08:53","slug":"protezione-dati","status":"publish","type":"page","link":"https:\/\/brancaia.com\/it\/protezione-dati\/","title":{"rendered":"Protezione dati"},"content":{"rendered":"<p>[et_pb_section fb_built=&#8221;1&#8243; admin_label=&#8221;section&#8221; _builder_version=&#8221;4.16&#8243; global_colors_info=&#8221;{}&#8221;][et_pb_row admin_label=&#8221;row&#8221; _builder_version=&#8221;4.16&#8243; background_size=&#8221;initial&#8221; background_position=&#8221;top_left&#8221; background_repeat=&#8221;repeat&#8221; global_colors_info=&#8221;{}&#8221;][et_pb_column type=&#8221;4_4&#8243; _builder_version=&#8221;4.16&#8243; custom_padding=&#8221;|||&#8221; global_colors_info=&#8221;{}&#8221; custom_padding__hover=&#8221;|||&#8221;][et_pb_text admin_label=&#8221;Text&#8221; _builder_version=&#8221;4.27.5&#8243; background_size=&#8221;initial&#8221; background_position=&#8221;top_left&#8221; background_repeat=&#8221;repeat&#8221; global_colors_info=&#8221;{}&#8221;]<\/p>\n<p><!-- divi:heading --><\/p>\n<h1>Protezione dati<\/h1>\n<p><!-- \/divi:heading --><\/p>\n<h3> <\/h3>\n<p><!-- \/divi:heading --><\/p>\n<p>[\/et_pb_text][et_pb_text _builder_version=&#8221;4.16&#8243; _module_preset=&#8221;default&#8221; global_colors_info=&#8221;{}&#8221;]<\/p>\n<p><strong>Informativa sulla protezione dei dati sul trattamento dei dati personali ai sensi del Regolamento (UE) 2016\/679 sulla protezione delle persone fisiche nel trattamento dei dati personali<\/strong><\/p>\n<p>In conformit\u00e0 a quanto previsto dal Regolamento (UE) 2016\/679, Le forniremo le necessarie informazioni in relazione al trattamento che effettueremo con i suoi dati personali, pi\u00f9 precisamente in relazione alle categorie di dati trattati, le finalit\u00e0 le modalit\u00e0 di amministrazione, l&#8217;ambito di trasmissione e diffusione dei dati stessi, la durata prevista per la quale saranno conservati, la possibilit\u00e0 di trasmissione dei dati a paesi terzi e l&#8217;esistenza di processi di profilazione che i tuoi dati personali sono trattati in qualit\u00e0 di soggetto potrebbe avere.<\/p>\n<p>[\/et_pb_text][et_pb_text _builder_version=&#8221;4.16&#8243; _module_preset=&#8221;default&#8221; global_colors_info=&#8221;{}&#8221;]<\/p>\n<h2>1. Finalit\u00e0 del trattamento<\/h2>\n<p>Il trattamento dei dati avviene in funzione dei servizi messi a tua disposizione, per i quali ci hai fornito i tuoi dati personali, per le seguenti finalit\u00e0:<\/p>\n<p><strong>Finalit\u00e0 in relazione al trattamento effettuato tramite i nostri siti web<\/strong><\/p>\n<p>1. Gestione degli accessi dell&#8217;interessato ai portali web del responsabile nonch\u00e9 del loro utilizzo e applicazione sulla base delle tecnologie e degli strumenti implementati (sito web area riservata SERVIZIO);<\/p>\n<p>2. Gestione delle prenotazioni per visite e soggiorni nelle nostre cantine o prenotazioni nei nostri ristoranti<\/p>\n<p>3. Rispondere alle richieste di informazioni dell&#8217;interessato<\/p>\n<p>4. Gestire i CV in arrivo inviati dagli interessati che intendono candidarsi per una posizione presso le nostre strutture<\/p>\n<p>5. Gestione dell&#8217;iscrizione necessaria per la partecipazione ai concorsi da noi organizzati e per la distribuzione dei buoni degustazione<\/p>\n<p>6. Gestione delle registrazioni per sondaggi \/ quiz che offriamo agli interessati<\/p>\n<p>7. Gestione e attivazione delle iscrizioni alla newsletter<\/p>\n<p><strong>Finalit\u00e0 legate al servizio WiFi gratuito nelle nostre strutture<\/strong><\/p>\n<p>8. Attivazione e fornitura del<span style=\"color: #000000;\"> Servizio WLAN denominato &#8220;GUEST&#8221;<\/span> e amministrazione delle rispettive autorizzazioni di accesso<\/p>\n<p><strong>Finalit\u00e0 connesse all&#8217;<span style=\"color: #000000;\">applicazione DNA Tasting<\/span> per la registrazione dei visitatori durante gli eventi<\/strong><\/p>\n<p>9. Registrazione della registrazione del visitatore e informazioni di contatto<\/p>\n<p><strong>Finalit\u00e0 legate al marketing<\/strong><\/p>\n<p>10. Invio di informazioni commerciali e promozionali tramite posta, e-mail, contatto telefonico e SMS<\/p>\n<p>11. Iscrizione alla newsletter (se previsto contenuto commerciale);<\/p>\n<p>12. Ricerche di mercato.<\/p>\n<p><strong>Finalit\u00e0 legate alla profilazione<\/strong><\/p>\n<p>13. Analisi delle abitudini, dei comportamenti e delle preferenze di consumo al fine di creare un profilo dell&#8217;interessato per l&#8217;invio di messaggi con contenuti pubblicitari, offerte o altre comunicazioni commerciali pertinenti agli interessi del destinatario. I dati vengono conservati per un periodo adeguato alle finalit\u00e0 perseguite.<\/p>\n<p>[\/et_pb_text][et_pb_text _builder_version=&#8221;4.16&#8243; _module_preset=&#8221;default&#8221; global_colors_info=&#8221;{}&#8221;]<\/p>\n<h2>2. Tipologia di dati conferiti<\/h2>\n<p>I tuoi dati personali sono raccolti al fine di ottemperare alla tua espressa richiesta o per fornire uno dei nostri servizi che desideri utilizzare. In caso contrario, il trattamento \u00e8 sempre basato sul consenso.<\/p>\n<p>Il conferimento dei tuoi dati \u00e8 obbligatorio in tutte le occasioni in cui ti viene chiesto di attivare \/ eseguire \/ erogare uno dei servizi che ti offriamo (ovvero per il trattamento per le finalit\u00e0 sopra descritte ai numeri 1-8).<\/p>\n<p>Il trattamento dei dati personali per finalit\u00e0 di marketing e profilazione avviene solo con il consenso espresso e speciale dell&#8217;interessato.<\/p>\n<p>Il consenso al trattamento per finalit\u00e0 di profilazione implica consenso per finalit\u00e0 di marketing, in quanto tale attivit\u00e0 viene svolta solo previa redazione di un profilo di interesse del destinatario. Nessuna attivit\u00e0 di marketing diretto sar\u00e0 svolta nei tuoi confronti se i processi preparatori di profilazione non sono possibili.<\/p>\n<p>Il rifiuto di prestare il consenso al trattamento per finalit\u00e0 di marketing e profilazione non ha alcuna conseguenza per l&#8217;interessato in merito alla possibilit\u00e0 di usufruire degli altri servizi offerti.<\/p>\n<p>L&#8217;utente \u00e8 libero di revocare in qualsiasi momento il consenso prestato.<\/p>\n<p>[\/et_pb_text][et_pb_text _builder_version=&#8221;4.16&#8243; _module_preset=&#8221;default&#8221; global_colors_info=&#8221;{}&#8221;]<\/p>\n<h2>3. Modalit\u00e0 del trattamento<\/h2>\n<p>Il trattamento dei tuoi dati personali avviene nel rispetto dei principi di liceit\u00e0, trattamento in buona fede e trasparenza. Viene effettuato con strumenti elettronici, ma anche con archivi cartacei idonei all&#8217;archiviazione, amministrazione e trasmissione. Il trattamento \u00e8 effettuato con strumenti idonei e all&#8217;avanguardia in modo da garantirne la sicurezza e la riservatezza mediante l&#8217;utilizzo di idonee procedure che prevengono il rischio di perdita, accesso non autorizzato, uso non autorizzato e diffusione.<\/p>\n<p>[\/et_pb_text][et_pb_text _builder_version=&#8221;4.16&#8243; _module_preset=&#8221;default&#8221; global_colors_info=&#8221;{}&#8221;]<\/p>\n<h2>4. Oggetto e scopo della trasmissione e diffusione<\/h2>\n<p>Potranno venire a conoscenza dei Suoi dati personali dipendenti e \/ o dipendenti della societ\u00e0 nominati Responsabili del trattamento e \/ o Responsabili del trattamento.<\/p>\n<p>I dati personali possono essere ceduti a terzi per adempiere ad obblighi di legge o per ottemperare ad ordini provenienti da autorit\u00e0 autorizzate o per far valere o difendere diritti o pretese in sede giudiziaria.<\/p>\n<p>I suoi dati personali potranno essere messi a disposizione delle seguenti persone \/ istituzioni per le finalit\u00e0 sopra indicate:<\/p>\n<ul>\n<li>Rete di concessionari del responsabile (titolare dei diritti di trattamento dei dati)<\/li>\n<li>Terze parti che eseguono ordini di cooperazione speciale per conto della nostra azienda a fini di consulenza, commerciali e pubblicitari;<\/li>\n<li>Societ\u00e0 associate o dipendenti dal Gruppo Brancaia. I suoi dati personali non saranno diffusi o ceduti a terzi per finalit\u00e0 diverse da quelle indicate, salvo che ci\u00f2 non sia richiesto da leggi o regolamenti o disposizioni di legge comunitarie.<\/li>\n<\/ul>\n<p>[\/et_pb_text][et_pb_text _builder_version=&#8221;4.16&#8243; _module_preset=&#8221;default&#8221; global_colors_info=&#8221;{}&#8221;]<\/p>\n<h2>5. Trasferimento dei dati personali in paesi al di fuori dell&#8217;Unione Europea<\/h2>\n<p>I dati personali da Lei forniti e trattati per le finalit\u00e0 sopra descritte non verranno in nessun caso trasmessi a Paesi non appartenenti all&#8217;Unione Europea. Qualora una tale trasmissione fosse necessaria in futuro, ci\u00f2 \u00e8 possibile solo dopo aver dato il tuo consenso esplicito e informato.<\/p>\n<p>[\/et_pb_text][et_pb_text _builder_version=&#8221;4.16&#8243; _module_preset=&#8221;default&#8221; global_colors_info=&#8221;{}&#8221;]<\/p>\n<h2>6. Periodi di conservazione dei tuoi dati personali<\/h2>\n<p>I dati saranno conservati per il solo tempo necessario ad attivare \/ eseguire \/ erogare il servizio da Lei sottoscritto, e pi\u00f9 in generale in conformit\u00e0 alle disposizioni di legge o ai provvedimenti in materia emanati dall&#8217;autorit\u00e0 di controllo italiana o europea.<\/p>\n<p>[\/et_pb_text][et_pb_text _builder_version=&#8221;4.16&#8243; _module_preset=&#8221;default&#8221; global_colors_info=&#8221;{}&#8221;]<\/p>\n<h2>7. Persone e posizioni<\/h2>\n<p><span style=\"color: #000000;\">Il responsabile (titolare del trattamento dei dati) \u00e8: Brancaia SARL, codice fiscale. e partita IVA n. 00818730525, sede legale in Localit\u00e0 Poppi 42b, 53017, Radda in Chianti (SI), Italia, sede amministrativa in Localit\u00e0 Belevedere 115, 53034 Colle di Val d&#8217;Elsa (SI), Italia. <\/span><\/p>\n<p>[\/et_pb_text][et_pb_text _builder_version=&#8221;4.16&#8243; _module_preset=&#8221;default&#8221; global_colors_info=&#8221;{}&#8221;]<\/p>\n<h2>8. Esercizio dei diritti<\/h2>\n<p>Si precisa che in ogni momento Lei potr\u00e0 esercitare i diritti previsti dal Regolamento (UE) 2016\/679 del Parlamento Europeo e del Consiglio e che riproduciamo in appendice.<\/p>\n<p>Ti informiamo pertanto che hai i seguenti diritti:<\/p>\n<ul>\n<li>Hai il diritto all&#8217;informazione dal responsabile del trattamento dei dati personali che ti riguardano, all&#8217;accesso ai dati in questione, alla rettifica o alla cancellazione, al completamento dei dati personali incompleti, alla limitazione del trattamento; sulla ricezione dei dati personali che ti riguardano in un formato strutturato, comune e leggibile da dispositivo automatico; revocare in qualsiasi momento il consenso prestato al trattamento dei propri dati sensibili e opporsi in tutto o in parte all&#8217;utilizzo dei dati stessi;<\/li>\n<li>Lei ha il diritto di proporre reclamo all&#8217;Autorit\u00e0 Garante per la protezione dei dati personali &#8220;Garante per la protezione dei dati personali&#8221;, seguendo le procedure e le istruzioni pubblicate sul sito web ufficiale dell&#8217;autorit\u00e0 di controllo:<a href=\"http:\/\/www.garanteprivacy.it\"> http:\/\/www.garanteprivacy.it<\/a><\/li>\n<li>Hai il diritto di revocare il tuo consenso in qualsiasi momento senza pregiudicare la liceit\u00e0 del trattamento effettuato sulla base del consenso fino al momento della revoca;<\/li>\n<\/ul>\n<p>Tali diritti possono essere esercitati scrivendo direttamente al Responsabile tramite posta cartacea o tramite posta elettronica a brancaia@brancaia.it. Hai l&#8217;opportunit\u00e0:<\/p>\n<ul>\n<li>revocare consensi precedentemente prestati<\/li>\n<li>Modifica i tuoi dati personali<\/li>\n<li>di richiedere la cancellazione dalle banche dati del titolare del trattamento (ad eccezione dei casi in cui disposizioni di legge prevedono l&#8217;obbligo di conservazione e conservazione)<\/li>\n<li>richiedere una proroga dei dati<\/li>\n<li>richiedere la portabilit\u00e0 dei dati<\/li>\n<\/ul>\n<p>Quando si invia la richiesta di informazioni e di accesso per via elettronica, si conviene che le informazioni saranno fornite in un formato elettronico comune.<\/p>\n<p>Per maggiori informazioni e dettagli si rimanda ad un estratto dagli artt. Da 15 a 25 del Regolamento (UE) 679\/2016, visionabile a questo link:<\/p>\n<p><a href=\"http:\/\/eur-lex.europa.eu\/legal-content\/DE\/TXT\/HTML\/?uri=CELEX:32016R0679&amp;from=IT\">http:\/\/eur-lex.europa.eu\/legal-content\/DE\/TXT\/HTML\/?uri=CELEX:32016R0679&amp;from=IT<\/a> <\/p>\n<p>Base giuridica del Regolamento (UE) 2016\/679 del Parlamento Europeo e del Consiglio<\/p>\n<p>Articolo 13: Informazioni da fornire in caso di raccolta di dati personali dall&#8217;interessato<\/p>\n<p>Articolo 15: diritto di accesso dell&#8217;interessato<\/p>\n<p>Articolo 16: diritto di rettifica<\/p>\n<p>Articolo 17: diritto alla cancellazione<\/p>\n<p>Articolo 18: diritto alla limitazione del trattamento<\/p>\n<p>Articolo 20: diritto alla portabilit\u00e0 dei dati<\/p>\n<p>Articolo 21: diritto di opposizione<\/p>\n<p>Articolo 22: decisioni automatizzate in casi individuali, compresa la profilazione<\/p>\n<p>[\/et_pb_text][\/et_pb_column][\/et_pb_row][\/et_pb_section]<\/p>\n","protected":false},"excerpt":{"rendered":"<p>Protezione dati Informativa sulla protezione dei dati sul trattamento dei dati personali ai sensi del Regolamento (UE) 2016\/679 sulla protezione delle persone fisiche nel trattamento dei dati personali In conformit\u00e0 a quanto previsto dal Regolamento (UE) 2016\/679, Le forniremo le necessarie informazioni in relazione al trattamento che effettueremo con i suoi dati personali, pi\u00f9 precisamente [&hellip;]<\/p>\n","protected":false},"author":1,"featured_media":0,"parent":0,"menu_order":0,"comment_status":"closed","ping_status":"open","template":"","meta":{"_et_pb_use_builder":"on","_et_pb_old_content":"","_et_gb_content_width":"","footnotes":""},"class_list":["post-2601","page","type-page","status-publish","hentry"],"yoast_head":"<!-- This site is optimized with the Yoast SEO plugin v27.4 - https:\/\/yoast.com\/product\/yoast-seo-wordpress\/ -->\n<title>Protezione dati - BRANCAIA<\/title>\n<meta name=\"robots\" content=\"index, follow, max-snippet:-1, max-image-preview:large, max-video-preview:-1\" \/>\n<link rel=\"canonical\" href=\"https:\/\/brancaia.com\/it\/protezione-dati\/\" \/>\n<meta property=\"og:locale\" content=\"it_IT\" \/>\n<meta property=\"og:type\" content=\"article\" \/>\n<meta property=\"og:title\" content=\"Protezione dati - BRANCAIA\" \/>\n<meta property=\"og:description\" content=\"Protezione dati Informativa sulla protezione dei dati sul trattamento dei dati personali ai sensi del Regolamento (UE) 2016\/679 sulla protezione delle persone fisiche nel trattamento dei dati personali In conformit\u00e0 a quanto previsto dal Regolamento (UE) 2016\/679, Le forniremo le necessarie informazioni in relazione al trattamento che effettueremo con i suoi dati personali, pi\u00f9 precisamente [&hellip;]\" \/>\n<meta property=\"og:url\" content=\"https:\/\/brancaia.com\/it\/protezione-dati\/\" \/>\n<meta property=\"og:site_name\" content=\"BRANCAIA\" \/>\n<meta property=\"article:modified_time\" content=\"2026-01-14T10:08:53+00:00\" \/>\n<meta name=\"twitter:card\" content=\"summary_large_image\" \/>\n<meta name=\"twitter:label1\" content=\"Tempo di lettura stimato\" \/>\n\t<meta name=\"twitter:data1\" content=\"8 minuti\" \/>\n<script type=\"application\/ld+json\" class=\"yoast-schema-graph\">{\"@context\":\"https:\\\/\\\/schema.org\",\"@graph\":[{\"@type\":\"WebPage\",\"@id\":\"https:\\\/\\\/brancaia.com\\\/it\\\/protezione-dati\\\/\",\"url\":\"https:\\\/\\\/brancaia.com\\\/it\\\/protezione-dati\\\/\",\"name\":\"Protezione dati - BRANCAIA\",\"isPartOf\":{\"@id\":\"https:\\\/\\\/brancaia.com\\\/it\\\/#website\"},\"datePublished\":\"2021-01-27T18:06:01+00:00\",\"dateModified\":\"2026-01-14T10:08:53+00:00\",\"breadcrumb\":{\"@id\":\"https:\\\/\\\/brancaia.com\\\/it\\\/protezione-dati\\\/#breadcrumb\"},\"inLanguage\":\"it-IT\",\"potentialAction\":[{\"@type\":\"ReadAction\",\"target\":[\"https:\\\/\\\/brancaia.com\\\/it\\\/protezione-dati\\\/\"]}]},{\"@type\":\"BreadcrumbList\",\"@id\":\"https:\\\/\\\/brancaia.com\\\/it\\\/protezione-dati\\\/#breadcrumb\",\"itemListElement\":[{\"@type\":\"ListItem\",\"position\":1,\"name\":\"Home\",\"item\":\"https:\\\/\\\/brancaia.com\\\/it\\\/home\\\/\"},{\"@type\":\"ListItem\",\"position\":2,\"name\":\"Protezione dati\"}]},{\"@type\":\"WebSite\",\"@id\":\"https:\\\/\\\/brancaia.com\\\/it\\\/#website\",\"url\":\"https:\\\/\\\/brancaia.com\\\/it\\\/\",\"name\":\"BRANCAIA\",\"description\":\"Winery &amp; Wines\",\"potentialAction\":[{\"@type\":\"SearchAction\",\"target\":{\"@type\":\"EntryPoint\",\"urlTemplate\":\"https:\\\/\\\/brancaia.com\\\/it\\\/?s={search_term_string}\"},\"query-input\":{\"@type\":\"PropertyValueSpecification\",\"valueRequired\":true,\"valueName\":\"search_term_string\"}}],\"inLanguage\":\"it-IT\"}]}<\/script>\n<!-- \/ Yoast SEO plugin. -->","yoast_head_json":{"title":"Protezione dati - BRANCAIA","robots":{"index":"index","follow":"follow","max-snippet":"max-snippet:-1","max-image-preview":"max-image-preview:large","max-video-preview":"max-video-preview:-1"},"canonical":"https:\/\/brancaia.com\/it\/protezione-dati\/","og_locale":"it_IT","og_type":"article","og_title":"Protezione dati - BRANCAIA","og_description":"Protezione dati Informativa sulla protezione dei dati sul trattamento dei dati personali ai sensi del Regolamento (UE) 2016\/679 sulla protezione delle persone fisiche nel trattamento dei dati personali In conformit\u00e0 a quanto previsto dal Regolamento (UE) 2016\/679, Le forniremo le necessarie informazioni in relazione al trattamento che effettueremo con i suoi dati personali, pi\u00f9 precisamente [&hellip;]","og_url":"https:\/\/brancaia.com\/it\/protezione-dati\/","og_site_name":"BRANCAIA","article_modified_time":"2026-01-14T10:08:53+00:00","twitter_card":"summary_large_image","twitter_misc":{"Tempo di lettura stimato":"8 minuti"},"schema":{"@context":"https:\/\/schema.org","@graph":[{"@type":"WebPage","@id":"https:\/\/brancaia.com\/it\/protezione-dati\/","url":"https:\/\/brancaia.com\/it\/protezione-dati\/","name":"Protezione dati - BRANCAIA","isPartOf":{"@id":"https:\/\/brancaia.com\/it\/#website"},"datePublished":"2021-01-27T18:06:01+00:00","dateModified":"2026-01-14T10:08:53+00:00","breadcrumb":{"@id":"https:\/\/brancaia.com\/it\/protezione-dati\/#breadcrumb"},"inLanguage":"it-IT","potentialAction":[{"@type":"ReadAction","target":["https:\/\/brancaia.com\/it\/protezione-dati\/"]}]},{"@type":"BreadcrumbList","@id":"https:\/\/brancaia.com\/it\/protezione-dati\/#breadcrumb","itemListElement":[{"@type":"ListItem","position":1,"name":"Home","item":"https:\/\/brancaia.com\/it\/home\/"},{"@type":"ListItem","position":2,"name":"Protezione dati"}]},{"@type":"WebSite","@id":"https:\/\/brancaia.com\/it\/#website","url":"https:\/\/brancaia.com\/it\/","name":"BRANCAIA","description":"Winery &amp; Wines","potentialAction":[{"@type":"SearchAction","target":{"@type":"EntryPoint","urlTemplate":"https:\/\/brancaia.com\/it\/?s={search_term_string}"},"query-input":{"@type":"PropertyValueSpecification","valueRequired":true,"valueName":"search_term_string"}}],"inLanguage":"it-IT"}]}},"_links":{"self":[{"href":"https:\/\/brancaia.com\/it\/wp-json\/wp\/v2\/pages\/2601","targetHints":{"allow":["GET"]}}],"collection":[{"href":"https:\/\/brancaia.com\/it\/wp-json\/wp\/v2\/pages"}],"about":[{"href":"https:\/\/brancaia.com\/it\/wp-json\/wp\/v2\/types\/page"}],"author":[{"embeddable":true,"href":"https:\/\/brancaia.com\/it\/wp-json\/wp\/v2\/users\/1"}],"replies":[{"embeddable":true,"href":"https:\/\/brancaia.com\/it\/wp-json\/wp\/v2\/comments?post=2601"}],"version-history":[{"count":21,"href":"https:\/\/brancaia.com\/it\/wp-json\/wp\/v2\/pages\/2601\/revisions"}],"predecessor-version":[{"id":47709,"href":"https:\/\/brancaia.com\/it\/wp-json\/wp\/v2\/pages\/2601\/revisions\/47709"}],"wp:attachment":[{"href":"https:\/\/brancaia.com\/it\/wp-json\/wp\/v2\/media?parent=2601"}],"curies":[{"name":"wp","href":"https:\/\/api.w.org\/{rel}","templated":true}]}}