{"id":2984,"date":"2021-02-03T17:39:56","date_gmt":"2021-02-03T16:39:56","guid":{"rendered":"https:\/\/brancaia.cyon.site\/prodotti\/vini\/stella\/"},"modified":"2025-02-06T10:55:32","modified_gmt":"2025-02-06T09:55:32","slug":"stella","status":"publish","type":"page","link":"https:\/\/brancaia.com\/it\/prodotti\/vini\/stella\/","title":{"rendered":"Stella"},"content":{"rendered":"<p>[et_pb_section fb_built=&#8221;1&#8243; module_class=&#8221;ba-product&#8221; _builder_version=&#8221;4.16&#8243; _module_preset=&#8221;default&#8221; global_colors_info=&#8221;{}&#8221; da_is_popup=&#8221;off&#8221; da_exit_intent=&#8221;off&#8221; da_has_close=&#8221;on&#8221; da_alt_close=&#8221;off&#8221; da_dark_close=&#8221;off&#8221; da_not_modal=&#8221;on&#8221; da_is_singular=&#8221;off&#8221; da_with_loader=&#8221;off&#8221; da_has_shadow=&#8221;on&#8221; da_disable_devices=&#8221;off|off|off&#8221;][et_pb_row _builder_version=&#8221;4.16&#8243; _module_preset=&#8221;default&#8221; global_colors_info=&#8221;{}&#8221;][et_pb_column type=&#8221;4_4&#8243; _builder_version=&#8221;4.16&#8243; _module_preset=&#8221;default&#8221; global_colors_info=&#8221;{}&#8221;][et_pb_text _builder_version=&#8221;4.16&#8243; _module_preset=&#8221;default&#8221; global_colors_info=&#8221;{}&#8221;]<\/p>\n<h1>Stella<\/h1>\n<p>&nbsp;<\/p>\n<p>[\/et_pb_text][\/et_pb_column][\/et_pb_row][et_pb_row column_structure=&#8221;1_2,1_2&#8243; _builder_version=&#8221;4.16&#8243; _module_preset=&#8221;default&#8221; global_colors_info=&#8221;{}&#8221;][et_pb_column type=&#8221;1_2&#8243; _builder_version=&#8221;4.16&#8243; _module_preset=&#8221;default&#8221; global_colors_info=&#8221;{}&#8221;][et_pb_text _builder_version=&#8221;4.16&#8243; _module_preset=&#8221;default&#8221; global_colors_info=&#8221;{}&#8221;]<\/p>\n<h2>Perlage e freschezza<\/h2>\n<p>Il nostro Spumante metodo tradizionale, prodotto da uve raccolte a mano in Trentino, nasce grazie alla preziosa collaborazione con la cantina Gaierhof.<\/p>\n<p>Lo Stella \u00e8 caratterizzato da un bouquet netto con aromi sottili di brioche fresca e note di mandorla. Al palato, questo spumante si presenta secco, elegante, preciso con un perlage fine e di alta qualit\u00e0.<\/p>\n<p>Prima della sboccatura il vino riposa sui lieviti per almeno 24 mesi. \u00c8 uno Chardonnay in purezza. Il Liqueur d&#8217;exp\u00e9dition \u00e8 arricchito con Brancaia Il Bianco.<\/p>\n<p>Il nostro spumante deve il suo nome alla figlia di Barbara Widmer, Nina. Da bambina le piaceva definire le bollicine degli spumanti &#8220;star&#8221;.<\/p>\n<p>Lo Stella \u00e8 ideale per l&#8217;aperitivo e si sposa perfettamente con pesce crudo o con piatti vegetariani. Il nostro abbinamento preferito \u00e8 con la tartare di tonno.<\/p>\n<p>[\/et_pb_text][\/et_pb_column][et_pb_column type=&#8221;1_2&#8243; _builder_version=&#8221;4.16&#8243; _module_preset=&#8221;default&#8221; global_colors_info=&#8221;{}&#8221;][et_pb_image src=&#8221;https:\/\/brancaia.com\/wp-content\/uploads\/stella_h1500.jpg&#8221; alt=&#8221;Brancaia Stella&#8221; title_text=&#8221;Brancaia Stella&#8221; align=&#8221;center&#8221; _builder_version=&#8221;4.16&#8243; _module_preset=&#8221;default&#8221; global_colors_info=&#8221;{}&#8221;][\/et_pb_image][\/et_pb_column][\/et_pb_row][\/et_pb_section]<\/p>\n","protected":false},"excerpt":{"rendered":"<p>Stella &nbsp;Perlage e freschezza Il nostro Spumante metodo tradizionale, prodotto da uve raccolte a mano in Trentino, nasce grazie alla preziosa collaborazione con la cantina Gaierhof. Lo Stella \u00e8 caratterizzato da un bouquet netto con aromi sottili di brioche fresca e note di mandorla. Al palato, questo spumante si presenta secco, elegante, preciso con un [&hellip;]<\/p>\n","protected":false},"author":1,"featured_media":0,"parent":922,"menu_order":3,"comment_status":"closed","ping_status":"closed","template":"","meta":{"_et_pb_use_builder":"on","_et_pb_old_content":"","_et_gb_content_width":"","footnotes":""},"class_list":["post-2984","page","type-page","status-publish","hentry"],"yoast_head":"<!-- This site is optimized with the Yoast SEO plugin v27.4 - https:\/\/yoast.com\/product\/yoast-seo-wordpress\/ -->\n<title>Stella - BRANCAIA<\/title>\n<meta name=\"robots\" content=\"index, follow, max-snippet:-1, max-image-preview:large, max-video-preview:-1\" \/>\n<link rel=\"canonical\" href=\"https:\/\/brancaia.com\/it\/prodotti\/vini\/stella\/\" \/>\n<meta property=\"og:locale\" content=\"it_IT\" \/>\n<meta property=\"og:type\" content=\"article\" \/>\n<meta property=\"og:title\" content=\"Stella - BRANCAIA\" \/>\n<meta property=\"og:description\" content=\"Stella &nbsp;Perlage e freschezza Il nostro Spumante metodo tradizionale, prodotto da uve raccolte a mano in Trentino, nasce grazie alla preziosa collaborazione con la cantina Gaierhof. Lo Stella \u00e8 caratterizzato da un bouquet netto con aromi sottili di brioche fresca e note di mandorla. Al palato, questo spumante si presenta secco, elegante, preciso con un [&hellip;]\" \/>\n<meta property=\"og:url\" content=\"https:\/\/brancaia.com\/it\/prodotti\/vini\/stella\/\" \/>\n<meta property=\"og:site_name\" content=\"BRANCAIA\" \/>\n<meta property=\"article:modified_time\" content=\"2025-02-06T09:55:32+00:00\" \/>\n<meta name=\"twitter:card\" content=\"summary_large_image\" \/>\n<meta name=\"twitter:label1\" content=\"Tempo di lettura stimato\" \/>\n\t<meta name=\"twitter:data1\" content=\"2 minuti\" \/>\n<script type=\"application\/ld+json\" class=\"yoast-schema-graph\">{\"@context\":\"https:\\\/\\\/schema.org\",\"@graph\":[{\"@type\":\"WebPage\",\"@id\":\"https:\\\/\\\/brancaia.com\\\/it\\\/prodotti\\\/vini\\\/stella\\\/\",\"url\":\"https:\\\/\\\/brancaia.com\\\/it\\\/prodotti\\\/vini\\\/stella\\\/\",\"name\":\"Stella - BRANCAIA\",\"isPartOf\":{\"@id\":\"https:\\\/\\\/brancaia.com\\\/it\\\/#website\"},\"datePublished\":\"2021-02-03T16:39:56+00:00\",\"dateModified\":\"2025-02-06T09:55:32+00:00\",\"breadcrumb\":{\"@id\":\"https:\\\/\\\/brancaia.com\\\/it\\\/prodotti\\\/vini\\\/stella\\\/#breadcrumb\"},\"inLanguage\":\"it-IT\",\"potentialAction\":[{\"@type\":\"ReadAction\",\"target\":[\"https:\\\/\\\/brancaia.com\\\/it\\\/prodotti\\\/vini\\\/stella\\\/\"]}]},{\"@type\":\"BreadcrumbList\",\"@id\":\"https:\\\/\\\/brancaia.com\\\/it\\\/prodotti\\\/vini\\\/stella\\\/#breadcrumb\",\"itemListElement\":[{\"@type\":\"ListItem\",\"position\":1,\"name\":\"Home\",\"item\":\"https:\\\/\\\/brancaia.com\\\/it\\\/home\\\/\"},{\"@type\":\"ListItem\",\"position\":2,\"name\":\"Prodotti\",\"item\":\"https:\\\/\\\/brancaia.com\\\/it\\\/prodotti\\\/\"},{\"@type\":\"ListItem\",\"position\":3,\"name\":\"Vini\",\"item\":\"https:\\\/\\\/brancaia.com\\\/it\\\/prodotti\\\/vini\\\/\"},{\"@type\":\"ListItem\",\"position\":4,\"name\":\"Stella\"}]},{\"@type\":\"WebSite\",\"@id\":\"https:\\\/\\\/brancaia.com\\\/it\\\/#website\",\"url\":\"https:\\\/\\\/brancaia.com\\\/it\\\/\",\"name\":\"BRANCAIA\",\"description\":\"Winery &amp; Wines\",\"potentialAction\":[{\"@type\":\"SearchAction\",\"target\":{\"@type\":\"EntryPoint\",\"urlTemplate\":\"https:\\\/\\\/brancaia.com\\\/it\\\/?s={search_term_string}\"},\"query-input\":{\"@type\":\"PropertyValueSpecification\",\"valueRequired\":true,\"valueName\":\"search_term_string\"}}],\"inLanguage\":\"it-IT\"}]}<\/script>\n<!-- \/ Yoast SEO plugin. -->","yoast_head_json":{"title":"Stella - BRANCAIA","robots":{"index":"index","follow":"follow","max-snippet":"max-snippet:-1","max-image-preview":"max-image-preview:large","max-video-preview":"max-video-preview:-1"},"canonical":"https:\/\/brancaia.com\/it\/prodotti\/vini\/stella\/","og_locale":"it_IT","og_type":"article","og_title":"Stella - BRANCAIA","og_description":"Stella &nbsp;Perlage e freschezza Il nostro Spumante metodo tradizionale, prodotto da uve raccolte a mano in Trentino, nasce grazie alla preziosa collaborazione con la cantina Gaierhof. Lo Stella \u00e8 caratterizzato da un bouquet netto con aromi sottili di brioche fresca e note di mandorla. Al palato, questo spumante si presenta secco, elegante, preciso con un [&hellip;]","og_url":"https:\/\/brancaia.com\/it\/prodotti\/vini\/stella\/","og_site_name":"BRANCAIA","article_modified_time":"2025-02-06T09:55:32+00:00","twitter_card":"summary_large_image","twitter_misc":{"Tempo di lettura stimato":"2 minuti"},"schema":{"@context":"https:\/\/schema.org","@graph":[{"@type":"WebPage","@id":"https:\/\/brancaia.com\/it\/prodotti\/vini\/stella\/","url":"https:\/\/brancaia.com\/it\/prodotti\/vini\/stella\/","name":"Stella - BRANCAIA","isPartOf":{"@id":"https:\/\/brancaia.com\/it\/#website"},"datePublished":"2021-02-03T16:39:56+00:00","dateModified":"2025-02-06T09:55:32+00:00","breadcrumb":{"@id":"https:\/\/brancaia.com\/it\/prodotti\/vini\/stella\/#breadcrumb"},"inLanguage":"it-IT","potentialAction":[{"@type":"ReadAction","target":["https:\/\/brancaia.com\/it\/prodotti\/vini\/stella\/"]}]},{"@type":"BreadcrumbList","@id":"https:\/\/brancaia.com\/it\/prodotti\/vini\/stella\/#breadcrumb","itemListElement":[{"@type":"ListItem","position":1,"name":"Home","item":"https:\/\/brancaia.com\/it\/home\/"},{"@type":"ListItem","position":2,"name":"Prodotti","item":"https:\/\/brancaia.com\/it\/prodotti\/"},{"@type":"ListItem","position":3,"name":"Vini","item":"https:\/\/brancaia.com\/it\/prodotti\/vini\/"},{"@type":"ListItem","position":4,"name":"Stella"}]},{"@type":"WebSite","@id":"https:\/\/brancaia.com\/it\/#website","url":"https:\/\/brancaia.com\/it\/","name":"BRANCAIA","description":"Winery &amp; Wines","potentialAction":[{"@type":"SearchAction","target":{"@type":"EntryPoint","urlTemplate":"https:\/\/brancaia.com\/it\/?s={search_term_string}"},"query-input":{"@type":"PropertyValueSpecification","valueRequired":true,"valueName":"search_term_string"}}],"inLanguage":"it-IT"}]}},"_links":{"self":[{"href":"https:\/\/brancaia.com\/it\/wp-json\/wp\/v2\/pages\/2984","targetHints":{"allow":["GET"]}}],"collection":[{"href":"https:\/\/brancaia.com\/it\/wp-json\/wp\/v2\/pages"}],"about":[{"href":"https:\/\/brancaia.com\/it\/wp-json\/wp\/v2\/types\/page"}],"author":[{"embeddable":true,"href":"https:\/\/brancaia.com\/it\/wp-json\/wp\/v2\/users\/1"}],"replies":[{"embeddable":true,"href":"https:\/\/brancaia.com\/it\/wp-json\/wp\/v2\/comments?post=2984"}],"version-history":[{"count":39,"href":"https:\/\/brancaia.com\/it\/wp-json\/wp\/v2\/pages\/2984\/revisions"}],"predecessor-version":[{"id":17010,"href":"https:\/\/brancaia.com\/it\/wp-json\/wp\/v2\/pages\/2984\/revisions\/17010"}],"up":[{"embeddable":true,"href":"https:\/\/brancaia.com\/it\/wp-json\/wp\/v2\/pages\/922"}],"wp:attachment":[{"href":"https:\/\/brancaia.com\/it\/wp-json\/wp\/v2\/media?parent=2984"}],"curies":[{"name":"wp","href":"https:\/\/api.w.org\/{rel}","templated":true}]}}