{"id":4125,"date":"2021-02-22T08:37:24","date_gmt":"2021-02-22T07:37:24","guid":{"rendered":"https:\/\/brancaia.cyon.site\/riguardo-a-noi\/40-anni-di-brancaia\/"},"modified":"2022-11-18T09:57:15","modified_gmt":"2022-11-18T08:57:15","slug":"40-anni-di-brancaia","status":"publish","type":"page","link":"https:\/\/brancaia.com\/it\/chi-siamo\/40-anni-di-brancaia\/","title":{"rendered":"40 anni di Brancaia"},"content":{"rendered":"<p>[et_pb_section fb_built=&#8221;1&#8243; fullwidth=&#8221;on&#8221; _builder_version=&#8221;4.16&#8243; global_colors_info=&#8221;{}&#8221; da_is_popup=&#8221;off&#8221; da_exit_intent=&#8221;off&#8221; da_has_close=&#8221;on&#8221; da_alt_close=&#8221;off&#8221; da_dark_close=&#8221;off&#8221; da_not_modal=&#8221;on&#8221; da_is_singular=&#8221;off&#8221; da_with_loader=&#8221;off&#8221; da_has_shadow=&#8221;on&#8221; da_disable_devices=&#8221;off|off|off&#8221;][et_pb_fullwidth_header title=&#8221; &#8221; _builder_version=&#8221;4.16&#8243; background_enable_color=&#8221;off&#8221; background_image=&#8221;https:\/\/brancaia.com\/wp-content\/uploads\/hero_home2.jpg&#8221; global_colors_info=&#8221;{}&#8221;][\/et_pb_fullwidth_header][\/et_pb_section][et_pb_section fb_built=&#8221;1&#8243; _builder_version=&#8221;4.16&#8243; global_colors_info=&#8221;{}&#8221; da_is_popup=&#8221;off&#8221; da_exit_intent=&#8221;off&#8221; da_has_close=&#8221;on&#8221; da_alt_close=&#8221;off&#8221; da_dark_close=&#8221;off&#8221; da_not_modal=&#8221;on&#8221; da_is_singular=&#8221;off&#8221; da_with_loader=&#8221;off&#8221; da_has_shadow=&#8221;on&#8221; da_disable_devices=&#8221;off|off|off&#8221;][et_pb_row _builder_version=&#8221;4.16&#8243; _module_preset=&#8221;default&#8221; global_colors_info=&#8221;{}&#8221;][et_pb_column type=&#8221;4_4&#8243; _builder_version=&#8221;4.16&#8243; _module_preset=&#8221;default&#8221; global_colors_info=&#8221;{}&#8221;][et_pb_text _builder_version=&#8221;4.19.1&#8243; _module_preset=&#8221;default&#8221; hover_enabled=&#8221;0&#8243; global_colors_info=&#8221;{}&#8221; sticky_enabled=&#8221;0&#8243;]<\/p>\n<h1>40 anni di Brancaia<\/h1>\n<p>[\/et_pb_text][et_pb_text module_class=&#8221;ba-lead-module&#8221; _builder_version=&#8221;4.19.1&#8243; _module_preset=&#8221;default&#8221; hover_enabled=&#8221;0&#8243; global_colors_info=&#8221;{}&#8221; sticky_enabled=&#8221;0&#8243;]<\/p>\n<h2 style=\"text-align: center;\">UN ANNO DI COMPLEANNI E ANNIVERSARI PER BRANCAIA NEL 2021<\/h2>\n<p>Nel 2021 Brancaia ha potuto festeggiare diversi anniversari importanti: Brigitte e Bruno Widmer hanno acquisito Brancaia 40 anni fa e nel 2021 hanno festeggiato il loro 80\u00b0 compleanno. Nel settembre 2021, il prodotto di punta di Brancaia, IL BLU, ha festeggiato il suo 30\u00b0 compleanno con l&#8217;annata 2018. E per Barbara Widmer, direttore generale ed enologa di Brancaia, la vendemmia 2018 \u00e8 stata la ventesima e nel 2021 festegger\u00e0 anche un compleanno rotondo, il suo cinquantesimo.<\/p>\n<p>[\/et_pb_text][et_pb_text module_class=&#8221;ba-title-lead&#8221; _builder_version=&#8221;4.19.1&#8243; _module_preset=&#8221;default&#8221; hover_enabled=&#8221;0&#8243; global_colors_info=&#8221;{}&#8221; sticky_enabled=&#8221;0&#8243;]<\/p>\n<p>\u00c8 chiaro che con tanti compleanni e anniversari importanti, dovevano esserci anche dei festeggiamenti. Sono apparse diverse pubblicazioni. Ad esempio, la rivista tedesca &#8220;Credum&#8221; ha pubblicato un articolo speciale sui 40 anni di storia di Brancaia e sul 30\u00b0 anniversario de Il Blu. E verso la fine dell&#8217;anno \u00e8 stata lanciata la Collezione Brancaia.<\/p>\n<p>[\/et_pb_text][et_pb_image src=&#8221;https:\/\/brancaia.com\/wp-content\/uploads\/Brancaia_Geschichte_1980_1200x960px_02..jpg&#8221; title_text=&#8221;Brancaia_History_1980_1200x960px_02.&#8221; align=&#8221;center&#8221; _builder_version=&#8221;4.16&#8243; _module_preset=&#8221;default&#8221; width=&#8221;60%&#8221; global_colors_info=&#8221;{}&#8221;][\/et_pb_image][et_pb_text module_class=&#8221;ba-title-lead&#8221; _builder_version=&#8221;4.19.1&#8243; _module_preset=&#8221;default&#8221; hover_enabled=&#8221;0&#8243; global_colors_info=&#8221;{}&#8221; sticky_enabled=&#8221;0&#8243;]<\/p>\n<p>Il nostro importatore e partner svizzero, Vinothek Brancaia, ha tenuto una degustazione online in diretta con Barbara Widmer nella primavera del 2021. Vinothek Brancaia svolge un ruolo importante nello sviluppo dell&#8217;azienda e ha venduto il primo vino Brancaia, il Chianti Classico, nel 1983. Per celebrare il 40\u00b0 anniversario della cantina, Brancaia e Vinothek Brancaia hanno lanciato sul mercato svizzero una &#8220;Edizione Limitata Brancaia 40 Anni&#8221; di Chianti Classico 2019. Il Chianti Classico \u00e8 apparso per la prima volta con la sua nuova etichetta per celebrare l&#8217;occasione.<\/p>\n<p>L&#8217;edizione anniversario de Il Blu 2018 \u00e8 disponibile sul mercato da settembre 2021. Il 2018 \u00e8 stato un anno fantastico che ha reso giustizia al grande anniversario sotto ogni aspetto. Il Blu \u00e8 stato lanciato per questa occasione speciale in edizione limitata con una scatola di legno da 6 pezzi per l&#8217;anniversario e un&#8217;etichetta festosa.<\/p>\n<p>L&#8217;edizione anniversario de Il Blu 2018 \u00e8 disponibile sul mercato da settembre 2021. Il 2018 \u00e8 stato un anno impressionante per Brancaia e siamo orgogliosi di tutti i nostri risultati. Ringraziamo tutti i nostri amici e clienti per il loro sostegno e guardiamo ai prossimi 40 anni!<br \/>Queste sono solo alcune delle attivit\u00e0 che si sono svolte intorno al grande anniversario.<\/p>\n<p>[\/et_pb_text][\/et_pb_column][\/et_pb_row][\/et_pb_section]<\/p>\n","protected":false},"excerpt":{"rendered":"<p>40 anni di BrancaiaUN ANNO DI COMPLEANNI E ANNIVERSARI PER BRANCAIA NEL 2021 Nel 2021 Brancaia ha potuto festeggiare diversi anniversari importanti: Brigitte e Bruno Widmer hanno acquisito Brancaia 40 anni fa e nel 2021 hanno festeggiato il loro 80\u00b0 compleanno. Nel settembre 2021, il prodotto di punta di Brancaia, IL BLU, ha festeggiato il [&hellip;]<\/p>\n","protected":false},"author":1,"featured_media":0,"parent":1589,"menu_order":13,"comment_status":"closed","ping_status":"closed","template":"","meta":{"_et_pb_use_builder":"on","_et_pb_old_content":"","_et_gb_content_width":"","footnotes":""},"class_list":["post-4125","page","type-page","status-publish","hentry"],"yoast_head":"<!-- This site is optimized with the Yoast SEO plugin v27.4 - https:\/\/yoast.com\/product\/yoast-seo-wordpress\/ -->\n<title>40 anni di Brancaia - BRANCAIA<\/title>\n<meta name=\"robots\" content=\"index, follow, max-snippet:-1, max-image-preview:large, max-video-preview:-1\" \/>\n<link rel=\"canonical\" href=\"https:\/\/brancaia.com\/it\/chi-siamo\/40-anni-di-brancaia\/\" \/>\n<meta property=\"og:locale\" content=\"it_IT\" \/>\n<meta property=\"og:type\" content=\"article\" \/>\n<meta property=\"og:title\" content=\"40 anni di Brancaia - BRANCAIA\" \/>\n<meta property=\"og:description\" content=\"40 anni di BrancaiaUN ANNO DI COMPLEANNI E ANNIVERSARI PER BRANCAIA NEL 2021 Nel 2021 Brancaia ha potuto festeggiare diversi anniversari importanti: Brigitte e Bruno Widmer hanno acquisito Brancaia 40 anni fa e nel 2021 hanno festeggiato il loro 80\u00b0 compleanno. Nel settembre 2021, il prodotto di punta di Brancaia, IL BLU, ha festeggiato il [&hellip;]\" \/>\n<meta property=\"og:url\" content=\"https:\/\/brancaia.com\/it\/chi-siamo\/40-anni-di-brancaia\/\" \/>\n<meta property=\"og:site_name\" content=\"BRANCAIA\" \/>\n<meta property=\"article:modified_time\" content=\"2022-11-18T08:57:15+00:00\" \/>\n<meta name=\"twitter:card\" content=\"summary_large_image\" \/>\n<meta name=\"twitter:label1\" content=\"Tempo di lettura stimato\" \/>\n\t<meta name=\"twitter:data1\" content=\"3 minuti\" \/>\n<script type=\"application\/ld+json\" class=\"yoast-schema-graph\">{\"@context\":\"https:\\\/\\\/schema.org\",\"@graph\":[{\"@type\":\"WebPage\",\"@id\":\"https:\\\/\\\/brancaia.com\\\/it\\\/chi-siamo\\\/40-anni-di-brancaia\\\/\",\"url\":\"https:\\\/\\\/brancaia.com\\\/it\\\/chi-siamo\\\/40-anni-di-brancaia\\\/\",\"name\":\"40 anni di Brancaia - BRANCAIA\",\"isPartOf\":{\"@id\":\"https:\\\/\\\/brancaia.com\\\/it\\\/#website\"},\"datePublished\":\"2021-02-22T07:37:24+00:00\",\"dateModified\":\"2022-11-18T08:57:15+00:00\",\"breadcrumb\":{\"@id\":\"https:\\\/\\\/brancaia.com\\\/it\\\/chi-siamo\\\/40-anni-di-brancaia\\\/#breadcrumb\"},\"inLanguage\":\"it-IT\",\"potentialAction\":[{\"@type\":\"ReadAction\",\"target\":[\"https:\\\/\\\/brancaia.com\\\/it\\\/chi-siamo\\\/40-anni-di-brancaia\\\/\"]}]},{\"@type\":\"BreadcrumbList\",\"@id\":\"https:\\\/\\\/brancaia.com\\\/it\\\/chi-siamo\\\/40-anni-di-brancaia\\\/#breadcrumb\",\"itemListElement\":[{\"@type\":\"ListItem\",\"position\":1,\"name\":\"Home\",\"item\":\"https:\\\/\\\/brancaia.com\\\/it\\\/home\\\/\"},{\"@type\":\"ListItem\",\"position\":2,\"name\":\"Chi siamo\",\"item\":\"https:\\\/\\\/brancaia.com\\\/it\\\/chi-siamo\\\/\"},{\"@type\":\"ListItem\",\"position\":3,\"name\":\"40 anni di Brancaia\"}]},{\"@type\":\"WebSite\",\"@id\":\"https:\\\/\\\/brancaia.com\\\/it\\\/#website\",\"url\":\"https:\\\/\\\/brancaia.com\\\/it\\\/\",\"name\":\"BRANCAIA\",\"description\":\"Winery &amp; Wines\",\"potentialAction\":[{\"@type\":\"SearchAction\",\"target\":{\"@type\":\"EntryPoint\",\"urlTemplate\":\"https:\\\/\\\/brancaia.com\\\/it\\\/?s={search_term_string}\"},\"query-input\":{\"@type\":\"PropertyValueSpecification\",\"valueRequired\":true,\"valueName\":\"search_term_string\"}}],\"inLanguage\":\"it-IT\"}]}<\/script>\n<!-- \/ Yoast SEO plugin. -->","yoast_head_json":{"title":"40 anni di Brancaia - BRANCAIA","robots":{"index":"index","follow":"follow","max-snippet":"max-snippet:-1","max-image-preview":"max-image-preview:large","max-video-preview":"max-video-preview:-1"},"canonical":"https:\/\/brancaia.com\/it\/chi-siamo\/40-anni-di-brancaia\/","og_locale":"it_IT","og_type":"article","og_title":"40 anni di Brancaia - BRANCAIA","og_description":"40 anni di BrancaiaUN ANNO DI COMPLEANNI E ANNIVERSARI PER BRANCAIA NEL 2021 Nel 2021 Brancaia ha potuto festeggiare diversi anniversari importanti: Brigitte e Bruno Widmer hanno acquisito Brancaia 40 anni fa e nel 2021 hanno festeggiato il loro 80\u00b0 compleanno. Nel settembre 2021, il prodotto di punta di Brancaia, IL BLU, ha festeggiato il [&hellip;]","og_url":"https:\/\/brancaia.com\/it\/chi-siamo\/40-anni-di-brancaia\/","og_site_name":"BRANCAIA","article_modified_time":"2022-11-18T08:57:15+00:00","twitter_card":"summary_large_image","twitter_misc":{"Tempo di lettura stimato":"3 minuti"},"schema":{"@context":"https:\/\/schema.org","@graph":[{"@type":"WebPage","@id":"https:\/\/brancaia.com\/it\/chi-siamo\/40-anni-di-brancaia\/","url":"https:\/\/brancaia.com\/it\/chi-siamo\/40-anni-di-brancaia\/","name":"40 anni di Brancaia - BRANCAIA","isPartOf":{"@id":"https:\/\/brancaia.com\/it\/#website"},"datePublished":"2021-02-22T07:37:24+00:00","dateModified":"2022-11-18T08:57:15+00:00","breadcrumb":{"@id":"https:\/\/brancaia.com\/it\/chi-siamo\/40-anni-di-brancaia\/#breadcrumb"},"inLanguage":"it-IT","potentialAction":[{"@type":"ReadAction","target":["https:\/\/brancaia.com\/it\/chi-siamo\/40-anni-di-brancaia\/"]}]},{"@type":"BreadcrumbList","@id":"https:\/\/brancaia.com\/it\/chi-siamo\/40-anni-di-brancaia\/#breadcrumb","itemListElement":[{"@type":"ListItem","position":1,"name":"Home","item":"https:\/\/brancaia.com\/it\/home\/"},{"@type":"ListItem","position":2,"name":"Chi siamo","item":"https:\/\/brancaia.com\/it\/chi-siamo\/"},{"@type":"ListItem","position":3,"name":"40 anni di Brancaia"}]},{"@type":"WebSite","@id":"https:\/\/brancaia.com\/it\/#website","url":"https:\/\/brancaia.com\/it\/","name":"BRANCAIA","description":"Winery &amp; Wines","potentialAction":[{"@type":"SearchAction","target":{"@type":"EntryPoint","urlTemplate":"https:\/\/brancaia.com\/it\/?s={search_term_string}"},"query-input":{"@type":"PropertyValueSpecification","valueRequired":true,"valueName":"search_term_string"}}],"inLanguage":"it-IT"}]}},"_links":{"self":[{"href":"https:\/\/brancaia.com\/it\/wp-json\/wp\/v2\/pages\/4125","targetHints":{"allow":["GET"]}}],"collection":[{"href":"https:\/\/brancaia.com\/it\/wp-json\/wp\/v2\/pages"}],"about":[{"href":"https:\/\/brancaia.com\/it\/wp-json\/wp\/v2\/types\/page"}],"author":[{"embeddable":true,"href":"https:\/\/brancaia.com\/it\/wp-json\/wp\/v2\/users\/1"}],"replies":[{"embeddable":true,"href":"https:\/\/brancaia.com\/it\/wp-json\/wp\/v2\/comments?post=4125"}],"version-history":[{"count":20,"href":"https:\/\/brancaia.com\/it\/wp-json\/wp\/v2\/pages\/4125\/revisions"}],"predecessor-version":[{"id":11129,"href":"https:\/\/brancaia.com\/it\/wp-json\/wp\/v2\/pages\/4125\/revisions\/11129"}],"up":[{"embeddable":true,"href":"https:\/\/brancaia.com\/it\/wp-json\/wp\/v2\/pages\/1589"}],"wp:attachment":[{"href":"https:\/\/brancaia.com\/it\/wp-json\/wp\/v2\/media?parent=4125"}],"curies":[{"name":"wp","href":"https:\/\/api.w.org\/{rel}","templated":true}]}}