{"id":4464,"date":"2021-02-22T14:33:19","date_gmt":"2021-02-22T13:33:19","guid":{"rendered":"https:\/\/brancaia.cyon.site\/azienda-vinicola\/viticoltura\/"},"modified":"2025-02-03T10:36:08","modified_gmt":"2025-02-03T09:36:08","slug":"viticoltura","status":"publish","type":"page","link":"https:\/\/brancaia.com\/it\/azienda\/viticoltura\/","title":{"rendered":"Viticoltura"},"content":{"rendered":"<p>[et_pb_section fb_built=&#8221;1&#8243; fullwidth=&#8221;on&#8221; _builder_version=&#8221;4.16&#8243; _module_preset=&#8221;default&#8221; global_colors_info=&#8221;{}&#8221; da_is_popup=&#8221;off&#8221; da_exit_intent=&#8221;off&#8221; da_has_close=&#8221;on&#8221; da_alt_close=&#8221;off&#8221; da_dark_close=&#8221;off&#8221; da_not_modal=&#8221;on&#8221; da_is_singular=&#8221;off&#8221; da_with_loader=&#8221;off&#8221; da_has_shadow=&#8221;on&#8221; da_disable_devices=&#8221;off|off|off&#8221;][et_pb_fullwidth_header title=&#8221; &#8221; _builder_version=&#8221;4.16&#8243; _module_preset=&#8221;default&#8221; background_enable_color=&#8221;off&#8221; background_image=&#8221;https:\/\/brancaia.com\/wp-content\/uploads\/Brancaia_Weinbau_Hero_1960x1080px.jpg&#8221; global_colors_info=&#8221;{}&#8221;][\/et_pb_fullwidth_header][\/et_pb_section][et_pb_section fb_built=&#8221;1&#8243; _builder_version=&#8221;4.16&#8243; _module_preset=&#8221;default&#8221; global_colors_info=&#8221;{}&#8221; da_is_popup=&#8221;off&#8221; da_exit_intent=&#8221;off&#8221; da_has_close=&#8221;on&#8221; da_alt_close=&#8221;off&#8221; da_dark_close=&#8221;off&#8221; da_not_modal=&#8221;on&#8221; da_is_singular=&#8221;off&#8221; da_with_loader=&#8221;off&#8221; da_has_shadow=&#8221;on&#8221; da_disable_devices=&#8221;off|off|off&#8221;][et_pb_row _builder_version=&#8221;4.16&#8243; _module_preset=&#8221;default&#8221; global_colors_info=&#8221;{}&#8221;][et_pb_column type=&#8221;4_4&#8243; _builder_version=&#8221;4.16&#8243; _module_preset=&#8221;default&#8221; global_colors_info=&#8221;{}&#8221;][et_pb_text module_class=&#8221;ba-lead-module&#8221; _builder_version=&#8221;4.16&#8243; _module_preset=&#8221;default&#8221; global_colors_info=&#8221;{}&#8221;]<\/p>\n<h1 style=\"text-align: center;\">Viticoltura<\/h1>\n<p>Le pratiche di viticoltura biologica proteggono il nostro suolo, l&#8217;aria e l&#8217;acqua e migliorano il gusto e il carattere delle nostre uve e dei nostri vini. Pi\u00f9 un sistema \u00e8 diversificato, pi\u00f9 diventa resiliente e autoregolante. Pi\u00f9 rispettiamo la natura, pi\u00f9 sane diventano le viti e migliori e pi\u00f9 autentici sono i loro frutti.<\/p>\n<p>La viticoltura biologica e la qualit\u00e0 senza compromessi sono compatibili al 100%. Questa \u00e8 una delle intuizioni pi\u00f9 importanti e belle che siamo stati in grado di ottenere nel corso degli anni.<\/p>\n<p>Brancaia \u00e8 un&#8217;azienda biologica certificata dal 2019.<\/p>\n<p>[\/et_pb_text][\/et_pb_column][\/et_pb_row][et_pb_row column_structure=&#8221;1_2,1_2&#8243; _builder_version=&#8221;4.16&#8243; _module_preset=&#8221;default&#8221; global_colors_info=&#8221;{}&#8221;][et_pb_column type=&#8221;1_2&#8243; _builder_version=&#8221;4.16&#8243; _module_preset=&#8221;default&#8221; global_colors_info=&#8221;{}&#8221;][et_pb_text _builder_version=&#8221;4.16&#8243; _module_preset=&#8221;default&#8221; custom_margin=&#8221;-46px||||false|false&#8221; global_colors_info=&#8221;{}&#8221;]<\/p>\n<h6><strong>LA QUALIT\u00c0 DELL&#8217;UVA \u00c8 CHIAVE<\/strong><\/h6>\n<p>La base per un vino eccellente \u00e8 posta in vigna. La scelta del vitigno e del clone giusto \u00e8 fondamentale per produrre l&#8217;uva perfetta. Solo con la simbiosi ottimale tra vite e suolo si possono creare vini che sviluppano gli aromi desiderati tipici della regione. Aromi che rendono unici i nostri vini.<\/p>\n<p>La qualit\u00e0 di un&#8217;uva \u00e8 influenzata da vari fattori. La natura e l&#8217;annata sono un fattore centrale che sicuramente diventer\u00e0 ancora pi\u00f9 accentuato con il cambiamento climatico. Negli ultimi anni abbiamo apportato tanti piccoli e grandi cambiamenti per far s\u00ec che le nostre viti possano maturare le migliori uve in ogni situazione.<\/p>\n<p>Siamo convinti che le uve diventino migliori e pi\u00f9 tipiche della regione con l&#8217;invecchiamento della vite. Le vecchie vigne hanno anche vantaggi in termini di cambiamento climatico. Un vitigno che prospera con noi da oltre 25 anni si \u00e8 adattato perfettamente all&#8217;ambiente circostante con micro-cambiamenti nel suo DNA. Questo \u00e8 esattamente ci\u00f2 a cui miriamo.<\/p>\n<p>[\/et_pb_text][et_pb_image src=&#8221;https:\/\/brancaia.com\/wp-content\/uploads\/Brancaia_Nachhaltigkeit_1200x960px_03-Kopie.jpg&#8221; title_text=&#8221;Brancaia_Sustainability_1200x960px_03 copy&#8221; align=&#8221;right&#8221; _builder_version=&#8221;4.16&#8243; _module_preset=&#8221;default&#8221; width=&#8221;100%&#8221; global_colors_info=&#8221;{}&#8221;][\/et_pb_image][et_pb_text _builder_version=&#8221;4.16&#8243; _module_preset=&#8221;default&#8221; global_colors_info=&#8221;{}&#8221;]<\/p>\n<p>Con ben 80 ettari, ci vogliono molte mani laboriose per svolgere tutto il lavoro con cura e puntualit\u00e0. I dipendenti Brancaia lavorano pi\u00f9 di 450 ore per ettaro nei vigneti prima che le uve raggiungano la cantina. La maggior parte \u00e8 lavoro manuale, cos\u00ec come l&#8217;intero raccolto. Queste fasi di lavoro sono importanti controlli di qualit\u00e0 che hanno una forte influenza sul risultato finale. La prima regolazione della resa avviene gi\u00e0 con la potatura, tutti i lavori successivi servono alla regolazione della resa e all&#8217;assicurazione della qualit\u00e0. Quindi \u00e8 molto importante fare questo lavoro correttamente e con attenzione.<\/p>\n<p>Il team Brancaia &#8211; molti dei suoi membri sono con noi da molto tempo &#8211; partecipa regolarmente a corsi di formazione. Inoltre, Brancaia cerca di sensibilizzare ulteriormente i propri dipendenti nel loro pensiero di qualit\u00e0 attraverso conferenze, degustazioni e gite aziendali. Osiamo dire che tutti i nostri dipendenti sono orgogliosi di far parte del team.<\/p>\n<p>[\/et_pb_text][et_pb_image src=&#8221;https:\/\/brancaia.com\/wp-content\/uploads\/Brancaia_Nachhaltigkeit_1200x960px_05.jpg&#8221; title_text=&#8221;Brancaia_Sustainability_1200x960px_05&#8243; align=&#8221;right&#8221; _builder_version=&#8221;4.16&#8243; _module_preset=&#8221;default&#8221; width=&#8221;80%&#8221; global_colors_info=&#8221;{}&#8221;][\/et_pb_image][\/et_pb_column][et_pb_column type=&#8221;1_2&#8243; _builder_version=&#8221;4.16&#8243; _module_preset=&#8221;default&#8221; global_colors_info=&#8221;{}&#8221;][et_pb_image src=&#8221;https:\/\/brancaia.com\/wp-content\/uploads\/Brancaia_Weinbau_1200x960px_01-1.jpg&#8221; title_text=&#8221;Brancaia_Vinicoltura_1200x960px_01&#8243; _builder_version=&#8221;4.16&#8243; _module_preset=&#8221;default&#8221; width=&#8221;80%&#8221; global_colors_info=&#8221;{}&#8221;][\/et_pb_image][et_pb_text _builder_version=&#8221;4.16&#8243; _module_preset=&#8221;default&#8221; custom_margin=&#8221;54px||||false|false&#8221; global_colors_info=&#8221;{}&#8221;]<\/p>\n<h6><strong>IL LAVORO<\/strong><\/h6>\n<p>La cantina Brancaia comprende circa 40 ettari di vigneti nel Chianti Classico (Castellina in Chianti e Radda in Chianti) e altri 40 ettari in Maremma.<\/p>\n<p>Le sedi differiscono in molti modi, ma hanno una cosa in comune: un core team impegnato con una filosofia chiara cerca costantemente di ottenere la migliore qualit\u00e0 possibile.<\/p>\n<p>La massima qualit\u00e0 del vino pu\u00f2 essere ottenuta solo con la massima qualit\u00e0 dell&#8217;uva. La natura \u00e8 un fattore essenziale che non possiamo influenzare. Dobbiamo capirli, trattarli con rispetto e rispondere loro nel miglior modo possibile. Barbara Widmer vive in cantina tutto l&#8217;anno, fa visite ai vigneti tutti i giorni durante la vendemmia e pi\u00f9 volte alla settimana nel resto del tempo, insieme agli agronomi Alessandro di Tardo e Marco Marchi. Quindi loro tre sanno come stanno le piante e cosa \u00e8 necessario fare se necessario.<\/p>\n<p>[\/et_pb_text][et_pb_image src=&#8221;https:\/\/brancaia.com\/wp-content\/uploads\/Brancaia_Weinbau_1200x960px_05.jpg&#8221; title_text=&#8221;Brancaia_Vinicoltura_1200x960px_05&#8243; _builder_version=&#8221;4.16&#8243; _module_preset=&#8221;default&#8221; width=&#8221;100%&#8221; global_colors_info=&#8221;{}&#8221;][\/et_pb_image][\/et_pb_column][\/et_pb_row][\/et_pb_section]<\/p>\n","protected":false},"excerpt":{"rendered":"<p>Viticoltura Le pratiche di viticoltura biologica proteggono il nostro suolo, l&#8217;aria e l&#8217;acqua e migliorano il gusto e il carattere delle nostre uve e dei nostri vini. Pi\u00f9 un sistema \u00e8 diversificato, pi\u00f9 diventa resiliente e autoregolante. Pi\u00f9 rispettiamo la natura, pi\u00f9 sane diventano le viti e migliori e pi\u00f9 autentici sono i loro frutti. [&hellip;]<\/p>\n","protected":false},"author":1,"featured_media":0,"parent":1518,"menu_order":10,"comment_status":"closed","ping_status":"closed","template":"","meta":{"_et_pb_use_builder":"on","_et_pb_old_content":"","_et_gb_content_width":"","footnotes":""},"class_list":["post-4464","page","type-page","status-publish","hentry"],"yoast_head":"<!-- This site is optimized with the Yoast SEO plugin v27.3 - https:\/\/yoast.com\/product\/yoast-seo-wordpress\/ -->\n<title>Viticoltura - BRANCAIA<\/title>\n<meta name=\"robots\" content=\"index, follow, max-snippet:-1, max-image-preview:large, max-video-preview:-1\" \/>\n<link rel=\"canonical\" href=\"https:\/\/brancaia.com\/it\/azienda\/viticoltura\/\" \/>\n<meta property=\"og:locale\" content=\"it_IT\" \/>\n<meta property=\"og:type\" content=\"article\" \/>\n<meta property=\"og:title\" content=\"Viticoltura - BRANCAIA\" \/>\n<meta property=\"og:description\" content=\"Viticoltura Le pratiche di viticoltura biologica proteggono il nostro suolo, l&#039;aria e l&#039;acqua e migliorano il gusto e il carattere delle nostre uve e dei nostri vini. Pi\u00f9 un sistema \u00e8 diversificato, pi\u00f9 diventa resiliente e autoregolante. Pi\u00f9 rispettiamo la natura, pi\u00f9 sane diventano le viti e migliori e pi\u00f9 autentici sono i loro frutti. [&hellip;]\" \/>\n<meta property=\"og:url\" content=\"https:\/\/brancaia.com\/it\/azienda\/viticoltura\/\" \/>\n<meta property=\"og:site_name\" content=\"BRANCAIA\" \/>\n<meta property=\"article:modified_time\" content=\"2025-02-03T09:36:08+00:00\" \/>\n<meta name=\"twitter:card\" content=\"summary_large_image\" \/>\n<meta name=\"twitter:label1\" content=\"Tempo di lettura stimato\" \/>\n\t<meta name=\"twitter:data1\" content=\"5 minuti\" \/>\n<script type=\"application\/ld+json\" class=\"yoast-schema-graph\">{\"@context\":\"https:\\\/\\\/schema.org\",\"@graph\":[{\"@type\":\"WebPage\",\"@id\":\"https:\\\/\\\/brancaia.com\\\/it\\\/azienda\\\/viticoltura\\\/\",\"url\":\"https:\\\/\\\/brancaia.com\\\/it\\\/azienda\\\/viticoltura\\\/\",\"name\":\"Viticoltura - BRANCAIA\",\"isPartOf\":{\"@id\":\"https:\\\/\\\/brancaia.com\\\/it\\\/#website\"},\"datePublished\":\"2021-02-22T13:33:19+00:00\",\"dateModified\":\"2025-02-03T09:36:08+00:00\",\"breadcrumb\":{\"@id\":\"https:\\\/\\\/brancaia.com\\\/it\\\/azienda\\\/viticoltura\\\/#breadcrumb\"},\"inLanguage\":\"it-IT\",\"potentialAction\":[{\"@type\":\"ReadAction\",\"target\":[\"https:\\\/\\\/brancaia.com\\\/it\\\/azienda\\\/viticoltura\\\/\"]}]},{\"@type\":\"BreadcrumbList\",\"@id\":\"https:\\\/\\\/brancaia.com\\\/it\\\/azienda\\\/viticoltura\\\/#breadcrumb\",\"itemListElement\":[{\"@type\":\"ListItem\",\"position\":1,\"name\":\"Home\",\"item\":\"https:\\\/\\\/brancaia.com\\\/it\\\/home\\\/\"},{\"@type\":\"ListItem\",\"position\":2,\"name\":\"Cantina\",\"item\":\"https:\\\/\\\/brancaia.com\\\/it\\\/azienda\\\/\"},{\"@type\":\"ListItem\",\"position\":3,\"name\":\"Viticoltura\"}]},{\"@type\":\"WebSite\",\"@id\":\"https:\\\/\\\/brancaia.com\\\/it\\\/#website\",\"url\":\"https:\\\/\\\/brancaia.com\\\/it\\\/\",\"name\":\"BRANCAIA\",\"description\":\"Winery &amp; Wines\",\"potentialAction\":[{\"@type\":\"SearchAction\",\"target\":{\"@type\":\"EntryPoint\",\"urlTemplate\":\"https:\\\/\\\/brancaia.com\\\/it\\\/?s={search_term_string}\"},\"query-input\":{\"@type\":\"PropertyValueSpecification\",\"valueRequired\":true,\"valueName\":\"search_term_string\"}}],\"inLanguage\":\"it-IT\"}]}<\/script>\n<!-- \/ Yoast SEO plugin. -->","yoast_head_json":{"title":"Viticoltura - BRANCAIA","robots":{"index":"index","follow":"follow","max-snippet":"max-snippet:-1","max-image-preview":"max-image-preview:large","max-video-preview":"max-video-preview:-1"},"canonical":"https:\/\/brancaia.com\/it\/azienda\/viticoltura\/","og_locale":"it_IT","og_type":"article","og_title":"Viticoltura - BRANCAIA","og_description":"Viticoltura Le pratiche di viticoltura biologica proteggono il nostro suolo, l'aria e l'acqua e migliorano il gusto e il carattere delle nostre uve e dei nostri vini. Pi\u00f9 un sistema \u00e8 diversificato, pi\u00f9 diventa resiliente e autoregolante. Pi\u00f9 rispettiamo la natura, pi\u00f9 sane diventano le viti e migliori e pi\u00f9 autentici sono i loro frutti. [&hellip;]","og_url":"https:\/\/brancaia.com\/it\/azienda\/viticoltura\/","og_site_name":"BRANCAIA","article_modified_time":"2025-02-03T09:36:08+00:00","twitter_card":"summary_large_image","twitter_misc":{"Tempo di lettura stimato":"5 minuti"},"schema":{"@context":"https:\/\/schema.org","@graph":[{"@type":"WebPage","@id":"https:\/\/brancaia.com\/it\/azienda\/viticoltura\/","url":"https:\/\/brancaia.com\/it\/azienda\/viticoltura\/","name":"Viticoltura - BRANCAIA","isPartOf":{"@id":"https:\/\/brancaia.com\/it\/#website"},"datePublished":"2021-02-22T13:33:19+00:00","dateModified":"2025-02-03T09:36:08+00:00","breadcrumb":{"@id":"https:\/\/brancaia.com\/it\/azienda\/viticoltura\/#breadcrumb"},"inLanguage":"it-IT","potentialAction":[{"@type":"ReadAction","target":["https:\/\/brancaia.com\/it\/azienda\/viticoltura\/"]}]},{"@type":"BreadcrumbList","@id":"https:\/\/brancaia.com\/it\/azienda\/viticoltura\/#breadcrumb","itemListElement":[{"@type":"ListItem","position":1,"name":"Home","item":"https:\/\/brancaia.com\/it\/home\/"},{"@type":"ListItem","position":2,"name":"Cantina","item":"https:\/\/brancaia.com\/it\/azienda\/"},{"@type":"ListItem","position":3,"name":"Viticoltura"}]},{"@type":"WebSite","@id":"https:\/\/brancaia.com\/it\/#website","url":"https:\/\/brancaia.com\/it\/","name":"BRANCAIA","description":"Winery &amp; Wines","potentialAction":[{"@type":"SearchAction","target":{"@type":"EntryPoint","urlTemplate":"https:\/\/brancaia.com\/it\/?s={search_term_string}"},"query-input":{"@type":"PropertyValueSpecification","valueRequired":true,"valueName":"search_term_string"}}],"inLanguage":"it-IT"}]}},"_links":{"self":[{"href":"https:\/\/brancaia.com\/it\/wp-json\/wp\/v2\/pages\/4464","targetHints":{"allow":["GET"]}}],"collection":[{"href":"https:\/\/brancaia.com\/it\/wp-json\/wp\/v2\/pages"}],"about":[{"href":"https:\/\/brancaia.com\/it\/wp-json\/wp\/v2\/types\/page"}],"author":[{"embeddable":true,"href":"https:\/\/brancaia.com\/it\/wp-json\/wp\/v2\/users\/1"}],"replies":[{"embeddable":true,"href":"https:\/\/brancaia.com\/it\/wp-json\/wp\/v2\/comments?post=4464"}],"version-history":[{"count":10,"href":"https:\/\/brancaia.com\/it\/wp-json\/wp\/v2\/pages\/4464\/revisions"}],"predecessor-version":[{"id":16864,"href":"https:\/\/brancaia.com\/it\/wp-json\/wp\/v2\/pages\/4464\/revisions\/16864"}],"up":[{"embeddable":true,"href":"https:\/\/brancaia.com\/it\/wp-json\/wp\/v2\/pages\/1518"}],"wp:attachment":[{"href":"https:\/\/brancaia.com\/it\/wp-json\/wp\/v2\/media?parent=4464"}],"curies":[{"name":"wp","href":"https:\/\/api.w.org\/{rel}","templated":true}]}}