{"id":5386,"date":"2021-02-24T17:42:39","date_gmt":"2021-02-24T16:42:39","guid":{"rendered":"https:\/\/brancaia.cyon.site\/azienda-vinicola\/annate\/annata-del-vino-2019\/"},"modified":"2021-12-12T14:02:01","modified_gmt":"2021-12-12T13:02:01","slug":"annata-del-vino-2019","status":"publish","type":"page","link":"https:\/\/brancaia.com\/it\/azienda\/annate\/annata-del-vino-2019\/","title":{"rendered":"Annata del vino 2019"},"content":{"rendered":"<p>[et_pb_section fb_built=&#8221;1&#8243; fullwidth=&#8221;on&#8221; _builder_version=&#8221;4.6.6&#8243; _module_preset=&#8221;default&#8221; global_colors_info=&#8221;{}&#8221;][et_pb_fullwidth_header title=&#8221; &#8221; _builder_version=&#8221;4.7.7&#8243; _module_preset=&#8221;default&#8221; background_enable_color=&#8221;off&#8221; background_image=&#8221;https:\/\/brancaia.com\/wp-content\/uploads\/hero.jpg&#8221; global_colors_info=&#8221;{}&#8221;][\/et_pb_fullwidth_header][\/et_pb_section][et_pb_section fb_built=&#8221;1&#8243; _builder_version=&#8221;4.6.6&#8243; _module_preset=&#8221;default&#8221; global_colors_info=&#8221;{}&#8221;][et_pb_row _builder_version=&#8221;4.6.6&#8243; _module_preset=&#8221;default&#8221; global_colors_info=&#8221;{}&#8221;][et_pb_column type=&#8221;4_4&#8243; _builder_version=&#8221;4.6.6&#8243; _module_preset=&#8221;default&#8221; global_colors_info=&#8221;{}&#8221;][et_pb_text _builder_version=&#8221;4.7.7&#8243; _module_preset=&#8221;default&#8221; global_colors_info=&#8221;{}&#8221;]<\/p>\n<h1>LE ANNATE<\/h1>\n<p>[\/et_pb_text][et_pb_menu menu_id=&#8221;41&#8243; _builder_version=&#8221;4.7.7&#8243; _module_preset=&#8221;default&#8221; global_colors_info=&#8221;{}&#8221;][\/et_pb_menu][\/et_pb_column][\/et_pb_row][et_pb_row _builder_version=&#8221;4.9.0&#8243; _module_preset=&#8221;default&#8221; global_colors_info=&#8221;{}&#8221;][et_pb_column type=&#8221;4_4&#8243; _builder_version=&#8221;4.7.7&#8243; _module_preset=&#8221;default&#8221; global_colors_info=&#8221;{}&#8221;][et_pb_text module_class=&#8221;ba-title-lead&#8221; _builder_version=&#8221;4.9.0&#8243; _module_preset=&#8221;default&#8221; global_colors_info=&#8221;{}&#8221;]<\/p>\n<h2 style=\"text-align: center;\">vendemmia 2019<\/h2>\n<p>Dopo un inverno piuttosto mite con poca neve che \u00e8 rimasta appena, abbiamo avuto una primavera piovosa con temperature basse. La fioritura e le successive fasi fenologiche delle viti sono state quindi pi\u00f9 tardive rispetto agli anni precedenti.<\/p>\n<p>Le piogge sono cessate a fine maggio e siamo passati direttamente da condizioni di freddo e umido a condizioni di mezza estate. I due mesi successivi abbiamo avuto una bella giornata dopo l&#8217;altra con temperature fino a 40\u00b0 C. Grazie alle abbondanti piogge primaverili non si sono verificati stress indesiderati per le viti. E prima che diventasse troppo secco, c&#8217;\u00e8 stata una notte tempestosa e piovosa alla fine di luglio. Questo ha permesso una maturazione perfetta con la giusta dose di stress durante il bello e caldo agosto. Settembre \u00e8 stato caratterizzato da leggere piogge diurne e temperature intorno ai 30\u00b0 C con notti decisamente pi\u00f9 fresche. Queste condizioni climatiche ideali si sono protratte per l&#8217;intero ciclo vegetativo. Ci hanno permesso di raccogliere le singole variet\u00e0 alla loro maturit\u00e0 tecnologica e fenolica ottimale.<\/p>\n<p>[\/et_pb_text][et_pb_text module_class=&#8221;ba-title-lead&#8221; _builder_version=&#8221;4.9.0&#8243; _module_preset=&#8221;default&#8221; global_colors_info=&#8221;{}&#8221;]<\/p>\n<p>La vendemmia in Maremma \u00e8 iniziata il 23 agosto con il Merlot per il rosato, seguito dal Viognier per Il Bianco. A inizio settembre abbiamo raccolto le restanti uve Merlot, seguite dal Sangiovese, dal Cabernet Sauvignon, dal Cabernet Franc e dal Petit Verdot. In Maremma abbiamo finito a met\u00e0 ottobre.<\/p>\n<p>Nel Chianti la vendemmia \u00e8 iniziata un po&#8217;pi\u00f9 tardi rispetto agli anni precedenti. Il Sauvignon Blanc \u00e8 stato raccolto l&#8217;11 settembre, seguito dal Merlot. Il Sangiovese \u00e8 stato raccolto da met\u00e0 settembre a inizio ottobre. Nella prima settimana di ottobre abbiamo terminato la nostra vendemmia nel Chianti Classico con il Cabernet Sauvignon.<\/p>\n<p>Siamo molto soddisfatti sia della qualit\u00e0 che della quantit\u00e0. Le condizioni climatiche hanno permesso di raccogliere a mano tutte le uve in uno stato sano e perfettamente maturo<\/p>\n<p>Notizie dalla cantina:<\/p>\n<p>Il rosato \u00e8 molto profumato, con acidit\u00e0 persistente, alcool leggero e un colore chiaro &#8211; esattamente come dovrebbe essere.<\/p>\n<p>Il nostro vino bianco ha una grande struttura, bei profumi e una vivace acidit\u00e0. Il Viognier \u00e8 il nostro migliore \u201cmai\u201d.<\/p>\n<p>I vini rossi sono molto ricchi di polifenoli ed estratti, hanno la giusta quantit\u00e0 di alcol, acidit\u00e0 e valori di pH ottimali. In sintesi, hanno tutto ci\u00f2 che serve per divenire vini equilibrati ed eleganti con un alto potenziale di invecchiamento.<\/p>\n<p>[\/et_pb_text][et_pb_image src=&#8221;https:\/\/brancaia.com\/wp-content\/uploads\/Brancaia_Weingut_Rebjahr_1200x960px_2019_02.jpg&#8221; title_text=&#8221;Brancaia_Weingut_Rebjahr_1200x960px_2019_02&#8243; align=&#8221;center&#8221; _builder_version=&#8221;4.9.0&#8243; _module_preset=&#8221;default&#8221; width=&#8221;60%&#8221; global_colors_info=&#8221;{}&#8221;][\/et_pb_image][\/et_pb_column][\/et_pb_row][\/et_pb_section]<\/p>\n","protected":false},"excerpt":{"rendered":"<p>LE ANNATEvendemmia 2019 Dopo un inverno piuttosto mite con poca neve che \u00e8 rimasta appena, abbiamo avuto una primavera piovosa con temperature basse. La fioritura e le successive fasi fenologiche delle viti sono state quindi pi\u00f9 tardive rispetto agli anni precedenti. Le piogge sono cessate a fine maggio e siamo passati direttamente da condizioni di [&hellip;]<\/p>\n","protected":false},"author":1,"featured_media":0,"parent":2200,"menu_order":8,"comment_status":"closed","ping_status":"closed","template":"","meta":{"_et_pb_use_builder":"on","_et_pb_old_content":"","_et_gb_content_width":"","footnotes":""},"class_list":["post-5386","page","type-page","status-publish","hentry"],"yoast_head":"<!-- This site is optimized with the Yoast SEO plugin v27.4 - https:\/\/yoast.com\/product\/yoast-seo-wordpress\/ -->\n<title>Annata del vino 2019 - BRANCAIA<\/title>\n<meta name=\"robots\" content=\"index, follow, max-snippet:-1, max-image-preview:large, max-video-preview:-1\" \/>\n<link rel=\"canonical\" href=\"https:\/\/brancaia.com\/it\/azienda\/annate\/annata-del-vino-2019\/\" \/>\n<meta property=\"og:locale\" content=\"it_IT\" \/>\n<meta property=\"og:type\" content=\"article\" \/>\n<meta property=\"og:title\" content=\"Annata del vino 2019 - BRANCAIA\" \/>\n<meta property=\"og:description\" content=\"LE ANNATEvendemmia 2019 Dopo un inverno piuttosto mite con poca neve che \u00e8 rimasta appena, abbiamo avuto una primavera piovosa con temperature basse. La fioritura e le successive fasi fenologiche delle viti sono state quindi pi\u00f9 tardive rispetto agli anni precedenti. Le piogge sono cessate a fine maggio e siamo passati direttamente da condizioni di [&hellip;]\" \/>\n<meta property=\"og:url\" content=\"https:\/\/brancaia.com\/it\/azienda\/annate\/annata-del-vino-2019\/\" \/>\n<meta property=\"og:site_name\" content=\"BRANCAIA\" \/>\n<meta property=\"article:modified_time\" content=\"2021-12-12T13:02:01+00:00\" \/>\n<meta name=\"twitter:card\" content=\"summary_large_image\" \/>\n<meta name=\"twitter:label1\" content=\"Tempo di lettura stimato\" \/>\n\t<meta name=\"twitter:data1\" content=\"3 minuti\" \/>\n<script type=\"application\/ld+json\" class=\"yoast-schema-graph\">{\"@context\":\"https:\\\/\\\/schema.org\",\"@graph\":[{\"@type\":\"WebPage\",\"@id\":\"https:\\\/\\\/brancaia.com\\\/it\\\/azienda\\\/annate\\\/annata-del-vino-2019\\\/\",\"url\":\"https:\\\/\\\/brancaia.com\\\/it\\\/azienda\\\/annate\\\/annata-del-vino-2019\\\/\",\"name\":\"Annata del vino 2019 - BRANCAIA\",\"isPartOf\":{\"@id\":\"https:\\\/\\\/brancaia.com\\\/it\\\/#website\"},\"datePublished\":\"2021-02-24T16:42:39+00:00\",\"dateModified\":\"2021-12-12T13:02:01+00:00\",\"breadcrumb\":{\"@id\":\"https:\\\/\\\/brancaia.com\\\/it\\\/azienda\\\/annate\\\/annata-del-vino-2019\\\/#breadcrumb\"},\"inLanguage\":\"it-IT\",\"potentialAction\":[{\"@type\":\"ReadAction\",\"target\":[\"https:\\\/\\\/brancaia.com\\\/it\\\/azienda\\\/annate\\\/annata-del-vino-2019\\\/\"]}]},{\"@type\":\"BreadcrumbList\",\"@id\":\"https:\\\/\\\/brancaia.com\\\/it\\\/azienda\\\/annate\\\/annata-del-vino-2019\\\/#breadcrumb\",\"itemListElement\":[{\"@type\":\"ListItem\",\"position\":1,\"name\":\"Home\",\"item\":\"https:\\\/\\\/brancaia.com\\\/it\\\/home\\\/\"},{\"@type\":\"ListItem\",\"position\":2,\"name\":\"Cantina\",\"item\":\"https:\\\/\\\/brancaia.com\\\/it\\\/azienda\\\/\"},{\"@type\":\"ListItem\",\"position\":3,\"name\":\"Annate\",\"item\":\"https:\\\/\\\/brancaia.com\\\/it\\\/azienda\\\/annate\\\/\"},{\"@type\":\"ListItem\",\"position\":4,\"name\":\"Annata del vino 2019\"}]},{\"@type\":\"WebSite\",\"@id\":\"https:\\\/\\\/brancaia.com\\\/it\\\/#website\",\"url\":\"https:\\\/\\\/brancaia.com\\\/it\\\/\",\"name\":\"BRANCAIA\",\"description\":\"Winery &amp; Wines\",\"potentialAction\":[{\"@type\":\"SearchAction\",\"target\":{\"@type\":\"EntryPoint\",\"urlTemplate\":\"https:\\\/\\\/brancaia.com\\\/it\\\/?s={search_term_string}\"},\"query-input\":{\"@type\":\"PropertyValueSpecification\",\"valueRequired\":true,\"valueName\":\"search_term_string\"}}],\"inLanguage\":\"it-IT\"}]}<\/script>\n<!-- \/ Yoast SEO plugin. -->","yoast_head_json":{"title":"Annata del vino 2019 - BRANCAIA","robots":{"index":"index","follow":"follow","max-snippet":"max-snippet:-1","max-image-preview":"max-image-preview:large","max-video-preview":"max-video-preview:-1"},"canonical":"https:\/\/brancaia.com\/it\/azienda\/annate\/annata-del-vino-2019\/","og_locale":"it_IT","og_type":"article","og_title":"Annata del vino 2019 - BRANCAIA","og_description":"LE ANNATEvendemmia 2019 Dopo un inverno piuttosto mite con poca neve che \u00e8 rimasta appena, abbiamo avuto una primavera piovosa con temperature basse. La fioritura e le successive fasi fenologiche delle viti sono state quindi pi\u00f9 tardive rispetto agli anni precedenti. Le piogge sono cessate a fine maggio e siamo passati direttamente da condizioni di [&hellip;]","og_url":"https:\/\/brancaia.com\/it\/azienda\/annate\/annata-del-vino-2019\/","og_site_name":"BRANCAIA","article_modified_time":"2021-12-12T13:02:01+00:00","twitter_card":"summary_large_image","twitter_misc":{"Tempo di lettura stimato":"3 minuti"},"schema":{"@context":"https:\/\/schema.org","@graph":[{"@type":"WebPage","@id":"https:\/\/brancaia.com\/it\/azienda\/annate\/annata-del-vino-2019\/","url":"https:\/\/brancaia.com\/it\/azienda\/annate\/annata-del-vino-2019\/","name":"Annata del vino 2019 - BRANCAIA","isPartOf":{"@id":"https:\/\/brancaia.com\/it\/#website"},"datePublished":"2021-02-24T16:42:39+00:00","dateModified":"2021-12-12T13:02:01+00:00","breadcrumb":{"@id":"https:\/\/brancaia.com\/it\/azienda\/annate\/annata-del-vino-2019\/#breadcrumb"},"inLanguage":"it-IT","potentialAction":[{"@type":"ReadAction","target":["https:\/\/brancaia.com\/it\/azienda\/annate\/annata-del-vino-2019\/"]}]},{"@type":"BreadcrumbList","@id":"https:\/\/brancaia.com\/it\/azienda\/annate\/annata-del-vino-2019\/#breadcrumb","itemListElement":[{"@type":"ListItem","position":1,"name":"Home","item":"https:\/\/brancaia.com\/it\/home\/"},{"@type":"ListItem","position":2,"name":"Cantina","item":"https:\/\/brancaia.com\/it\/azienda\/"},{"@type":"ListItem","position":3,"name":"Annate","item":"https:\/\/brancaia.com\/it\/azienda\/annate\/"},{"@type":"ListItem","position":4,"name":"Annata del vino 2019"}]},{"@type":"WebSite","@id":"https:\/\/brancaia.com\/it\/#website","url":"https:\/\/brancaia.com\/it\/","name":"BRANCAIA","description":"Winery &amp; Wines","potentialAction":[{"@type":"SearchAction","target":{"@type":"EntryPoint","urlTemplate":"https:\/\/brancaia.com\/it\/?s={search_term_string}"},"query-input":{"@type":"PropertyValueSpecification","valueRequired":true,"valueName":"search_term_string"}}],"inLanguage":"it-IT"}]}},"_links":{"self":[{"href":"https:\/\/brancaia.com\/it\/wp-json\/wp\/v2\/pages\/5386","targetHints":{"allow":["GET"]}}],"collection":[{"href":"https:\/\/brancaia.com\/it\/wp-json\/wp\/v2\/pages"}],"about":[{"href":"https:\/\/brancaia.com\/it\/wp-json\/wp\/v2\/types\/page"}],"author":[{"embeddable":true,"href":"https:\/\/brancaia.com\/it\/wp-json\/wp\/v2\/users\/1"}],"replies":[{"embeddable":true,"href":"https:\/\/brancaia.com\/it\/wp-json\/wp\/v2\/comments?post=5386"}],"version-history":[{"count":7,"href":"https:\/\/brancaia.com\/it\/wp-json\/wp\/v2\/pages\/5386\/revisions"}],"predecessor-version":[{"id":8985,"href":"https:\/\/brancaia.com\/it\/wp-json\/wp\/v2\/pages\/5386\/revisions\/8985"}],"up":[{"embeddable":true,"href":"https:\/\/brancaia.com\/it\/wp-json\/wp\/v2\/pages\/2200"}],"wp:attachment":[{"href":"https:\/\/brancaia.com\/it\/wp-json\/wp\/v2\/media?parent=5386"}],"curies":[{"name":"wp","href":"https:\/\/api.w.org\/{rel}","templated":true}]}}