{"id":5439,"date":"2021-02-24T17:46:50","date_gmt":"2021-02-24T16:46:50","guid":{"rendered":"https:\/\/brancaia.cyon.site\/azienda-vinicola\/annate\/annata-2016\/"},"modified":"2021-12-12T13:43:09","modified_gmt":"2021-12-12T12:43:09","slug":"annata-2016","status":"publish","type":"page","link":"https:\/\/brancaia.com\/it\/azienda\/annate\/annata-2016\/","title":{"rendered":"Annata 2016"},"content":{"rendered":"<p>[et_pb_section fb_built=&#8221;1&#8243; fullwidth=&#8221;on&#8221; _builder_version=&#8221;4.6.6&#8243; _module_preset=&#8221;default&#8221; global_colors_info=&#8221;{}&#8221;][et_pb_fullwidth_header title=&#8221; &#8221; _builder_version=&#8221;4.7.7&#8243; _module_preset=&#8221;default&#8221; background_enable_color=&#8221;off&#8221; background_image=&#8221;https:\/\/brancaia.com\/wp-content\/uploads\/hero.jpg&#8221; global_colors_info=&#8221;{}&#8221;][\/et_pb_fullwidth_header][\/et_pb_section][et_pb_section fb_built=&#8221;1&#8243; _builder_version=&#8221;4.6.6&#8243; _module_preset=&#8221;default&#8221; global_colors_info=&#8221;{}&#8221;][et_pb_row _builder_version=&#8221;4.6.6&#8243; _module_preset=&#8221;default&#8221; global_colors_info=&#8221;{}&#8221;][et_pb_column type=&#8221;4_4&#8243; _builder_version=&#8221;4.6.6&#8243; _module_preset=&#8221;default&#8221; global_colors_info=&#8221;{}&#8221;][et_pb_text _builder_version=&#8221;4.7.7&#8243; _module_preset=&#8221;default&#8221; global_colors_info=&#8221;{}&#8221;]<\/p>\n<h1>LE ANNATE<\/h1>\n<p>[\/et_pb_text][et_pb_menu menu_id=&#8221;41&#8243; _builder_version=&#8221;4.7.7&#8243; _module_preset=&#8221;default&#8221; global_colors_info=&#8221;{}&#8221;][\/et_pb_menu][\/et_pb_column][\/et_pb_row][et_pb_row _builder_version=&#8221;4.9.0&#8243; _module_preset=&#8221;default&#8221; global_colors_info=&#8221;{}&#8221;][et_pb_column type=&#8221;4_4&#8243; _builder_version=&#8221;4.7.7&#8243; _module_preset=&#8221;default&#8221; global_colors_info=&#8221;{}&#8221;][et_pb_text module_class=&#8221;ba-title-lead&#8221; _builder_version=&#8221;4.9.0&#8243; _module_preset=&#8221;default&#8221; hover_enabled=&#8221;0&#8243; global_colors_info=&#8221;{}&#8221; sticky_enabled=&#8221;0&#8243;]<\/p>\n<h2 style=\"text-align: center;\">\u00a0vendemmia 2016<\/h2>\n<p>La vendemmia 2016 \u00e8 iniziata il 18 agosto in Maremma con il Merlot &#8211; l&#8217;uva da cui viene pigiato il nostro rosato, la nuovissima etichetta Brancaia &#8211; e si \u00e8 conclusa l&#8217;8 ottobre con il Sangiovese in Chianti Classico. Come ogni anno, la fine della vendemmia rappresenta un momento di grande gioia, per aver concluso l&#8217;annata in vigna e per sapere che l&#8217;uva \u00e8 in cantina sicura. C&#8217;\u00e8 anche la sensazione un po&#8217; malinconica che un altro anno sia passato.<\/p>\n<p>L&#8217;annata 2016 \u00e8 stata caratterizzata da periodi freschi e caldi. L&#8217;inverno \u00e8 stato mite come l&#8217;inizio della primavera e ha portato a un germogliamento precoce. Verso la fine di aprile era insolitamente fresco. Fortunatamente questo calo di temperatura non ha causato alcun danno alle viti, ma solo un gradito rallentamento della crescita delle piante. Il maggio piovoso e fresco \u00e8 stato seguito da un&#8217;estate particolarmente calda da giugno ad agosto. Mentre nel Chianti Classico il grande caldo \u00e8 stato interrotto di tanto in tanto da un acquazzone, non abbiamo avuto una goccia d&#8217;acqua in Maremma per 2 mesi. Grazie al fatto che l&#8217;et\u00e0 media dei nostri vigneti in Maremma \u00e8 di oltre 15 anni e il fatto che abbiamo terreni profondi, le nostre piante sono state in grado di affrontare bene lo stress idrico. A settembre le notti in Maremma sono diventate un po &#8216;pi\u00f9 fresche, il che ci ha aiutato a produrre uve perfettamente mature.<\/p>\n<p>Anche nel Chianti Classico abbiamo raggiunto con il Merlot un grado di maturit\u00e0 e complessit\u00e0 quasi mai raggiunto prima. Le occasionali piogge di settembre in Chianti Classico hanno comportato la necessit\u00e0, per quanto riguarda il Sangiovese, di effettuare selezioni diverse nelle singole localit\u00e0.<\/p>\n<p>Alla fine, non solo abbiamo avuto la quantit\u00e0 desiderata, ma anche una altissima qualit\u00e0. Siamo molto soddisfatti che il nostro lavoro e il nostro impegno siano stati ripagati, perch\u00e9 il livello di maturazione delle uve e dei polifenoli \u00e8 perfetto. Ora abbiamo tutto ci\u00f2 di cui abbiamo bisogno per continuare a lavorare allo stesso livello in fase di produzione.<\/p>\n<p>[\/et_pb_text][et_pb_image src=&#8221;https:\/\/brancaia.com\/wp-content\/uploads\/Brancaia_Weingut_Rebjahr_1200x960px_2016_01.jpg&#8221; title_text=&#8221;Brancaia_Weingut_Rebjahr_1200x960px_2016_01&#8243; align=&#8221;center&#8221; _builder_version=&#8221;4.9.0&#8243; _module_preset=&#8221;default&#8221; width=&#8221;40%&#8221; global_colors_info=&#8221;{}&#8221;][\/et_pb_image][\/et_pb_column][\/et_pb_row][\/et_pb_section]<\/p>\n","protected":false},"excerpt":{"rendered":"<p>LE ANNATE\u00a0vendemmia 2016 La vendemmia 2016 \u00e8 iniziata il 18 agosto in Maremma con il Merlot &#8211; l&#8217;uva da cui viene pigiato il nostro rosato, la nuovissima etichetta Brancaia &#8211; e si \u00e8 conclusa l&#8217;8 ottobre con il Sangiovese in Chianti Classico. Come ogni anno, la fine della vendemmia rappresenta un momento di grande gioia, [&hellip;]<\/p>\n","protected":false},"author":1,"featured_media":0,"parent":2200,"menu_order":11,"comment_status":"closed","ping_status":"closed","template":"","meta":{"_et_pb_use_builder":"on","_et_pb_old_content":"","_et_gb_content_width":"","footnotes":""},"class_list":["post-5439","page","type-page","status-publish","hentry"],"yoast_head":"<!-- This site is optimized with the Yoast SEO plugin v27.4 - https:\/\/yoast.com\/product\/yoast-seo-wordpress\/ -->\n<title>Annata 2016 - BRANCAIA<\/title>\n<meta name=\"robots\" content=\"index, follow, max-snippet:-1, max-image-preview:large, max-video-preview:-1\" \/>\n<link rel=\"canonical\" href=\"https:\/\/brancaia.com\/it\/azienda\/annate\/annata-2016\/\" \/>\n<meta property=\"og:locale\" content=\"it_IT\" \/>\n<meta property=\"og:type\" content=\"article\" \/>\n<meta property=\"og:title\" content=\"Annata 2016 - BRANCAIA\" \/>\n<meta property=\"og:description\" content=\"LE ANNATE\u00a0vendemmia 2016 La vendemmia 2016 \u00e8 iniziata il 18 agosto in Maremma con il Merlot - l&#039;uva da cui viene pigiato il nostro rosato, la nuovissima etichetta Brancaia - e si \u00e8 conclusa l&#039;8 ottobre con il Sangiovese in Chianti Classico. Come ogni anno, la fine della vendemmia rappresenta un momento di grande gioia, [&hellip;]\" \/>\n<meta property=\"og:url\" content=\"https:\/\/brancaia.com\/it\/azienda\/annate\/annata-2016\/\" \/>\n<meta property=\"og:site_name\" content=\"BRANCAIA\" \/>\n<meta property=\"article:modified_time\" content=\"2021-12-12T12:43:09+00:00\" \/>\n<meta name=\"twitter:card\" content=\"summary_large_image\" \/>\n<meta name=\"twitter:label1\" content=\"Tempo di lettura stimato\" \/>\n\t<meta name=\"twitter:data1\" content=\"3 minuti\" \/>\n<script type=\"application\/ld+json\" class=\"yoast-schema-graph\">{\"@context\":\"https:\\\/\\\/schema.org\",\"@graph\":[{\"@type\":\"WebPage\",\"@id\":\"https:\\\/\\\/brancaia.com\\\/it\\\/azienda\\\/annate\\\/annata-2016\\\/\",\"url\":\"https:\\\/\\\/brancaia.com\\\/it\\\/azienda\\\/annate\\\/annata-2016\\\/\",\"name\":\"Annata 2016 - BRANCAIA\",\"isPartOf\":{\"@id\":\"https:\\\/\\\/brancaia.com\\\/it\\\/#website\"},\"datePublished\":\"2021-02-24T16:46:50+00:00\",\"dateModified\":\"2021-12-12T12:43:09+00:00\",\"breadcrumb\":{\"@id\":\"https:\\\/\\\/brancaia.com\\\/it\\\/azienda\\\/annate\\\/annata-2016\\\/#breadcrumb\"},\"inLanguage\":\"it-IT\",\"potentialAction\":[{\"@type\":\"ReadAction\",\"target\":[\"https:\\\/\\\/brancaia.com\\\/it\\\/azienda\\\/annate\\\/annata-2016\\\/\"]}]},{\"@type\":\"BreadcrumbList\",\"@id\":\"https:\\\/\\\/brancaia.com\\\/it\\\/azienda\\\/annate\\\/annata-2016\\\/#breadcrumb\",\"itemListElement\":[{\"@type\":\"ListItem\",\"position\":1,\"name\":\"Home\",\"item\":\"https:\\\/\\\/brancaia.com\\\/it\\\/home\\\/\"},{\"@type\":\"ListItem\",\"position\":2,\"name\":\"Cantina\",\"item\":\"https:\\\/\\\/brancaia.com\\\/it\\\/azienda\\\/\"},{\"@type\":\"ListItem\",\"position\":3,\"name\":\"Annate\",\"item\":\"https:\\\/\\\/brancaia.com\\\/it\\\/azienda\\\/annate\\\/\"},{\"@type\":\"ListItem\",\"position\":4,\"name\":\"Annata 2016\"}]},{\"@type\":\"WebSite\",\"@id\":\"https:\\\/\\\/brancaia.com\\\/it\\\/#website\",\"url\":\"https:\\\/\\\/brancaia.com\\\/it\\\/\",\"name\":\"BRANCAIA\",\"description\":\"Winery &amp; Wines\",\"potentialAction\":[{\"@type\":\"SearchAction\",\"target\":{\"@type\":\"EntryPoint\",\"urlTemplate\":\"https:\\\/\\\/brancaia.com\\\/it\\\/?s={search_term_string}\"},\"query-input\":{\"@type\":\"PropertyValueSpecification\",\"valueRequired\":true,\"valueName\":\"search_term_string\"}}],\"inLanguage\":\"it-IT\"}]}<\/script>\n<!-- \/ Yoast SEO plugin. -->","yoast_head_json":{"title":"Annata 2016 - BRANCAIA","robots":{"index":"index","follow":"follow","max-snippet":"max-snippet:-1","max-image-preview":"max-image-preview:large","max-video-preview":"max-video-preview:-1"},"canonical":"https:\/\/brancaia.com\/it\/azienda\/annate\/annata-2016\/","og_locale":"it_IT","og_type":"article","og_title":"Annata 2016 - BRANCAIA","og_description":"LE ANNATE\u00a0vendemmia 2016 La vendemmia 2016 \u00e8 iniziata il 18 agosto in Maremma con il Merlot - l'uva da cui viene pigiato il nostro rosato, la nuovissima etichetta Brancaia - e si \u00e8 conclusa l'8 ottobre con il Sangiovese in Chianti Classico. Come ogni anno, la fine della vendemmia rappresenta un momento di grande gioia, [&hellip;]","og_url":"https:\/\/brancaia.com\/it\/azienda\/annate\/annata-2016\/","og_site_name":"BRANCAIA","article_modified_time":"2021-12-12T12:43:09+00:00","twitter_card":"summary_large_image","twitter_misc":{"Tempo di lettura stimato":"3 minuti"},"schema":{"@context":"https:\/\/schema.org","@graph":[{"@type":"WebPage","@id":"https:\/\/brancaia.com\/it\/azienda\/annate\/annata-2016\/","url":"https:\/\/brancaia.com\/it\/azienda\/annate\/annata-2016\/","name":"Annata 2016 - BRANCAIA","isPartOf":{"@id":"https:\/\/brancaia.com\/it\/#website"},"datePublished":"2021-02-24T16:46:50+00:00","dateModified":"2021-12-12T12:43:09+00:00","breadcrumb":{"@id":"https:\/\/brancaia.com\/it\/azienda\/annate\/annata-2016\/#breadcrumb"},"inLanguage":"it-IT","potentialAction":[{"@type":"ReadAction","target":["https:\/\/brancaia.com\/it\/azienda\/annate\/annata-2016\/"]}]},{"@type":"BreadcrumbList","@id":"https:\/\/brancaia.com\/it\/azienda\/annate\/annata-2016\/#breadcrumb","itemListElement":[{"@type":"ListItem","position":1,"name":"Home","item":"https:\/\/brancaia.com\/it\/home\/"},{"@type":"ListItem","position":2,"name":"Cantina","item":"https:\/\/brancaia.com\/it\/azienda\/"},{"@type":"ListItem","position":3,"name":"Annate","item":"https:\/\/brancaia.com\/it\/azienda\/annate\/"},{"@type":"ListItem","position":4,"name":"Annata 2016"}]},{"@type":"WebSite","@id":"https:\/\/brancaia.com\/it\/#website","url":"https:\/\/brancaia.com\/it\/","name":"BRANCAIA","description":"Winery &amp; Wines","potentialAction":[{"@type":"SearchAction","target":{"@type":"EntryPoint","urlTemplate":"https:\/\/brancaia.com\/it\/?s={search_term_string}"},"query-input":{"@type":"PropertyValueSpecification","valueRequired":true,"valueName":"search_term_string"}}],"inLanguage":"it-IT"}]}},"_links":{"self":[{"href":"https:\/\/brancaia.com\/it\/wp-json\/wp\/v2\/pages\/5439","targetHints":{"allow":["GET"]}}],"collection":[{"href":"https:\/\/brancaia.com\/it\/wp-json\/wp\/v2\/pages"}],"about":[{"href":"https:\/\/brancaia.com\/it\/wp-json\/wp\/v2\/types\/page"}],"author":[{"embeddable":true,"href":"https:\/\/brancaia.com\/it\/wp-json\/wp\/v2\/users\/1"}],"replies":[{"embeddable":true,"href":"https:\/\/brancaia.com\/it\/wp-json\/wp\/v2\/comments?post=5439"}],"version-history":[{"count":7,"href":"https:\/\/brancaia.com\/it\/wp-json\/wp\/v2\/pages\/5439\/revisions"}],"predecessor-version":[{"id":8979,"href":"https:\/\/brancaia.com\/it\/wp-json\/wp\/v2\/pages\/5439\/revisions\/8979"}],"up":[{"embeddable":true,"href":"https:\/\/brancaia.com\/it\/wp-json\/wp\/v2\/pages\/2200"}],"wp:attachment":[{"href":"https:\/\/brancaia.com\/it\/wp-json\/wp\/v2\/media?parent=5439"}],"curies":[{"name":"wp","href":"https:\/\/api.w.org\/{rel}","templated":true}]}}