{"id":5457,"date":"2021-02-24T17:50:12","date_gmt":"2021-02-24T16:50:12","guid":{"rendered":"https:\/\/brancaia.cyon.site\/azienda-vinicola\/annate\/annata-viticola-2014\/"},"modified":"2021-12-12T13:32:50","modified_gmt":"2021-12-12T12:32:50","slug":"annata-viticola-2014","status":"publish","type":"page","link":"https:\/\/brancaia.com\/it\/azienda\/annate\/annata-viticola-2014\/","title":{"rendered":"Annata viticola 2014"},"content":{"rendered":"<p>[et_pb_section fb_built=&#8221;1&#8243; fullwidth=&#8221;on&#8221; _builder_version=&#8221;4.6.6&#8243; _module_preset=&#8221;default&#8221; global_colors_info=&#8221;{}&#8221;][et_pb_fullwidth_header title=&#8221; &#8221; _builder_version=&#8221;4.7.7&#8243; _module_preset=&#8221;default&#8221; background_enable_color=&#8221;off&#8221; background_image=&#8221;https:\/\/brancaia.com\/wp-content\/uploads\/hero.jpg&#8221; global_colors_info=&#8221;{}&#8221;][\/et_pb_fullwidth_header][\/et_pb_section][et_pb_section fb_built=&#8221;1&#8243; _builder_version=&#8221;4.6.6&#8243; _module_preset=&#8221;default&#8221; global_colors_info=&#8221;{}&#8221;][et_pb_row _builder_version=&#8221;4.6.6&#8243; _module_preset=&#8221;default&#8221; global_colors_info=&#8221;{}&#8221;][et_pb_column type=&#8221;4_4&#8243; _builder_version=&#8221;4.6.6&#8243; _module_preset=&#8221;default&#8221; global_colors_info=&#8221;{}&#8221;][et_pb_text _builder_version=&#8221;4.9.0&#8243; _module_preset=&#8221;default&#8221; global_colors_info=&#8221;{}&#8221;]<\/p>\n<h1>LE ANNATE<\/h1>\n<p>[\/et_pb_text][et_pb_menu menu_id=&#8221;41&#8243; _builder_version=&#8221;4.7.7&#8243; _module_preset=&#8221;default&#8221; global_colors_info=&#8221;{}&#8221;][\/et_pb_menu][\/et_pb_column][\/et_pb_row][et_pb_row _builder_version=&#8221;4.9.0&#8243; _module_preset=&#8221;default&#8221; global_colors_info=&#8221;{}&#8221;][et_pb_column type=&#8221;4_4&#8243; _builder_version=&#8221;4.7.7&#8243; _module_preset=&#8221;default&#8221; global_colors_info=&#8221;{}&#8221;][et_pb_text module_class=&#8221;ba-title-lead&#8221; _builder_version=&#8221;4.9.0&#8243; _module_preset=&#8221;default&#8221; global_colors_info=&#8221;{}&#8221;]<\/p>\n<h2 style=\"text-align: center;\">\u00a0VENDEMMIA 2014<\/h2>\n<p>Una cosa \u00e8 certa: l&#8217;annata 2014 \u00e8 stata molto complessa e ci ha sfidati ripetutamente. L&#8217;inverno \u00e8 stato eccezionalmente mite e piovoso, tanto che le viti hanno germogliato relativamente presto. La vegetazione &#8211; favorita dalle piogge regolari e dalle temperature miti &#8211;\u00a0 \u00e8 stata tenuta sotto controllo con difficolt\u00e0.\u00a0<\/p>\n<p>Alla fine di luglio abbiamo deciso di esporre le zone vitivinicole della Maremma e infine anche del Chianti Classico. Abbiamo pensato che non ci sarebbe stato un gran caldo. In altre parole, abbiamo classificato il rischio che l&#8217;uva ricevesse troppo sole come significativamente inferiore al rischio che non ne ricevesse abbastanza. Questa decisione, sebbene abbia comportato uno sforzo aggiuntivo, non solo ha aiutato le uve a sfruttare in modo ottimale le poche ore di sole, ma anche ad affrontare meglio l&#8217;umidit\u00e0 mattutina.<\/p>\n<p>[\/et_pb_text][et_pb_image src=&#8221;https:\/\/brancaia.com\/wp-content\/uploads\/Brancaia_Weingut_Rebjahr_1200x960px_2014_01.jpg&#8221; title_text=&#8221;Brancaia_Weingut_Rebjahr_1200x960px_2014_01&#8243; align=&#8221;center&#8221; _builder_version=&#8221;4.9.0&#8243; _module_preset=&#8221;default&#8221; width=&#8221;60%&#8221; global_colors_info=&#8221;{}&#8221;][\/et_pb_image][et_pb_text module_class=&#8221;ba-title-lead&#8221; _builder_version=&#8221;4.9.0&#8243; _module_preset=&#8221;default&#8221; global_colors_info=&#8221;{}&#8221;]<\/p>\n<p>La nostra decisione alla fine di agosto \u00e8 stata altrettanto importante. Abbiamo deciso di fare una prima selezione in tutti i vigneti. Questa prima vendemmia ha avuto l&#8217;idea di lasciare solo una quantit\u00e0 ridotta di uva e ovviamente l&#8217;uva pi\u00f9 perfetta possibile per ceppo. Nella speranza che questi potessero maturare per almeno 3 o 4 settimane in pi\u00f9.<\/p>\n<p>Fortunatamente ne \u00e8 valsa la pena. A fine settembre e inizio ottobre il nostro lavoro nella&#8221;2\u00b0&#8221; vendemmia \u00e8 stato premiato con ottime uve. Nel complesso, possiamo definirlo come un anno molto redditizio. Per le piante di pi\u00f9 alta qualit\u00e0, tuttavia, il volume \u00e8 risultato notevolmente minore rispetto a un anno ottimale.<\/p>\n<p>Il 2014 ha dimostrato ancora una volta che in Toscana &#8211; se si \u00e8 presenti in vigna e non si ha paura della fatica &#8211; si possono fare grandi vini anche in condizioni difficili.<\/p>\n<p>[\/et_pb_text][et_pb_image src=&#8221;https:\/\/brancaia.com\/wp-content\/uploads\/Brancaia_Weingut_Rebjahr_1200x960px_2014.jpg&#8221; title_text=&#8221;Brancaia_Weingut_Rebjahr_1200x960px_2014&#8243; align=&#8221;center&#8221; _builder_version=&#8221;4.9.0&#8243; _module_preset=&#8221;default&#8221; width=&#8221;60%&#8221; global_colors_info=&#8221;{}&#8221;][\/et_pb_image][\/et_pb_column][\/et_pb_row][\/et_pb_section]<\/p>\n","protected":false},"excerpt":{"rendered":"<p>LE ANNATE\u00a0VENDEMMIA 2014 Una cosa \u00e8 certa: l&#8217;annata 2014 \u00e8 stata molto complessa e ci ha sfidati ripetutamente. L&#8217;inverno \u00e8 stato eccezionalmente mite e piovoso, tanto che le viti hanno germogliato relativamente presto. La vegetazione &#8211; favorita dalle piogge regolari e dalle temperature miti &#8211;\u00a0 \u00e8 stata tenuta sotto controllo con difficolt\u00e0.\u00a0 Alla fine di [&hellip;]<\/p>\n","protected":false},"author":1,"featured_media":0,"parent":2200,"menu_order":19,"comment_status":"closed","ping_status":"closed","template":"","meta":{"_et_pb_use_builder":"on","_et_pb_old_content":"","_et_gb_content_width":"","footnotes":""},"class_list":["post-5457","page","type-page","status-publish","hentry"],"yoast_head":"<!-- This site is optimized with the Yoast SEO plugin v27.4 - https:\/\/yoast.com\/product\/yoast-seo-wordpress\/ -->\n<title>Annata viticola 2014 - BRANCAIA<\/title>\n<meta name=\"robots\" content=\"index, follow, max-snippet:-1, max-image-preview:large, max-video-preview:-1\" \/>\n<link rel=\"canonical\" href=\"https:\/\/brancaia.com\/it\/azienda\/annate\/annata-viticola-2014\/\" \/>\n<meta property=\"og:locale\" content=\"it_IT\" \/>\n<meta property=\"og:type\" content=\"article\" \/>\n<meta property=\"og:title\" content=\"Annata viticola 2014 - BRANCAIA\" \/>\n<meta property=\"og:description\" content=\"LE ANNATE\u00a0VENDEMMIA 2014 Una cosa \u00e8 certa: l&#039;annata 2014 \u00e8 stata molto complessa e ci ha sfidati ripetutamente. L&#039;inverno \u00e8 stato eccezionalmente mite e piovoso, tanto che le viti hanno germogliato relativamente presto. La vegetazione - favorita dalle piogge regolari e dalle temperature miti -\u00a0 \u00e8 stata tenuta sotto controllo con difficolt\u00e0.\u00a0 Alla fine di [&hellip;]\" \/>\n<meta property=\"og:url\" content=\"https:\/\/brancaia.com\/it\/azienda\/annate\/annata-viticola-2014\/\" \/>\n<meta property=\"og:site_name\" content=\"BRANCAIA\" \/>\n<meta property=\"article:modified_time\" content=\"2021-12-12T12:32:50+00:00\" \/>\n<meta name=\"twitter:card\" content=\"summary_large_image\" \/>\n<meta name=\"twitter:label1\" content=\"Tempo di lettura stimato\" \/>\n\t<meta name=\"twitter:data1\" content=\"3 minuti\" \/>\n<script type=\"application\/ld+json\" class=\"yoast-schema-graph\">{\"@context\":\"https:\\\/\\\/schema.org\",\"@graph\":[{\"@type\":\"WebPage\",\"@id\":\"https:\\\/\\\/brancaia.com\\\/it\\\/azienda\\\/annate\\\/annata-viticola-2014\\\/\",\"url\":\"https:\\\/\\\/brancaia.com\\\/it\\\/azienda\\\/annate\\\/annata-viticola-2014\\\/\",\"name\":\"Annata viticola 2014 - BRANCAIA\",\"isPartOf\":{\"@id\":\"https:\\\/\\\/brancaia.com\\\/it\\\/#website\"},\"datePublished\":\"2021-02-24T16:50:12+00:00\",\"dateModified\":\"2021-12-12T12:32:50+00:00\",\"breadcrumb\":{\"@id\":\"https:\\\/\\\/brancaia.com\\\/it\\\/azienda\\\/annate\\\/annata-viticola-2014\\\/#breadcrumb\"},\"inLanguage\":\"it-IT\",\"potentialAction\":[{\"@type\":\"ReadAction\",\"target\":[\"https:\\\/\\\/brancaia.com\\\/it\\\/azienda\\\/annate\\\/annata-viticola-2014\\\/\"]}]},{\"@type\":\"BreadcrumbList\",\"@id\":\"https:\\\/\\\/brancaia.com\\\/it\\\/azienda\\\/annate\\\/annata-viticola-2014\\\/#breadcrumb\",\"itemListElement\":[{\"@type\":\"ListItem\",\"position\":1,\"name\":\"Home\",\"item\":\"https:\\\/\\\/brancaia.com\\\/it\\\/home\\\/\"},{\"@type\":\"ListItem\",\"position\":2,\"name\":\"Cantina\",\"item\":\"https:\\\/\\\/brancaia.com\\\/it\\\/azienda\\\/\"},{\"@type\":\"ListItem\",\"position\":3,\"name\":\"Annate\",\"item\":\"https:\\\/\\\/brancaia.com\\\/it\\\/azienda\\\/annate\\\/\"},{\"@type\":\"ListItem\",\"position\":4,\"name\":\"Annata viticola 2014\"}]},{\"@type\":\"WebSite\",\"@id\":\"https:\\\/\\\/brancaia.com\\\/it\\\/#website\",\"url\":\"https:\\\/\\\/brancaia.com\\\/it\\\/\",\"name\":\"BRANCAIA\",\"description\":\"Winery &amp; Wines\",\"potentialAction\":[{\"@type\":\"SearchAction\",\"target\":{\"@type\":\"EntryPoint\",\"urlTemplate\":\"https:\\\/\\\/brancaia.com\\\/it\\\/?s={search_term_string}\"},\"query-input\":{\"@type\":\"PropertyValueSpecification\",\"valueRequired\":true,\"valueName\":\"search_term_string\"}}],\"inLanguage\":\"it-IT\"}]}<\/script>\n<!-- \/ Yoast SEO plugin. -->","yoast_head_json":{"title":"Annata viticola 2014 - BRANCAIA","robots":{"index":"index","follow":"follow","max-snippet":"max-snippet:-1","max-image-preview":"max-image-preview:large","max-video-preview":"max-video-preview:-1"},"canonical":"https:\/\/brancaia.com\/it\/azienda\/annate\/annata-viticola-2014\/","og_locale":"it_IT","og_type":"article","og_title":"Annata viticola 2014 - BRANCAIA","og_description":"LE ANNATE\u00a0VENDEMMIA 2014 Una cosa \u00e8 certa: l'annata 2014 \u00e8 stata molto complessa e ci ha sfidati ripetutamente. L'inverno \u00e8 stato eccezionalmente mite e piovoso, tanto che le viti hanno germogliato relativamente presto. La vegetazione - favorita dalle piogge regolari e dalle temperature miti -\u00a0 \u00e8 stata tenuta sotto controllo con difficolt\u00e0.\u00a0 Alla fine di [&hellip;]","og_url":"https:\/\/brancaia.com\/it\/azienda\/annate\/annata-viticola-2014\/","og_site_name":"BRANCAIA","article_modified_time":"2021-12-12T12:32:50+00:00","twitter_card":"summary_large_image","twitter_misc":{"Tempo di lettura stimato":"3 minuti"},"schema":{"@context":"https:\/\/schema.org","@graph":[{"@type":"WebPage","@id":"https:\/\/brancaia.com\/it\/azienda\/annate\/annata-viticola-2014\/","url":"https:\/\/brancaia.com\/it\/azienda\/annate\/annata-viticola-2014\/","name":"Annata viticola 2014 - BRANCAIA","isPartOf":{"@id":"https:\/\/brancaia.com\/it\/#website"},"datePublished":"2021-02-24T16:50:12+00:00","dateModified":"2021-12-12T12:32:50+00:00","breadcrumb":{"@id":"https:\/\/brancaia.com\/it\/azienda\/annate\/annata-viticola-2014\/#breadcrumb"},"inLanguage":"it-IT","potentialAction":[{"@type":"ReadAction","target":["https:\/\/brancaia.com\/it\/azienda\/annate\/annata-viticola-2014\/"]}]},{"@type":"BreadcrumbList","@id":"https:\/\/brancaia.com\/it\/azienda\/annate\/annata-viticola-2014\/#breadcrumb","itemListElement":[{"@type":"ListItem","position":1,"name":"Home","item":"https:\/\/brancaia.com\/it\/home\/"},{"@type":"ListItem","position":2,"name":"Cantina","item":"https:\/\/brancaia.com\/it\/azienda\/"},{"@type":"ListItem","position":3,"name":"Annate","item":"https:\/\/brancaia.com\/it\/azienda\/annate\/"},{"@type":"ListItem","position":4,"name":"Annata viticola 2014"}]},{"@type":"WebSite","@id":"https:\/\/brancaia.com\/it\/#website","url":"https:\/\/brancaia.com\/it\/","name":"BRANCAIA","description":"Winery &amp; Wines","potentialAction":[{"@type":"SearchAction","target":{"@type":"EntryPoint","urlTemplate":"https:\/\/brancaia.com\/it\/?s={search_term_string}"},"query-input":{"@type":"PropertyValueSpecification","valueRequired":true,"valueName":"search_term_string"}}],"inLanguage":"it-IT"}]}},"_links":{"self":[{"href":"https:\/\/brancaia.com\/it\/wp-json\/wp\/v2\/pages\/5457","targetHints":{"allow":["GET"]}}],"collection":[{"href":"https:\/\/brancaia.com\/it\/wp-json\/wp\/v2\/pages"}],"about":[{"href":"https:\/\/brancaia.com\/it\/wp-json\/wp\/v2\/types\/page"}],"author":[{"embeddable":true,"href":"https:\/\/brancaia.com\/it\/wp-json\/wp\/v2\/users\/1"}],"replies":[{"embeddable":true,"href":"https:\/\/brancaia.com\/it\/wp-json\/wp\/v2\/comments?post=5457"}],"version-history":[{"count":7,"href":"https:\/\/brancaia.com\/it\/wp-json\/wp\/v2\/pages\/5457\/revisions"}],"predecessor-version":[{"id":8976,"href":"https:\/\/brancaia.com\/it\/wp-json\/wp\/v2\/pages\/5457\/revisions\/8976"}],"up":[{"embeddable":true,"href":"https:\/\/brancaia.com\/it\/wp-json\/wp\/v2\/pages\/2200"}],"wp:attachment":[{"href":"https:\/\/brancaia.com\/it\/wp-json\/wp\/v2\/media?parent=5457"}],"curies":[{"name":"wp","href":"https:\/\/api.w.org\/{rel}","templated":true}]}}