{"id":5467,"date":"2021-02-24T17:51:26","date_gmt":"2021-02-24T16:51:26","guid":{"rendered":"https:\/\/brancaia.cyon.site\/azienda-vinicola\/annate\/anno-di-vite-2013\/"},"modified":"2021-12-12T13:18:41","modified_gmt":"2021-12-12T12:18:41","slug":"anno-di-vite-2013","status":"publish","type":"page","link":"https:\/\/brancaia.com\/it\/azienda\/annate\/anno-di-vite-2013\/","title":{"rendered":"Anno di vite 2013"},"content":{"rendered":"<p>[et_pb_section fb_built=&#8221;1&#8243; fullwidth=&#8221;on&#8221; _builder_version=&#8221;4.6.6&#8243; _module_preset=&#8221;default&#8221; global_colors_info=&#8221;{}&#8221;][et_pb_fullwidth_header title=&#8221; &#8221; _builder_version=&#8221;4.7.7&#8243; _module_preset=&#8221;default&#8221; background_enable_color=&#8221;off&#8221; background_image=&#8221;https:\/\/brancaia.com\/wp-content\/uploads\/hero.jpg&#8221; global_colors_info=&#8221;{}&#8221;][\/et_pb_fullwidth_header][\/et_pb_section][et_pb_section fb_built=&#8221;1&#8243; _builder_version=&#8221;4.6.6&#8243; _module_preset=&#8221;default&#8221; global_colors_info=&#8221;{}&#8221;][et_pb_row _builder_version=&#8221;4.6.6&#8243; _module_preset=&#8221;default&#8221; global_colors_info=&#8221;{}&#8221;][et_pb_column type=&#8221;4_4&#8243; _builder_version=&#8221;4.6.6&#8243; _module_preset=&#8221;default&#8221; global_colors_info=&#8221;{}&#8221;][et_pb_text _builder_version=&#8221;4.7.7&#8243; _module_preset=&#8221;default&#8221; global_colors_info=&#8221;{}&#8221;]<\/p>\n<h1>LE ANNATE<\/h1>\n<p>[\/et_pb_text][et_pb_menu menu_id=&#8221;41&#8243; _builder_version=&#8221;4.7.7&#8243; _module_preset=&#8221;default&#8221; global_colors_info=&#8221;{}&#8221;][\/et_pb_menu][\/et_pb_column][\/et_pb_row][et_pb_row _builder_version=&#8221;4.9.0&#8243; _module_preset=&#8221;default&#8221; global_colors_info=&#8221;{}&#8221;][et_pb_column type=&#8221;4_4&#8243; _builder_version=&#8221;4.9.0&#8243; _module_preset=&#8221;default&#8221; global_colors_info=&#8221;{}&#8221;][et_pb_text module_class=&#8221;ba-title-lead&#8221; _builder_version=&#8221;4.9.0&#8243; _module_preset=&#8221;default&#8221; global_colors_info=&#8221;{}&#8221;]<\/p>\n<h2 style=\"text-align: center;\">VENDEMMIA 2013<\/h2>\n<p>L&#8217;annata 2013 \u00e8 stata un po &#8216;pi\u00f9 tardiva del solito.<\/p>\n<p>Un inverno piovoso \u00e8 stato seguito da una primavera con temperature inferiori alla media e un germogliamento lento. Ci\u00f2 ha portato 2 vantaggi principali:<\/p>\n<ol>\n<li>Ha ridotto notevolmente il rischio di gelate, dettaglio particolarmente importante per i vigneti del Chianti Classico.<\/li>\n<li>Ha dato un po &#8216;pi\u00f9 di tempo per fare il primo lavoro sul fogliame. Ci\u00f2, a sua volta, ha aumentato la qualit\u00e0 della selezione.<\/li>\n<\/ol>\n<p>La temperatura \u00e8 aumentata bruscamente da met\u00e0 luglio. Il bel tempo e le temperature estive hanno plasmato l&#8217;intera estate senza trasformarsi in una grande ondata di caldo.<\/p>\n<p>A settembre abbiamo registrato sbalzi termici relativamente ampi tra il giorno e la notte, che hanno portato ad una maturazione armonica e complessa degli acini. Abbiamo iniziato la vendemmia il 30 agosto in Maremma con il Viognier e il 15 settembre nel Chianti Classico con il Sauvignon Blanc. Il 4 ottobre abbiamo potuto guardare indietro soddisfatti e rilassati ad una grande annata vinicola, che ha superato le nostre aspettative non solo in termini di qualit\u00e0, ma anche in termini di quantit\u00e0.<\/p>\n<p>[\/et_pb_text][et_pb_image src=&#8221;https:\/\/brancaia.com\/wp-content\/uploads\/Brancaia_Weingut_Rebjahr_1200x960px_2013_01.jpg&#8221; title_text=&#8221;Brancaia_Winery_Rebjahr_1200x960px_2013_01&#8243; align=&#8221;center&#8221; _builder_version=&#8221;4.9.0&#8243; _module_preset=&#8221;default&#8221; width=&#8221;40%&#8221; global_colors_info=&#8221;{}&#8221;][\/et_pb_image][\/et_pb_column][\/et_pb_row][\/et_pb_section]<\/p>\n","protected":false},"excerpt":{"rendered":"<p>LE ANNATEVENDEMMIA 2013 L&#8217;annata 2013 \u00e8 stata un po &#8216;pi\u00f9 tardiva del solito. Un inverno piovoso \u00e8 stato seguito da una primavera con temperature inferiori alla media e un germogliamento lento. Ci\u00f2 ha portato 2 vantaggi principali: Ha ridotto notevolmente il rischio di gelate, dettaglio particolarmente importante per i vigneti del Chianti Classico. Ha dato [&hellip;]<\/p>\n","protected":false},"author":1,"featured_media":0,"parent":2200,"menu_order":22,"comment_status":"closed","ping_status":"closed","template":"","meta":{"_et_pb_use_builder":"on","_et_pb_old_content":"","_et_gb_content_width":"","footnotes":""},"class_list":["post-5467","page","type-page","status-publish","hentry"],"yoast_head":"<!-- This site is optimized with the Yoast SEO plugin v27.4 - https:\/\/yoast.com\/product\/yoast-seo-wordpress\/ -->\n<title>Anno di vite 2013 - BRANCAIA<\/title>\n<meta name=\"robots\" content=\"index, follow, max-snippet:-1, max-image-preview:large, max-video-preview:-1\" \/>\n<link rel=\"canonical\" href=\"https:\/\/brancaia.com\/it\/azienda\/annate\/anno-di-vite-2013\/\" \/>\n<meta property=\"og:locale\" content=\"it_IT\" \/>\n<meta property=\"og:type\" content=\"article\" \/>\n<meta property=\"og:title\" content=\"Anno di vite 2013 - BRANCAIA\" \/>\n<meta property=\"og:description\" content=\"LE ANNATEVENDEMMIA 2013 L&#039;annata 2013 \u00e8 stata un po &#039;pi\u00f9 tardiva del solito. Un inverno piovoso \u00e8 stato seguito da una primavera con temperature inferiori alla media e un germogliamento lento. Ci\u00f2 ha portato 2 vantaggi principali: Ha ridotto notevolmente il rischio di gelate, dettaglio particolarmente importante per i vigneti del Chianti Classico. Ha dato [&hellip;]\" \/>\n<meta property=\"og:url\" content=\"https:\/\/brancaia.com\/it\/azienda\/annate\/anno-di-vite-2013\/\" \/>\n<meta property=\"og:site_name\" content=\"BRANCAIA\" \/>\n<meta property=\"article:modified_time\" content=\"2021-12-12T12:18:41+00:00\" \/>\n<meta name=\"twitter:card\" content=\"summary_large_image\" \/>\n<meta name=\"twitter:label1\" content=\"Tempo di lettura stimato\" \/>\n\t<meta name=\"twitter:data1\" content=\"2 minuti\" \/>\n<script type=\"application\/ld+json\" class=\"yoast-schema-graph\">{\"@context\":\"https:\\\/\\\/schema.org\",\"@graph\":[{\"@type\":\"WebPage\",\"@id\":\"https:\\\/\\\/brancaia.com\\\/it\\\/azienda\\\/annate\\\/anno-di-vite-2013\\\/\",\"url\":\"https:\\\/\\\/brancaia.com\\\/it\\\/azienda\\\/annate\\\/anno-di-vite-2013\\\/\",\"name\":\"Anno di vite 2013 - BRANCAIA\",\"isPartOf\":{\"@id\":\"https:\\\/\\\/brancaia.com\\\/it\\\/#website\"},\"datePublished\":\"2021-02-24T16:51:26+00:00\",\"dateModified\":\"2021-12-12T12:18:41+00:00\",\"breadcrumb\":{\"@id\":\"https:\\\/\\\/brancaia.com\\\/it\\\/azienda\\\/annate\\\/anno-di-vite-2013\\\/#breadcrumb\"},\"inLanguage\":\"it-IT\",\"potentialAction\":[{\"@type\":\"ReadAction\",\"target\":[\"https:\\\/\\\/brancaia.com\\\/it\\\/azienda\\\/annate\\\/anno-di-vite-2013\\\/\"]}]},{\"@type\":\"BreadcrumbList\",\"@id\":\"https:\\\/\\\/brancaia.com\\\/it\\\/azienda\\\/annate\\\/anno-di-vite-2013\\\/#breadcrumb\",\"itemListElement\":[{\"@type\":\"ListItem\",\"position\":1,\"name\":\"Home\",\"item\":\"https:\\\/\\\/brancaia.com\\\/it\\\/home\\\/\"},{\"@type\":\"ListItem\",\"position\":2,\"name\":\"Cantina\",\"item\":\"https:\\\/\\\/brancaia.com\\\/it\\\/azienda\\\/\"},{\"@type\":\"ListItem\",\"position\":3,\"name\":\"Annate\",\"item\":\"https:\\\/\\\/brancaia.com\\\/it\\\/azienda\\\/annate\\\/\"},{\"@type\":\"ListItem\",\"position\":4,\"name\":\"Anno di vite 2013\"}]},{\"@type\":\"WebSite\",\"@id\":\"https:\\\/\\\/brancaia.com\\\/it\\\/#website\",\"url\":\"https:\\\/\\\/brancaia.com\\\/it\\\/\",\"name\":\"BRANCAIA\",\"description\":\"Winery &amp; Wines\",\"potentialAction\":[{\"@type\":\"SearchAction\",\"target\":{\"@type\":\"EntryPoint\",\"urlTemplate\":\"https:\\\/\\\/brancaia.com\\\/it\\\/?s={search_term_string}\"},\"query-input\":{\"@type\":\"PropertyValueSpecification\",\"valueRequired\":true,\"valueName\":\"search_term_string\"}}],\"inLanguage\":\"it-IT\"}]}<\/script>\n<!-- \/ Yoast SEO plugin. -->","yoast_head_json":{"title":"Anno di vite 2013 - BRANCAIA","robots":{"index":"index","follow":"follow","max-snippet":"max-snippet:-1","max-image-preview":"max-image-preview:large","max-video-preview":"max-video-preview:-1"},"canonical":"https:\/\/brancaia.com\/it\/azienda\/annate\/anno-di-vite-2013\/","og_locale":"it_IT","og_type":"article","og_title":"Anno di vite 2013 - BRANCAIA","og_description":"LE ANNATEVENDEMMIA 2013 L'annata 2013 \u00e8 stata un po 'pi\u00f9 tardiva del solito. Un inverno piovoso \u00e8 stato seguito da una primavera con temperature inferiori alla media e un germogliamento lento. Ci\u00f2 ha portato 2 vantaggi principali: Ha ridotto notevolmente il rischio di gelate, dettaglio particolarmente importante per i vigneti del Chianti Classico. Ha dato [&hellip;]","og_url":"https:\/\/brancaia.com\/it\/azienda\/annate\/anno-di-vite-2013\/","og_site_name":"BRANCAIA","article_modified_time":"2021-12-12T12:18:41+00:00","twitter_card":"summary_large_image","twitter_misc":{"Tempo di lettura stimato":"2 minuti"},"schema":{"@context":"https:\/\/schema.org","@graph":[{"@type":"WebPage","@id":"https:\/\/brancaia.com\/it\/azienda\/annate\/anno-di-vite-2013\/","url":"https:\/\/brancaia.com\/it\/azienda\/annate\/anno-di-vite-2013\/","name":"Anno di vite 2013 - BRANCAIA","isPartOf":{"@id":"https:\/\/brancaia.com\/it\/#website"},"datePublished":"2021-02-24T16:51:26+00:00","dateModified":"2021-12-12T12:18:41+00:00","breadcrumb":{"@id":"https:\/\/brancaia.com\/it\/azienda\/annate\/anno-di-vite-2013\/#breadcrumb"},"inLanguage":"it-IT","potentialAction":[{"@type":"ReadAction","target":["https:\/\/brancaia.com\/it\/azienda\/annate\/anno-di-vite-2013\/"]}]},{"@type":"BreadcrumbList","@id":"https:\/\/brancaia.com\/it\/azienda\/annate\/anno-di-vite-2013\/#breadcrumb","itemListElement":[{"@type":"ListItem","position":1,"name":"Home","item":"https:\/\/brancaia.com\/it\/home\/"},{"@type":"ListItem","position":2,"name":"Cantina","item":"https:\/\/brancaia.com\/it\/azienda\/"},{"@type":"ListItem","position":3,"name":"Annate","item":"https:\/\/brancaia.com\/it\/azienda\/annate\/"},{"@type":"ListItem","position":4,"name":"Anno di vite 2013"}]},{"@type":"WebSite","@id":"https:\/\/brancaia.com\/it\/#website","url":"https:\/\/brancaia.com\/it\/","name":"BRANCAIA","description":"Winery &amp; Wines","potentialAction":[{"@type":"SearchAction","target":{"@type":"EntryPoint","urlTemplate":"https:\/\/brancaia.com\/it\/?s={search_term_string}"},"query-input":{"@type":"PropertyValueSpecification","valueRequired":true,"valueName":"search_term_string"}}],"inLanguage":"it-IT"}]}},"_links":{"self":[{"href":"https:\/\/brancaia.com\/it\/wp-json\/wp\/v2\/pages\/5467","targetHints":{"allow":["GET"]}}],"collection":[{"href":"https:\/\/brancaia.com\/it\/wp-json\/wp\/v2\/pages"}],"about":[{"href":"https:\/\/brancaia.com\/it\/wp-json\/wp\/v2\/types\/page"}],"author":[{"embeddable":true,"href":"https:\/\/brancaia.com\/it\/wp-json\/wp\/v2\/users\/1"}],"replies":[{"embeddable":true,"href":"https:\/\/brancaia.com\/it\/wp-json\/wp\/v2\/comments?post=5467"}],"version-history":[{"count":13,"href":"https:\/\/brancaia.com\/it\/wp-json\/wp\/v2\/pages\/5467\/revisions"}],"predecessor-version":[{"id":8974,"href":"https:\/\/brancaia.com\/it\/wp-json\/wp\/v2\/pages\/5467\/revisions\/8974"}],"up":[{"embeddable":true,"href":"https:\/\/brancaia.com\/it\/wp-json\/wp\/v2\/pages\/2200"}],"wp:attachment":[{"href":"https:\/\/brancaia.com\/it\/wp-json\/wp\/v2\/media?parent=5467"}],"curies":[{"name":"wp","href":"https:\/\/api.w.org\/{rel}","templated":true}]}}