{"id":5490,"date":"2021-02-24T17:52:45","date_gmt":"2021-02-24T16:52:45","guid":{"rendered":"https:\/\/brancaia.cyon.site\/azienda-vinicola\/annate\/anno-di-vite-2012\/"},"modified":"2021-12-12T13:14:15","modified_gmt":"2021-12-12T12:14:15","slug":"anno-di-vite-2012","status":"publish","type":"page","link":"https:\/\/brancaia.com\/it\/azienda\/annate\/anno-di-vite-2012\/","title":{"rendered":"Anno di vite 2012"},"content":{"rendered":"<p>[et_pb_section fb_built=&#8221;1&#8243; fullwidth=&#8221;on&#8221; _builder_version=&#8221;4.6.6&#8243; _module_preset=&#8221;default&#8221; global_colors_info=&#8221;{}&#8221;][et_pb_fullwidth_header title=&#8221; &#8221; _builder_version=&#8221;4.7.7&#8243; _module_preset=&#8221;default&#8221; background_enable_color=&#8221;off&#8221; background_image=&#8221;https:\/\/brancaia.com\/wp-content\/uploads\/hero.jpg&#8221; global_colors_info=&#8221;{}&#8221;][\/et_pb_fullwidth_header][\/et_pb_section][et_pb_section fb_built=&#8221;1&#8243; _builder_version=&#8221;4.6.6&#8243; _module_preset=&#8221;default&#8221; global_colors_info=&#8221;{}&#8221;][et_pb_row _builder_version=&#8221;4.6.6&#8243; _module_preset=&#8221;default&#8221; global_colors_info=&#8221;{}&#8221;][et_pb_column type=&#8221;4_4&#8243; _builder_version=&#8221;4.6.6&#8243; _module_preset=&#8221;default&#8221; global_colors_info=&#8221;{}&#8221;][et_pb_text _builder_version=&#8221;4.7.7&#8243; _module_preset=&#8221;default&#8221; global_colors_info=&#8221;{}&#8221;]<\/p>\n<h1>le annate<\/h1>\n<p>[\/et_pb_text][et_pb_menu menu_id=&#8221;41&#8243; _builder_version=&#8221;4.7.7&#8243; _module_preset=&#8221;default&#8221; global_colors_info=&#8221;{}&#8221;][\/et_pb_menu][\/et_pb_column][\/et_pb_row][et_pb_row _builder_version=&#8221;4.9.0&#8243; _module_preset=&#8221;default&#8221; global_colors_info=&#8221;{}&#8221;][et_pb_column type=&#8221;4_4&#8243; _builder_version=&#8221;4.9.0&#8243; _module_preset=&#8221;default&#8221; global_colors_info=&#8221;{}&#8221;][et_pb_text module_class=&#8221;ba-title-lead&#8221; _builder_version=&#8221;4.9.0&#8243; _module_preset=&#8221;default&#8221; global_colors_info=&#8221;{}&#8221;]<\/p>\n<h2 style=\"text-align: center;\">VENDEMMIA 2012<\/h2>\n<p>L&#8217;annata 2012 \u00e8 stata caratterizzata da un&#8217;estate molto calda e secca. Ancora una volta ci siamo trovati di fronte alla prova che nulla \u00e8 possibile senza l &#8216;&#8221;aiuto&#8221; di Madre Natura.<\/p>\n<p>L&#8217;anno \u00e8 iniziato con un deficit idrico rispetto all&#8217;anno precedente. A gennaio e febbraio finalmente ha fatto freddo e le precipitazioni desiderate sono arrivate sotto forma di neve. Nel Chianti Classico le colline sono state innevate per 2 settimane e anche in Maremma la magia bianca \u00e8 durata pochi giorni.<\/p>\n<p>La primavera \u00e8 stata molto mite e abbastanza piovosa. Ma n\u00e9 la neve n\u00e9 le estese piogge primaverili hanno potuto riempire completamente le riserve d&#8217;acqua. Da giugno le giornate sono state esclusivamente belle e senza pioggia. Ci\u00f2 ha comportato un rallentamento del processo di maturazione delle uve nella prima met\u00e0 di agosto.<\/p>\n<p>[\/et_pb_text][et_pb_image src=&#8221;https:\/\/brancaia.com\/wp-content\/uploads\/Brancaia_Weingut_Rebjahr_1200x960px_2012_02.jpg&#8221; title_text=&#8221;Brancaia_Weingut_Rebjahr_1200x960px_2012_02&#8243; align=&#8221;center&#8221; _builder_version=&#8221;4.9.0&#8243; _module_preset=&#8221;default&#8221; width=&#8221;60%&#8221; global_colors_info=&#8221;{}&#8221;][\/et_pb_image][et_pb_text module_class=&#8221;ba-title-lead&#8221; _builder_version=&#8221;4.9.0&#8243; _module_preset=&#8221;default&#8221; global_colors_info=&#8221;{}&#8221;]<\/p>\n<p>Il fatto che attualmente non abbiamo vigneti giovani, che i nostri terreni siano tutti abbastanza profondi e che abbiamo un sistema di irrigazione per molti vigneti della Maremma ci ha indubbiamente aiutato in questa questa estate estrema. Questo ha permesso alle nostre vigne di sfruttare al meglio la tanto attesa pioggia di fine agosto.<\/p>\n<p>Il clima autunnale di settembre e ottobre \u00e8 stato quindi ideale: belle giornate calde e soleggiate e notti fresche.<\/p>\n<p>Come di consueto, abbiamo raccolto i vitigni a bacca bianca e il Merlot in Maremma a fine agosto. Dal 10 settembre \u00e8 proseguito con il Merlot in Chianti Classico. Il 5 ottobre avevamo tutte le nostre uve in cantina, le uve erano sane e perfettamente mature. A causa della vendemmia, la maggior parte delle variet\u00e0 aveva una buccia relativamente spessa, il che spiega l&#8217;altissima densit\u00e0 di polifenoli nei mosti, nonch\u00e9 la resa inferiore di circa il 15%.<\/p>\n<p>La conclusione: nel complesso una grande vendemmia che promette grandi vini.<\/p>\n<p>[\/et_pb_text][et_pb_image src=&#8221;https:\/\/brancaia.com\/wp-content\/uploads\/Brancaia_Weingut_Rebjahr_1200x960px_2012_01.jpg&#8221; title_text=&#8221;Brancaia_Weingut_Rebjahr_1200x960px_2012_01&#8243; align=&#8221;center&#8221; _builder_version=&#8221;4.9.0&#8243; _module_preset=&#8221;default&#8221; width=&#8221;60%&#8221; global_colors_info=&#8221;{}&#8221;][\/et_pb_image][\/et_pb_column][\/et_pb_row][\/et_pb_section]<\/p>\n","protected":false},"excerpt":{"rendered":"<p>le annateVENDEMMIA 2012 L&#8217;annata 2012 \u00e8 stata caratterizzata da un&#8217;estate molto calda e secca. Ancora una volta ci siamo trovati di fronte alla prova che nulla \u00e8 possibile senza l &#8216;&#8221;aiuto&#8221; di Madre Natura. L&#8217;anno \u00e8 iniziato con un deficit idrico rispetto all&#8217;anno precedente. A gennaio e febbraio finalmente ha fatto freddo e le precipitazioni [&hellip;]<\/p>\n","protected":false},"author":1,"featured_media":0,"parent":2200,"menu_order":22,"comment_status":"closed","ping_status":"closed","template":"","meta":{"_et_pb_use_builder":"on","_et_pb_old_content":"","_et_gb_content_width":"","footnotes":""},"class_list":["post-5490","page","type-page","status-publish","hentry"],"yoast_head":"<!-- This site is optimized with the Yoast SEO plugin v27.4 - https:\/\/yoast.com\/product\/yoast-seo-wordpress\/ -->\n<title>Anno di vite 2012 - BRANCAIA<\/title>\n<meta name=\"robots\" content=\"index, follow, max-snippet:-1, max-image-preview:large, max-video-preview:-1\" \/>\n<link rel=\"canonical\" href=\"https:\/\/brancaia.com\/it\/azienda\/annate\/anno-di-vite-2012\/\" \/>\n<meta property=\"og:locale\" content=\"it_IT\" \/>\n<meta property=\"og:type\" content=\"article\" \/>\n<meta property=\"og:title\" content=\"Anno di vite 2012 - BRANCAIA\" \/>\n<meta property=\"og:description\" content=\"le annateVENDEMMIA 2012 L&#039;annata 2012 \u00e8 stata caratterizzata da un&#039;estate molto calda e secca. Ancora una volta ci siamo trovati di fronte alla prova che nulla \u00e8 possibile senza l &#039;&quot;aiuto&quot; di Madre Natura. L&#039;anno \u00e8 iniziato con un deficit idrico rispetto all&#039;anno precedente. A gennaio e febbraio finalmente ha fatto freddo e le precipitazioni [&hellip;]\" \/>\n<meta property=\"og:url\" content=\"https:\/\/brancaia.com\/it\/azienda\/annate\/anno-di-vite-2012\/\" \/>\n<meta property=\"og:site_name\" content=\"BRANCAIA\" \/>\n<meta property=\"article:modified_time\" content=\"2021-12-12T12:14:15+00:00\" \/>\n<meta name=\"twitter:card\" content=\"summary_large_image\" \/>\n<meta name=\"twitter:label1\" content=\"Tempo di lettura stimato\" \/>\n\t<meta name=\"twitter:data1\" content=\"3 minuti\" \/>\n<script type=\"application\/ld+json\" class=\"yoast-schema-graph\">{\"@context\":\"https:\\\/\\\/schema.org\",\"@graph\":[{\"@type\":\"WebPage\",\"@id\":\"https:\\\/\\\/brancaia.com\\\/it\\\/azienda\\\/annate\\\/anno-di-vite-2012\\\/\",\"url\":\"https:\\\/\\\/brancaia.com\\\/it\\\/azienda\\\/annate\\\/anno-di-vite-2012\\\/\",\"name\":\"Anno di vite 2012 - BRANCAIA\",\"isPartOf\":{\"@id\":\"https:\\\/\\\/brancaia.com\\\/it\\\/#website\"},\"datePublished\":\"2021-02-24T16:52:45+00:00\",\"dateModified\":\"2021-12-12T12:14:15+00:00\",\"breadcrumb\":{\"@id\":\"https:\\\/\\\/brancaia.com\\\/it\\\/azienda\\\/annate\\\/anno-di-vite-2012\\\/#breadcrumb\"},\"inLanguage\":\"it-IT\",\"potentialAction\":[{\"@type\":\"ReadAction\",\"target\":[\"https:\\\/\\\/brancaia.com\\\/it\\\/azienda\\\/annate\\\/anno-di-vite-2012\\\/\"]}]},{\"@type\":\"BreadcrumbList\",\"@id\":\"https:\\\/\\\/brancaia.com\\\/it\\\/azienda\\\/annate\\\/anno-di-vite-2012\\\/#breadcrumb\",\"itemListElement\":[{\"@type\":\"ListItem\",\"position\":1,\"name\":\"Home\",\"item\":\"https:\\\/\\\/brancaia.com\\\/it\\\/home\\\/\"},{\"@type\":\"ListItem\",\"position\":2,\"name\":\"Cantina\",\"item\":\"https:\\\/\\\/brancaia.com\\\/it\\\/azienda\\\/\"},{\"@type\":\"ListItem\",\"position\":3,\"name\":\"Annate\",\"item\":\"https:\\\/\\\/brancaia.com\\\/it\\\/azienda\\\/annate\\\/\"},{\"@type\":\"ListItem\",\"position\":4,\"name\":\"Anno di vite 2012\"}]},{\"@type\":\"WebSite\",\"@id\":\"https:\\\/\\\/brancaia.com\\\/it\\\/#website\",\"url\":\"https:\\\/\\\/brancaia.com\\\/it\\\/\",\"name\":\"BRANCAIA\",\"description\":\"Winery &amp; Wines\",\"potentialAction\":[{\"@type\":\"SearchAction\",\"target\":{\"@type\":\"EntryPoint\",\"urlTemplate\":\"https:\\\/\\\/brancaia.com\\\/it\\\/?s={search_term_string}\"},\"query-input\":{\"@type\":\"PropertyValueSpecification\",\"valueRequired\":true,\"valueName\":\"search_term_string\"}}],\"inLanguage\":\"it-IT\"}]}<\/script>\n<!-- \/ Yoast SEO plugin. -->","yoast_head_json":{"title":"Anno di vite 2012 - BRANCAIA","robots":{"index":"index","follow":"follow","max-snippet":"max-snippet:-1","max-image-preview":"max-image-preview:large","max-video-preview":"max-video-preview:-1"},"canonical":"https:\/\/brancaia.com\/it\/azienda\/annate\/anno-di-vite-2012\/","og_locale":"it_IT","og_type":"article","og_title":"Anno di vite 2012 - BRANCAIA","og_description":"le annateVENDEMMIA 2012 L'annata 2012 \u00e8 stata caratterizzata da un'estate molto calda e secca. Ancora una volta ci siamo trovati di fronte alla prova che nulla \u00e8 possibile senza l '\"aiuto\" di Madre Natura. L'anno \u00e8 iniziato con un deficit idrico rispetto all'anno precedente. A gennaio e febbraio finalmente ha fatto freddo e le precipitazioni [&hellip;]","og_url":"https:\/\/brancaia.com\/it\/azienda\/annate\/anno-di-vite-2012\/","og_site_name":"BRANCAIA","article_modified_time":"2021-12-12T12:14:15+00:00","twitter_card":"summary_large_image","twitter_misc":{"Tempo di lettura stimato":"3 minuti"},"schema":{"@context":"https:\/\/schema.org","@graph":[{"@type":"WebPage","@id":"https:\/\/brancaia.com\/it\/azienda\/annate\/anno-di-vite-2012\/","url":"https:\/\/brancaia.com\/it\/azienda\/annate\/anno-di-vite-2012\/","name":"Anno di vite 2012 - BRANCAIA","isPartOf":{"@id":"https:\/\/brancaia.com\/it\/#website"},"datePublished":"2021-02-24T16:52:45+00:00","dateModified":"2021-12-12T12:14:15+00:00","breadcrumb":{"@id":"https:\/\/brancaia.com\/it\/azienda\/annate\/anno-di-vite-2012\/#breadcrumb"},"inLanguage":"it-IT","potentialAction":[{"@type":"ReadAction","target":["https:\/\/brancaia.com\/it\/azienda\/annate\/anno-di-vite-2012\/"]}]},{"@type":"BreadcrumbList","@id":"https:\/\/brancaia.com\/it\/azienda\/annate\/anno-di-vite-2012\/#breadcrumb","itemListElement":[{"@type":"ListItem","position":1,"name":"Home","item":"https:\/\/brancaia.com\/it\/home\/"},{"@type":"ListItem","position":2,"name":"Cantina","item":"https:\/\/brancaia.com\/it\/azienda\/"},{"@type":"ListItem","position":3,"name":"Annate","item":"https:\/\/brancaia.com\/it\/azienda\/annate\/"},{"@type":"ListItem","position":4,"name":"Anno di vite 2012"}]},{"@type":"WebSite","@id":"https:\/\/brancaia.com\/it\/#website","url":"https:\/\/brancaia.com\/it\/","name":"BRANCAIA","description":"Winery &amp; Wines","potentialAction":[{"@type":"SearchAction","target":{"@type":"EntryPoint","urlTemplate":"https:\/\/brancaia.com\/it\/?s={search_term_string}"},"query-input":{"@type":"PropertyValueSpecification","valueRequired":true,"valueName":"search_term_string"}}],"inLanguage":"it-IT"}]}},"_links":{"self":[{"href":"https:\/\/brancaia.com\/it\/wp-json\/wp\/v2\/pages\/5490","targetHints":{"allow":["GET"]}}],"collection":[{"href":"https:\/\/brancaia.com\/it\/wp-json\/wp\/v2\/pages"}],"about":[{"href":"https:\/\/brancaia.com\/it\/wp-json\/wp\/v2\/types\/page"}],"author":[{"embeddable":true,"href":"https:\/\/brancaia.com\/it\/wp-json\/wp\/v2\/users\/1"}],"replies":[{"embeddable":true,"href":"https:\/\/brancaia.com\/it\/wp-json\/wp\/v2\/comments?post=5490"}],"version-history":[{"count":4,"href":"https:\/\/brancaia.com\/it\/wp-json\/wp\/v2\/pages\/5490\/revisions"}],"predecessor-version":[{"id":8972,"href":"https:\/\/brancaia.com\/it\/wp-json\/wp\/v2\/pages\/5490\/revisions\/8972"}],"up":[{"embeddable":true,"href":"https:\/\/brancaia.com\/it\/wp-json\/wp\/v2\/pages\/2200"}],"wp:attachment":[{"href":"https:\/\/brancaia.com\/it\/wp-json\/wp\/v2\/media?parent=5490"}],"curies":[{"name":"wp","href":"https:\/\/api.w.org\/{rel}","templated":true}]}}