{"id":5499,"date":"2021-02-24T17:54:34","date_gmt":"2021-02-24T16:54:34","guid":{"rendered":"https:\/\/brancaia.cyon.site\/azienda-vinicola\/annate\/annata-viticola-2011\/"},"modified":"2021-12-10T14:11:29","modified_gmt":"2021-12-10T13:11:29","slug":"annata-viticola-2011","status":"publish","type":"page","link":"https:\/\/brancaia.com\/it\/azienda\/annate\/annata-viticola-2011\/","title":{"rendered":"Annata viticola 2011"},"content":{"rendered":"<p>[et_pb_section fb_built=&#8221;1&#8243; fullwidth=&#8221;on&#8221; _builder_version=&#8221;4.6.6&#8243; _module_preset=&#8221;default&#8221; global_colors_info=&#8221;{}&#8221;][et_pb_fullwidth_header title=&#8221; &#8221; _builder_version=&#8221;4.7.7&#8243; _module_preset=&#8221;default&#8221; background_enable_color=&#8221;off&#8221; background_image=&#8221;https:\/\/brancaia.com\/wp-content\/uploads\/hero.jpg&#8221; global_colors_info=&#8221;{}&#8221;][\/et_pb_fullwidth_header][\/et_pb_section][et_pb_section fb_built=&#8221;1&#8243; _builder_version=&#8221;4.6.6&#8243; _module_preset=&#8221;default&#8221; global_colors_info=&#8221;{}&#8221;][et_pb_row _builder_version=&#8221;4.6.6&#8243; _module_preset=&#8221;default&#8221; global_colors_info=&#8221;{}&#8221;][et_pb_column type=&#8221;4_4&#8243; _builder_version=&#8221;4.6.6&#8243; _module_preset=&#8221;default&#8221; global_colors_info=&#8221;{}&#8221;][et_pb_text _builder_version=&#8221;4.7.7&#8243; _module_preset=&#8221;default&#8221; global_colors_info=&#8221;{}&#8221;]<\/p>\n<h1>le annate<\/h1>\n<p>[\/et_pb_text][et_pb_menu menu_id=&#8221;41&#8243; _builder_version=&#8221;4.7.7&#8243; _module_preset=&#8221;default&#8221; global_colors_info=&#8221;{}&#8221;][\/et_pb_menu][\/et_pb_column][\/et_pb_row][et_pb_row _builder_version=&#8221;4.9.0&#8243; _module_preset=&#8221;default&#8221; global_colors_info=&#8221;{}&#8221;][et_pb_column type=&#8221;4_4&#8243; _builder_version=&#8221;4.7.7&#8243; _module_preset=&#8221;default&#8221; global_colors_info=&#8221;{}&#8221;][et_pb_text module_class=&#8221;ba-title-lead&#8221; _builder_version=&#8221;4.9.0&#8243; _module_preset=&#8221;default&#8221; global_colors_info=&#8221;{}&#8221;]<\/p>\n<h2 style=\"text-align: center;\">vendemmia 2011<\/h2>\n<p>L&#8217;annata 2011 \u00e8 stata caratterizzata da straordinarie ondate di caldo, ripetutamente interrotte da periodi pi\u00f9 freschi.<\/p>\n<p>In primavera \u00e8 stato molto caldo con scarse precipitazioni. All&#8217;inizio di maggio le temperature diurne sono salite a 30 \u00b0 C. Ci\u00f2 ha portato a un germogliamento precoce. Verso la met\u00e0 di maggio \u00e8 diventato di nuovo notevolmente pi\u00f9 fresco. Questo raffreddamento ha rallentato la crescita dei tralci di vite, il che ci ha dato pi\u00f9 tempo per il primo lavoro di fogliame, che \u00e8 andato bene. All&#8217;inizio di luglio il termometro \u00e8 salito ben oltre i 30 \u00b0 C, ma poco dopo \u00e8 stato di nuovo insolitamente fresco. A fine luglio ha piovuto straordinariamente molto nel Chianti Classico e in Maremma. Di conseguenza, tutte le riserve d&#8217;acqua sono state completamente reintegrate dalle acque sotterranee. Questo fatto probabilmente spiega anche perch\u00e9 le viti sono sopravvissute al caldo straordinario di met\u00e0 agosto senza grossi stress idrici. Le temperature diurne sono rimaste sopra i 35 \u00b0 C fino a met\u00e0 settembre.<\/p>\n<p>[\/et_pb_text][et_pb_image src=&#8221;https:\/\/brancaia.com\/wp-content\/uploads\/Brancaia_Weingut_Rebjahr_1200x960px_2011_01.jpg&#8221; title_text=&#8221;Brancaia_Winery_Rebjahr_1200x960px_2011_01&#8243; align=&#8221;center&#8221; _builder_version=&#8221;4.9.0&#8243; _module_preset=&#8221;default&#8221; width=&#8221;40%&#8221; global_colors_info=&#8221;{}&#8221;][\/et_pb_image][et_pb_text module_class=&#8221;ba-title-lead&#8221; _builder_version=&#8221;4.9.0&#8243; _module_preset=&#8221;default&#8221; global_colors_info=&#8221;{}&#8221;]<\/p>\n<p>&nbsp;<\/p>\n<p>La vendemmia \u00e8 iniziata il 20 agosto in Maremma con il Viogner. Dal 22\/8 fino al 24\/8 abbiamo raccolto le uve bianche del Chianti e poco tempo dopo siamo partiti con il Merlot, in Maremma e nel Chianti Classico. Il 27 settembre abbiamo concluso la vendemmia con il Petit Verdot in Maremma.<\/p>\n<p>L&#8217;influenza del calore, che &#8211; come gi\u00e0 accennato &#8211; non \u00e8 stato accompagnato da stress idrico, ha avuto effetti molto diversi sulle piante e determinato una maturazione diversa nei singoli vigneti.<\/p>\n<p>Ci\u00f2 ha significato uno sforzo notevolmente maggiore durante la raccolta e ha portato alla necessit\u00e0 di raccogliere due volte nella maggior parte dei luoghi e in alcuni abbiamo persino effettuato tre selezioni.<\/p>\n<p>Questi sforzi per\u00f2 sono stati ripagati a pieno. Abbiamo mosti che lasciano senza fiato, soprattutto per quanto riguarda le variet\u00e0 a maturazione tardiva che anche quest&#8217;anno hanno raggiunto un&#8217;elevata complessit\u00e0. I vini sono generalmente caratterizzati da un&#8217;altissima densit\u00e0 di polifenoli.<\/p>\n<p>[\/et_pb_text][\/et_pb_column][\/et_pb_row][\/et_pb_section]<\/p>\n","protected":false},"excerpt":{"rendered":"<p>le annatevendemmia 2011 L&#8217;annata 2011 \u00e8 stata caratterizzata da straordinarie ondate di caldo, ripetutamente interrotte da periodi pi\u00f9 freschi. In primavera \u00e8 stato molto caldo con scarse precipitazioni. All&#8217;inizio di maggio le temperature diurne sono salite a 30 \u00b0 C. Ci\u00f2 ha portato a un germogliamento precoce. Verso la met\u00e0 di maggio \u00e8 diventato di [&hellip;]<\/p>\n","protected":false},"author":1,"featured_media":0,"parent":2200,"menu_order":22,"comment_status":"closed","ping_status":"closed","template":"","meta":{"_et_pb_use_builder":"on","_et_pb_old_content":"","_et_gb_content_width":"","footnotes":""},"class_list":["post-5499","page","type-page","status-publish","hentry"],"yoast_head":"<!-- This site is optimized with the Yoast SEO plugin v27.4 - https:\/\/yoast.com\/product\/yoast-seo-wordpress\/ -->\n<title>Annata viticola 2011 - BRANCAIA<\/title>\n<meta name=\"robots\" content=\"index, follow, max-snippet:-1, max-image-preview:large, max-video-preview:-1\" \/>\n<link rel=\"canonical\" href=\"https:\/\/brancaia.com\/it\/azienda\/annate\/annata-viticola-2011\/\" \/>\n<meta property=\"og:locale\" content=\"it_IT\" \/>\n<meta property=\"og:type\" content=\"article\" \/>\n<meta property=\"og:title\" content=\"Annata viticola 2011 - BRANCAIA\" \/>\n<meta property=\"og:description\" content=\"le annatevendemmia 2011 L&#039;annata 2011 \u00e8 stata caratterizzata da straordinarie ondate di caldo, ripetutamente interrotte da periodi pi\u00f9 freschi. In primavera \u00e8 stato molto caldo con scarse precipitazioni. All&#039;inizio di maggio le temperature diurne sono salite a 30 \u00b0 C. Ci\u00f2 ha portato a un germogliamento precoce. Verso la met\u00e0 di maggio \u00e8 diventato di [&hellip;]\" \/>\n<meta property=\"og:url\" content=\"https:\/\/brancaia.com\/it\/azienda\/annate\/annata-viticola-2011\/\" \/>\n<meta property=\"og:site_name\" content=\"BRANCAIA\" \/>\n<meta property=\"article:modified_time\" content=\"2021-12-10T13:11:29+00:00\" \/>\n<meta name=\"twitter:card\" content=\"summary_large_image\" \/>\n<meta name=\"twitter:label1\" content=\"Tempo di lettura stimato\" \/>\n\t<meta name=\"twitter:data1\" content=\"3 minuti\" \/>\n<script type=\"application\/ld+json\" class=\"yoast-schema-graph\">{\"@context\":\"https:\\\/\\\/schema.org\",\"@graph\":[{\"@type\":\"WebPage\",\"@id\":\"https:\\\/\\\/brancaia.com\\\/it\\\/azienda\\\/annate\\\/annata-viticola-2011\\\/\",\"url\":\"https:\\\/\\\/brancaia.com\\\/it\\\/azienda\\\/annate\\\/annata-viticola-2011\\\/\",\"name\":\"Annata viticola 2011 - BRANCAIA\",\"isPartOf\":{\"@id\":\"https:\\\/\\\/brancaia.com\\\/it\\\/#website\"},\"datePublished\":\"2021-02-24T16:54:34+00:00\",\"dateModified\":\"2021-12-10T13:11:29+00:00\",\"breadcrumb\":{\"@id\":\"https:\\\/\\\/brancaia.com\\\/it\\\/azienda\\\/annate\\\/annata-viticola-2011\\\/#breadcrumb\"},\"inLanguage\":\"it-IT\",\"potentialAction\":[{\"@type\":\"ReadAction\",\"target\":[\"https:\\\/\\\/brancaia.com\\\/it\\\/azienda\\\/annate\\\/annata-viticola-2011\\\/\"]}]},{\"@type\":\"BreadcrumbList\",\"@id\":\"https:\\\/\\\/brancaia.com\\\/it\\\/azienda\\\/annate\\\/annata-viticola-2011\\\/#breadcrumb\",\"itemListElement\":[{\"@type\":\"ListItem\",\"position\":1,\"name\":\"Home\",\"item\":\"https:\\\/\\\/brancaia.com\\\/it\\\/home\\\/\"},{\"@type\":\"ListItem\",\"position\":2,\"name\":\"Cantina\",\"item\":\"https:\\\/\\\/brancaia.com\\\/it\\\/azienda\\\/\"},{\"@type\":\"ListItem\",\"position\":3,\"name\":\"Annate\",\"item\":\"https:\\\/\\\/brancaia.com\\\/it\\\/azienda\\\/annate\\\/\"},{\"@type\":\"ListItem\",\"position\":4,\"name\":\"Annata viticola 2011\"}]},{\"@type\":\"WebSite\",\"@id\":\"https:\\\/\\\/brancaia.com\\\/it\\\/#website\",\"url\":\"https:\\\/\\\/brancaia.com\\\/it\\\/\",\"name\":\"BRANCAIA\",\"description\":\"Winery &amp; Wines\",\"potentialAction\":[{\"@type\":\"SearchAction\",\"target\":{\"@type\":\"EntryPoint\",\"urlTemplate\":\"https:\\\/\\\/brancaia.com\\\/it\\\/?s={search_term_string}\"},\"query-input\":{\"@type\":\"PropertyValueSpecification\",\"valueRequired\":true,\"valueName\":\"search_term_string\"}}],\"inLanguage\":\"it-IT\"}]}<\/script>\n<!-- \/ Yoast SEO plugin. -->","yoast_head_json":{"title":"Annata viticola 2011 - BRANCAIA","robots":{"index":"index","follow":"follow","max-snippet":"max-snippet:-1","max-image-preview":"max-image-preview:large","max-video-preview":"max-video-preview:-1"},"canonical":"https:\/\/brancaia.com\/it\/azienda\/annate\/annata-viticola-2011\/","og_locale":"it_IT","og_type":"article","og_title":"Annata viticola 2011 - BRANCAIA","og_description":"le annatevendemmia 2011 L'annata 2011 \u00e8 stata caratterizzata da straordinarie ondate di caldo, ripetutamente interrotte da periodi pi\u00f9 freschi. In primavera \u00e8 stato molto caldo con scarse precipitazioni. All'inizio di maggio le temperature diurne sono salite a 30 \u00b0 C. Ci\u00f2 ha portato a un germogliamento precoce. Verso la met\u00e0 di maggio \u00e8 diventato di [&hellip;]","og_url":"https:\/\/brancaia.com\/it\/azienda\/annate\/annata-viticola-2011\/","og_site_name":"BRANCAIA","article_modified_time":"2021-12-10T13:11:29+00:00","twitter_card":"summary_large_image","twitter_misc":{"Tempo di lettura stimato":"3 minuti"},"schema":{"@context":"https:\/\/schema.org","@graph":[{"@type":"WebPage","@id":"https:\/\/brancaia.com\/it\/azienda\/annate\/annata-viticola-2011\/","url":"https:\/\/brancaia.com\/it\/azienda\/annate\/annata-viticola-2011\/","name":"Annata viticola 2011 - BRANCAIA","isPartOf":{"@id":"https:\/\/brancaia.com\/it\/#website"},"datePublished":"2021-02-24T16:54:34+00:00","dateModified":"2021-12-10T13:11:29+00:00","breadcrumb":{"@id":"https:\/\/brancaia.com\/it\/azienda\/annate\/annata-viticola-2011\/#breadcrumb"},"inLanguage":"it-IT","potentialAction":[{"@type":"ReadAction","target":["https:\/\/brancaia.com\/it\/azienda\/annate\/annata-viticola-2011\/"]}]},{"@type":"BreadcrumbList","@id":"https:\/\/brancaia.com\/it\/azienda\/annate\/annata-viticola-2011\/#breadcrumb","itemListElement":[{"@type":"ListItem","position":1,"name":"Home","item":"https:\/\/brancaia.com\/it\/home\/"},{"@type":"ListItem","position":2,"name":"Cantina","item":"https:\/\/brancaia.com\/it\/azienda\/"},{"@type":"ListItem","position":3,"name":"Annate","item":"https:\/\/brancaia.com\/it\/azienda\/annate\/"},{"@type":"ListItem","position":4,"name":"Annata viticola 2011"}]},{"@type":"WebSite","@id":"https:\/\/brancaia.com\/it\/#website","url":"https:\/\/brancaia.com\/it\/","name":"BRANCAIA","description":"Winery &amp; Wines","potentialAction":[{"@type":"SearchAction","target":{"@type":"EntryPoint","urlTemplate":"https:\/\/brancaia.com\/it\/?s={search_term_string}"},"query-input":{"@type":"PropertyValueSpecification","valueRequired":true,"valueName":"search_term_string"}}],"inLanguage":"it-IT"}]}},"_links":{"self":[{"href":"https:\/\/brancaia.com\/it\/wp-json\/wp\/v2\/pages\/5499","targetHints":{"allow":["GET"]}}],"collection":[{"href":"https:\/\/brancaia.com\/it\/wp-json\/wp\/v2\/pages"}],"about":[{"href":"https:\/\/brancaia.com\/it\/wp-json\/wp\/v2\/types\/page"}],"author":[{"embeddable":true,"href":"https:\/\/brancaia.com\/it\/wp-json\/wp\/v2\/users\/1"}],"replies":[{"embeddable":true,"href":"https:\/\/brancaia.com\/it\/wp-json\/wp\/v2\/comments?post=5499"}],"version-history":[{"count":15,"href":"https:\/\/brancaia.com\/it\/wp-json\/wp\/v2\/pages\/5499\/revisions"}],"predecessor-version":[{"id":8968,"href":"https:\/\/brancaia.com\/it\/wp-json\/wp\/v2\/pages\/5499\/revisions\/8968"}],"up":[{"embeddable":true,"href":"https:\/\/brancaia.com\/it\/wp-json\/wp\/v2\/pages\/2200"}],"wp:attachment":[{"href":"https:\/\/brancaia.com\/it\/wp-json\/wp\/v2\/media?parent=5499"}],"curies":[{"name":"wp","href":"https:\/\/api.w.org\/{rel}","templated":true}]}}