{"id":5591,"date":"2021-02-24T18:02:59","date_gmt":"2021-02-24T17:02:59","guid":{"rendered":"https:\/\/brancaia.cyon.site\/azienda-vinicola\/annate\/vitigno-2005\/"},"modified":"2021-12-04T15:40:14","modified_gmt":"2021-12-04T14:40:14","slug":"vitigno-2005","status":"publish","type":"page","link":"https:\/\/brancaia.com\/it\/azienda\/annate\/vitigno-2005\/","title":{"rendered":"Vitigno 2005"},"content":{"rendered":"<p>[et_pb_section fb_built=&#8221;1&#8243; fullwidth=&#8221;on&#8221; _builder_version=&#8221;4.6.6&#8243; _module_preset=&#8221;default&#8221; global_colors_info=&#8221;{}&#8221;][et_pb_fullwidth_header title=&#8221; &#8221; _builder_version=&#8221;4.7.7&#8243; _module_preset=&#8221;default&#8221; background_enable_color=&#8221;off&#8221; background_image=&#8221;https:\/\/brancaia.com\/wp-content\/uploads\/hero.jpg&#8221; global_colors_info=&#8221;{}&#8221;][\/et_pb_fullwidth_header][\/et_pb_section][et_pb_section fb_built=&#8221;1&#8243; _builder_version=&#8221;4.6.6&#8243; _module_preset=&#8221;default&#8221; global_colors_info=&#8221;{}&#8221;][et_pb_row _builder_version=&#8221;4.6.6&#8243; _module_preset=&#8221;default&#8221; global_colors_info=&#8221;{}&#8221;][et_pb_column type=&#8221;4_4&#8243; _builder_version=&#8221;4.6.6&#8243; _module_preset=&#8221;default&#8221; global_colors_info=&#8221;{}&#8221;][et_pb_text _builder_version=&#8221;4.7.7&#8243; _module_preset=&#8221;default&#8221; global_colors_info=&#8221;{}&#8221;]<\/p>\n<h1>LE ANNATE<\/h1>\n<p>[\/et_pb_text][et_pb_menu menu_id=&#8221;41&#8243; _builder_version=&#8221;4.7.7&#8243; _module_preset=&#8221;default&#8221; global_colors_info=&#8221;{}&#8221;][\/et_pb_menu][\/et_pb_column][\/et_pb_row][et_pb_row _builder_version=&#8221;4.9.0&#8243; _module_preset=&#8221;default&#8221; global_colors_info=&#8221;{}&#8221;][et_pb_column type=&#8221;4_4&#8243; _builder_version=&#8221;4.7.7&#8243; _module_preset=&#8221;default&#8221; global_colors_info=&#8221;{}&#8221;][et_pb_text module_class=&#8221;ba-title-lead&#8221; _builder_version=&#8221;4.9.0&#8243; _module_preset=&#8221;default&#8221; global_colors_info=&#8221;{}&#8221;]<\/p>\n<h2 style=\"text-align: center;\">VENDEMMIA 2005<\/h2>\n<p>Nel 2005 l&#8217;inverno \u00e8 stato nevoso e piovoso e quindi la capacit\u00e0 di accumulo idrico del suolo \u00e8 stata sfruttata al massimo. Marzo \u00e8 stato un po &#8216;pi\u00f9 fresco del normale, il che ha portato a un germogliamento leggermente ritardato e alquanto eterogeneo.<\/p>\n<p>Questo piccolo deficit \u00e8 stato recuperato nei mesi di aprile e maggio. Tuttavia, il rendimento \u00e8 stato notevolmente inferiore, soprattutto rispetto all&#8217;anno precedente. Il vantaggio \u00e8 stato che difficilmente abbiamo dovuto apportare ulteriori aggiustamenti di resa. Giugno e luglio sono stati caldi e molto secchi e le uve si sono sviluppate ottimamente. Le uve, molto sane, non hanno poi risentito delle temperature piuttosto fresche e delle piogge regolari nel mese di agosto.<\/p>\n<p>In Maremma abbiamo iniziato la vendemmia il 29 agosto con il Merlot, seguito dal Sangiovese, Petit Verdot e dopo poco meno di 5 settimane abbiamo terminato la vendemmia con il Cabernet Sauvignon.<\/p>\n<p>Nel Chianti Classico la vendemmia \u00e8 iniziata il 5 settembre. Abbiamo iniziato con il Merlot e finito con il Cabernet Sauvignon dopo 3 settimane e mezzo.<\/p>\n<p>In cantina ci sono vini giovani molto interessanti, armonici che hanno gi\u00e0 una straordinaria eleganza. La bella frutta fresca \u00e8 perfettamente integrata dalla moderata gradazione alcolica.<\/p>\n<p>[\/et_pb_text][et_pb_image src=&#8221;https:\/\/brancaia.com\/wp-content\/uploads\/Brancaia_Weingut_Rebjahr_1200x960px_2006_01.jpg&#8221; title_text=&#8221;Brancaia_Winery_Rebjahr_1200x960px_2006_01&#8243; align=&#8221;center&#8221; _builder_version=&#8221;4.9.0&#8243; _module_preset=&#8221;default&#8221; width=&#8221;60%&#8221; global_colors_info=&#8221;{}&#8221;][\/et_pb_image][\/et_pb_column][\/et_pb_row][\/et_pb_section]<\/p>\n","protected":false},"excerpt":{"rendered":"<p>LE ANNATEVENDEMMIA 2005 Nel 2005 l&#8217;inverno \u00e8 stato nevoso e piovoso e quindi la capacit\u00e0 di accumulo idrico del suolo \u00e8 stata sfruttata al massimo. Marzo \u00e8 stato un po &#8216;pi\u00f9 fresco del normale, il che ha portato a un germogliamento leggermente ritardato e alquanto eterogeneo. Questo piccolo deficit \u00e8 stato recuperato nei mesi di [&hellip;]<\/p>\n","protected":false},"author":1,"featured_media":0,"parent":2200,"menu_order":25,"comment_status":"closed","ping_status":"closed","template":"","meta":{"_et_pb_use_builder":"on","_et_pb_old_content":"","_et_gb_content_width":"","footnotes":""},"class_list":["post-5591","page","type-page","status-publish","hentry"],"yoast_head":"<!-- This site is optimized with the Yoast SEO plugin v27.4 - https:\/\/yoast.com\/product\/yoast-seo-wordpress\/ -->\n<title>Vitigno 2005 - BRANCAIA<\/title>\n<meta name=\"robots\" content=\"index, follow, max-snippet:-1, max-image-preview:large, max-video-preview:-1\" \/>\n<link rel=\"canonical\" href=\"https:\/\/brancaia.com\/it\/azienda\/annate\/vitigno-2005\/\" \/>\n<meta property=\"og:locale\" content=\"it_IT\" \/>\n<meta property=\"og:type\" content=\"article\" \/>\n<meta property=\"og:title\" content=\"Vitigno 2005 - BRANCAIA\" \/>\n<meta property=\"og:description\" content=\"LE ANNATEVENDEMMIA 2005 Nel 2005 l&#039;inverno \u00e8 stato nevoso e piovoso e quindi la capacit\u00e0 di accumulo idrico del suolo \u00e8 stata sfruttata al massimo. Marzo \u00e8 stato un po &#039;pi\u00f9 fresco del normale, il che ha portato a un germogliamento leggermente ritardato e alquanto eterogeneo. Questo piccolo deficit \u00e8 stato recuperato nei mesi di [&hellip;]\" \/>\n<meta property=\"og:url\" content=\"https:\/\/brancaia.com\/it\/azienda\/annate\/vitigno-2005\/\" \/>\n<meta property=\"og:site_name\" content=\"BRANCAIA\" \/>\n<meta property=\"article:modified_time\" content=\"2021-12-04T14:40:14+00:00\" \/>\n<meta name=\"twitter:card\" content=\"summary_large_image\" \/>\n<meta name=\"twitter:label1\" content=\"Tempo di lettura stimato\" \/>\n\t<meta name=\"twitter:data1\" content=\"2 minuti\" \/>\n<script type=\"application\/ld+json\" class=\"yoast-schema-graph\">{\"@context\":\"https:\\\/\\\/schema.org\",\"@graph\":[{\"@type\":\"WebPage\",\"@id\":\"https:\\\/\\\/brancaia.com\\\/it\\\/azienda\\\/annate\\\/vitigno-2005\\\/\",\"url\":\"https:\\\/\\\/brancaia.com\\\/it\\\/azienda\\\/annate\\\/vitigno-2005\\\/\",\"name\":\"Vitigno 2005 - BRANCAIA\",\"isPartOf\":{\"@id\":\"https:\\\/\\\/brancaia.com\\\/it\\\/#website\"},\"datePublished\":\"2021-02-24T17:02:59+00:00\",\"dateModified\":\"2021-12-04T14:40:14+00:00\",\"breadcrumb\":{\"@id\":\"https:\\\/\\\/brancaia.com\\\/it\\\/azienda\\\/annate\\\/vitigno-2005\\\/#breadcrumb\"},\"inLanguage\":\"it-IT\",\"potentialAction\":[{\"@type\":\"ReadAction\",\"target\":[\"https:\\\/\\\/brancaia.com\\\/it\\\/azienda\\\/annate\\\/vitigno-2005\\\/\"]}]},{\"@type\":\"BreadcrumbList\",\"@id\":\"https:\\\/\\\/brancaia.com\\\/it\\\/azienda\\\/annate\\\/vitigno-2005\\\/#breadcrumb\",\"itemListElement\":[{\"@type\":\"ListItem\",\"position\":1,\"name\":\"Home\",\"item\":\"https:\\\/\\\/brancaia.com\\\/it\\\/home\\\/\"},{\"@type\":\"ListItem\",\"position\":2,\"name\":\"Cantina\",\"item\":\"https:\\\/\\\/brancaia.com\\\/it\\\/azienda\\\/\"},{\"@type\":\"ListItem\",\"position\":3,\"name\":\"Annate\",\"item\":\"https:\\\/\\\/brancaia.com\\\/it\\\/azienda\\\/annate\\\/\"},{\"@type\":\"ListItem\",\"position\":4,\"name\":\"Vitigno 2005\"}]},{\"@type\":\"WebSite\",\"@id\":\"https:\\\/\\\/brancaia.com\\\/it\\\/#website\",\"url\":\"https:\\\/\\\/brancaia.com\\\/it\\\/\",\"name\":\"BRANCAIA\",\"description\":\"Winery &amp; Wines\",\"potentialAction\":[{\"@type\":\"SearchAction\",\"target\":{\"@type\":\"EntryPoint\",\"urlTemplate\":\"https:\\\/\\\/brancaia.com\\\/it\\\/?s={search_term_string}\"},\"query-input\":{\"@type\":\"PropertyValueSpecification\",\"valueRequired\":true,\"valueName\":\"search_term_string\"}}],\"inLanguage\":\"it-IT\"}]}<\/script>\n<!-- \/ Yoast SEO plugin. -->","yoast_head_json":{"title":"Vitigno 2005 - BRANCAIA","robots":{"index":"index","follow":"follow","max-snippet":"max-snippet:-1","max-image-preview":"max-image-preview:large","max-video-preview":"max-video-preview:-1"},"canonical":"https:\/\/brancaia.com\/it\/azienda\/annate\/vitigno-2005\/","og_locale":"it_IT","og_type":"article","og_title":"Vitigno 2005 - BRANCAIA","og_description":"LE ANNATEVENDEMMIA 2005 Nel 2005 l'inverno \u00e8 stato nevoso e piovoso e quindi la capacit\u00e0 di accumulo idrico del suolo \u00e8 stata sfruttata al massimo. Marzo \u00e8 stato un po 'pi\u00f9 fresco del normale, il che ha portato a un germogliamento leggermente ritardato e alquanto eterogeneo. Questo piccolo deficit \u00e8 stato recuperato nei mesi di [&hellip;]","og_url":"https:\/\/brancaia.com\/it\/azienda\/annate\/vitigno-2005\/","og_site_name":"BRANCAIA","article_modified_time":"2021-12-04T14:40:14+00:00","twitter_card":"summary_large_image","twitter_misc":{"Tempo di lettura stimato":"2 minuti"},"schema":{"@context":"https:\/\/schema.org","@graph":[{"@type":"WebPage","@id":"https:\/\/brancaia.com\/it\/azienda\/annate\/vitigno-2005\/","url":"https:\/\/brancaia.com\/it\/azienda\/annate\/vitigno-2005\/","name":"Vitigno 2005 - BRANCAIA","isPartOf":{"@id":"https:\/\/brancaia.com\/it\/#website"},"datePublished":"2021-02-24T17:02:59+00:00","dateModified":"2021-12-04T14:40:14+00:00","breadcrumb":{"@id":"https:\/\/brancaia.com\/it\/azienda\/annate\/vitigno-2005\/#breadcrumb"},"inLanguage":"it-IT","potentialAction":[{"@type":"ReadAction","target":["https:\/\/brancaia.com\/it\/azienda\/annate\/vitigno-2005\/"]}]},{"@type":"BreadcrumbList","@id":"https:\/\/brancaia.com\/it\/azienda\/annate\/vitigno-2005\/#breadcrumb","itemListElement":[{"@type":"ListItem","position":1,"name":"Home","item":"https:\/\/brancaia.com\/it\/home\/"},{"@type":"ListItem","position":2,"name":"Cantina","item":"https:\/\/brancaia.com\/it\/azienda\/"},{"@type":"ListItem","position":3,"name":"Annate","item":"https:\/\/brancaia.com\/it\/azienda\/annate\/"},{"@type":"ListItem","position":4,"name":"Vitigno 2005"}]},{"@type":"WebSite","@id":"https:\/\/brancaia.com\/it\/#website","url":"https:\/\/brancaia.com\/it\/","name":"BRANCAIA","description":"Winery &amp; Wines","potentialAction":[{"@type":"SearchAction","target":{"@type":"EntryPoint","urlTemplate":"https:\/\/brancaia.com\/it\/?s={search_term_string}"},"query-input":{"@type":"PropertyValueSpecification","valueRequired":true,"valueName":"search_term_string"}}],"inLanguage":"it-IT"}]}},"_links":{"self":[{"href":"https:\/\/brancaia.com\/it\/wp-json\/wp\/v2\/pages\/5591","targetHints":{"allow":["GET"]}}],"collection":[{"href":"https:\/\/brancaia.com\/it\/wp-json\/wp\/v2\/pages"}],"about":[{"href":"https:\/\/brancaia.com\/it\/wp-json\/wp\/v2\/types\/page"}],"author":[{"embeddable":true,"href":"https:\/\/brancaia.com\/it\/wp-json\/wp\/v2\/users\/1"}],"replies":[{"embeddable":true,"href":"https:\/\/brancaia.com\/it\/wp-json\/wp\/v2\/comments?post=5591"}],"version-history":[{"count":11,"href":"https:\/\/brancaia.com\/it\/wp-json\/wp\/v2\/pages\/5591\/revisions"}],"predecessor-version":[{"id":8934,"href":"https:\/\/brancaia.com\/it\/wp-json\/wp\/v2\/pages\/5591\/revisions\/8934"}],"up":[{"embeddable":true,"href":"https:\/\/brancaia.com\/it\/wp-json\/wp\/v2\/pages\/2200"}],"wp:attachment":[{"href":"https:\/\/brancaia.com\/it\/wp-json\/wp\/v2\/media?parent=5591"}],"curies":[{"name":"wp","href":"https:\/\/api.w.org\/{rel}","templated":true}]}}