{"id":5607,"date":"2021-02-24T18:05:19","date_gmt":"2021-02-24T17:05:19","guid":{"rendered":"https:\/\/brancaia.cyon.site\/azienda-vinicola\/annate\/annata-2004\/"},"modified":"2021-12-04T15:34:49","modified_gmt":"2021-12-04T14:34:49","slug":"annata-2004","status":"publish","type":"page","link":"https:\/\/brancaia.com\/it\/azienda\/annate\/annata-2004\/","title":{"rendered":"Annata 2004"},"content":{"rendered":"<p>[et_pb_section fb_built=&#8221;1&#8243; fullwidth=&#8221;on&#8221; _builder_version=&#8221;4.6.6&#8243; _module_preset=&#8221;default&#8221; global_colors_info=&#8221;{}&#8221;][et_pb_fullwidth_header title=&#8221; &#8221; _builder_version=&#8221;4.7.7&#8243; _module_preset=&#8221;default&#8221; background_enable_color=&#8221;off&#8221; background_image=&#8221;https:\/\/brancaia.com\/wp-content\/uploads\/hero.jpg&#8221; global_colors_info=&#8221;{}&#8221;][\/et_pb_fullwidth_header][\/et_pb_section][et_pb_section fb_built=&#8221;1&#8243; _builder_version=&#8221;4.6.6&#8243; _module_preset=&#8221;default&#8221; global_colors_info=&#8221;{}&#8221;][et_pb_row _builder_version=&#8221;4.6.6&#8243; _module_preset=&#8221;default&#8221; global_colors_info=&#8221;{}&#8221;][et_pb_column type=&#8221;4_4&#8243; _builder_version=&#8221;4.6.6&#8243; _module_preset=&#8221;default&#8221; global_colors_info=&#8221;{}&#8221;][et_pb_text _builder_version=&#8221;4.7.7&#8243; _module_preset=&#8221;default&#8221; global_colors_info=&#8221;{}&#8221;]<\/p>\n<h1>LE ANNATE<\/h1>\n<p>[\/et_pb_text][et_pb_menu menu_id=&#8221;41&#8243; _builder_version=&#8221;4.7.7&#8243; _module_preset=&#8221;default&#8221; global_colors_info=&#8221;{}&#8221;][\/et_pb_menu][\/et_pb_column][\/et_pb_row][et_pb_row _builder_version=&#8221;4.9.0&#8243; _module_preset=&#8221;default&#8221; global_colors_info=&#8221;{}&#8221;][et_pb_column type=&#8221;4_4&#8243; _builder_version=&#8221;4.7.7&#8243; _module_preset=&#8221;default&#8221; global_colors_info=&#8221;{}&#8221;][et_pb_text module_class=&#8221;ba-title-lead&#8221; _builder_version=&#8221;4.9.0&#8243; _module_preset=&#8221;default&#8221; global_colors_info=&#8221;{}&#8221;]<\/p>\n<h2 style=\"text-align: center;\">iVENDEMMIA 2004<\/h2>\n<p>&nbsp;<\/p>\n<p>Le condizioni metereologiche dell&#8217;annata 2004 hanno garantito un sufficiente apporto di acqua fino all&#8217;inizio dell&#8217;estate. A ci\u00f2 hanno contribuito nevicate superiori alla media e piogge regolari. Ci\u00f2 ha permesso alle piante di produrre foglie e uva in eccesso. Questo ovviamente ha significato un lavoro aggiuntivo durante la potatura e il diradamento delle uve. si \u00e8 reso necessario diradare fino a tre volte per vigneto, al fine di non superare la resa prevista di 5.500 kg \/ ha. La maturazione si \u00e8 protratta in maniera ottimale fino ad ottobre. Per prevenire l&#8217;infestazione da botrytis, facilitata dalla rugiada mattutina, tutti i vigneti della zona dell&#8217;uva sono stati defogliati.<\/p>\n<p>Nel Chianti Classico abbiamo iniziato la vendemmia a fine settembre con il Merlot e terminata con il Cabernet Sauvignon nella seconda settimana di ottobre. Il lungo tempo di maturazione non solo ci ha dato abbastanza zucchero, ma anche un&#8217;abbondanza di aromi, colore e tannini.<\/p>\n<p>In Maremma l&#8217;equilibrio idrico naturale delle nostre vigne era perfetto. Il consueto stress idrico non si \u00e8 concretizzato. Le uve hanno potuto svilupparsi in modo ottimale e maturare in modo equilibrato. La vendemmia \u00e8 iniziata a fine agosto e si \u00e8 conclusa quattro settimane dopo con il Sangiovese.<\/p>\n<p>La campagna 2004 \u00e8 stata molto laboriosa, ma lo &#8220;sforzo aggiuntivo&#8221; si \u00e8 riflesso 1: 1 sulla qualit\u00e0 delle uve.<\/p>\n<p>[\/et_pb_text][et_pb_image src=&#8221;https:\/\/brancaia.com\/wp-content\/uploads\/Brancaia_Weingut_Rebjahr_1200x960px_2004_01.jpg&#8221; title_text=&#8221;Brancaia_Weingut_Rebjahr_1200x960px_2004_01&#8243; align=&#8221;center&#8221; _builder_version=&#8221;4.9.0&#8243; _module_preset=&#8221;default&#8221; width=&#8221;60%&#8221; global_colors_info=&#8221;{}&#8221;][\/et_pb_image][\/et_pb_column][\/et_pb_row][\/et_pb_section]<\/p>\n","protected":false},"excerpt":{"rendered":"<p>LE ANNATEiVENDEMMIA 2004 &nbsp; Le condizioni metereologiche dell&#8217;annata 2004 hanno garantito un sufficiente apporto di acqua fino all&#8217;inizio dell&#8217;estate. A ci\u00f2 hanno contribuito nevicate superiori alla media e piogge regolari. Ci\u00f2 ha permesso alle piante di produrre foglie e uva in eccesso. Questo ovviamente ha significato un lavoro aggiuntivo durante la potatura e il diradamento [&hellip;]<\/p>\n","protected":false},"author":1,"featured_media":0,"parent":2200,"menu_order":25,"comment_status":"closed","ping_status":"closed","template":"","meta":{"_et_pb_use_builder":"on","_et_pb_old_content":"","_et_gb_content_width":"","footnotes":""},"class_list":["post-5607","page","type-page","status-publish","hentry"],"yoast_head":"<!-- This site is optimized with the Yoast SEO plugin v27.4 - https:\/\/yoast.com\/product\/yoast-seo-wordpress\/ -->\n<title>Annata 2004 - BRANCAIA<\/title>\n<meta name=\"robots\" content=\"index, follow, max-snippet:-1, max-image-preview:large, max-video-preview:-1\" \/>\n<link rel=\"canonical\" href=\"https:\/\/brancaia.com\/it\/azienda\/annate\/annata-2004\/\" \/>\n<meta property=\"og:locale\" content=\"it_IT\" \/>\n<meta property=\"og:type\" content=\"article\" \/>\n<meta property=\"og:title\" content=\"Annata 2004 - BRANCAIA\" \/>\n<meta property=\"og:description\" content=\"LE ANNATEiVENDEMMIA 2004 &nbsp; Le condizioni metereologiche dell&#039;annata 2004 hanno garantito un sufficiente apporto di acqua fino all&#039;inizio dell&#039;estate. A ci\u00f2 hanno contribuito nevicate superiori alla media e piogge regolari. Ci\u00f2 ha permesso alle piante di produrre foglie e uva in eccesso. Questo ovviamente ha significato un lavoro aggiuntivo durante la potatura e il diradamento [&hellip;]\" \/>\n<meta property=\"og:url\" content=\"https:\/\/brancaia.com\/it\/azienda\/annate\/annata-2004\/\" \/>\n<meta property=\"og:site_name\" content=\"BRANCAIA\" \/>\n<meta property=\"article:modified_time\" content=\"2021-12-04T14:34:49+00:00\" \/>\n<meta name=\"twitter:card\" content=\"summary_large_image\" \/>\n<meta name=\"twitter:label1\" content=\"Tempo di lettura stimato\" \/>\n\t<meta name=\"twitter:data1\" content=\"2 minuti\" \/>\n<script type=\"application\/ld+json\" class=\"yoast-schema-graph\">{\"@context\":\"https:\\\/\\\/schema.org\",\"@graph\":[{\"@type\":\"WebPage\",\"@id\":\"https:\\\/\\\/brancaia.com\\\/it\\\/azienda\\\/annate\\\/annata-2004\\\/\",\"url\":\"https:\\\/\\\/brancaia.com\\\/it\\\/azienda\\\/annate\\\/annata-2004\\\/\",\"name\":\"Annata 2004 - BRANCAIA\",\"isPartOf\":{\"@id\":\"https:\\\/\\\/brancaia.com\\\/it\\\/#website\"},\"datePublished\":\"2021-02-24T17:05:19+00:00\",\"dateModified\":\"2021-12-04T14:34:49+00:00\",\"breadcrumb\":{\"@id\":\"https:\\\/\\\/brancaia.com\\\/it\\\/azienda\\\/annate\\\/annata-2004\\\/#breadcrumb\"},\"inLanguage\":\"it-IT\",\"potentialAction\":[{\"@type\":\"ReadAction\",\"target\":[\"https:\\\/\\\/brancaia.com\\\/it\\\/azienda\\\/annate\\\/annata-2004\\\/\"]}]},{\"@type\":\"BreadcrumbList\",\"@id\":\"https:\\\/\\\/brancaia.com\\\/it\\\/azienda\\\/annate\\\/annata-2004\\\/#breadcrumb\",\"itemListElement\":[{\"@type\":\"ListItem\",\"position\":1,\"name\":\"Home\",\"item\":\"https:\\\/\\\/brancaia.com\\\/it\\\/home\\\/\"},{\"@type\":\"ListItem\",\"position\":2,\"name\":\"Cantina\",\"item\":\"https:\\\/\\\/brancaia.com\\\/it\\\/azienda\\\/\"},{\"@type\":\"ListItem\",\"position\":3,\"name\":\"Annate\",\"item\":\"https:\\\/\\\/brancaia.com\\\/it\\\/azienda\\\/annate\\\/\"},{\"@type\":\"ListItem\",\"position\":4,\"name\":\"Annata 2004\"}]},{\"@type\":\"WebSite\",\"@id\":\"https:\\\/\\\/brancaia.com\\\/it\\\/#website\",\"url\":\"https:\\\/\\\/brancaia.com\\\/it\\\/\",\"name\":\"BRANCAIA\",\"description\":\"Winery &amp; Wines\",\"potentialAction\":[{\"@type\":\"SearchAction\",\"target\":{\"@type\":\"EntryPoint\",\"urlTemplate\":\"https:\\\/\\\/brancaia.com\\\/it\\\/?s={search_term_string}\"},\"query-input\":{\"@type\":\"PropertyValueSpecification\",\"valueRequired\":true,\"valueName\":\"search_term_string\"}}],\"inLanguage\":\"it-IT\"}]}<\/script>\n<!-- \/ Yoast SEO plugin. -->","yoast_head_json":{"title":"Annata 2004 - BRANCAIA","robots":{"index":"index","follow":"follow","max-snippet":"max-snippet:-1","max-image-preview":"max-image-preview:large","max-video-preview":"max-video-preview:-1"},"canonical":"https:\/\/brancaia.com\/it\/azienda\/annate\/annata-2004\/","og_locale":"it_IT","og_type":"article","og_title":"Annata 2004 - BRANCAIA","og_description":"LE ANNATEiVENDEMMIA 2004 &nbsp; Le condizioni metereologiche dell'annata 2004 hanno garantito un sufficiente apporto di acqua fino all'inizio dell'estate. A ci\u00f2 hanno contribuito nevicate superiori alla media e piogge regolari. Ci\u00f2 ha permesso alle piante di produrre foglie e uva in eccesso. Questo ovviamente ha significato un lavoro aggiuntivo durante la potatura e il diradamento [&hellip;]","og_url":"https:\/\/brancaia.com\/it\/azienda\/annate\/annata-2004\/","og_site_name":"BRANCAIA","article_modified_time":"2021-12-04T14:34:49+00:00","twitter_card":"summary_large_image","twitter_misc":{"Tempo di lettura stimato":"2 minuti"},"schema":{"@context":"https:\/\/schema.org","@graph":[{"@type":"WebPage","@id":"https:\/\/brancaia.com\/it\/azienda\/annate\/annata-2004\/","url":"https:\/\/brancaia.com\/it\/azienda\/annate\/annata-2004\/","name":"Annata 2004 - BRANCAIA","isPartOf":{"@id":"https:\/\/brancaia.com\/it\/#website"},"datePublished":"2021-02-24T17:05:19+00:00","dateModified":"2021-12-04T14:34:49+00:00","breadcrumb":{"@id":"https:\/\/brancaia.com\/it\/azienda\/annate\/annata-2004\/#breadcrumb"},"inLanguage":"it-IT","potentialAction":[{"@type":"ReadAction","target":["https:\/\/brancaia.com\/it\/azienda\/annate\/annata-2004\/"]}]},{"@type":"BreadcrumbList","@id":"https:\/\/brancaia.com\/it\/azienda\/annate\/annata-2004\/#breadcrumb","itemListElement":[{"@type":"ListItem","position":1,"name":"Home","item":"https:\/\/brancaia.com\/it\/home\/"},{"@type":"ListItem","position":2,"name":"Cantina","item":"https:\/\/brancaia.com\/it\/azienda\/"},{"@type":"ListItem","position":3,"name":"Annate","item":"https:\/\/brancaia.com\/it\/azienda\/annate\/"},{"@type":"ListItem","position":4,"name":"Annata 2004"}]},{"@type":"WebSite","@id":"https:\/\/brancaia.com\/it\/#website","url":"https:\/\/brancaia.com\/it\/","name":"BRANCAIA","description":"Winery &amp; Wines","potentialAction":[{"@type":"SearchAction","target":{"@type":"EntryPoint","urlTemplate":"https:\/\/brancaia.com\/it\/?s={search_term_string}"},"query-input":{"@type":"PropertyValueSpecification","valueRequired":true,"valueName":"search_term_string"}}],"inLanguage":"it-IT"}]}},"_links":{"self":[{"href":"https:\/\/brancaia.com\/it\/wp-json\/wp\/v2\/pages\/5607","targetHints":{"allow":["GET"]}}],"collection":[{"href":"https:\/\/brancaia.com\/it\/wp-json\/wp\/v2\/pages"}],"about":[{"href":"https:\/\/brancaia.com\/it\/wp-json\/wp\/v2\/types\/page"}],"author":[{"embeddable":true,"href":"https:\/\/brancaia.com\/it\/wp-json\/wp\/v2\/users\/1"}],"replies":[{"embeddable":true,"href":"https:\/\/brancaia.com\/it\/wp-json\/wp\/v2\/comments?post=5607"}],"version-history":[{"count":10,"href":"https:\/\/brancaia.com\/it\/wp-json\/wp\/v2\/pages\/5607\/revisions"}],"predecessor-version":[{"id":8931,"href":"https:\/\/brancaia.com\/it\/wp-json\/wp\/v2\/pages\/5607\/revisions\/8931"}],"up":[{"embeddable":true,"href":"https:\/\/brancaia.com\/it\/wp-json\/wp\/v2\/pages\/2200"}],"wp:attachment":[{"href":"https:\/\/brancaia.com\/it\/wp-json\/wp\/v2\/media?parent=5607"}],"curies":[{"name":"wp","href":"https:\/\/api.w.org\/{rel}","templated":true}]}}