{"id":9050,"date":"2021-12-15T12:06:15","date_gmt":"2021-12-15T11:06:15","guid":{"rendered":"https:\/\/brancaia.com\/azienda\/annate\/vendemmia-2021\/"},"modified":"2024-06-25T14:33:40","modified_gmt":"2024-06-25T12:33:40","slug":"vendemmia-2021","status":"publish","type":"page","link":"https:\/\/brancaia.com\/it\/azienda\/annate\/vendemmia-2021\/","title":{"rendered":"Vendemmia 2021"},"content":{"rendered":"<p>[et_pb_section fb_built=&#8221;1&#8243; fullwidth=&#8221;on&#8221; _builder_version=&#8221;4.6.6&#8243; _module_preset=&#8221;default&#8221; global_colors_info=&#8221;{}&#8221;][et_pb_fullwidth_header title=&#8221; &#8221; _builder_version=&#8221;4.7.7&#8243; _module_preset=&#8221;default&#8221; background_enable_color=&#8221;off&#8221; background_image=&#8221;https:\/\/brancaia.com\/wp-content\/uploads\/hero.jpg&#8221; global_colors_info=&#8221;{}&#8221;][\/et_pb_fullwidth_header][\/et_pb_section][et_pb_section fb_built=&#8221;1&#8243; _builder_version=&#8221;4.6.6&#8243; _module_preset=&#8221;default&#8221; global_colors_info=&#8221;{}&#8221;][et_pb_row _builder_version=&#8221;4.6.6&#8243; _module_preset=&#8221;default&#8221; global_colors_info=&#8221;{}&#8221;][et_pb_column type=&#8221;4_4&#8243; _builder_version=&#8221;4.6.6&#8243; _module_preset=&#8221;default&#8221; global_colors_info=&#8221;{}&#8221;][et_pb_text module_class=&#8221;ba-title-lead&#8221; _builder_version=&#8221;4.9.0&#8243; _module_preset=&#8221;default&#8221; global_colors_info=&#8221;{}&#8221;]<\/p>\n<h1>Le annate<\/h1>\n<p>[\/et_pb_text][et_pb_menu menu_id=&#8221;41&#8243; _builder_version=&#8221;4.7.7&#8243; _module_preset=&#8221;default&#8221; global_colors_info=&#8221;{}&#8221;][\/et_pb_menu][\/et_pb_column][\/et_pb_row][et_pb_row _builder_version=&#8221;4.7.7&#8243; _module_preset=&#8221;default&#8221; global_colors_info=&#8221;{}&#8221;][et_pb_column type=&#8221;4_4&#8243; _builder_version=&#8221;4.7.7&#8243; _module_preset=&#8221;default&#8221; global_colors_info=&#8221;{}&#8221;][et_pb_text module_class=&#8221;ba-title-lead&#8221; _builder_version=&#8221;4.14.2&#8243; _module_preset=&#8221;default&#8221; global_colors_info=&#8221;{}&#8221;]<\/p>\n<h2 style=\"text-align: center;\">Vendemmia 2021<\/h2>\n<p>In inverno, abbiamo avuto piogge regolari e a volte qualche nevicata, che hanno riempito completamente le riserve idriche del terreno. Febbraio \u00e8 stato eccezionalmente mite in termini di temperature, il che ha portato a un germogliamento precoce nonostante la potatura tardiva. Il Sangiovese in Maremma e nei vigneti pi\u00f9 soleggiati del Chianti Classico ha iniziato a maturare nella seconda met\u00e0 di marzo.<\/p>\n<p>Un brusco calo della temperatura durante la notte da 8. sul 9 aprile, che ha raggiunto anche i -7\u00b0C in alcune zone, ha fatto temere che gran parte della produzione sarebbe andata persa a causa del gelo sui germogli. Grazie agli incendi ai margini dei vigneti e al trattamento dei vigneti con alghe, oltre che a una buona dose di fortuna, i danni sono stati limitati.<\/p>\n<p>Il mese di maggio \u00e8 stato piuttosto fresco e piovoso, soprattutto nel Chianti, e in queste condizioni abbiamo dovuto prestare molta attenzione allo sviluppo delle principali malattie fungine come la peronospora e l&#8217;oidio. Questi sono particolarmente pericolosi durante la fase di fioritura e di allegagione dell&#8217;uva e possono causare danni quantitativi e qualitativi importanti. Grazie ai nostri moderni sistemi di monitoraggio delle malattie e ai sistemi di supporto alle decisioni (DSS), siamo stati in grado di controllare le malattie fin dall&#8217;inizio e allo stesso tempo di ridurre ulteriormente l&#8217;uso di rame e zolfo.<\/p>\n<p>All&#8217;inizio dell&#8217;estate faceva caldo con poche piogge e le viti si sono sviluppate senza problemi significativi. Le temperature sono aumentate di nuovo in modo significativo nella prima settimana di agosto. Dieci giorni consecutivi di caldo, uniti a un costante vento caldo, hanno avuto la meglio sulla natura. Tuttavia, grazie alla loro et\u00e0 media relativamente alta, le nostre viti sono riuscite a conservare perfettamente il fogliame e l&#8217;uva. Una piccola pioggia accompagnata da un calo della temperatura ha riportato la natura in equilibrio.<\/p>\n<p>Alla fine di agosto \u00e8 iniziato un periodo di oscillazioni di temperatura insolitamente elevate tra il giorno e la notte. Mentre le giornate sono state caratterizzate da temperature estive fino all&#8217;inizio di ottobre, le notti erano gi\u00e0 molto fresche. Queste fluttuazioni hanno dato alle viti la necessaria fase di riposo notturno per ottenere una perfetta maturazione delle uve.<\/p>\n<p>[\/et_pb_text][et_pb_image src=&#8221;https:\/\/brancaia.com\/wp-content\/uploads\/brancaia_weinlese_2021_1200x800.jpg&#8221; alt=&#8221;Brancaia Team&#8221; title_text=&#8221;Brancaia Team&#8221; align=&#8221;center&#8221; _builder_version=&#8221;4.14.2&#8243; _module_preset=&#8221;default&#8221; width=&#8221;60%&#8221; global_colors_info=&#8221;{}&#8221;][\/et_pb_image][et_pb_text module_class=&#8221;ba-title-lead&#8221; _builder_version=&#8221;4.14.2&#8243; _module_preset=&#8221;default&#8221; global_colors_info=&#8221;{}&#8221;]<\/p>\n<p>La vendemmia \u00e8 iniziata in Maremma il 18 agosto con il Merlot per il nostro ros\u00e9 e nel Chianti all&#8217;inizio di settembre con il Sauvignon Blanc. Il Merlot \u00e8 stato raccolto nel Chianti nella seconda e terza settimana di settembre, mentre il Sangiovese \u00e8 stato raccolto in Maremma nello stesso periodo. A fine settembre abbiamo raccolto il Sangiovese nel Chianti e il Cabernet e il Petite Verdot in Maremma. Il 1\u00b0 ottobre abbiamo concluso la vendemmia nel Chianti Classico con il Cabernet Sauvignon e in Maremma con il Petit Verdot.<\/p>\n<p>Possiamo guardare indietro con grande soddisfazione a un anno turbolento, che \u00e8 stato molto impegnativo per la natura e per noi. Grazie alla fine dell&#8217;estate e all&#8217;autunno assolutamente perfetti, siamo riusciti a vendemmiare ogni singolo vigneto nel momento perfetto. I mosti stanno gi\u00e0 mostrando il loro meraviglioso potenziale, il che ci fa sognare sul prodotto finale. Vorremmo cogliere l&#8217;occasione per ringraziare tutto il nostro team, senza il cui enorme impegno nulla di tutto ci\u00f2 sarebbe stato possibile.<\/p>\n<p>[\/et_pb_text][\/et_pb_column][\/et_pb_row][\/et_pb_section]<\/p>\n","protected":false},"excerpt":{"rendered":"<p>Le annateVendemmia 2021 In inverno, abbiamo avuto piogge regolari e a volte qualche nevicata, che hanno riempito completamente le riserve idriche del terreno. Febbraio \u00e8 stato eccezionalmente mite in termini di temperature, il che ha portato a un germogliamento precoce nonostante la potatura tardiva. Il Sangiovese in Maremma e nei vigneti pi\u00f9 soleggiati del Chianti [&hellip;]<\/p>\n","protected":false},"author":1,"featured_media":0,"parent":2200,"menu_order":0,"comment_status":"closed","ping_status":"closed","template":"","meta":{"_et_pb_use_builder":"on","_et_pb_old_content":"","_et_gb_content_width":"","footnotes":""},"class_list":["post-9050","page","type-page","status-publish","hentry"],"yoast_head":"<!-- This site is optimized with the Yoast SEO plugin v27.3 - https:\/\/yoast.com\/product\/yoast-seo-wordpress\/ -->\n<title>Vendemmia 2021 - BRANCAIA<\/title>\n<meta name=\"robots\" content=\"index, follow, max-snippet:-1, max-image-preview:large, max-video-preview:-1\" \/>\n<link rel=\"canonical\" href=\"https:\/\/brancaia.com\/it\/azienda\/annate\/vendemmia-2021\/\" \/>\n<meta property=\"og:locale\" content=\"it_IT\" \/>\n<meta property=\"og:type\" content=\"article\" \/>\n<meta property=\"og:title\" content=\"Vendemmia 2021 - BRANCAIA\" \/>\n<meta property=\"og:description\" content=\"Le annateVendemmia 2021 In inverno, abbiamo avuto piogge regolari e a volte qualche nevicata, che hanno riempito completamente le riserve idriche del terreno. Febbraio \u00e8 stato eccezionalmente mite in termini di temperature, il che ha portato a un germogliamento precoce nonostante la potatura tardiva. Il Sangiovese in Maremma e nei vigneti pi\u00f9 soleggiati del Chianti [&hellip;]\" \/>\n<meta property=\"og:url\" content=\"https:\/\/brancaia.com\/it\/azienda\/annate\/vendemmia-2021\/\" \/>\n<meta property=\"og:site_name\" content=\"BRANCAIA\" \/>\n<meta property=\"article:modified_time\" content=\"2024-06-25T12:33:40+00:00\" \/>\n<meta name=\"twitter:card\" content=\"summary_large_image\" \/>\n<meta name=\"twitter:label1\" content=\"Tempo di lettura stimato\" \/>\n\t<meta name=\"twitter:data1\" content=\"4 minuti\" \/>\n<script type=\"application\/ld+json\" class=\"yoast-schema-graph\">{\"@context\":\"https:\\\/\\\/schema.org\",\"@graph\":[{\"@type\":\"WebPage\",\"@id\":\"https:\\\/\\\/brancaia.com\\\/it\\\/azienda\\\/annate\\\/vendemmia-2021\\\/\",\"url\":\"https:\\\/\\\/brancaia.com\\\/it\\\/azienda\\\/annate\\\/vendemmia-2021\\\/\",\"name\":\"Vendemmia 2021 - BRANCAIA\",\"isPartOf\":{\"@id\":\"https:\\\/\\\/brancaia.com\\\/it\\\/#website\"},\"datePublished\":\"2021-12-15T11:06:15+00:00\",\"dateModified\":\"2024-06-25T12:33:40+00:00\",\"breadcrumb\":{\"@id\":\"https:\\\/\\\/brancaia.com\\\/it\\\/azienda\\\/annate\\\/vendemmia-2021\\\/#breadcrumb\"},\"inLanguage\":\"it-IT\",\"potentialAction\":[{\"@type\":\"ReadAction\",\"target\":[\"https:\\\/\\\/brancaia.com\\\/it\\\/azienda\\\/annate\\\/vendemmia-2021\\\/\"]}]},{\"@type\":\"BreadcrumbList\",\"@id\":\"https:\\\/\\\/brancaia.com\\\/it\\\/azienda\\\/annate\\\/vendemmia-2021\\\/#breadcrumb\",\"itemListElement\":[{\"@type\":\"ListItem\",\"position\":1,\"name\":\"Home\",\"item\":\"https:\\\/\\\/brancaia.com\\\/it\\\/home\\\/\"},{\"@type\":\"ListItem\",\"position\":2,\"name\":\"Cantina\",\"item\":\"https:\\\/\\\/brancaia.com\\\/it\\\/azienda\\\/\"},{\"@type\":\"ListItem\",\"position\":3,\"name\":\"Annate\",\"item\":\"https:\\\/\\\/brancaia.com\\\/it\\\/azienda\\\/annate\\\/\"},{\"@type\":\"ListItem\",\"position\":4,\"name\":\"Vendemmia 2021\"}]},{\"@type\":\"WebSite\",\"@id\":\"https:\\\/\\\/brancaia.com\\\/it\\\/#website\",\"url\":\"https:\\\/\\\/brancaia.com\\\/it\\\/\",\"name\":\"BRANCAIA\",\"description\":\"Winery &amp; Wines\",\"potentialAction\":[{\"@type\":\"SearchAction\",\"target\":{\"@type\":\"EntryPoint\",\"urlTemplate\":\"https:\\\/\\\/brancaia.com\\\/it\\\/?s={search_term_string}\"},\"query-input\":{\"@type\":\"PropertyValueSpecification\",\"valueRequired\":true,\"valueName\":\"search_term_string\"}}],\"inLanguage\":\"it-IT\"}]}<\/script>\n<!-- \/ Yoast SEO plugin. -->","yoast_head_json":{"title":"Vendemmia 2021 - BRANCAIA","robots":{"index":"index","follow":"follow","max-snippet":"max-snippet:-1","max-image-preview":"max-image-preview:large","max-video-preview":"max-video-preview:-1"},"canonical":"https:\/\/brancaia.com\/it\/azienda\/annate\/vendemmia-2021\/","og_locale":"it_IT","og_type":"article","og_title":"Vendemmia 2021 - BRANCAIA","og_description":"Le annateVendemmia 2021 In inverno, abbiamo avuto piogge regolari e a volte qualche nevicata, che hanno riempito completamente le riserve idriche del terreno. Febbraio \u00e8 stato eccezionalmente mite in termini di temperature, il che ha portato a un germogliamento precoce nonostante la potatura tardiva. Il Sangiovese in Maremma e nei vigneti pi\u00f9 soleggiati del Chianti [&hellip;]","og_url":"https:\/\/brancaia.com\/it\/azienda\/annate\/vendemmia-2021\/","og_site_name":"BRANCAIA","article_modified_time":"2024-06-25T12:33:40+00:00","twitter_card":"summary_large_image","twitter_misc":{"Tempo di lettura stimato":"4 minuti"},"schema":{"@context":"https:\/\/schema.org","@graph":[{"@type":"WebPage","@id":"https:\/\/brancaia.com\/it\/azienda\/annate\/vendemmia-2021\/","url":"https:\/\/brancaia.com\/it\/azienda\/annate\/vendemmia-2021\/","name":"Vendemmia 2021 - BRANCAIA","isPartOf":{"@id":"https:\/\/brancaia.com\/it\/#website"},"datePublished":"2021-12-15T11:06:15+00:00","dateModified":"2024-06-25T12:33:40+00:00","breadcrumb":{"@id":"https:\/\/brancaia.com\/it\/azienda\/annate\/vendemmia-2021\/#breadcrumb"},"inLanguage":"it-IT","potentialAction":[{"@type":"ReadAction","target":["https:\/\/brancaia.com\/it\/azienda\/annate\/vendemmia-2021\/"]}]},{"@type":"BreadcrumbList","@id":"https:\/\/brancaia.com\/it\/azienda\/annate\/vendemmia-2021\/#breadcrumb","itemListElement":[{"@type":"ListItem","position":1,"name":"Home","item":"https:\/\/brancaia.com\/it\/home\/"},{"@type":"ListItem","position":2,"name":"Cantina","item":"https:\/\/brancaia.com\/it\/azienda\/"},{"@type":"ListItem","position":3,"name":"Annate","item":"https:\/\/brancaia.com\/it\/azienda\/annate\/"},{"@type":"ListItem","position":4,"name":"Vendemmia 2021"}]},{"@type":"WebSite","@id":"https:\/\/brancaia.com\/it\/#website","url":"https:\/\/brancaia.com\/it\/","name":"BRANCAIA","description":"Winery &amp; Wines","potentialAction":[{"@type":"SearchAction","target":{"@type":"EntryPoint","urlTemplate":"https:\/\/brancaia.com\/it\/?s={search_term_string}"},"query-input":{"@type":"PropertyValueSpecification","valueRequired":true,"valueName":"search_term_string"}}],"inLanguage":"it-IT"}]}},"_links":{"self":[{"href":"https:\/\/brancaia.com\/it\/wp-json\/wp\/v2\/pages\/9050","targetHints":{"allow":["GET"]}}],"collection":[{"href":"https:\/\/brancaia.com\/it\/wp-json\/wp\/v2\/pages"}],"about":[{"href":"https:\/\/brancaia.com\/it\/wp-json\/wp\/v2\/types\/page"}],"author":[{"embeddable":true,"href":"https:\/\/brancaia.com\/it\/wp-json\/wp\/v2\/users\/1"}],"replies":[{"embeddable":true,"href":"https:\/\/brancaia.com\/it\/wp-json\/wp\/v2\/comments?post=9050"}],"version-history":[{"count":5,"href":"https:\/\/brancaia.com\/it\/wp-json\/wp\/v2\/pages\/9050\/revisions"}],"predecessor-version":[{"id":13750,"href":"https:\/\/brancaia.com\/it\/wp-json\/wp\/v2\/pages\/9050\/revisions\/13750"}],"up":[{"embeddable":true,"href":"https:\/\/brancaia.com\/it\/wp-json\/wp\/v2\/pages\/2200"}],"wp:attachment":[{"href":"https:\/\/brancaia.com\/it\/wp-json\/wp\/v2\/media?parent=9050"}],"curies":[{"name":"wp","href":"https:\/\/api.w.org\/{rel}","templated":true}]}}