{"id":9068,"date":"2021-12-15T12:32:10","date_gmt":"2021-12-15T11:32:10","guid":{"rendered":"https:\/\/brancaia.com\/azienda\/annate\/anno-della-vigna-2020\/"},"modified":"2021-12-15T12:32:12","modified_gmt":"2021-12-15T11:32:12","slug":"anno-della-vigna-2020","status":"publish","type":"page","link":"https:\/\/brancaia.com\/it\/azienda\/annate\/anno-della-vigna-2020\/","title":{"rendered":"Anno della vigna 2020"},"content":{"rendered":"<p>[et_pb_section fb_built=&#8221;1&#8243; fullwidth=&#8221;on&#8221; _builder_version=&#8221;4.6.6&#8243; _module_preset=&#8221;default&#8221; global_colors_info=&#8221;{}&#8221;][et_pb_fullwidth_header title=&#8221; &#8221; _builder_version=&#8221;4.7.7&#8243; _module_preset=&#8221;default&#8221; background_enable_color=&#8221;off&#8221; background_image=&#8221;https:\/\/brancaia.com\/wp-content\/uploads\/hero.jpg&#8221; global_colors_info=&#8221;{}&#8221;][\/et_pb_fullwidth_header][\/et_pb_section][et_pb_section fb_built=&#8221;1&#8243; _builder_version=&#8221;4.6.6&#8243; _module_preset=&#8221;default&#8221; global_colors_info=&#8221;{}&#8221;][et_pb_row _builder_version=&#8221;4.6.6&#8243; _module_preset=&#8221;default&#8221; global_colors_info=&#8221;{}&#8221;][et_pb_column type=&#8221;4_4&#8243; _builder_version=&#8221;4.6.6&#8243; _module_preset=&#8221;default&#8221; global_colors_info=&#8221;{}&#8221;][et_pb_text module_class=&#8221;ba-title-lead&#8221; _builder_version=&#8221;4.9.0&#8243; _module_preset=&#8221;default&#8221; global_colors_info=&#8221;{}&#8221;]<\/p>\n<h1>Gli anni della vite<\/h1>\n<p>[\/et_pb_text][et_pb_menu menu_id=&#8221;41&#8243; _builder_version=&#8221;4.7.7&#8243; _module_preset=&#8221;default&#8221; global_colors_info=&#8221;{}&#8221;][\/et_pb_menu][\/et_pb_column][\/et_pb_row][et_pb_row _builder_version=&#8221;4.7.7&#8243; _module_preset=&#8221;default&#8221; global_colors_info=&#8221;{}&#8221;][et_pb_column type=&#8221;4_4&#8243; _builder_version=&#8221;4.7.7&#8243; _module_preset=&#8221;default&#8221; global_colors_info=&#8221;{}&#8221;][et_pb_text module_class=&#8221;ba-title-lead&#8221; _builder_version=&#8221;4.9.0&#8243; _module_preset=&#8221;default&#8221; global_colors_info=&#8221;{}&#8221;]<\/p>\n<h2 style=\"text-align: center;\">Anno della vigna 2020<\/h2>\n<p>L\u2019anno \u00e8 iniziato con un inverno eccezionalmente mite e, di conseguenza, con germogli precoci. In Maremma questo \u00e8 avvenuto nei primi giorni di marzo e nel Chianti da met\u00e0 marzo.<\/p>\n<p>Negli ultimi giorni di marzo abbiamo avuto un\u2019ondata di freddo indesiderabile. Nella nostra cantina di Castellina in Chianti le temperature notturne sono scese anche sotto lo zero, mentre a Radda in Chianti e in Maremma, fortunatamente, la temperatura non \u00e8 mai scesa sotto lo zero. Il danno \u00e8 stato molto meno grave di quanto temuto e oggi possiamo essere certi che la resa \u00e8 assolutamente in linea con la nostra media.<\/p>\n<p>Lo sviluppo fenologico delle viti \u00e8 stato regolare, le temperature sono tornate a valori medi all\u2019inizio di aprile, mentre le precipitazioni sono rimaste piuttosto modeste da aprile a maggio. Gli ultimi giorni di maggio sono stati molto piovosi, cosa particolarmente importante per la Maremma, in quanto fino alla fine di agosto non si sono registrate ulteriori piogge.<\/p>\n<p>Il germogliamento precoce ha portato a fioritura e fruttificazione precoci. Queste sono iniziate in Maremma intorno al 20 maggio e nel Chianti a fine maggio.<\/p>\n<p>Con giugno \u00e8 arrivata una splendida estate che si \u00e8 conclusa solo nell\u2019ultima settimana di settembre. I mesi estivi sono stati caratterizzati da temperature elevate e scarse precipitazioni. Ci\u00f2 ha portato a uno sviluppo fungino marginale, che ci ha aiutato a spruzzare meno e con quantit\u00e0 minori.<\/p>\n<p>Il viraggio \u00e8 avvenuto in Maremma a met\u00e0 luglio e nel Chianti a fine luglio.<\/p>\n<p>[\/et_pb_text][et_pb_image src=&#8221;https:\/\/brancaia.com\/wp-content\/uploads\/Brancaia_Weingut_Rebjahr_1200x960px_2020_01.jpg&#8221; title_text=&#8221;Brancaia_Weingut_Rebjahr_1200x960px_2020_01&#8243; align=&#8221;center&#8221; _builder_version=&#8221;4.9.0&#8243; _module_preset=&#8221;default&#8221; width=&#8221;60%&#8221; global_colors_info=&#8221;{}&#8221;][\/et_pb_image][et_pb_text module_class=&#8221;ba-title-lead&#8221; _builder_version=&#8221;4.9.0&#8243; _module_preset=&#8221;default&#8221; global_colors_info=&#8221;{}&#8221;]<\/p>\n<p>La vendemmia \u00e8 iniziata come di consueto in Maremma con il Merlot per il rosato il 21 agosto, seguito dal Viogner. Nella prima settimana di settembre abbiamo potuto vendemmiare le uve rosse in Maremma mentre nel Chianti il 7 settembre \u00e8 partito il Sauvginon blanc.<\/p>\n<p>Il grado di maturazione delle uve Sangiovese ci ha permesso di raccogliere le uve prima delle piogge di fine settembre. In Chianti abbiamo chiuso la stagione con il Cabernet Sauvginon il 30 settembre e in Maremma solo un giorno dopo con il Cabernet Franc.<\/p>\n<p>Tutte le uve erano molto sane e avevano un grado di maturazione ottimale per la maggior parte degli appezzamenti: alto contenuto zuccherino, presenza di acidit\u00e0 con valori di pH ottimali e tannini maturi. I mosti dei vini rossi sembrano avere tutto ci\u00f2 di cui abbiamo bisogno per un elevato potenziale di invecchiamento. I vini bianchi e rosati hanno una struttura elegante e sono ricchi di aromi.<\/p>\n<p>Una promettente conclusione di un anno molto speciale che ricorderemo tutti per molto tempo. A questo punto, un grande grazie a tutto il nostro team, che ha svolto un ottimo lavoro in vigna e in cantina durante tutto l\u2019anno, nonostante il coronavirus. Grazie al loro impegno potremo garantire la consueta altissima qualit\u00e0 dei nostri prodotti per l\u2019annata 2020.<\/p>\n<p>[\/et_pb_text][\/et_pb_column][\/et_pb_row][\/et_pb_section]<\/p>\n","protected":false},"excerpt":{"rendered":"<p>Gli anni della viteAnno della vigna 2020 L\u2019anno \u00e8 iniziato con un inverno eccezionalmente mite e, di conseguenza, con germogli precoci. In Maremma questo \u00e8 avvenuto nei primi giorni di marzo e nel Chianti da met\u00e0 marzo. Negli ultimi giorni di marzo abbiamo avuto un\u2019ondata di freddo indesiderabile. Nella nostra cantina di Castellina in Chianti [&hellip;]<\/p>\n","protected":false},"author":1,"featured_media":0,"parent":2200,"menu_order":3,"comment_status":"closed","ping_status":"closed","template":"","meta":{"_et_pb_use_builder":"on","_et_pb_old_content":"","_et_gb_content_width":"","footnotes":""},"class_list":["post-9068","page","type-page","status-publish","hentry"],"yoast_head":"<!-- This site is optimized with the Yoast SEO plugin v27.4 - https:\/\/yoast.com\/product\/yoast-seo-wordpress\/ -->\n<title>Anno della vigna 2020 - BRANCAIA<\/title>\n<meta name=\"robots\" content=\"index, follow, max-snippet:-1, max-image-preview:large, max-video-preview:-1\" \/>\n<link rel=\"canonical\" href=\"https:\/\/brancaia.com\/it\/azienda\/annate\/anno-della-vigna-2020\/\" \/>\n<meta property=\"og:locale\" content=\"it_IT\" \/>\n<meta property=\"og:type\" content=\"article\" \/>\n<meta property=\"og:title\" content=\"Anno della vigna 2020 - BRANCAIA\" \/>\n<meta property=\"og:description\" content=\"Gli anni della viteAnno della vigna 2020 L\u2019anno \u00e8 iniziato con un inverno eccezionalmente mite e, di conseguenza, con germogli precoci. In Maremma questo \u00e8 avvenuto nei primi giorni di marzo e nel Chianti da met\u00e0 marzo. Negli ultimi giorni di marzo abbiamo avuto un\u2019ondata di freddo indesiderabile. Nella nostra cantina di Castellina in Chianti [&hellip;]\" \/>\n<meta property=\"og:url\" content=\"https:\/\/brancaia.com\/it\/azienda\/annate\/anno-della-vigna-2020\/\" \/>\n<meta property=\"og:site_name\" content=\"BRANCAIA\" \/>\n<meta property=\"article:modified_time\" content=\"2021-12-15T11:32:12+00:00\" \/>\n<meta name=\"twitter:card\" content=\"summary_large_image\" \/>\n<meta name=\"twitter:label1\" content=\"Tempo di lettura stimato\" \/>\n\t<meta name=\"twitter:data1\" content=\"3 minuti\" \/>\n<script type=\"application\/ld+json\" class=\"yoast-schema-graph\">{\"@context\":\"https:\\\/\\\/schema.org\",\"@graph\":[{\"@type\":\"WebPage\",\"@id\":\"https:\\\/\\\/brancaia.com\\\/it\\\/azienda\\\/annate\\\/anno-della-vigna-2020\\\/\",\"url\":\"https:\\\/\\\/brancaia.com\\\/it\\\/azienda\\\/annate\\\/anno-della-vigna-2020\\\/\",\"name\":\"Anno della vigna 2020 - BRANCAIA\",\"isPartOf\":{\"@id\":\"https:\\\/\\\/brancaia.com\\\/it\\\/#website\"},\"datePublished\":\"2021-12-15T11:32:10+00:00\",\"dateModified\":\"2021-12-15T11:32:12+00:00\",\"breadcrumb\":{\"@id\":\"https:\\\/\\\/brancaia.com\\\/it\\\/azienda\\\/annate\\\/anno-della-vigna-2020\\\/#breadcrumb\"},\"inLanguage\":\"it-IT\",\"potentialAction\":[{\"@type\":\"ReadAction\",\"target\":[\"https:\\\/\\\/brancaia.com\\\/it\\\/azienda\\\/annate\\\/anno-della-vigna-2020\\\/\"]}]},{\"@type\":\"BreadcrumbList\",\"@id\":\"https:\\\/\\\/brancaia.com\\\/it\\\/azienda\\\/annate\\\/anno-della-vigna-2020\\\/#breadcrumb\",\"itemListElement\":[{\"@type\":\"ListItem\",\"position\":1,\"name\":\"Home\",\"item\":\"https:\\\/\\\/brancaia.com\\\/it\\\/home\\\/\"},{\"@type\":\"ListItem\",\"position\":2,\"name\":\"Cantina\",\"item\":\"https:\\\/\\\/brancaia.com\\\/it\\\/azienda\\\/\"},{\"@type\":\"ListItem\",\"position\":3,\"name\":\"Annate\",\"item\":\"https:\\\/\\\/brancaia.com\\\/it\\\/azienda\\\/annate\\\/\"},{\"@type\":\"ListItem\",\"position\":4,\"name\":\"Anno della vigna 2020\"}]},{\"@type\":\"WebSite\",\"@id\":\"https:\\\/\\\/brancaia.com\\\/it\\\/#website\",\"url\":\"https:\\\/\\\/brancaia.com\\\/it\\\/\",\"name\":\"BRANCAIA\",\"description\":\"Winery &amp; Wines\",\"potentialAction\":[{\"@type\":\"SearchAction\",\"target\":{\"@type\":\"EntryPoint\",\"urlTemplate\":\"https:\\\/\\\/brancaia.com\\\/it\\\/?s={search_term_string}\"},\"query-input\":{\"@type\":\"PropertyValueSpecification\",\"valueRequired\":true,\"valueName\":\"search_term_string\"}}],\"inLanguage\":\"it-IT\"}]}<\/script>\n<!-- \/ Yoast SEO plugin. -->","yoast_head_json":{"title":"Anno della vigna 2020 - BRANCAIA","robots":{"index":"index","follow":"follow","max-snippet":"max-snippet:-1","max-image-preview":"max-image-preview:large","max-video-preview":"max-video-preview:-1"},"canonical":"https:\/\/brancaia.com\/it\/azienda\/annate\/anno-della-vigna-2020\/","og_locale":"it_IT","og_type":"article","og_title":"Anno della vigna 2020 - BRANCAIA","og_description":"Gli anni della viteAnno della vigna 2020 L\u2019anno \u00e8 iniziato con un inverno eccezionalmente mite e, di conseguenza, con germogli precoci. In Maremma questo \u00e8 avvenuto nei primi giorni di marzo e nel Chianti da met\u00e0 marzo. Negli ultimi giorni di marzo abbiamo avuto un\u2019ondata di freddo indesiderabile. Nella nostra cantina di Castellina in Chianti [&hellip;]","og_url":"https:\/\/brancaia.com\/it\/azienda\/annate\/anno-della-vigna-2020\/","og_site_name":"BRANCAIA","article_modified_time":"2021-12-15T11:32:12+00:00","twitter_card":"summary_large_image","twitter_misc":{"Tempo di lettura stimato":"3 minuti"},"schema":{"@context":"https:\/\/schema.org","@graph":[{"@type":"WebPage","@id":"https:\/\/brancaia.com\/it\/azienda\/annate\/anno-della-vigna-2020\/","url":"https:\/\/brancaia.com\/it\/azienda\/annate\/anno-della-vigna-2020\/","name":"Anno della vigna 2020 - BRANCAIA","isPartOf":{"@id":"https:\/\/brancaia.com\/it\/#website"},"datePublished":"2021-12-15T11:32:10+00:00","dateModified":"2021-12-15T11:32:12+00:00","breadcrumb":{"@id":"https:\/\/brancaia.com\/it\/azienda\/annate\/anno-della-vigna-2020\/#breadcrumb"},"inLanguage":"it-IT","potentialAction":[{"@type":"ReadAction","target":["https:\/\/brancaia.com\/it\/azienda\/annate\/anno-della-vigna-2020\/"]}]},{"@type":"BreadcrumbList","@id":"https:\/\/brancaia.com\/it\/azienda\/annate\/anno-della-vigna-2020\/#breadcrumb","itemListElement":[{"@type":"ListItem","position":1,"name":"Home","item":"https:\/\/brancaia.com\/it\/home\/"},{"@type":"ListItem","position":2,"name":"Cantina","item":"https:\/\/brancaia.com\/it\/azienda\/"},{"@type":"ListItem","position":3,"name":"Annate","item":"https:\/\/brancaia.com\/it\/azienda\/annate\/"},{"@type":"ListItem","position":4,"name":"Anno della vigna 2020"}]},{"@type":"WebSite","@id":"https:\/\/brancaia.com\/it\/#website","url":"https:\/\/brancaia.com\/it\/","name":"BRANCAIA","description":"Winery &amp; Wines","potentialAction":[{"@type":"SearchAction","target":{"@type":"EntryPoint","urlTemplate":"https:\/\/brancaia.com\/it\/?s={search_term_string}"},"query-input":{"@type":"PropertyValueSpecification","valueRequired":true,"valueName":"search_term_string"}}],"inLanguage":"it-IT"}]}},"_links":{"self":[{"href":"https:\/\/brancaia.com\/it\/wp-json\/wp\/v2\/pages\/9068","targetHints":{"allow":["GET"]}}],"collection":[{"href":"https:\/\/brancaia.com\/it\/wp-json\/wp\/v2\/pages"}],"about":[{"href":"https:\/\/brancaia.com\/it\/wp-json\/wp\/v2\/types\/page"}],"author":[{"embeddable":true,"href":"https:\/\/brancaia.com\/it\/wp-json\/wp\/v2\/users\/1"}],"replies":[{"embeddable":true,"href":"https:\/\/brancaia.com\/it\/wp-json\/wp\/v2\/comments?post=9068"}],"version-history":[{"count":2,"href":"https:\/\/brancaia.com\/it\/wp-json\/wp\/v2\/pages\/9068\/revisions"}],"predecessor-version":[{"id":9070,"href":"https:\/\/brancaia.com\/it\/wp-json\/wp\/v2\/pages\/9068\/revisions\/9070"}],"up":[{"embeddable":true,"href":"https:\/\/brancaia.com\/it\/wp-json\/wp\/v2\/pages\/2200"}],"wp:attachment":[{"href":"https:\/\/brancaia.com\/it\/wp-json\/wp\/v2\/media?parent=9068"}],"curies":[{"name":"wp","href":"https:\/\/api.w.org\/{rel}","templated":true}]}}